{"id":312945,"date":"2024-02-13T14:49:48","date_gmt":"2024-02-13T14:05:02","guid":{"rendered":"https:\/\/www.moskito.cz\/produkt\/vystrelovaci-noz-heretic-knives-roc-battleworn-hawkbill-h060-5a-battle\/"},"modified":"2025-05-07T11:02:41","modified_gmt":"2025-05-07T10:02:41","slug":"vystrelovaci-noz-heretic-knives-roc-battleworn-hawkbill-h060-5a-battle","status":"publish","type":"product","link":"https:\/\/www.moskito.cz\/sk\/produkt\/vystrelovaci-noz-heretic-knives-roc-battleworn-hawkbill-h060-5a-battle\/","title":{"rendered":"Vystre\u013eovac\u00ed N\u00f4\u017e Heretic Knives Roc Battleworn Hawkbill H060-5A-BATTLE"},"content":{"rendered":"<p>Vystre\u013eovac\u00ed N\u00f4\u017e <strong>Heretic Knives<\/strong> Roc Battleworn Hawkbill H060-5A-BATTLE<\/p>\n<p>Roc z Heretic Knives patr\u00ed priamo do sladk\u00e9ho miesta v zostave Heretic. Roc je ide\u00e1lna ve\u013ekos\u0165 pre v\u00e4\u010d\u0161inu z n\u00e1s, priamo na rovnakej \u00farovni ako sl\u00e1vny Microtech Ultratech. Tento n\u00f4\u017e je 100% vyroben\u00fd a zostaven\u00fd v USA a je podporen\u00fd do\u017eivotnou z\u00e1rukou, tak\u017ee si m\u00f4\u017eete by\u0165 ist\u00ed, \u017ee tento OTF vydr\u017e\u00ed. Vyzna\u010duje sa hodv\u00e1bne hladk\u00fdm nasaden\u00edm a zatiahnut\u00edm jednou rukou, \u010do je \u0161tandardn\u00e1 v rade Heretic OTF. Tento model m\u00e1 o nie\u010do dlh\u0161iu ako trojpalcov\u00fa \u010depe\u013e, integrovan\u00fd otvor pre \u0161n\u00farku a hlbok\u00fa sponu na pren\u00e1\u0161anie. Jeho \u0161t\u00edhly profil a \u013eahk\u00e1 povaha umo\u017e\u0148uj\u00fa \u013eahk\u00e9 pren\u00e1\u0161anie po ruke a pripraven\u00e9 okam\u017eite. Akcia je n\u00e1vykov\u00e1, ergon\u00f3mia je na mieste a kvalita spracovania je \u0161pi\u010dkov\u00e1. Nebudete sklaman\u00ed.<br \/>\n\u0160pecifik\u00e1cia:<\/p>\n<p>D\u013a\u017eka \u010depele: 8 cm<br \/>\nCelkov\u00e1 d\u013a\u017eka: 20 cm<br \/>\nMateri\u00e1l \u010depele: CPM-MagnaCut Nerezov\u00e1 oce\u013e<br \/>\nHr\u00fabka \u010depele: 0,140&#8243;<br \/>\n\u0160t\u00fdl \u010depele: Hawkbill<br \/>\nBr\u00fasenie \u010depele: Ploch\u00e9<br \/>\nPovrchov\u00e1 \u00faprava \u010depele: Bojovo opotrebovan\u00e1<br \/>\nMateri\u00e1l rukov\u00e4te: Bojom opotrebovan\u00fd \u010dierny hlin\u00edk<br \/>\nUzamykac\u00ed mechanizmus: Posuvn\u00fd<br \/>\nVreckov\u00fd klip: Deep Carry Titanium (Tip-Down, Right Carry)<br \/>\nHmotnos\u0165: 4,0 oz.<br \/>\nDizajn\u00e9r: Tony Marfione Jr.<br \/>\nVyroben\u00e9 v USA<\/p>\n<p>&nbsp;<\/p>\n","protected":false},"excerpt":{"rendered":"<div class=\"elementor-element elementor-element-bbb542b elementor-widget elementor-widget-woocommerce-product-short-description\" data-id=\"bbb542b\" data-element_type=\"widget\" data-widget_type=\"woocommerce-product-short-description.default\">\n<div class=\"elementor-widget-container\">\n<div class=\"woocommerce-product-details__short-description\">\n<p><strong>V\u0161etky na\u0161e no\u017ee s\u00fa vyroben\u00e9 v USA a tak to zachov\u00e1me. Ke\u010f si k\u00fapite niektor\u00fd z na\u0161ich no\u017eov, m\u00f4\u017eete ma\u0165 d\u00f4veru vo svoj n\u00e1stroj s vedom\u00edm, \u017ee je podporovan\u00fd americkou spolo\u010dnos\u0165ou. Na\u0161e no\u017ee s\u00fa vyr\u00e1ban\u00e9 v mal\u00fdch s\u00e9ri\u00e1ch, aby sme zaistili, \u017ee dostanete kvalitn\u00fd n\u00f4\u017e, ktor\u00e9mu sa dost\u00e1va pozornosti, ak\u00e9 sa nedost\u00e1va in\u00fdm s\u00e9riovo vyr\u00e1ban\u00fdm no\u017eom!!<\/strong><\/p>\n<p><strong>Doprava zadarmo.<\/strong><\/p>\n<\/div>\n<\/div>\n<\/div>\n","protected":false},"featured_media":312923,"comment_status":"open","ping_status":"closed","template":"","meta":[],"pwb-brand":[3196],"product_brand":[],"product_cat":[3186,3197],"product_tag":[3668],"class_list":{"0":"post-312945","1":"product","2":"type-product","3":"status-publish","4":"has-post-thumbnail","6":"pwb-brand-heretic-knives-sk","7":"product_cat-noze-sk","8":"product_cat-vystrelovacie-noze-sk","9":"product_tag-b2b-sk","11":"first","12":"outofstock","13":"taxable","14":"shipping-taxable","15":"purchasable","16":"product-type-simple"},"brands":[{"id":3196,"name":"Heretic Knives","slug":"heretic-knives-sk"}],"_links":{"self":[{"href":"https:\/\/www.moskito.cz\/sk\/wp-json\/wp\/v2\/product\/312945","targetHints":{"allow":["GET"]}}],"collection":[{"href":"https:\/\/www.moskito.cz\/sk\/wp-json\/wp\/v2\/product"}],"about":[{"href":"https:\/\/www.moskito.cz\/sk\/wp-json\/wp\/v2\/types\/product"}],"replies":[{"embeddable":true,"href":"https:\/\/www.moskito.cz\/sk\/wp-json\/wp\/v2\/comments?post=312945"}],"wp:featuredmedia":[{"embeddable":true,"href":"https:\/\/www.moskito.cz\/sk\/wp-json\/wp\/v2\/media\/312923"}],"wp:attachment":[{"href":"https:\/\/www.moskito.cz\/sk\/wp-json\/wp\/v2\/media?parent=312945"}],"wp:term":[{"taxonomy":"pwb-brand","embeddable":true,"href":"https:\/\/www.moskito.cz\/sk\/wp-json\/wp\/v2\/pwb-brand?post=312945"},{"taxonomy":"product_brand","embeddable":true,"href":"https:\/\/www.moskito.cz\/sk\/wp-json\/wp\/v2\/product_brand?post=312945"},{"taxonomy":"product_cat","embeddable":true,"href":"https:\/\/www.moskito.cz\/sk\/wp-json\/wp\/v2\/product_cat?post=312945"},{"taxonomy":"product_tag","embeddable":true,"href":"https:\/\/www.moskito.cz\/sk\/wp-json\/wp\/v2\/product_tag?post=312945"}],"curies":[{"name":"wp","href":"https:\/\/api.w.org\/{rel}","templated":true}]}}