{"id":313038,"date":"2024-02-13T16:23:57","date_gmt":"2024-02-13T15:29:26","guid":{"rendered":"https:\/\/www.moskito.cz\/produkt\/vystrelovaci-noz-heretic-knives-colossus-two-tone-tactical-h039-10a-t\/"},"modified":"2025-05-07T11:02:43","modified_gmt":"2025-05-07T10:02:43","slug":"vystrelovaci-noz-heretic-knives-colossus-two-tone-tactical-h039-10a-t","status":"publish","type":"product","link":"https:\/\/www.moskito.cz\/sk\/produkt\/vystrelovaci-noz-heretic-knives-colossus-two-tone-tactical-h039-10a-t\/","title":{"rendered":"Vystre\u013eovac\u00ed N\u00f4\u017e Heretic Knives Colossus Two-Tone Tactical H039-10A-T"},"content":{"rendered":"<p>Vystre\u013eovac\u00ed N\u00f4\u017e <strong>Heretic Knives<\/strong> Colossus Two-Tone Tactical H039-10A-T<\/p>\n<p>Tento dvoj\u010dinn\u00fd OTF Auto sa vyzna\u010duje zlo\u017eito br\u00fasenou \u010depe\u013eou, prehnanou h\u00fa\u017eevnatos\u0165ou, r\u00fdchlej\u0161ou ako bleskovou akciou a prisp\u00f4soben\u00edm a povrchovou \u00fapravou, ktor\u00fa by ste o\u010dak\u00e1vali od \u0161pi\u010dkov\u00e9ho z\u00e1kazkov\u00e9ho no\u017ea. Tony Jr. \u0161tudoval umenie grindu od jedn\u00e9ho z najlep\u0161\u00edch, \u010do kedy \u017eil, a t\u00e1to dvojfarebn\u00e1 taktick\u00e1 \u010depe\u013e Single Edge je jedn\u00fdm z najlep\u0161\u00edch \u0161t\u00fdlov EDC, ktor\u00e9 si m\u00f4\u017eete za peniaze k\u00fapi\u0165. Heretic Knives Colossus je takticky in\u0161pirovan\u00e1 dvoj\u010dinn\u00e1, predn\u00e1 automatick\u00e1, ktor\u00e1 sa nach\u00e1dza tesne pod d\u013a\u017ekou Manticore-X pre \u013eahk\u00e9 pren\u00e1\u0161anie a z\u00e1rove\u0148 je robustnej\u0161ia. Rukov\u00e4te z eloxovan\u00e9ho leteck\u00e9ho hlin\u00edka s\u00fa obroben\u00e9 so strategick\u00fdmi vr\u00fabkami pre trakciu, ktor\u00e9 poskytuj\u00fa ist\u00fd \u00fachop pre ovl\u00e1danie \u010depele S\/E prostredn\u00edctvom dvoj\u010dinn\u00e9ho mechanizmu.<\/p>\n<p>Heretic Knives Colossus Two-Tone Tactical S\/E, \u010dierna rukov\u00e4\u0165, \u010dierna spona a hardv\u00e9r H039-10A-T \u0160pecifik\u00e1cia:<\/p>\n<p>D\u013a\u017eka \u010depele: 9 cm<br \/>\nCelkov\u00e1 d\u013a\u017eka: 22 cm<br \/>\nMateri\u00e1l rukov\u00e4te: Eloxovan\u00fd hlin\u00edk<br \/>\nMateri\u00e1l \u010depele: Magnacut<br \/>\n\u0160t\u00fdl \u010depele: Single Edge<br \/>\nDokon\u010denie: dvojfarebn\u00e9 taktick\u00e9<br \/>\n\u010cierna farba<br \/>\nHmotnos\u0165: 4,5 oz<\/p>\n<p>&nbsp;<\/p>\n","protected":false},"excerpt":{"rendered":"<p><strong>V\u0161etky na\u0161e no\u017ee s\u00fa vyroben\u00e9 v USA a tak to zachov\u00e1me. Ke\u010f si k\u00fapite niektor\u00fd z na\u0161ich no\u017eov, m\u00f4\u017eete ma\u0165 d\u00f4veru vo svoj n\u00e1stroj s vedom\u00edm, \u017ee je podporovan\u00fd americkou spolo\u010dnos\u0165ou. Na\u0161e no\u017ee s\u00fa vyr\u00e1ban\u00e9 v mal\u00fdch s\u00e9ri\u00e1ch, aby sme zaistili, \u017ee dostanete kvalitn\u00fd n\u00f4\u017e, ktor\u00e9mu sa dost\u00e1va pozornosti, ak\u00e9 sa nedost\u00e1va in\u00fdm s\u00e9riovo vyr\u00e1ban\u00fdm no\u017eom!!<\/strong><\/p>\n<p><strong>Doprava zadarmo.<\/strong><\/p>\n","protected":false},"featured_media":313014,"comment_status":"open","ping_status":"closed","template":"","meta":[],"pwb-brand":[3196],"product_brand":[],"product_cat":[3186,3197],"product_tag":[],"class_list":{"0":"post-313038","1":"product","2":"type-product","3":"status-publish","4":"has-post-thumbnail","6":"pwb-brand-heretic-knives-sk","7":"product_cat-noze-sk","8":"product_cat-vystrelovacie-noze-sk","10":"first","11":"instock","12":"taxable","13":"shipping-taxable","14":"purchasable","15":"product-type-simple"},"brands":[{"id":3196,"name":"Heretic Knives","slug":"heretic-knives-sk"}],"_links":{"self":[{"href":"https:\/\/www.moskito.cz\/sk\/wp-json\/wp\/v2\/product\/313038","targetHints":{"allow":["GET"]}}],"collection":[{"href":"https:\/\/www.moskito.cz\/sk\/wp-json\/wp\/v2\/product"}],"about":[{"href":"https:\/\/www.moskito.cz\/sk\/wp-json\/wp\/v2\/types\/product"}],"replies":[{"embeddable":true,"href":"https:\/\/www.moskito.cz\/sk\/wp-json\/wp\/v2\/comments?post=313038"}],"wp:featuredmedia":[{"embeddable":true,"href":"https:\/\/www.moskito.cz\/sk\/wp-json\/wp\/v2\/media\/313014"}],"wp:attachment":[{"href":"https:\/\/www.moskito.cz\/sk\/wp-json\/wp\/v2\/media?parent=313038"}],"wp:term":[{"taxonomy":"pwb-brand","embeddable":true,"href":"https:\/\/www.moskito.cz\/sk\/wp-json\/wp\/v2\/pwb-brand?post=313038"},{"taxonomy":"product_brand","embeddable":true,"href":"https:\/\/www.moskito.cz\/sk\/wp-json\/wp\/v2\/product_brand?post=313038"},{"taxonomy":"product_cat","embeddable":true,"href":"https:\/\/www.moskito.cz\/sk\/wp-json\/wp\/v2\/product_cat?post=313038"},{"taxonomy":"product_tag","embeddable":true,"href":"https:\/\/www.moskito.cz\/sk\/wp-json\/wp\/v2\/product_tag?post=313038"}],"curies":[{"name":"wp","href":"https:\/\/api.w.org\/{rel}","templated":true}]}}