{"id":313140,"date":"2024-02-14T11:39:29","date_gmt":"2024-02-14T10:39:29","guid":{"rendered":"https:\/\/www.moskito.cz\/?post_type=product&#038;p=313140"},"modified":"2025-05-07T11:02:44","modified_gmt":"2025-05-07T10:02:44","slug":"pevny-nuz-heretic-knives-sleight-h051-brkblu","status":"publish","type":"product","link":"https:\/\/www.moskito.cz\/sk\/produkt\/pevny-nuz-heretic-knives-sleight-h051-brkblu\/","title":{"rendered":"Pevn\u00fd N\u016f\u017e Heretic Knives Sleight H051-BLU"},"content":{"rendered":"<p>Pevn\u00fd N\u016f\u017e <strong>Heretic Knives<\/strong> Sleight H051-BLU<\/p>\n<p>P\u0159edstavujeme Heretic Sleight, prvn\u00ed modul\u00e1rn\u00ed tla\u010dnou d\u00fdku Tony Jr. Sleight je vybaven dl\u00e1tem brou\u0161en\u00fdm dvojit\u00fdm b\u0159item CPM-20CV z nerezov\u00e9 oceli se standardn\u00edm ost\u0159\u00edm. Tento n\u016f\u017e je zcela modul\u00e1rn\u00ed. Odstran\u011bn\u00edm \u0161roub\u016f (T8) m\u016f\u017eete vym\u011bnit \u010depel za rukoje\u0165 no\u017ee Sleight (prod\u00e1v\u00e1 se samostatn\u011b) nebo ji vym\u011bnit za jin\u00e9 p\u0159\u00edslu\u0161enstv\u00ed Sleight. Zabezpe\u010deno pomoc\u00ed Tek-Lok.<\/p>\n<p>Toto je p\u0159\u00edslu\u0161enstv\u00ed rukojeti. Tento modul\u00e1rn\u00ed kus m\u00e1 modrou eloxovanou hlin\u00edkovou rukoje\u0165 a dod\u00e1van\u00fd hardware. \u010cepel je tup\u00e1.<\/p>\n<p>Zem\u011b p\u016fvodu: USA<br \/>\nMateri\u00e1l rukojeti: Hlin\u00edk<br \/>\nMateri\u00e1l \u010depele: CPM-20CV<br \/>\nStyl \u010depele: D\/E<br \/>\nPovrchov\u00e1 \u00faprava \u010depele: Modr\u00e1 Ano<br \/>\nTyp okraje: Otupit<br \/>\nModel\/Vzor: Sleight<br \/>\nTyp no\u017ee: Pevn\u00e1 \u010depel<br \/>\nTyp z\u00e1mku: Pevn\u00e1 \u010depel<br \/>\nD\u00e9lka \u010depele: <span id=\"cwos\" class=\"qv3Wpe\">7.375<\/span> cm<br \/>\nCelkov\u00e1 d\u00e9lka: <span id=\"cwos\" class=\"qv3Wpe\">13.5<\/span> cm<br \/>\nHmotnost: 3,2 unce<\/p>\n<p><iframe title=\"Heretic Shop Video\" width=\"800\" height=\"450\" src=\"https:\/\/www.youtube.com\/embed\/7qUL5q7Cvgo?feature=oembed\" frameborder=\"0\" allow=\"accelerometer; autoplay; clipboard-write; encrypted-media; gyroscope; picture-in-picture; web-share\" referrerpolicy=\"strict-origin-when-cross-origin\" allowfullscreen><\/iframe><\/p>\n<p>&nbsp;<\/p>\n","protected":false},"excerpt":{"rendered":"<p><strong>V\u0161echny na\u0161e no\u017ee jsou vyrobeny v USA a tak to zachov\u00e1me. Kdy\u017e si koup\u00edte n\u011bkter\u00fd z na\u0161ich no\u017e\u016f, m\u016f\u017eete m\u00edt d\u016fv\u011bru ve sv\u016fj n\u00e1stroj s v\u011bdom\u00edm, \u017ee je podporov\u00e1n americkou spole\u010dnost\u00ed. Na\u0161e no\u017ee jsou vyr\u00e1b\u011bny v mal\u00fdch s\u00e9ri\u00edch, abychom zajistili, \u017ee dostanete kvalitn\u00ed n\u016f\u017e, kter\u00e9mu se dost\u00e1v\u00e1 pozornosti, jak\u00e9 se nedost\u00e1v\u00e1 jin\u00fdm s\u00e9riov\u011b vyr\u00e1b\u011bn\u00fdm no\u017e\u016fm!!<\/strong><\/p>\n<p><strong>Doprava zdarma.<\/strong><\/p>\n","protected":false},"featured_media":313141,"comment_status":"open","ping_status":"closed","template":"","meta":[],"pwb-brand":[318],"product_brand":[],"product_cat":[23,17],"product_tag":[],"class_list":{"0":"post-313140","1":"product","2":"type-product","3":"status-publish","4":"has-post-thumbnail","6":"pwb-brand-heretic-knives","7":"product_cat-pevne-noze","8":"product_cat-noze","10":"first","11":"instock","12":"taxable","13":"shipping-taxable","14":"purchasable","15":"product-type-simple"},"brands":[{"id":318,"name":"Heretic Knives","slug":"heretic-knives"}],"_links":{"self":[{"href":"https:\/\/www.moskito.cz\/sk\/wp-json\/wp\/v2\/product\/313140","targetHints":{"allow":["GET"]}}],"collection":[{"href":"https:\/\/www.moskito.cz\/sk\/wp-json\/wp\/v2\/product"}],"about":[{"href":"https:\/\/www.moskito.cz\/sk\/wp-json\/wp\/v2\/types\/product"}],"replies":[{"embeddable":true,"href":"https:\/\/www.moskito.cz\/sk\/wp-json\/wp\/v2\/comments?post=313140"}],"wp:featuredmedia":[{"embeddable":true,"href":"https:\/\/www.moskito.cz\/sk\/wp-json\/wp\/v2\/media\/313141"}],"wp:attachment":[{"href":"https:\/\/www.moskito.cz\/sk\/wp-json\/wp\/v2\/media?parent=313140"}],"wp:term":[{"taxonomy":"pwb-brand","embeddable":true,"href":"https:\/\/www.moskito.cz\/sk\/wp-json\/wp\/v2\/pwb-brand?post=313140"},{"taxonomy":"product_brand","embeddable":true,"href":"https:\/\/www.moskito.cz\/sk\/wp-json\/wp\/v2\/product_brand?post=313140"},{"taxonomy":"product_cat","embeddable":true,"href":"https:\/\/www.moskito.cz\/sk\/wp-json\/wp\/v2\/product_cat?post=313140"},{"taxonomy":"product_tag","embeddable":true,"href":"https:\/\/www.moskito.cz\/sk\/wp-json\/wp\/v2\/product_tag?post=313140"}],"curies":[{"name":"wp","href":"https:\/\/api.w.org\/{rel}","templated":true}]}}