{"id":313176,"date":"2024-02-14T16:27:15","date_gmt":"2024-02-14T15:27:15","guid":{"rendered":"https:\/\/www.moskito.cz\/?post_type=product&#038;p=313176"},"modified":"2025-06-30T08:39:48","modified_gmt":"2025-06-30T07:39:48","slug":"vystrelovaci-nuz-heretic-knives-cleric-ii-stonewashed-h020-2a-cf-blu","status":"publish","type":"product","link":"https:\/\/www.moskito.cz\/sk\/produkt\/vystrelovaci-nuz-heretic-knives-cleric-ii-stonewashed-h020-2a-cf-blu\/","title":{"rendered":"Vyst\u0159elovac\u00ed N\u016f\u017e Heretic Knives Cleric II Stonewashed H020-2A-CF\/BLU"},"content":{"rendered":"<p>Vyst\u0159elovac\u00ed N\u016f\u017e <strong>Heretic Knives<\/strong> Cleric II Stonewashed H020-2A-CF\/BLU.<\/p>\n<p>Automat <strong>Cleric II<\/strong> Double Edge OTF m\u00e1 CNC obr\u00e1b\u011bnou hlin\u00edkovou rukoje\u0165 6061 vykl\u00e1danou uhl\u00edkov\u00fdmi vl\u00e1kny, horn\u00ed \u010d\u00e1st z uhl\u00edkov\u00fdch vl\u00e1ken a \u010depel z nerezov\u00e9 oceli CPM-MagnaCut. Nab\u00edz\u00ed robustn\u00ed konstrukci s velk\u00fdm dosahem a divokou dvoj\u010dinnou automatickou akci. Rukoje\u0165 m\u00e1 zep\u0159edu pln\u011bn\u00e9 palcov\u00e9 \u0161oup\u00e1tko pro snadn\u00e9 pou\u017eit\u00ed a jemn\u00e9 tvarov\u00e1n\u00ed pro dobr\u00fd \u00fachop. M\u00e1 strojn\u011b brou\u0161enou \u010depel s dvojit\u00fdm ost\u0159\u00edm a obsahuje l\u00e1hev lubrikantu Heretic OTF.<\/p>\n<p>P\u0159edem pln\u011bn\u00e9 palcov\u00e9 \u0161oup\u00e1tko zaji\u0161\u0165uje plynul\u00e9 automatick\u00e9 dvoj\u010dinn\u00e9 otev\u00edr\u00e1n\u00ed a zav\u00edr\u00e1n\u00ed<br \/>\nLehk\u00e1 hlin\u00edkov\u00e1 rukoje\u0165 nab\u00edz\u00ed vynikaj\u00edc\u00ed pevnost a odolnost<br \/>\nZes\u00edlen\u00e1 \u010depel tanto pro vynikaj\u00edc\u00ed bodn\u00fd v\u00fdkon<\/p>\n<p>Specifikace<\/p>\n<p>D\u00e9lka \u010depele: 10.62 cm<br \/>\nCelkov\u00e1 d\u00e9lka: 24.68 cm<br \/>\nMateri\u00e1l \u010depele: CPM-MagnaCut Nerezov\u00e1 ocel<br \/>\nStyl \u010depele: D\u00fdka s dvojitou hranou<br \/>\nBrou\u0161en\u00ed \u010depele: Ploch\u00e9<br \/>\nPovrchov\u00e1 \u00faprava \u010depele: Stonewash<br \/>\nMateri\u00e1l rukojeti: \u010cern\u00fd hlin\u00edk s vlo\u017ekou a horn\u00ed \u010d\u00e1st\u00ed z uhl\u00edkov\u00fdch vl\u00e1ken<br \/>\nUzamykac\u00ed mechanismus: Posuvn\u00fd<br \/>\nKapesn\u00ed spona: Hlubok\u00fd titan (se \u0161pi\u010dkou dol\u016f, doprava\/doleva)<br \/>\nHmotnost: 5,00 oz.<br \/>\nDesign\u00e9r: Tony Marfione Jr.<br \/>\nModr\u00e9 eloxovan\u00e9 akcenty<br \/>\nVyrobeno v USA<\/p>\n<p><iframe title=\"Heretic Shop Video\" width=\"800\" height=\"450\" src=\"https:\/\/www.youtube.com\/embed\/7qUL5q7Cvgo?feature=oembed\" frameborder=\"0\" allow=\"accelerometer; autoplay; clipboard-write; encrypted-media; gyroscope; picture-in-picture; web-share\" referrerpolicy=\"strict-origin-when-cross-origin\" allowfullscreen><\/iframe><\/p>\n<p>&nbsp;<\/p>\n","protected":false},"excerpt":{"rendered":"<p><strong>V\u0161echny na\u0161e no\u017ee jsou vyrobeny v USA a tak to zachov\u00e1me. Kdy\u017e si koup\u00edte n\u011bkter\u00fd z na\u0161ich no\u017e\u016f, m\u016f\u017eete m\u00edt d\u016fv\u011bru ve sv\u016fj n\u00e1stroj s v\u011bdom\u00edm, \u017ee je podporov\u00e1n americkou spole\u010dnost\u00ed. Na\u0161e no\u017ee jsou vyr\u00e1b\u011bny v mal\u00fdch s\u00e9ri\u00edch, abychom zajistili, \u017ee dostanete kvalitn\u00ed n\u016f\u017e, kter\u00e9mu se dost\u00e1v\u00e1 pozornosti, jak\u00e9 se nedost\u00e1v\u00e1 jin\u00fdm s\u00e9riov\u011b vyr\u00e1b\u011bn\u00fdm no\u017e\u016fm!!<\/strong><\/p>\n<p><strong>Doprava zdarma.<\/strong><\/p>\n","protected":false},"featured_media":313177,"comment_status":"open","ping_status":"closed","template":"","meta":[],"pwb-brand":[318],"product_brand":[],"product_cat":[2019,17],"product_tag":[],"class_list":{"0":"post-313176","1":"product","2":"type-product","3":"status-publish","4":"has-post-thumbnail","6":"pwb-brand-heretic-knives","7":"product_cat-vystrelovaci-noze","8":"product_cat-noze","10":"first","11":"instock","12":"taxable","13":"shipping-taxable","14":"purchasable","15":"product-type-simple"},"brands":[{"id":318,"name":"Heretic Knives","slug":"heretic-knives"}],"_links":{"self":[{"href":"https:\/\/www.moskito.cz\/sk\/wp-json\/wp\/v2\/product\/313176","targetHints":{"allow":["GET"]}}],"collection":[{"href":"https:\/\/www.moskito.cz\/sk\/wp-json\/wp\/v2\/product"}],"about":[{"href":"https:\/\/www.moskito.cz\/sk\/wp-json\/wp\/v2\/types\/product"}],"replies":[{"embeddable":true,"href":"https:\/\/www.moskito.cz\/sk\/wp-json\/wp\/v2\/comments?post=313176"}],"wp:featuredmedia":[{"embeddable":true,"href":"https:\/\/www.moskito.cz\/sk\/wp-json\/wp\/v2\/media\/313177"}],"wp:attachment":[{"href":"https:\/\/www.moskito.cz\/sk\/wp-json\/wp\/v2\/media?parent=313176"}],"wp:term":[{"taxonomy":"pwb-brand","embeddable":true,"href":"https:\/\/www.moskito.cz\/sk\/wp-json\/wp\/v2\/pwb-brand?post=313176"},{"taxonomy":"product_brand","embeddable":true,"href":"https:\/\/www.moskito.cz\/sk\/wp-json\/wp\/v2\/product_brand?post=313176"},{"taxonomy":"product_cat","embeddable":true,"href":"https:\/\/www.moskito.cz\/sk\/wp-json\/wp\/v2\/product_cat?post=313176"},{"taxonomy":"product_tag","embeddable":true,"href":"https:\/\/www.moskito.cz\/sk\/wp-json\/wp\/v2\/product_tag?post=313176"}],"curies":[{"name":"wp","href":"https:\/\/api.w.org\/{rel}","templated":true}]}}