{"id":313754,"date":"2024-02-20T14:30:40","date_gmt":"2024-02-20T13:38:20","guid":{"rendered":"https:\/\/www.moskito.cz\/produkt\/zatvaraci-noz-microtech-msi-210-1flgtbk\/"},"modified":"2025-05-07T11:02:47","modified_gmt":"2025-05-07T10:02:47","slug":"zatvaraci-noz-microtech-msi-210-1flgtbk","status":"publish","type":"product","link":"https:\/\/www.moskito.cz\/sk\/produkt\/zatvaraci-noz-microtech-msi-210-1flgtbk\/","title":{"rendered":"Zatv\u00e1rac\u00ed N\u00f4\u017e Microtech MSI 210-1FLGTBK"},"content":{"rendered":"<p>Zatv\u00e1rac\u00ed N\u00f4\u017e Microtech MSI 210-1FLGTBK.<\/p>\n<p>Vylep\u0161ite svoje ka\u017edodenn\u00e9 nosenie pomocou Microtech MSI RAM-LOK Folder a za\u017eite dokonal\u00e9 spojenie formy a funkcie. Tento v\u00fdnimo\u010dn\u00fd zatv\u00e1rac\u00ed n\u00f4\u017e je d\u00f4kazom odhodlania spolo\u010dnosti <strong>Microtech<\/strong> k dokonalosti v ka\u017edom detaile, v\u010faka \u010domu je spo\u013eahliv\u00fdm spolo\u010dn\u00edkom pre ka\u017edodenn\u00e9 v\u00fdzvy \u017eivota aj mimo neho.<\/p>\n<p>\u0160pecifik\u00e1cia:<br \/>\nCelkov\u00e1 d\u013a\u017eka: 22.7 cm<br \/>\nD\u013a\u017eka \u010depele: 9.9 cm<br \/>\nHr\u00fabka \u010depele: 0,4 cm<br \/>\nMateri\u00e1l \u010depele: M390MK<br \/>\nMateri\u00e1l rukov\u00e4te: G10<br \/>\nUzamykac\u00ed mechanizmus: RAM-LOK<br \/>\nTyp no\u017ea: Manu\u00e1lne<br \/>\nKrajina p\u00f4vodu: USA<\/p>\n<p>&nbsp;<\/p>\n","protected":false},"excerpt":{"rendered":"<div class=\"elementor-element elementor-element-bbb542b elementor-widget elementor-widget-woocommerce-product-short-description\" data-id=\"bbb542b\" data-element_type=\"widget\" data-widget_type=\"woocommerce-product-short-description.default\">\n<div class=\"elementor-widget-container\">\n<div class=\"woocommerce-product-details__short-description\">\n<p><strong>V priebehu rokov Microtech\u00ae Knives naplnil v\u00e1\u0161\u0148ou a zru\u010dnos\u0165ou v\u00fdrobu no\u017eov, a\u017e z nich vytvoril takmer umeleck\u00e9 diela, ktor\u00e9 s\u00fa vrcholom funk\u010dnosti. V\u0161etky diely s\u00fa vyroben\u00e9 v USA.<\/strong><br \/>\n<strong>Na v\u0161etky no\u017ee Microtech je do\u017eivotn\u00e1 z\u00e1ruka.<\/strong><\/p>\n<p><strong>Doprava zadarmo.<\/strong><\/p>\n<\/div>\n<\/div>\n<\/div>\n","protected":false},"featured_media":313715,"comment_status":"open","ping_status":"closed","template":"","meta":[],"pwb-brand":[3200],"product_brand":[],"product_cat":[3186,3233],"product_tag":[3668],"class_list":{"0":"post-313754","1":"product","2":"type-product","3":"status-publish","4":"has-post-thumbnail","6":"pwb-brand-microtech-sk","7":"product_cat-noze-sk","8":"product_cat-zatvaracie-noze","9":"product_tag-b2b-sk","11":"first","12":"outofstock","13":"taxable","14":"shipping-taxable","15":"purchasable","16":"product-type-simple"},"brands":[{"id":3200,"name":"Microtech","slug":"microtech-sk"}],"_links":{"self":[{"href":"https:\/\/www.moskito.cz\/sk\/wp-json\/wp\/v2\/product\/313754","targetHints":{"allow":["GET"]}}],"collection":[{"href":"https:\/\/www.moskito.cz\/sk\/wp-json\/wp\/v2\/product"}],"about":[{"href":"https:\/\/www.moskito.cz\/sk\/wp-json\/wp\/v2\/types\/product"}],"replies":[{"embeddable":true,"href":"https:\/\/www.moskito.cz\/sk\/wp-json\/wp\/v2\/comments?post=313754"}],"wp:featuredmedia":[{"embeddable":true,"href":"https:\/\/www.moskito.cz\/sk\/wp-json\/wp\/v2\/media\/313715"}],"wp:attachment":[{"href":"https:\/\/www.moskito.cz\/sk\/wp-json\/wp\/v2\/media?parent=313754"}],"wp:term":[{"taxonomy":"pwb-brand","embeddable":true,"href":"https:\/\/www.moskito.cz\/sk\/wp-json\/wp\/v2\/pwb-brand?post=313754"},{"taxonomy":"product_brand","embeddable":true,"href":"https:\/\/www.moskito.cz\/sk\/wp-json\/wp\/v2\/product_brand?post=313754"},{"taxonomy":"product_cat","embeddable":true,"href":"https:\/\/www.moskito.cz\/sk\/wp-json\/wp\/v2\/product_cat?post=313754"},{"taxonomy":"product_tag","embeddable":true,"href":"https:\/\/www.moskito.cz\/sk\/wp-json\/wp\/v2\/product_tag?post=313754"}],"curies":[{"name":"wp","href":"https:\/\/api.w.org\/{rel}","templated":true}]}}