{"id":314000,"date":"2024-02-20T15:32:32","date_gmt":"2024-02-29T12:15:08","guid":{"rendered":"https:\/\/www.moskito.cz\/produkt\/zatvaraci-noz-microtech-matrix-titanium-carbon-165c-4cfiti\/"},"modified":"2025-05-07T11:02:51","modified_gmt":"2025-05-07T10:02:51","slug":"zatvaraci-noz-microtech-matrix-titanium-carbon-165c-4cfiti","status":"publish","type":"product","link":"https:\/\/www.moskito.cz\/sk\/produkt\/zatvaraci-noz-microtech-matrix-titanium-carbon-165c-4cfiti\/","title":{"rendered":"Zatv\u00e1rac\u00ed N\u00f4\u017e Microtech Matrix Titanium Carbon 165C-4CFITI"},"content":{"rendered":"<p>Zatv\u00e1rac\u00ed N\u00f4\u017e <strong>Microtech<\/strong> Matrix Titanium Carbon 165C-4CFITI<\/p>\n<p>Matrix je zatv\u00e1rac\u00ed n\u00f4\u017e, vytvoren\u00fd kombin\u00e1ciou brilantnosti no\u017eov Microtech Knives a Rikeknife Co, ktor\u00e1 vy\u017earuje pri ka\u017edej akcii neb\u00fdval\u00fa hladkos\u0165. Rovnako ako u ikonick\u00e9ho Socom Bravo Mini steles\u0148uje stelesnenie dosiahnute\u013en\u00e9ho bohatstva. Tento z\u00e1zrak v plnej ve\u013ekosti, v\u00e1\u017eiaci 6,1 unca a merac\u00ed 24 cm s rozb\u00edja\u010dom skla z volfr\u00e1mu, vyhovuje t\u00fdm, ktor\u00ed oce\u0148uj\u00fa \u0161t\u00fdl aj \u00fa\u017eitok.<br \/>\n\u0160pecifik\u00e1cia:<\/p>\n<p>Model: Matrix<br \/>\n\u010c\u00edslo v\u00fdrobcu: 165C-4CFITI<br \/>\nCelkov\u00e1 d\u013a\u017eka: 24 cm<br \/>\nD\u013a\u017eka v zatvorenom stave: 13 cm<br \/>\nD\u013a\u017eka \u010depele: 9.6 cm<br \/>\nHr\u00fabka \u010depele: 0,4 cm<br \/>\nPovrchov\u00e1 \u00faprava \u010depele: Ru\u010dne tren\u00fd sat\u00e9n<br \/>\n\u0160t\u00fdl okraja: Oby\u010dajn\u00fd<br \/>\nMateri\u00e1l rukov\u00e4te: Titan &#8211; Vlo\u017eka z uhl\u00edkov\u00fdch vl\u00e1kien &#8211; Modr\u00fd oto\u010dn\u00fd golier<br \/>\nVreckov\u00fd klip: Vykl\u00e1pac\u00ed<br \/>\n\u010c\u00edslo v\u00fdrobcu: 165C-4CFITI<br \/>\nVyroben\u00e9 v USA<\/p>\n<p><iframe title=\"Microtech Combat Troodon Torture Test\" width=\"800\" height=\"450\" src=\"https:\/\/www.youtube.com\/embed\/xE9TeOFYEjg?feature=oembed\" frameborder=\"0\" allow=\"accelerometer; autoplay; clipboard-write; encrypted-media; gyroscope; picture-in-picture; web-share\" allowfullscreen><\/iframe><\/p>\n<p>&nbsp;<\/p>\n<p>&nbsp;<\/p>\n","protected":false},"excerpt":{"rendered":"<div class=\"elementor-element elementor-element-bbb542b elementor-widget elementor-widget-woocommerce-product-short-description\" data-id=\"bbb542b\" data-element_type=\"widget\" data-widget_type=\"woocommerce-product-short-description.default\">\n<div class=\"elementor-widget-container\">\n<div class=\"woocommerce-product-details__short-description\">\n<p><strong>V priebehu rokov Microtech\u00ae Knives naplnil v\u00e1\u0161\u0148ou a zru\u010dnos\u0165ou v\u00fdrobu no\u017eov, a\u017e z nich vytvoril takmer umeleck\u00e9 diela, ktor\u00e9 s\u00fa vrcholom funk\u010dnosti. V\u0161etky diely s\u00fa vyroben\u00e9 v USA.<\/strong><br \/>\n<strong>Na v\u0161etky no\u017ee Microtech je do\u017eivotn\u00e1 z\u00e1ruka.<\/strong><\/p>\n<p><strong>Doprava zadarmo.<\/strong><\/p>\n<\/div>\n<\/div>\n<\/div>\n","protected":false},"featured_media":313827,"comment_status":"open","ping_status":"closed","template":"","meta":[],"pwb-brand":[3200],"product_brand":[],"product_cat":[3186,3233],"product_tag":[3668],"class_list":{"0":"post-314000","1":"product","2":"type-product","3":"status-publish","4":"has-post-thumbnail","6":"pwb-brand-microtech-sk","7":"product_cat-noze-sk","8":"product_cat-zatvaracie-noze","9":"product_tag-b2b-sk","11":"first","12":"instock","13":"taxable","14":"shipping-taxable","15":"purchasable","16":"product-type-simple"},"brands":[{"id":3200,"name":"Microtech","slug":"microtech-sk"}],"_links":{"self":[{"href":"https:\/\/www.moskito.cz\/sk\/wp-json\/wp\/v2\/product\/314000","targetHints":{"allow":["GET"]}}],"collection":[{"href":"https:\/\/www.moskito.cz\/sk\/wp-json\/wp\/v2\/product"}],"about":[{"href":"https:\/\/www.moskito.cz\/sk\/wp-json\/wp\/v2\/types\/product"}],"replies":[{"embeddable":true,"href":"https:\/\/www.moskito.cz\/sk\/wp-json\/wp\/v2\/comments?post=314000"}],"wp:featuredmedia":[{"embeddable":true,"href":"https:\/\/www.moskito.cz\/sk\/wp-json\/wp\/v2\/media\/313827"}],"wp:attachment":[{"href":"https:\/\/www.moskito.cz\/sk\/wp-json\/wp\/v2\/media?parent=314000"}],"wp:term":[{"taxonomy":"pwb-brand","embeddable":true,"href":"https:\/\/www.moskito.cz\/sk\/wp-json\/wp\/v2\/pwb-brand?post=314000"},{"taxonomy":"product_brand","embeddable":true,"href":"https:\/\/www.moskito.cz\/sk\/wp-json\/wp\/v2\/product_brand?post=314000"},{"taxonomy":"product_cat","embeddable":true,"href":"https:\/\/www.moskito.cz\/sk\/wp-json\/wp\/v2\/product_cat?post=314000"},{"taxonomy":"product_tag","embeddable":true,"href":"https:\/\/www.moskito.cz\/sk\/wp-json\/wp\/v2\/product_tag?post=314000"}],"curies":[{"name":"wp","href":"https:\/\/api.w.org\/{rel}","templated":true}]}}