{"id":314038,"date":"2024-02-15T16:32:53","date_gmt":"2024-02-29T12:25:09","guid":{"rendered":"https:\/\/www.moskito.cz\/produkt\/vystrelovaci-noz-heretic-knives-cleric-ii-h020-6a-cf-blu\/"},"modified":"2025-05-07T11:02:53","modified_gmt":"2025-05-07T10:02:53","slug":"vystrelovaci-noz-heretic-knives-cleric-ii-h020-6a-cf-blu","status":"publish","type":"product","link":"https:\/\/www.moskito.cz\/sk\/produkt\/vystrelovaci-noz-heretic-knives-cleric-ii-h020-6a-cf-blu\/","title":{"rendered":"Vystre\u013eovac\u00ed N\u00f4\u017e Heretic Knives Cleric II H020-6A-CF\/BLU"},"content":{"rendered":"<p>Vystre\u013eovac\u00ed N\u00f4\u017e <strong>Heretic Knives<\/strong> Cleric II H020-6A-CF\/BLU.<\/p>\n<p>Heretic Knives Cleric II je dvoj\u010dinn\u00fd predn\u00fd automat s vysoko kvalitn\u00fdm strihom a povrchovou \u00fapravou a super hladkou akciou D\/A OTF! Je vybaven\u00fd predn\u00fdm posuvn\u00fdm krytom pre \u013eahk\u00e9 ovl\u00e1danie. Jeden z najdlh\u0161\u00edch dvoj\u010dinn\u00fdch no\u017eov OTF vo v\u00fdrobe a siln\u00fd konkurent starej Microtech Makora II, to ur\u010dite pote\u0161\u00ed. Kompletn\u00e1 s fr\u00e9zovanou tit\u00e1novou vreckovou sponou na roller.<\/p>\n<p>Tento model je vybaven\u00fd stupnicou rukov\u00e4te z \u010dierneho eloxovan\u00e9ho hlin\u00edka s horn\u00fdm krytom z uhl\u00edkov\u00fdch vl\u00e1kien a vlo\u017ekou na zadnej strane. \u010cierna \u010depe\u013e tanto z nerezovej ocele CPM-Magnacut s povrchovou \u00fapravou DLC so \u0161tandardn\u00fdm ostr\u00edm. \u010cierne prevedenie a modr\u00fd eloxovan\u00fd tit\u00e1nov\u00fd vreckov\u00fd klip a gomb\u00edk. Na bo\u010dnej strane r\u00e1mu je vyleptan\u00e9 logo Heretic, inform\u00e1cie o modeli a s\u00e9riov\u00e9 \u010d\u00edslo.<\/p>\n<p>\u0160pecifik\u00e1cia:<\/p>\n<p>D\u013a\u017eka \u010depele: 10.62 cm<br \/>\nCelkov\u00e1 d\u013a\u017eka: 24.68 cm<br \/>\nMateri\u00e1l \u010depele: CPM-MagnaCut Nerezov\u00e1 oce\u013e<br \/>\n\u0160t\u00fdl \u010depele: D\u00fdka s dvojitou hranou<br \/>\nBr\u00fasenie \u010depele: Ploch\u00e9<br \/>\nPovrchov\u00e1 \u00faprava \u010depele: Black DLC<br \/>\nMateri\u00e1l rukov\u00e4te: \u010cierny hlin\u00edk s vlo\u017ekou a hornou \u010das\u0165ou z uhl\u00edkov\u00fdch vl\u00e1kien<br \/>\nUzamykac\u00ed mechanizmus: Posuvn\u00fd<br \/>\nVreckov\u00e1 spona: Hlbok\u00fd tit\u00e1n (so \u0161pi\u010dkou dole, doprava\/do\u013eava)<br \/>\nHmotnos\u0165: 5,00 oz.<br \/>\nDizajn\u00e9r: Tony Marfione Jr.<br \/>\nModr\u00e9 eloxovan\u00e9 akcenty<br \/>\nVyroben\u00e9 v USA<\/p>\n<p>&nbsp;<\/p>\n","protected":false},"excerpt":{"rendered":"<div class=\"elementor-element elementor-element-bbb542b elementor-widget elementor-widget-woocommerce-product-short-description\" data-id=\"bbb542b\" data-element_type=\"widget\" data-widget_type=\"woocommerce-product-short-description.default\">\n<div class=\"elementor-widget-container\">\n<div class=\"woocommerce-product-details__short-description\">\n<div class=\"elementor-element elementor-element-bbb542b elementor-widget elementor-widget-woocommerce-product-short-description\" data-id=\"bbb542b\" data-element_type=\"widget\" data-widget_type=\"woocommerce-product-short-description.default\">\n<div class=\"elementor-widget-container\">\n<div class=\"woocommerce-product-details__short-description\">\n<p><strong>V\u0161etky na\u0161e no\u017ee s\u00fa vyroben\u00e9 v USA a tak to zachov\u00e1me. Ke\u010f si k\u00fapite niektor\u00fd z na\u0161ich no\u017eov, m\u00f4\u017eete ma\u0165 d\u00f4veru vo svoj n\u00e1stroj s vedom\u00edm, \u017ee je podporovan\u00fd americkou spolo\u010dnos\u0165ou. Na\u0161e no\u017ee s\u00fa vyr\u00e1ban\u00e9 v mal\u00fdch s\u00e9ri\u00e1ch, aby sme zaistili, \u017ee dostanete kvalitn\u00fd n\u00f4\u017e, ktor\u00e9mu sa dost\u00e1va pozornosti, ak\u00e9 sa nedost\u00e1va in\u00fdm s\u00e9riovo vyr\u00e1ban\u00fdm no\u017eom!!<\/strong><\/p>\n<p><strong>Doprava zadarmo.<\/strong><\/p>\n<\/div>\n<\/div>\n<\/div>\n<\/div>\n<\/div>\n<\/div>\n","protected":false},"featured_media":313340,"comment_status":"open","ping_status":"closed","template":"","meta":[],"pwb-brand":[3196],"product_brand":[],"product_cat":[3186,3197],"product_tag":[3668],"class_list":{"0":"post-314038","1":"product","2":"type-product","3":"status-publish","4":"has-post-thumbnail","6":"pwb-brand-heretic-knives-sk","7":"product_cat-noze-sk","8":"product_cat-vystrelovacie-noze-sk","9":"product_tag-b2b-sk","11":"first","12":"instock","13":"taxable","14":"shipping-taxable","15":"purchasable","16":"product-type-simple"},"brands":[{"id":3196,"name":"Heretic Knives","slug":"heretic-knives-sk"}],"_links":{"self":[{"href":"https:\/\/www.moskito.cz\/sk\/wp-json\/wp\/v2\/product\/314038","targetHints":{"allow":["GET"]}}],"collection":[{"href":"https:\/\/www.moskito.cz\/sk\/wp-json\/wp\/v2\/product"}],"about":[{"href":"https:\/\/www.moskito.cz\/sk\/wp-json\/wp\/v2\/types\/product"}],"replies":[{"embeddable":true,"href":"https:\/\/www.moskito.cz\/sk\/wp-json\/wp\/v2\/comments?post=314038"}],"wp:featuredmedia":[{"embeddable":true,"href":"https:\/\/www.moskito.cz\/sk\/wp-json\/wp\/v2\/media\/313340"}],"wp:attachment":[{"href":"https:\/\/www.moskito.cz\/sk\/wp-json\/wp\/v2\/media?parent=314038"}],"wp:term":[{"taxonomy":"pwb-brand","embeddable":true,"href":"https:\/\/www.moskito.cz\/sk\/wp-json\/wp\/v2\/pwb-brand?post=314038"},{"taxonomy":"product_brand","embeddable":true,"href":"https:\/\/www.moskito.cz\/sk\/wp-json\/wp\/v2\/product_brand?post=314038"},{"taxonomy":"product_cat","embeddable":true,"href":"https:\/\/www.moskito.cz\/sk\/wp-json\/wp\/v2\/product_cat?post=314038"},{"taxonomy":"product_tag","embeddable":true,"href":"https:\/\/www.moskito.cz\/sk\/wp-json\/wp\/v2\/product_tag?post=314038"}],"curies":[{"name":"wp","href":"https:\/\/api.w.org\/{rel}","templated":true}]}}