{"id":314421,"date":"2024-03-03T00:34:33","date_gmt":"2024-03-02T23:35:46","guid":{"rendered":"https:\/\/www.moskito.cz\/produkt\/zatvaraci-noz-ctkt-damaskovy-hirin-5042b\/"},"modified":"2025-05-07T11:03:03","modified_gmt":"2025-05-07T10:03:03","slug":"zatvaraci-noz-ctkt-damaskovy-hirin-5042b","status":"publish","type":"product","link":"https:\/\/www.moskito.cz\/sk\/produkt\/zatvaraci-noz-ctkt-damaskovy-hirin-5042b\/","title":{"rendered":"Zatv\u00e1rac\u00ed N\u00f4\u017e CTKT Dama\u0161kov\u00fd Hirin 5042B"},"content":{"rendered":"<p>Zatv\u00e1rac\u00ed N\u00f4\u017e <strong>CTKT<\/strong> Dama\u0161kov\u00fd Hirin 5042B.<\/p>\n<p>Jedin\u00fd poh\u013ead na Hirin\u2122 je v\u0161etko, \u010do potrebujete, aby ste vedeli, \u017ee je to nie\u010do v\u00fdnimo\u010dn\u00e9. Detailn\u00fd vzor kyseliny leptaj\u00facej \u010depele Super Dense Twist\u2122 Damasteel\u00ae. Eloxovan\u00e1 tit\u00e1nov\u00e1 rukov\u00e4\u0165 a skrutky z nerezovej ocele. N\u00e1padn\u00e1 kon\u0161trukcia kostry, organick\u00e1 aj nadpozemsk\u00e1. Dokonca aj vreckov\u00fd klip na z\u00e1kazku, aj Damasteel\u00ae, dokonale dop\u013a\u0148a elegantn\u00fd, symetrick\u00fd tvar no\u017ea.<br \/>\nDobre postaven\u00fd : Vyroben\u00e9 v Taliansku<br \/>\nPr\u00e9miov\u00e9 materi\u00e1ly : \u010cepe\u013eov\u00e1 oce\u013e Damasteel\u00ae Super Dense Twist\u2122 poskytuje vynikaj\u00faci rezn\u00fd v\u00fdkon<br \/>\nPevn\u00e1 a \u013eahk\u00e1: Tit\u00e1nov\u00e1 rukov\u00e4\u0165 kombinuje pevnos\u0165 s minim\u00e1lnou hmotnos\u0165ou<br \/>\nPr\u00e9miov\u00e9 materi\u00e1ly: Vreckov\u00fd klip Super Dense Twist\u2122 Damasteel\u00ae pre neporovnate\u013en\u00fa h\u00fa\u017eevnatos\u0165 a pevnos\u0165.<\/p>\n<p>D\u013a\u017eka \u010depele: 9 cm<\/p>\n<p>Celkov\u00e1 d\u013a\u017eka: 22 cm<\/p>\n<p>Hmotnos\u0165: 168 g<\/p>\n<p>Materi\u00e1l rukov\u00e4te: Titan<\/p>\n<p>\u010cepe\u013e: Damask<\/p>\n<p><iframe title=\"CRKT Hirin\u2122 I Dew Hara Design\" width=\"800\" height=\"450\" src=\"https:\/\/www.youtube.com\/embed\/s9SQ3aUdCBs?feature=oembed\" frameborder=\"0\" allow=\"accelerometer; autoplay; clipboard-write; encrypted-media; gyroscope; picture-in-picture; web-share\" allowfullscreen><\/iframe><\/p>\n<p>&nbsp;<\/p>\n<p>&nbsp;<\/p>\n","protected":false},"excerpt":{"rendered":"<p><strong>Dew Hara je produktom svojho prostredia\u2026 doslova. V\u00fdrobcovia v jeho rodnom meste Seki v Japonsku s\u00fa zn\u00e1mi navrhovan\u00edm a v\u00fdrobou jedn\u00fdch z najlep\u0161\u00edch kvalitn\u00fdch kuchynsk\u00fdch pr\u00edborov na svete. Nesie tie\u017e svetozn\u00e1me meno Hara; jeho otec, Koji Hara, je jedn\u00fdm z najuzn\u00e1vanej\u0161\u00edch n\u00e1vrh\u00e1rov na svete. Dewova pr\u00e1ca v\u0161ak stoj\u00ed pevne sama o sebe \u2013 jeho schopnos\u0165 vlieva\u0165 prvky z pr\u00edrodn\u00e9ho sveta nem\u00e1 obdobu a on len po\u0161kriabal povrch toho, \u010do ur\u010dite bude dlh\u00e1 a produkt\u00edvna kari\u00e9ra.<\/strong><\/p>\n","protected":false},"featured_media":314367,"comment_status":"open","ping_status":"closed","template":"","meta":[],"pwb-brand":[3249],"product_brand":[],"product_cat":[3424,3186],"product_tag":[],"class_list":{"0":"post-314421","1":"product","2":"type-product","3":"status-publish","4":"has-post-thumbnail","6":"pwb-brand-zatvaraci-noz-crkt-delilahs-p-e-c-k-5520","7":"product_cat-damascenske-noze-sk","8":"product_cat-noze-sk","10":"first","11":"outofstock","12":"taxable","13":"shipping-taxable","14":"purchasable","15":"product-type-simple"},"brands":[{"id":3249,"name":"Zatv\u00e1rac\u00ed N\u00f4\u017e CRKT DELILAH'S P.E.C.K. 5520","slug":"zatvaraci-noz-crkt-delilahs-p-e-c-k-5520"}],"_links":{"self":[{"href":"https:\/\/www.moskito.cz\/sk\/wp-json\/wp\/v2\/product\/314421","targetHints":{"allow":["GET"]}}],"collection":[{"href":"https:\/\/www.moskito.cz\/sk\/wp-json\/wp\/v2\/product"}],"about":[{"href":"https:\/\/www.moskito.cz\/sk\/wp-json\/wp\/v2\/types\/product"}],"replies":[{"embeddable":true,"href":"https:\/\/www.moskito.cz\/sk\/wp-json\/wp\/v2\/comments?post=314421"}],"wp:featuredmedia":[{"embeddable":true,"href":"https:\/\/www.moskito.cz\/sk\/wp-json\/wp\/v2\/media\/314367"}],"wp:attachment":[{"href":"https:\/\/www.moskito.cz\/sk\/wp-json\/wp\/v2\/media?parent=314421"}],"wp:term":[{"taxonomy":"pwb-brand","embeddable":true,"href":"https:\/\/www.moskito.cz\/sk\/wp-json\/wp\/v2\/pwb-brand?post=314421"},{"taxonomy":"product_brand","embeddable":true,"href":"https:\/\/www.moskito.cz\/sk\/wp-json\/wp\/v2\/product_brand?post=314421"},{"taxonomy":"product_cat","embeddable":true,"href":"https:\/\/www.moskito.cz\/sk\/wp-json\/wp\/v2\/product_cat?post=314421"},{"taxonomy":"product_tag","embeddable":true,"href":"https:\/\/www.moskito.cz\/sk\/wp-json\/wp\/v2\/product_tag?post=314421"}],"curies":[{"name":"wp","href":"https:\/\/api.w.org\/{rel}","templated":true}]}}