{"id":314481,"date":"2024-03-04T16:27:49","date_gmt":"2024-03-04T15:33:53","guid":{"rendered":"https:\/\/www.moskito.cz\/produkt\/vystrelovaci-noz-microtech-hera-ii-stonewashed-1702-10\/"},"modified":"2025-05-07T11:03:05","modified_gmt":"2025-05-07T10:03:05","slug":"vystrelovaci-noz-microtech-hera-ii-stonewashed-1702-10","status":"publish","type":"product","link":"https:\/\/www.moskito.cz\/sk\/produkt\/vystrelovaci-noz-microtech-hera-ii-stonewashed-1702-10\/","title":{"rendered":"Vystre\u013eovac\u00ed N\u00f4\u017e Microtech Hera II Stonewashed 1702-10"},"content":{"rendered":"<p>Vystre\u013eovac\u00ed N\u00f4\u017e <strong>Microtech<\/strong> Hera II Stonewashed 1702-10<\/p>\n<p><strong>Hera II<\/strong> je n\u00e1padn\u00fd dvoj\u010dinn\u00fd automatick\u00fd n\u00f4\u017e spredu s dizajnom r\u00e1mu vo\u013ene in\u0161pirovan\u00fdm ikonick\u00fdm modelom Troodon. <strong>Hera<\/strong> sa vyzna\u010duje vylep\u0161enou ergon\u00f3miou h pre lep\u0161iu pri\u013enavos\u0165 a rafinovan\u00fa estetiku, \u010do zvy\u0161uje jej celkov\u00fa pr\u00ed\u0165a\u017elivos\u0165. Pozoruhodn\u00e9 je, \u017ee rukov\u00e4\u0165 je starostlivo hlboko vyryt\u00e1, \u010do dod\u00e1va funk\u010dn\u00e9mu dizajnu n\u00e1dych umenia a neuverite\u013en\u00fd pocit. Jedin\u00e1 vidite\u013en\u00e1 skrutka, ktor\u00e1 ju dr\u017e\u00ed pohromade, sa nach\u00e1dza na zadnom konci bl\u00edzko vreckovej spony, ktor\u00e1 je pre \u013eav\u00e1kov obojstrann\u00e1.<\/p>\n<p>Tento vynikaj\u00faci dizajn bez n\u00e1mahy steles\u0148uje ako sofistikovanos\u0165, tak funk\u010dnos\u0165, v\u010faka \u010domu <strong>Hera<\/strong> vynik\u00e1 ako jeden z najlep\u0161\u00edch v\u0161estrann\u00fdch automatick\u00fdch no\u017eov OTF na vysoko konkuren\u010dnom trhu. Aj ke\u010f \u00faprimne konkuruje v\u00e4\u010d\u0161inou ostatn\u00fdm <strong>Microtech OTF<\/strong> . Jeho ve\u013ekos\u0165 je ide\u00e1lna na boj, ale dostato\u010dne \u0161t\u00edhla na ka\u017edodenn\u00e9 nosenie, jeho forma je starostlivo vytvoren\u00e1 tak, aby dosiahla ide\u00e1lnu rovnov\u00e1hu medzi praktickos\u0165ou a \u0161t\u00fdlom.  <strong>Hera<\/strong> je d\u00f4kazom prec\u00edzneho in\u017einierstva a umeleck\u00fdch detailov, v\u010faka \u010domu je vynikaj\u00facou vo\u013ebou pre t\u00fdch, ktor\u00ed oce\u0148uj\u00fa spojenie formy a funkcie vo svojich ka\u017edodenn\u00fdch n\u00e1strojoch.<br \/>\n\u0160pecifik\u00e1cia:<\/p>\n<p>D\u013a\u017eka \u010depele: 10 cm<br \/>\nCelkov\u00e1 d\u013a\u017eka: 24 cm<br \/>\n\u0160t\u00fdl \u010depele: D\u00fdka s dvojitou hranou<br \/>\nBr\u00fasenie \u010depele: Ploch\u00e9<br \/>\nPovrchov\u00e1 \u00faprava \u010depele: Stonewash<br \/>\nMateri\u00e1l rukov\u00e4te: \u010cierny leteck\u00fd hlin\u00edk s hlbok\u00fdm ryt\u00edm<br \/>\nUzamykac\u00ed mechanizmus: Thumb Slide<br \/>\nVreckov\u00e1 spona: Titan (skl\u00e1pacie, prav\u00e9\/\u013eav\u00e9 nosenie)<br \/>\nHmotnos\u0165: 4,94 oz.<br \/>\nDizajn\u00e9ri: Tony a Sean Marfione<br \/>\nVyroben\u00e9 v USA<\/p>\n<p>&nbsp;<\/p>\n","protected":false},"excerpt":{"rendered":"<p><strong>V priebehu rokov Microtech\u00ae Knives naplnil v\u00e1\u0161\u0148ou a zru\u010dnos\u0165ou v\u00fdrobu no\u017eov, a\u017e z nich vytvoril takmer umeleck\u00e9 diela, ktor\u00e9 s\u00fa vrcholom funk\u010dnosti. V\u0161etky diely s\u00fa vyroben\u00e9 v USA.<\/strong><br \/>\n<strong>Na v\u0161etky no\u017ee Microtech je do\u017eivotn\u00e1 z\u00e1ruka.<\/strong><\/p>\n<p><strong>Doprava zadarmo.<\/strong><\/p>\n","protected":false},"featured_media":314441,"comment_status":"open","ping_status":"closed","template":"","meta":[],"pwb-brand":[3200],"product_brand":[],"product_cat":[3186,3197],"product_tag":[3668],"class_list":{"0":"post-314481","1":"product","2":"type-product","3":"status-publish","4":"has-post-thumbnail","6":"pwb-brand-microtech-sk","7":"product_cat-noze-sk","8":"product_cat-vystrelovacie-noze-sk","9":"product_tag-b2b-sk","11":"first","12":"instock","13":"taxable","14":"shipping-taxable","15":"purchasable","16":"product-type-simple"},"brands":[{"id":3200,"name":"Microtech","slug":"microtech-sk"}],"_links":{"self":[{"href":"https:\/\/www.moskito.cz\/sk\/wp-json\/wp\/v2\/product\/314481","targetHints":{"allow":["GET"]}}],"collection":[{"href":"https:\/\/www.moskito.cz\/sk\/wp-json\/wp\/v2\/product"}],"about":[{"href":"https:\/\/www.moskito.cz\/sk\/wp-json\/wp\/v2\/types\/product"}],"replies":[{"embeddable":true,"href":"https:\/\/www.moskito.cz\/sk\/wp-json\/wp\/v2\/comments?post=314481"}],"wp:featuredmedia":[{"embeddable":true,"href":"https:\/\/www.moskito.cz\/sk\/wp-json\/wp\/v2\/media\/314441"}],"wp:attachment":[{"href":"https:\/\/www.moskito.cz\/sk\/wp-json\/wp\/v2\/media?parent=314481"}],"wp:term":[{"taxonomy":"pwb-brand","embeddable":true,"href":"https:\/\/www.moskito.cz\/sk\/wp-json\/wp\/v2\/pwb-brand?post=314481"},{"taxonomy":"product_brand","embeddable":true,"href":"https:\/\/www.moskito.cz\/sk\/wp-json\/wp\/v2\/product_brand?post=314481"},{"taxonomy":"product_cat","embeddable":true,"href":"https:\/\/www.moskito.cz\/sk\/wp-json\/wp\/v2\/product_cat?post=314481"},{"taxonomy":"product_tag","embeddable":true,"href":"https:\/\/www.moskito.cz\/sk\/wp-json\/wp\/v2\/product_tag?post=314481"}],"curies":[{"name":"wp","href":"https:\/\/api.w.org\/{rel}","templated":true}]}}