{"id":314926,"date":"2024-03-08T16:04:00","date_gmt":"2024-03-08T15:06:18","guid":{"rendered":"https:\/\/www.moskito.cz\/produkt\/vystrelovaci-noz-heretic-knives-hydra-h006-10a-hcamo\/"},"modified":"2025-05-07T11:03:10","modified_gmt":"2025-05-07T10:03:10","slug":"vystrelovaci-noz-heretic-knives-hydra-h006-10a-hcamo","status":"publish","type":"product","link":"https:\/\/www.moskito.cz\/sk\/produkt\/vystrelovaci-noz-heretic-knives-hydra-h006-10a-hcamo\/","title":{"rendered":"Vystre\u013eovac\u00ed N\u00f4\u017e Heretic Knives Hydra H006-10A-HCAMO"},"content":{"rendered":"<p>Vystre\u013eovac\u00ed N\u00f4\u017e <strong>Heretic Knives<\/strong> Hydra H006-10A-HCAMO<\/p>\n<p><strong>Hydra<\/strong> je jedno\u010dinn\u00fd automatick\u00fd n\u00f4\u017e OTF (z prednej strany) a bol prv\u00fdm svojho druhu, ktor\u00fd mal poistku tla\u010didla a dvojit\u00fa vreckov\u00fa sponu. Tento dizajn klipu bol od tej doby aktualizovan\u00fd, preto\u017ee dvojit\u00e9 hroty vytvorili dvojn\u00e1sobn\u00e9 pr\u00edle\u017eitosti na z\u00e1drhel. Tento je teda ove\u013ea pr\u00edvetivej\u0161\u00ed do vrecka. Ak chcete n\u00f4\u017e ovl\u00e1da\u0165, jednoducho presu\u0148te poistku tla\u010didla palcom a potom stla\u010dte tla\u010didlo pod \u0148ou a vystre\u013ete. Ak chcete \u010depe\u013e zasun\u00fa\u0165, stla\u010dte tla\u010didlo a s\u00fa\u010dasne vytiahnite nab\u00edjaciu rukov\u00e4\u0165 zo spodnej \u010dasti no\u017ea. Uvo\u013enite tla\u010didlo a vr\u00e1\u0165te nab\u00edjaciu rukov\u00e4\u0165 do p\u00f4vodn\u00e9ho pokojov\u00e9ho stavu. T\u00fdm sa nabije pru\u017eina vo vn\u00fatri a resetuje mechanizmus, pripraven\u00fd na \u010fal\u0161iu p\u00f4sobiv\u00fa aktiv\u00e1ciu. Ide o jeden z m\u00e1la jedno\u010dinn\u00fdch no\u017eov OTF, ktor\u00fd je st\u00e1le k dispoz\u00edcii a bol hrdo vyroben\u00fd v USA.<br \/>\n\u0160pecifik\u00e1cia<\/p>\n<p>D\u013a\u017eka \u010depele: 9 cm<br \/>\nCelkov\u00e1 d\u013a\u017eka: 23 cm<br \/>\nMateri\u00e1l \u010depele: CPM-MagnaCut Nerezov\u00e1 oce\u013e<br \/>\n\u0160t\u00fdl \u010depele: Tanto<br \/>\nBr\u00fasenie \u010depele: Dut\u00e9<br \/>\nPovrchov\u00e1 \u00faprava \u010depele: \u010cierna DLC Two-Tone<br \/>\nMateri\u00e1l rukov\u00e4te: Heretic Camo Aluminium<br \/>\nUzamykac\u00ed mechanizmus: Tla\u010didlo<br \/>\nVreckov\u00e1 spona: Titan (sklopenie dole, prav\u00e9 nosenie)<br \/>\nHmotnos\u0165: 5,22 oz.<br \/>\nDizajn\u00e9r: Tony Marfione Jr.<br \/>\nVyroben\u00e9 v USA<\/p>\n<p>&nbsp;<\/p>\n<p>&nbsp;<\/p>\n","protected":false},"excerpt":{"rendered":"<p><strong>V\u0161etky na\u0161e no\u017ee s\u00fa vyroben\u00e9 v USA a tak to zachov\u00e1me. Ke\u010f si k\u00fapite niektor\u00fd z na\u0161ich no\u017eov, m\u00f4\u017eete ma\u0165 d\u00f4veru vo svoj n\u00e1stroj s vedom\u00edm, \u017ee je podporovan\u00fd americkou spolo\u010dnos\u0165ou. Na\u0161e no\u017ee s\u00fa vyr\u00e1ban\u00e9 v mal\u00fdch s\u00e9ri\u00e1ch, aby sme zaistili, \u017ee dostanete kvalitn\u00fd n\u00f4\u017e, ktor\u00e9mu sa nedost\u00e1va pozornosti, ak\u00e9 sa nedost\u00e1va in\u00fdm s\u00e9riovo vyr\u00e1ban\u00fdm no\u017eom.<\/strong><\/p>\n<p><strong>Doprava zadarmo.<\/strong><\/p>\n","protected":false},"featured_media":314887,"comment_status":"open","ping_status":"closed","template":"","meta":[],"pwb-brand":[3196],"product_brand":[],"product_cat":[3186,3197],"product_tag":[],"class_list":{"0":"post-314926","1":"product","2":"type-product","3":"status-publish","4":"has-post-thumbnail","6":"pwb-brand-heretic-knives-sk","7":"product_cat-noze-sk","8":"product_cat-vystrelovacie-noze-sk","10":"first","11":"instock","12":"taxable","13":"shipping-taxable","14":"purchasable","15":"product-type-simple"},"brands":[{"id":3196,"name":"Heretic Knives","slug":"heretic-knives-sk"}],"_links":{"self":[{"href":"https:\/\/www.moskito.cz\/sk\/wp-json\/wp\/v2\/product\/314926","targetHints":{"allow":["GET"]}}],"collection":[{"href":"https:\/\/www.moskito.cz\/sk\/wp-json\/wp\/v2\/product"}],"about":[{"href":"https:\/\/www.moskito.cz\/sk\/wp-json\/wp\/v2\/types\/product"}],"replies":[{"embeddable":true,"href":"https:\/\/www.moskito.cz\/sk\/wp-json\/wp\/v2\/comments?post=314926"}],"wp:featuredmedia":[{"embeddable":true,"href":"https:\/\/www.moskito.cz\/sk\/wp-json\/wp\/v2\/media\/314887"}],"wp:attachment":[{"href":"https:\/\/www.moskito.cz\/sk\/wp-json\/wp\/v2\/media?parent=314926"}],"wp:term":[{"taxonomy":"pwb-brand","embeddable":true,"href":"https:\/\/www.moskito.cz\/sk\/wp-json\/wp\/v2\/pwb-brand?post=314926"},{"taxonomy":"product_brand","embeddable":true,"href":"https:\/\/www.moskito.cz\/sk\/wp-json\/wp\/v2\/product_brand?post=314926"},{"taxonomy":"product_cat","embeddable":true,"href":"https:\/\/www.moskito.cz\/sk\/wp-json\/wp\/v2\/product_cat?post=314926"},{"taxonomy":"product_tag","embeddable":true,"href":"https:\/\/www.moskito.cz\/sk\/wp-json\/wp\/v2\/product_tag?post=314926"}],"curies":[{"name":"wp","href":"https:\/\/api.w.org\/{rel}","templated":true}]}}