{"id":315002,"date":"2024-03-08T19:15:44","date_gmt":"2024-03-08T18:19:13","guid":{"rendered":"https:\/\/www.moskito.cz\/produkt\/vystrelovaci-noz-kershaw-livewire-stonewashed-9000blu\/"},"modified":"2025-05-07T11:03:12","modified_gmt":"2025-05-07T10:03:12","slug":"vystrelovaci-noz-kershaw-livewire-stonewashed-9000blu","status":"publish","type":"product","link":"https:\/\/www.moskito.cz\/sk\/produkt\/vystrelovaci-noz-kershaw-livewire-stonewashed-9000blu\/","title":{"rendered":"Vystre\u013eovac\u00ed N\u00f4\u017e Kershaw Livewire Stonewashed 9000BLU"},"content":{"rendered":"<p>Vystre\u013eovac\u00ed N\u00f4\u017e <strong>Kershaw<\/strong> Livewire Stonewashed 9000BLU<\/p>\n<p>M\u00e1loktor\u00fd n\u00f4\u017e zo\u017ene to\u013eko vzru\u0161enia ako automatick\u00fd. Po v\u00fdznamnom v\u00fdskume, starostlivom v\u00fdvoji a pr\u00edsnom testovan\u00ed, vlastn\u00ed n\u00e1vrh\u00e1ri a z\u00e1kazkov\u00fd v\u00fdrobca no\u017eov Matt Diskin dodali Kershawovi prv\u00e9 OTF auto: Livewire. Pr\u00e9miov\u00e1 \u010depe\u013e CPM-MagnaCut sa otv\u00e1ra a za\u0165ahuje s autoritou. Modro eloxovan\u00e1 hlin\u00edkov\u00e1 rukov\u00e4\u0165 m\u00e1 text\u00faru pre bezpe\u010dn\u00e9 uchopenie. A jeho zakriven\u00e9 tla\u010didlo podobn\u00e9 schodisku je pohodln\u00e9 na palci pre spo\u013eahliv\u00e9 nasadenie. Navy\u0161e je tento n\u00f4\u017e rados\u0165 nosi\u0165 v\u010faka jeho n\u00edzkej hmotnosti a obojstrannej spone na hlbok\u00e9 nosenie. Fan\u00fa\u0161ikovia o to \u017eiadali a Livewire stoj\u00ed za to \u010daka\u0165.<\/p>\n<p>Funkcia<br \/>\nPredn\u00fd automat vyroben\u00fd v USA; Kershaw Original a design Matt Diskin<br \/>\nOce\u013e CPM-MagnaCut poskytuje vynikaj\u00facu tvrdos\u0165 \u010depele, odolnos\u0165 proti kor\u00f3zii, h\u00fa\u017eevnatos\u0165, odolnos\u0165 proti opotrebeniu, zachovanie hornej hrany<br \/>\nStonewashed povrch pom\u00e1ha skry\u0165 \u0161krabance od pou\u017e\u00edvania<br \/>\nModro eloxovan\u00e1 hlin\u00edkov\u00e1 rukov\u00e4\u0165, n\u00edzka pevnos\u0165; text\u00farovanie zlep\u0161uje pri\u013enavos\u0165<br \/>\nSpona na hlbok\u00fa kapsu je \u013eahko obojstrann\u00e1 pre nosenie v\u013eavo\/vpravo<\/p>\n<p>\u0160pecifik\u00e1cia:<br \/>\nD\u013a\u017eka \u010depele: 8.4 cm<br \/>\nD\u013a\u017eka v zatvorenom stave: 12.2 cm<br \/>\nCelkov\u00e1 d\u013a\u017eka: 20.6 cm<br \/>\nMateri\u00e1l \u010depele: CPM-MagnaCut Nerezov\u00e1 oce\u013e<br \/>\nHr\u00fabka \u010depele: 0,32 cm<br \/>\n\u0160t\u00fdl \u010depele: Spear Point<br \/>\nPovrchov\u00e1 \u00faprava \u010depele: Stonewash<br \/>\nMateri\u00e1l rukov\u00e4te: Modr\u00fd eloxovan\u00fd hlin\u00edk 6061-T6<br \/>\nHr\u00fabka rukov\u00e4te: 1,22 cm<br \/>\nUzamykac\u00ed mechanizmus: Posuvn\u00fd<br \/>\nVreckov\u00e1 spona: Hlbok\u00e9 nosenie (nakl\u00e1pacie, prav\u00e9\/\u013eav\u00e9 nosenie)<br \/>\nHmotnos\u0165: 3,00 oz. (85 g)<br \/>\nDizajn\u00e9r: Matt Diskin<br \/>\nVyroben\u00e9 v USA<\/p>\n","protected":false},"excerpt":{"rendered":"<p><strong>M\u00e1loktor\u00fd n\u00f4\u017e zo\u017ene to\u013eko vzru\u0161enia ako vystre\u013eovac\u00ed n\u00f4\u017e.<\/strong><\/p>\n<p><strong>Doprava zadarmo.<\/strong><\/p>\n","protected":false},"featured_media":314966,"comment_status":"open","ping_status":"closed","template":"","meta":[],"pwb-brand":[3770],"product_brand":[],"product_cat":[3186,3197],"product_tag":[],"class_list":{"0":"post-315002","1":"product","2":"type-product","3":"status-publish","4":"has-post-thumbnail","6":"pwb-brand-kershaw-sk","7":"product_cat-noze-sk","8":"product_cat-vystrelovacie-noze-sk","10":"first","11":"outofstock","12":"taxable","13":"shipping-taxable","14":"purchasable","15":"product-type-simple"},"brands":[{"id":3770,"name":"Kershaw","slug":"kershaw-sk"}],"_links":{"self":[{"href":"https:\/\/www.moskito.cz\/sk\/wp-json\/wp\/v2\/product\/315002","targetHints":{"allow":["GET"]}}],"collection":[{"href":"https:\/\/www.moskito.cz\/sk\/wp-json\/wp\/v2\/product"}],"about":[{"href":"https:\/\/www.moskito.cz\/sk\/wp-json\/wp\/v2\/types\/product"}],"replies":[{"embeddable":true,"href":"https:\/\/www.moskito.cz\/sk\/wp-json\/wp\/v2\/comments?post=315002"}],"wp:featuredmedia":[{"embeddable":true,"href":"https:\/\/www.moskito.cz\/sk\/wp-json\/wp\/v2\/media\/314966"}],"wp:attachment":[{"href":"https:\/\/www.moskito.cz\/sk\/wp-json\/wp\/v2\/media?parent=315002"}],"wp:term":[{"taxonomy":"pwb-brand","embeddable":true,"href":"https:\/\/www.moskito.cz\/sk\/wp-json\/wp\/v2\/pwb-brand?post=315002"},{"taxonomy":"product_brand","embeddable":true,"href":"https:\/\/www.moskito.cz\/sk\/wp-json\/wp\/v2\/product_brand?post=315002"},{"taxonomy":"product_cat","embeddable":true,"href":"https:\/\/www.moskito.cz\/sk\/wp-json\/wp\/v2\/product_cat?post=315002"},{"taxonomy":"product_tag","embeddable":true,"href":"https:\/\/www.moskito.cz\/sk\/wp-json\/wp\/v2\/product_tag?post=315002"}],"curies":[{"name":"wp","href":"https:\/\/api.w.org\/{rel}","templated":true}]}}