{"id":315010,"date":"2024-03-08T18:38:55","date_gmt":"2024-03-08T18:22:00","guid":{"rendered":"https:\/\/www.moskito.cz\/produkt\/bruska-spyderco-triangle-sharpmaker-nahradna-keramicka-tyc-so-strednou-zrnitostou-204m1\/"},"modified":"2025-05-07T11:03:13","modified_gmt":"2025-05-07T10:03:13","slug":"bruska-spyderco-triangle-sharpmaker-nahradna-keramicka-tyc-so-strednou-zrnitostou-204m1","status":"publish","type":"product","link":"https:\/\/www.moskito.cz\/sk\/produkt\/bruska-spyderco-triangle-sharpmaker-nahradna-keramicka-tyc-so-strednou-zrnitostou-204m1\/","title":{"rendered":"Br\u00faska Spyderco Triangle Sharpmaker n\u00e1hradn\u00e1 keramick\u00e1 ty\u010d so strednou zrnitos\u0165ou 204M1"},"content":{"rendered":"<p>Br\u00faska <strong>Spyderco<\/strong> Triangle Sharpmaker n\u00e1hradn\u00e1 keramick\u00e1 ty\u010d so strednou zrnitos\u0165ou 204M1<\/p>\n<p>Tento keramick\u00fd kame\u0148 Medium Grit je n\u00e1hradnou polo\u017ekou za tie, ktor\u00e9 s\u00fa s\u00fa\u010das\u0165ou ostriaceho syst\u00e9mu 204MF Tri-Angle Sharpmaker.<\/p>\n<p>Kame\u0148 204F sa pred\u00e1va jednotlivo a hod\u00ed sa do ostriaceho syst\u00e9mu 204 Tri-Angle Sharpmaker . Na \u010distenie: vydrhnite dr\u00f4tenou \u0161pongiou a motorov\u00fdm abraz\u00edvnym \u010disti\u010dom, vysu\u0161te na vzduchu<\/p>\n","protected":false},"excerpt":{"rendered":"<p><strong>N\u00e1hradn\u00e1 keramick\u00e1 ty\u010d so strednou zrnitos\u0165ou 204M1.<\/strong><\/p>\n","protected":false},"featured_media":314957,"comment_status":"open","ping_status":"closed","template":"","meta":[],"pwb-brand":[3261],"product_brand":[],"product_cat":[3205],"product_tag":[3668],"class_list":{"0":"post-315010","1":"product","2":"type-product","3":"status-publish","4":"has-post-thumbnail","6":"pwb-brand-zatvaraci-noz-spyderco-endura-flat-ground-gray-frn-c10fpgy","7":"product_cat-brusky-a-ocielky","8":"product_tag-b2b-sk","10":"first","11":"outofstock","12":"taxable","13":"shipping-taxable","14":"purchasable","15":"product-type-simple"},"brands":[{"id":3261,"name":"Zatv\u00e1rac\u00ed N\u00f4\u017e Spyderco Endura Flat Ground Gray FRN C10FPGY","slug":"zatvaraci-noz-spyderco-endura-flat-ground-gray-frn-c10fpgy"}],"_links":{"self":[{"href":"https:\/\/www.moskito.cz\/sk\/wp-json\/wp\/v2\/product\/315010","targetHints":{"allow":["GET"]}}],"collection":[{"href":"https:\/\/www.moskito.cz\/sk\/wp-json\/wp\/v2\/product"}],"about":[{"href":"https:\/\/www.moskito.cz\/sk\/wp-json\/wp\/v2\/types\/product"}],"replies":[{"embeddable":true,"href":"https:\/\/www.moskito.cz\/sk\/wp-json\/wp\/v2\/comments?post=315010"}],"wp:featuredmedia":[{"embeddable":true,"href":"https:\/\/www.moskito.cz\/sk\/wp-json\/wp\/v2\/media\/314957"}],"wp:attachment":[{"href":"https:\/\/www.moskito.cz\/sk\/wp-json\/wp\/v2\/media?parent=315010"}],"wp:term":[{"taxonomy":"pwb-brand","embeddable":true,"href":"https:\/\/www.moskito.cz\/sk\/wp-json\/wp\/v2\/pwb-brand?post=315010"},{"taxonomy":"product_brand","embeddable":true,"href":"https:\/\/www.moskito.cz\/sk\/wp-json\/wp\/v2\/product_brand?post=315010"},{"taxonomy":"product_cat","embeddable":true,"href":"https:\/\/www.moskito.cz\/sk\/wp-json\/wp\/v2\/product_cat?post=315010"},{"taxonomy":"product_tag","embeddable":true,"href":"https:\/\/www.moskito.cz\/sk\/wp-json\/wp\/v2\/product_tag?post=315010"}],"curies":[{"name":"wp","href":"https:\/\/api.w.org\/{rel}","templated":true}]}}