{"id":315161,"date":"2024-03-09T13:22:10","date_gmt":"2024-03-09T12:25:51","guid":{"rendered":"https:\/\/www.moskito.cz\/produkt\/zatvaraci-noz-kershaw-ken-onion-1660grdblk\/"},"modified":"2025-05-07T11:03:19","modified_gmt":"2025-05-07T10:03:19","slug":"zatvaraci-noz-kershaw-ken-onion-1660grdblk","status":"publish","type":"product","link":"https:\/\/www.moskito.cz\/sk\/produkt\/zatvaraci-noz-kershaw-ken-onion-1660grdblk\/","title":{"rendered":"Zatv\u00e1rac\u00ed N\u00f4\u017e Kershaw Ken Onion 1660GRDBLK"},"content":{"rendered":"<p>Zatv\u00e1rac\u00ed N\u00f4\u017e <strong>Kershaw<\/strong> Ken Onion 1660GRDBLK<\/p>\n<p>H\u013ead\u00e1te n\u00f4\u017e, ktor\u00fd sa nestrat\u00ed v tr\u00e1ve?<\/p>\n<p>Brilantn\u00e9 eloxovan\u00e9 hlin\u00edkov\u00e9 rukov\u00e4te s\u00fa odoln\u00e9 proti vyblednutiu a po\u0161kriabaniu, ktor\u00e1 je trvalo spojen\u00e1 s hlin\u00edkom \u2013 tak\u017ee vyzer\u00e1 dobre teraz a bude vyzera\u0165 dobre aj za dlh\u0161iu dobu. CPM-MagnaCut \u2013 T\u00e1to vysoko v\u00fdkonn\u00e1 oce\u013e umo\u017e\u0148uje no\u017eu, aby \u010depe\u013e bola ve\u013emi ostr\u00e1 dlh\u0161iu dobu.<\/p>\n<p>Bez oh\u013eadu na to, \u010di ste \u013eav\u00e1k alebo prav\u00e1k, je \u013eahk\u00e9 otvori\u0165 n\u00f4\u017e s gradientom pomocou asistovan\u00e9ho otv\u00e1rania SpeedSafe. Jednoduch\u00fdm zatiahnut\u00edm sp\u00e4\u0165 za v\u00fdstupok \u010depele obojstrann\u00e9ho plutvy alebo zatla\u010den\u00edm von na palcov\u00fd kol\u00edk a \u010depe\u013e Leek je pripraven\u00e1 na pr\u00e1cu. Z bezpe\u010dnostn\u00fdch d\u00f4vodov udr\u017euje uzamykacia vlo\u017eka \u010depe\u013e po\u010das pou\u017e\u00edvania zaisten\u00fa otvoren\u00fa a jazdec Tip-Lock ju uzamkne v zatvorenom stave, ke\u010f je n\u00f4\u017e zatvoren\u00fd. Vreckov\u00e1 spona je obojstrann\u00e1 na nosenie so sklopen\u00edm alebo sklopen\u00edm a rukov\u00e4\u0165 je prev\u0155tan\u00e1 na upevnenie \u0161n\u00farky.<\/p>\n<p>Modr\u00fd gradient Leek je tenk\u00fd, \u013eahko prenosn\u00fd n\u00f4\u017e s dobr\u00fdm vzh\u013eadom.<\/p>\n<p>Vlastnosti:<br \/>\nPlutva \u2013 Mo\u017eno pou\u017ei\u0165 na ru\u010dn\u00e9 alebo asistovan\u00e9 otv\u00e1racie no\u017ee. \u201eFlipper\u201c je v\u00fdstupok na zadnej strane \u010depele, ktor\u00fd m\u00f4\u017ee pou\u017e\u00edvate\u013e zatiahnu\u0165 sp\u00e4\u0165 alebo prevr\u00e1ti\u0165, aby \u010depe\u013e \u013eahko vysunul z rukov\u00e4te.<br \/>\nSpeedSafe\u00ae \u2013 Pom\u00f4\u017ee v\u00e1m r\u00fdchlo a \u013eahko otvori\u0165 ak\u00fdko\u013evek n\u00f4\u017e SpeedSafe\u00ae ru\u010dn\u00fdm zatla\u010den\u00edm na palec alebo zatiahnut\u00edm za plutvu; zabudovan\u00e9 do mnoh\u00fdch bestsellerov Kershaw.<br \/>\nZ\u00e1mok vlo\u017eky \u2013 Blokuje \u010depe\u013e v otvorenom stave po\u010das pou\u017e\u00edvania; jedna strana oce\u013eovej \u201evlo\u017eky\u201c, oce\u013eov\u00e9ho pl\u00e1tu, ku ktor\u00e9mu s\u00fa pripevnen\u00e9 v\u00e1hy rukov\u00e4te, sa presunie do polohy za \u010depe\u013e, aby bolo bezpe\u010dne zaisten\u00e9 otvorenie.<br \/>\nObojstrann\u00e9 \u2013 Predv\u0155tan\u00e9 otvory v rukov\u00e4ti umo\u017e\u0148uj\u00fa u\u017e\u00edvate\u013eovi zmeni\u0165 polohu hrotu alebo stranu, na ktorej n\u00f4\u017e nesie.<br \/>\nVyroben\u00e9 v USA \u2013 Ke\u010f to vid\u00edte na jednom z no\u017eov, znamen\u00e1 to, \u017ee bol vyroben\u00fd v ich v\u00fdrobnom z\u00e1vode v Tualatine v Oregone sk\u00fasen\u00fdmi no\u017eiarmi Kershaw.<\/p>\n<p>\u0160pecifik\u00e1cia<br \/>\nD\u013a\u017eka \u010depele: 7.5 cm<br \/>\nCelkov\u00e1 d\u013a\u017eka: 17.5 cm<br \/>\nMateri\u00e1l \u010depele: CPM-MagnaCut<br \/>\n\u0160t\u00fdl \u010depele: Wharncliffe<br \/>\nBr\u00fasenie \u010depele: Dut\u00e9<br \/>\nPovrchov\u00e1 \u00faprava \u010depele: \u010cierna<br \/>\nMateri\u00e1l rukov\u00e4te: \u010derveno\/\u010dierny hlin\u00edk s prechodom<br \/>\nUzamykac\u00ed mechanizmus: Liner Lock<br \/>\nVreckov\u00fd klip: (Tip-Up\/Down, Right\/Left carry)<br \/>\nHmotnos\u0165: 3,00 oz.<br \/>\nDizajn\u00e9r: Ken Onion<br \/>\nVyroben\u00e9 v USA<\/p>\n","protected":false},"excerpt":{"rendered":"<p><strong>H\u013ead\u00e1te n\u00f4\u017e, ktor\u00fd sa nestrat\u00ed v tr\u00e1ve?<\/strong><\/p>\n<p>Doprava zadarmo.<\/p>\n","protected":false},"featured_media":315113,"comment_status":"open","ping_status":"closed","template":"","meta":[],"pwb-brand":[3770],"product_brand":[],"product_cat":[3186,3233],"product_tag":[],"class_list":{"0":"post-315161","1":"product","2":"type-product","3":"status-publish","4":"has-post-thumbnail","6":"pwb-brand-kershaw-sk","7":"product_cat-noze-sk","8":"product_cat-zatvaracie-noze","10":"first","11":"instock","12":"taxable","13":"shipping-taxable","14":"purchasable","15":"product-type-simple"},"brands":[{"id":3770,"name":"Kershaw","slug":"kershaw-sk"}],"_links":{"self":[{"href":"https:\/\/www.moskito.cz\/sk\/wp-json\/wp\/v2\/product\/315161","targetHints":{"allow":["GET"]}}],"collection":[{"href":"https:\/\/www.moskito.cz\/sk\/wp-json\/wp\/v2\/product"}],"about":[{"href":"https:\/\/www.moskito.cz\/sk\/wp-json\/wp\/v2\/types\/product"}],"replies":[{"embeddable":true,"href":"https:\/\/www.moskito.cz\/sk\/wp-json\/wp\/v2\/comments?post=315161"}],"wp:featuredmedia":[{"embeddable":true,"href":"https:\/\/www.moskito.cz\/sk\/wp-json\/wp\/v2\/media\/315113"}],"wp:attachment":[{"href":"https:\/\/www.moskito.cz\/sk\/wp-json\/wp\/v2\/media?parent=315161"}],"wp:term":[{"taxonomy":"pwb-brand","embeddable":true,"href":"https:\/\/www.moskito.cz\/sk\/wp-json\/wp\/v2\/pwb-brand?post=315161"},{"taxonomy":"product_brand","embeddable":true,"href":"https:\/\/www.moskito.cz\/sk\/wp-json\/wp\/v2\/product_brand?post=315161"},{"taxonomy":"product_cat","embeddable":true,"href":"https:\/\/www.moskito.cz\/sk\/wp-json\/wp\/v2\/product_cat?post=315161"},{"taxonomy":"product_tag","embeddable":true,"href":"https:\/\/www.moskito.cz\/sk\/wp-json\/wp\/v2\/product_tag?post=315161"}],"curies":[{"name":"wp","href":"https:\/\/api.w.org\/{rel}","templated":true}]}}