{"id":315349,"date":"2024-03-09T16:05:47","date_gmt":"2024-03-09T15:07:48","guid":{"rendered":"https:\/\/www.moskito.cz\/produkt\/pevny-noz-extrema-ratio-ermes-operativo-04-1000-0443-blk-op\/"},"modified":"2025-05-07T11:03:23","modified_gmt":"2025-05-07T10:03:23","slug":"pevny-noz-extrema-ratio-ermes-operativo-04-1000-0443-blk-op","status":"publish","type":"product","link":"https:\/\/www.moskito.cz\/sk\/produkt\/pevny-noz-extrema-ratio-ermes-operativo-04-1000-0443-blk-op\/","title":{"rendered":"Pevn\u00fd N\u00f4\u017e EXTREMA RATIO ERMES OPERAT\u00cdVO 04.1000.0443\/BLK-OP"},"content":{"rendered":"<p>Pevn\u00fd N\u00f4\u017e <strong>EXTREMA RATIO<\/strong> ERMES OPERAT\u00cdVO 04.1000.0443\/BLK-OP<\/p>\n<p><strong>ERMES<\/strong> je pam\u00e4tn\u00fd n\u00f4\u017e vyvinut\u00fd v spolupr\u00e1ci s vrtu\u013en\u00edkov\u00fdm plukom pre \u0161peci\u00e1lne oper\u00e1cie (REOS), ktor\u00fd je s\u00fa\u010das\u0165ou leteck\u00e9ho velenia talianskej arm\u00e1dy. REOS je opera\u010dn\u00e1 jednotka podporn\u00fdch vrtu\u013en\u00edkov \u0161peci\u00e1lnych s\u00edl zlo\u017een\u00e1 zo \u0161peci\u00e1lne vycvi\u010den\u00e9ho person\u00e1lu, obzvl\u00e1\u0161\u0165 vycvi\u010den\u00e9ho a vybaven\u00e9ho za \u00fa\u010delom podpory vojensk\u00fdch aktiv\u00edt v ka\u017edom opera\u010dnom kontexte. \u0160tylizovan\u00e9 chr\u00e1ni\u010de no\u017eov predstavuj\u00fa kr\u00eddla pr\u00edtomn\u00e9 v heraldickom erbe oddelen\u00ed. Je k dispoz\u00edcii v dvoch verzi\u00e1ch: \u201eERMES ORDINANZA\u201c so sat\u00e9novou \u010depe\u013eou a ABS puzdro \u201eERMES OPERATIVE\u201c s le\u0161tenou \u010depe\u013eou. Pou\u017eit\u00e1 oce\u013e je spo\u013eahliv\u00e1 B\u00f6lher N690Co tepelne spracovan\u00e1 na 58 HRC. Pre rukov\u00e4\u0165 bol zvolen\u00fd polyamidov\u00fd polym\u00e9r FRN vystu\u017een\u00fd sklen\u00fdm vl\u00e1knom (Fiber Reinforced Nylon). Hybridn\u00e9 kydexov\u00e9 a l\u00e1tkov\u00e9 puzdro je vybaven\u00e9 p\u00e1skov\u00fdm alebo p\u00e1skov\u00fdm uchyten\u00edm so syst\u00e9mom MOLLE interface.<\/p>\n<p>Materi\u00e1l \u010depele: N690<br \/>\nMateri\u00e1l rukov\u00e4te: FRN, Nylon<br \/>\nMateri\u00e1l puzdra: Nylon, Kydex<br \/>\nD\u013a\u017eka \u010depele: 14 cm<br \/>\nCelkov\u00e1 d\u013a\u017eka: 25.6 cm<br \/>\nHr\u00fabka \u010depele: 0.63 cm<br \/>\nHmotnos\u0165: 229 g<br \/>\nTyp \u010depele: Dagger<br \/>\nVyu\u017eitie: Taktick\u00fd<\/p>\n<p>&nbsp;<\/p>\n","protected":false},"excerpt":{"rendered":"<p><strong>Spolo\u010dnos\u0165 Extrema Ratio so s\u00eddlom v talianskom Prate navrhuje a vyr\u00e1ba vysoko v\u00fdkonn\u00e9 bojov\u00e9, vojensk\u00e9, kuchynsk\u00e9, loveck\u00e9 a taktick\u00e9 no\u017ee od roku 1997 a m\u00e1 poves\u0165 vynikaj\u00facej kvality, ktor\u00e1 je v odbore vojensk\u00fdch a taktick\u00fdch no\u017eov neprekonate\u013en\u00e1. Doprava zadarmo.<\/strong><\/p>\n","protected":false},"featured_media":315272,"comment_status":"open","ping_status":"closed","template":"","meta":[],"pwb-brand":[3198],"product_brand":[],"product_cat":[3187,3186],"product_tag":[3668],"class_list":{"0":"post-315349","1":"product","2":"type-product","3":"status-publish","4":"has-post-thumbnail","6":"pwb-brand-extrema-ratio-sk","7":"product_cat-pevne-noze-sk","8":"product_cat-noze-sk","9":"product_tag-b2b-sk","11":"first","12":"instock","13":"taxable","14":"shipping-taxable","15":"purchasable","16":"product-type-simple"},"brands":[{"id":3198,"name":"Extrema Ratio","slug":"extrema-ratio-sk"}],"_links":{"self":[{"href":"https:\/\/www.moskito.cz\/sk\/wp-json\/wp\/v2\/product\/315349","targetHints":{"allow":["GET"]}}],"collection":[{"href":"https:\/\/www.moskito.cz\/sk\/wp-json\/wp\/v2\/product"}],"about":[{"href":"https:\/\/www.moskito.cz\/sk\/wp-json\/wp\/v2\/types\/product"}],"replies":[{"embeddable":true,"href":"https:\/\/www.moskito.cz\/sk\/wp-json\/wp\/v2\/comments?post=315349"}],"wp:featuredmedia":[{"embeddable":true,"href":"https:\/\/www.moskito.cz\/sk\/wp-json\/wp\/v2\/media\/315272"}],"wp:attachment":[{"href":"https:\/\/www.moskito.cz\/sk\/wp-json\/wp\/v2\/media?parent=315349"}],"wp:term":[{"taxonomy":"pwb-brand","embeddable":true,"href":"https:\/\/www.moskito.cz\/sk\/wp-json\/wp\/v2\/pwb-brand?post=315349"},{"taxonomy":"product_brand","embeddable":true,"href":"https:\/\/www.moskito.cz\/sk\/wp-json\/wp\/v2\/product_brand?post=315349"},{"taxonomy":"product_cat","embeddable":true,"href":"https:\/\/www.moskito.cz\/sk\/wp-json\/wp\/v2\/product_cat?post=315349"},{"taxonomy":"product_tag","embeddable":true,"href":"https:\/\/www.moskito.cz\/sk\/wp-json\/wp\/v2\/product_tag?post=315349"}],"curies":[{"name":"wp","href":"https:\/\/api.w.org\/{rel}","templated":true}]}}