{"id":315607,"date":"2024-03-10T15:38:30","date_gmt":"2024-03-10T14:40:39","guid":{"rendered":"https:\/\/www.moskito.cz\/produkt\/vystrelovaci-noz-kershaw-launch-15-7950\/"},"modified":"2025-05-07T11:03:31","modified_gmt":"2025-05-07T10:03:31","slug":"vystrelovaci-noz-kershaw-launch-15-7950","status":"publish","type":"product","link":"https:\/\/www.moskito.cz\/sk\/produkt\/vystrelovaci-noz-kershaw-launch-15-7950\/","title":{"rendered":"Vystre\u013eovac\u00ed N\u00f4\u017e Kershaw Launch 15 7950"},"content":{"rendered":"<p>Vystre\u013eovac\u00ed N\u00f4\u017e <strong>Kershaw<\/strong> Launch 15 7950<\/p>\n<p>Objavte rad inov\u00e1ci\u00ed v <strong>Launch 15<\/strong> . Automat v plnej ve\u013ekosti sa otvor\u00ed stla\u010den\u00edm tla\u010didla. Nielen, \u017ee \u010depe\u013e preraz\u00ed pri rezan\u00ed, ale vyu\u017e\u00edva v\u00fdhody CPM MagnaCut. T\u00e1to pr\u00e9miov\u00e1 oce\u013e \u010depele z\u00edskava vysok\u00e9 zn\u00e1mky v zachovan\u00ed ostria, h\u00fa\u017eevnatosti, odolnosti proti opotrebovaniu a odolnosti proti kor\u00f3zii. E\u0161te lep\u0161ie je, \u017ee Launch 15 obsahuje na oboch stran\u00e1ch hlin\u00edkovej rukov\u00e4te vlo\u017eku z pl\u00e1tna micarta. K dispoz\u00edcii je dokonca tenk\u00e1 micarta backspacer pre \u00fapln\u00fd vzh\u013ead. Ka\u017ed\u00fa funkciu nos\u00edte vo vrecku pomocou reverzibilnej spony na hlbok\u00e9 nosenie. Launch 15 dosahuje medzi svojou \u00fa\u017easnou estetikou a pr\u00e9miovou \u010depe\u013eou ku hviezdam.<\/p>\n<p>Funkcia<br \/>\nVyroben\u00e9 v USA; \u010depe\u013e s hrotom kopije bajonetov\u00e9ho typu<br \/>\nVy\u010distite hlin\u00edkov\u00fa rukov\u00e4\u0165; vlo\u017eka z pl\u00e1tna Micarta na oboch stran\u00e1ch rukov\u00e4te a chrbta<br \/>\nPr\u00e9miov\u00e1 oce\u013e CPM-MagnaCut z pr\u00e1\u0161kovej metalurgie vynik\u00e1 zachovan\u00edm ostria, odolnos\u0165ou proti kor\u00f3zii, odolnos\u0165ou proti opotrebovaniu a h\u00fa\u017eevnatos\u0165ou<br \/>\nPovrchov\u00e1 \u00faprava BlackWash pom\u00e1ha skry\u0165 \u0161krabance od pou\u017e\u00edvania<br \/>\nN\u00edzkoprofilov\u00e9 tla\u010didlo s\u0165a\u017euje nechcen\u00e9 rozvinutie \u010depele<br \/>\nSpona na hlbok\u00fa kapsu je \u013eahko obojstrann\u00e1 pre nosenie v\u013eavo\/vpravo<\/p>\n<p>\u0160pecifik\u00e1cia:<br \/>\nD\u013a\u017eka \u010depele: 8.9 cm<br \/>\nCelkov\u00e1 d\u013a\u017eka: 21.3 cm<br \/>\nMateri\u00e1l \u010depele: CPM-MagnaCut Nerezov\u00e1 oce\u013e<br \/>\nHr\u00fabka \u010depele: 0.3 cm<br \/>\n\u0160t\u00fdl \u010depele: Spear Point<br \/>\nPovrchov\u00e1 \u00faprava \u010depele: BlackWash<br \/>\nMateri\u00e1l rukov\u00e4te: \u010cierny eloxovan\u00fd hlin\u00edk 6061-T6 s vlo\u017ekami Canvas Micarta<br \/>\nHr\u00fabka rukov\u00e4te: 1.27 cm<br \/>\nUzamykac\u00ed mechanizmus: Tla\u010didlo<br \/>\nVreckov\u00fd klip: obojstrann\u00e9 hlbok\u00e9 nosenie<br \/>\nHmotnos\u0165: 3,10 oz. (88 g)<br \/>\nVyroben\u00e9 v USA<\/p>\n<p><iframe title=\"Kershaw Launch 15 - Model 7950\" width=\"800\" height=\"450\" src=\"https:\/\/www.youtube.com\/embed\/aV9HKeIZK7s?feature=oembed\" frameborder=\"0\" allow=\"accelerometer; autoplay; clipboard-write; encrypted-media; gyroscope; picture-in-picture; web-share\" allowfullscreen><\/iframe><\/p>\n<p>&nbsp;<\/p>\n","protected":false},"excerpt":{"rendered":"<p><strong>Objavte rad inov\u00e1ci\u00ed v Launch 15, automat v plnej ve\u013ekosti.<\/strong><\/p>\n<p>Doprava zadarmo.<\/p>\n","protected":false},"featured_media":315558,"comment_status":"open","ping_status":"closed","template":"","meta":[],"pwb-brand":[3770],"product_brand":[],"product_cat":[3186,3197],"product_tag":[],"class_list":{"0":"post-315607","1":"product","2":"type-product","3":"status-publish","4":"has-post-thumbnail","6":"pwb-brand-kershaw-sk","7":"product_cat-noze-sk","8":"product_cat-vystrelovacie-noze-sk","10":"first","11":"outofstock","12":"taxable","13":"shipping-taxable","14":"purchasable","15":"product-type-simple"},"brands":[{"id":3770,"name":"Kershaw","slug":"kershaw-sk"}],"_links":{"self":[{"href":"https:\/\/www.moskito.cz\/sk\/wp-json\/wp\/v2\/product\/315607","targetHints":{"allow":["GET"]}}],"collection":[{"href":"https:\/\/www.moskito.cz\/sk\/wp-json\/wp\/v2\/product"}],"about":[{"href":"https:\/\/www.moskito.cz\/sk\/wp-json\/wp\/v2\/types\/product"}],"replies":[{"embeddable":true,"href":"https:\/\/www.moskito.cz\/sk\/wp-json\/wp\/v2\/comments?post=315607"}],"wp:featuredmedia":[{"embeddable":true,"href":"https:\/\/www.moskito.cz\/sk\/wp-json\/wp\/v2\/media\/315558"}],"wp:attachment":[{"href":"https:\/\/www.moskito.cz\/sk\/wp-json\/wp\/v2\/media?parent=315607"}],"wp:term":[{"taxonomy":"pwb-brand","embeddable":true,"href":"https:\/\/www.moskito.cz\/sk\/wp-json\/wp\/v2\/pwb-brand?post=315607"},{"taxonomy":"product_brand","embeddable":true,"href":"https:\/\/www.moskito.cz\/sk\/wp-json\/wp\/v2\/product_brand?post=315607"},{"taxonomy":"product_cat","embeddable":true,"href":"https:\/\/www.moskito.cz\/sk\/wp-json\/wp\/v2\/product_cat?post=315607"},{"taxonomy":"product_tag","embeddable":true,"href":"https:\/\/www.moskito.cz\/sk\/wp-json\/wp\/v2\/product_tag?post=315607"}],"curies":[{"name":"wp","href":"https:\/\/api.w.org\/{rel}","templated":true}]}}