{"id":316010,"date":"2024-03-11T21:14:38","date_gmt":"2024-03-11T20:16:49","guid":{"rendered":"https:\/\/www.moskito.cz\/produkt\/vystrelovaci-noz-microtech-makora-signature-series-206-3ts\/"},"modified":"2025-05-07T11:03:42","modified_gmt":"2025-05-07T10:03:42","slug":"vystrelovaci-noz-microtech-makora-signature-series-206-3ts","status":"publish","type":"product","link":"https:\/\/www.moskito.cz\/sk\/produkt\/vystrelovaci-noz-microtech-makora-signature-series-206-3ts\/","title":{"rendered":"Vystre\u013eovac\u00ed N\u00f4\u017e Microtech Makora Signature Series 206-3TS"},"content":{"rendered":"<p>Vystre\u013eovac\u00ed N\u00f4\u017e <strong>Microtech<\/strong> Makora Signature Series 206-3TS<\/p>\n<p><strong>Microtech Makora<\/strong> D\/E \u010cierna taktick\u00e1 rukov\u00e4\u0165 s \u010diernymi vlo\u017ekami Grip Black Tactical Plne vr\u00fabkovan\u00e9 vn\u00fatorn\u00e9 nikel Boron Signature Series 206-3TS<\/p>\n<p><strong>Makora<\/strong> refresh je design, ktor\u00fd sa p\u00f4vodne vyvinul z Ultratech designu. M\u00e1 celkov\u00fd tvar <strong>Ultratech<\/strong> s pridan\u00fdm \u0161iltom na hornej \u010dasti rukov\u00e4te a v\u00fdhodou vlo\u017eky na uchopenie. Medzi \u010fal\u0161ie vylep\u0161enia nov\u00e9ho radu Makora patr\u00ed dr\u00e1\u017ekovanie na z\u00e1kladni \u010depele, portovanie v spodnej \u010dasti \u0161asi a vn\u00fatro potiahnut\u00e9 nikel-borom. Tieto vylep\u0161enia robia akciu neuverite\u013ene hladk\u00fa a spo\u013eahliv\u00fa a tie\u017e trochu u\u013eah\u010duj\u00fa \u00fadr\u017ebu.<\/p>\n<p>Tento charakteristick\u00fd s\u00e9riov\u00fd model sa vyzna\u010duje \u010diernou taktickou eloxovanou hlin\u00edkovou rukov\u00e4\u0165ou s vlo\u017ekou na uchopenie. \u010cierna taktick\u00e1 \u010depe\u013e d\u00fdky z nerezovej ocele M390 s dvojit\u00fdm ostr\u00edm. \u010cierne prevedenie a \u010dierny vreckov\u00fd klip s podpisovou s\u00e9riou a logami Makora. Vreckov\u00e1 spona m\u00e1 tie\u017e inform\u00e1cie o modeli, s\u00e9riov\u00e9 \u010d\u00edslo a d\u00e1tum v\u00fdroby. Vn\u00fatorn\u00fd nikel Boron. Model signature s\u00e9ria nesklame!<\/p>\n<p>Materi\u00e1l \u010depele: M390<br \/>\nMateri\u00e1l rukov\u00e4te: Hlin\u00edk<br \/>\nPoistka: Slide lock<br \/>\nD\u013a\u017eka \u010depele: 8.4 cm<br \/>\nCelkov\u00e1 d\u013a\u017eka: 21.5 cm<br \/>\nD\u013a\u017eka zlo\u017een\u00e9ho no\u017ea: 13 cm<br \/>\nHr\u00fabka \u010depele: 0.3 cm<br \/>\nHmotnos\u0165: 94 g<br \/>\nTyp \u010depele: Double-Edge Dagger<br \/>\nVyu\u017eitie: Taktick\u00fd, EDC &#8211; ka\u017edodenn\u00e9 nosenie<br \/>\nJednoru\u010dn\u00e9 otv\u00e1ranie: \u00e1no<br \/>\nTyp no\u017ea: Vyskakovac\u00ed, OTF<br \/>\nTyp otv\u00e1rania: Thumb slide<br \/>\nSpona: \u00e1no<br \/>\nTyp v\u00fdbrusu: Ploch\u00fd<br \/>\nV\u00fdrobca: Microtech<br \/>\nKrajina p\u00f4vodu: USA<\/p>\n<p>&nbsp;<\/p>\n<p><iframe title=\"Microtech Combat Troodon Torture Test\" width=\"800\" height=\"450\" src=\"https:\/\/www.youtube.com\/embed\/xE9TeOFYEjg?feature=oembed\" frameborder=\"0\" allow=\"accelerometer; autoplay; clipboard-write; encrypted-media; gyroscope; picture-in-picture; web-share\" allowfullscreen><\/iframe><\/p>\n<p>&nbsp;<\/p>\n","protected":false},"excerpt":{"rendered":"<p><strong>V priebehu rokov Microtech\u00ae Knives naplnil v\u00e1\u0161\u0148ou a zru\u010dnos\u0165ou v\u00fdrobu no\u017eov, a\u017e z nich vytvoril takmer umeleck\u00e9 diela, ktor\u00e9 s\u00fa vrcholom funk\u010dnosti. V\u0161etky diely s\u00fa vyroben\u00e9 v USA.<\/strong><br \/>\n<strong>Na v\u0161etky no\u017ee Microtech je do\u017eivotn\u00e1 z\u00e1ruka.<\/strong><\/p>\n<p><strong>Doprava zadarmo.<\/strong><\/p>\n","protected":false},"featured_media":315964,"comment_status":"open","ping_status":"closed","template":"","meta":[],"pwb-brand":[3200],"product_brand":[],"product_cat":[3186,3197],"product_tag":[3668],"class_list":{"0":"post-316010","1":"product","2":"type-product","3":"status-publish","4":"has-post-thumbnail","6":"pwb-brand-microtech-sk","7":"product_cat-noze-sk","8":"product_cat-vystrelovacie-noze-sk","9":"product_tag-b2b-sk","11":"first","12":"outofstock","13":"taxable","14":"shipping-taxable","15":"purchasable","16":"product-type-simple"},"brands":[{"id":3200,"name":"Microtech","slug":"microtech-sk"}],"_links":{"self":[{"href":"https:\/\/www.moskito.cz\/sk\/wp-json\/wp\/v2\/product\/316010","targetHints":{"allow":["GET"]}}],"collection":[{"href":"https:\/\/www.moskito.cz\/sk\/wp-json\/wp\/v2\/product"}],"about":[{"href":"https:\/\/www.moskito.cz\/sk\/wp-json\/wp\/v2\/types\/product"}],"replies":[{"embeddable":true,"href":"https:\/\/www.moskito.cz\/sk\/wp-json\/wp\/v2\/comments?post=316010"}],"wp:featuredmedia":[{"embeddable":true,"href":"https:\/\/www.moskito.cz\/sk\/wp-json\/wp\/v2\/media\/315964"}],"wp:attachment":[{"href":"https:\/\/www.moskito.cz\/sk\/wp-json\/wp\/v2\/media?parent=316010"}],"wp:term":[{"taxonomy":"pwb-brand","embeddable":true,"href":"https:\/\/www.moskito.cz\/sk\/wp-json\/wp\/v2\/pwb-brand?post=316010"},{"taxonomy":"product_brand","embeddable":true,"href":"https:\/\/www.moskito.cz\/sk\/wp-json\/wp\/v2\/product_brand?post=316010"},{"taxonomy":"product_cat","embeddable":true,"href":"https:\/\/www.moskito.cz\/sk\/wp-json\/wp\/v2\/product_cat?post=316010"},{"taxonomy":"product_tag","embeddable":true,"href":"https:\/\/www.moskito.cz\/sk\/wp-json\/wp\/v2\/product_tag?post=316010"}],"curies":[{"name":"wp","href":"https:\/\/api.w.org\/{rel}","templated":true}]}}