{"id":316353,"date":"2024-03-12T23:46:09","date_gmt":"2024-03-12T22:46:09","guid":{"rendered":"https:\/\/www.moskito.cz\/produkt\/zatvaraci-noz-emerson-sheepdog-bowie\/"},"modified":"2025-05-07T11:03:52","modified_gmt":"2025-05-07T10:03:52","slug":"zatvaraci-noz-emerson-sheepdog-bowie","status":"publish","type":"product","link":"https:\/\/www.moskito.cz\/sk\/produkt\/zatvaraci-noz-emerson-sheepdog-bowie\/","title":{"rendered":"Zatv\u00e1rac\u00ed N\u00f4\u017e Emerson Sheepdog Bowie"},"content":{"rendered":"<p>Zatv\u00e1rac\u00ed N\u00f4\u017e <strong>Emerson<\/strong> Sheepdog Bowie<\/p>\n<p>N\u00f4\u017e Emerson <strong>Sheepdog<\/strong> m\u00e1 \u010diernu rukov\u00e4\u0165 G-10 a dva typy \u010depel\u00ed: Spear Point a Bowie. Je vybaven\u00fd syst\u00e9mom \u010dapu s guli\u010dkov\u00fdmi lo\u017eiskami, ktor\u00fd umo\u017e\u0148uje hladk\u00e9 a r\u00fdchle nasadenie. T\u00e1to vlastnos\u0165 guli\u010dkov\u00fdch lo\u017e\u00edsk je vidie\u0165 iba na na\u0161ich Flipper Knives. Sheepdog sa r\u00fdchlo stal jedn\u00fdm z najviac hodnoten\u00fdch a vyh\u013ead\u00e1van\u00fdch no\u017eov <strong>Emerson<\/strong> .<\/p>\n<p>N\u00f4\u017e <strong>Sheepdog<\/strong> strednej ve\u013ekosti s niektor\u00fdmi d\u00f4le\u017eit\u00fdmi funkciami, ktor\u00e9 s\u00fa u <strong>Emerson Knives<\/strong> \u00faplne nov\u00e9. S vedom\u00edm, \u017ee tento n\u00f4\u017e je \u0161peci\u00e1lne navrhnut\u00fd pre policajn\u00e9 aj vojensk\u00e9 pou\u017eitie, tieto dva \u0161t\u00fdly \u010depel\u00ed d\u00e1vaj\u00fa najv\u00e4\u010d\u0161\u00ed zmysel pre \u00fa\u017eitkov\u00fd\/obrann\u00fd n\u00f4\u017e. S v\u00fdsledkami sme nesmierne spokojn\u00ed a viem, \u017ee vy budete tie\u017e.<\/p>\n<p>Tento Sheepdog je prv\u00fd no\u017eom Emerson, ktor\u00fd taktie\u017e obsahuje nov\u00fd syst\u00e9m lo\u017e\u00edsk. Podplukovn\u00edk David Grossman je ikonou vo vojenskom a taktickom svete. B\u00fdval\u00fd vzdu\u0161n\u00fd str\u00e1\u017eca a in\u0161truktor West Pointu, je poprednou svetovou autoritou v oblasti \u00fa\u010dinkov stresu a boja a toho, ako ovplyv\u0148uj\u00fa jednotlivcov, ke\u010f \u010delia rozhodnutiam o \u017eivote a smrti. Je autorom dvoch prevratn\u00fdch kn\u00edh, \u201eOn Killing\u201c a \u201eOn Combat\u201c, ktor\u00e9 s\u00fa teraz pova\u017eovan\u00e9 za povinn\u00e9 \u010d\u00edtanie pre ka\u017ed\u00e9ho, kto mus\u00ed \u00eds\u0165 do nebezpe\u010denstva.<\/p>\n<p>Netreba dod\u00e1va\u0165, \u017ee som bol pokoren\u00fd a z\u00e1rove\u0148 pocten\u00fd, ke\u010f ma plukovn\u00edk Grossman oslovil, aby som pre neho a jeho spolo\u010dnos\u0165 vyrobil ofici\u00e1lny n\u00f4\u017e &#8222;Sheepdog Knife and Gun.&#8220;<\/p>\n<p>\u201eJe d\u00f4le\u017eit\u00e9, \u017ee pou\u017e\u00edvate\u013e mus\u00ed by\u0165 schopn\u00fd otvori\u0165 n\u00f4\u017e pod ve\u013ek\u00fdm tlakom, tak\u017ee potrebujem, aby mal plutvu. S va\u0161ou vlnou, palcov\u00fdm tla\u010didlom a plutvou to bude najroz\u0161\u00edrenej\u0161\u00ed n\u00f4\u017e, ak\u00fd bol kedy vyroben\u00fd, a to aj v prostred\u00ed s hrubou motorikou. Zvy\u0161ok designu nech\u00e1m na tebe,\u201c povedal mi.<\/p>\n<p>Strenky: \u010cierna G-10 epoxid \/ sklolamin\u00e1t<br \/>\nZ\u00e1mok :Titan<br \/>\n\u010cepe\u013e: 154 cm<br \/>\nDokon\u010denie: Stonewashed<br \/>\nCelkov\u00e1 d\u013a\u017eka: 21 cm<br \/>\nD\u013a\u017eka \u010depele: 9 cm<br \/>\nTvrdos\u0165 57-59 RC<\/p>\n","protected":false},"excerpt":{"rendered":"<p><strong>NO\u017dE EMERSON S\u00da VYH\u013dAD\u00c1VAN\u00c9 ELITN\u00ddMI VOJENSK\u00ddMI A DONUCOVAC\u00cdMI<\/strong><br \/>\n<strong>JEDNOTKAMI PO CELOM SVETE A NASTAVILI \u0160TANDARD, POD\u013dA KTOR\u00c9HO S\u00da POSUDZOVAN\u00c9 V\u0160ETKY OSTATN\u00c9 TAKTICK\u00c9 NO\u017dE.<\/strong><\/p>\n<p>Doprava zadarmo.<\/p>\n","protected":false},"featured_media":316321,"comment_status":"open","ping_status":"closed","template":"","meta":[],"pwb-brand":[3788],"product_brand":[],"product_cat":[3233,3186],"product_tag":[3668],"class_list":{"0":"post-316353","1":"product","2":"type-product","3":"status-publish","4":"has-post-thumbnail","6":"pwb-brand-emerson-sk","7":"product_cat-zatvaracie-noze","8":"product_cat-noze-sk","9":"product_tag-b2b-sk","11":"first","12":"outofstock","13":"taxable","14":"shipping-taxable","15":"purchasable","16":"product-type-simple"},"brands":[{"id":3788,"name":"Emerson","slug":"emerson-sk"}],"_links":{"self":[{"href":"https:\/\/www.moskito.cz\/sk\/wp-json\/wp\/v2\/product\/316353","targetHints":{"allow":["GET"]}}],"collection":[{"href":"https:\/\/www.moskito.cz\/sk\/wp-json\/wp\/v2\/product"}],"about":[{"href":"https:\/\/www.moskito.cz\/sk\/wp-json\/wp\/v2\/types\/product"}],"replies":[{"embeddable":true,"href":"https:\/\/www.moskito.cz\/sk\/wp-json\/wp\/v2\/comments?post=316353"}],"wp:featuredmedia":[{"embeddable":true,"href":"https:\/\/www.moskito.cz\/sk\/wp-json\/wp\/v2\/media\/316321"}],"wp:attachment":[{"href":"https:\/\/www.moskito.cz\/sk\/wp-json\/wp\/v2\/media?parent=316353"}],"wp:term":[{"taxonomy":"pwb-brand","embeddable":true,"href":"https:\/\/www.moskito.cz\/sk\/wp-json\/wp\/v2\/pwb-brand?post=316353"},{"taxonomy":"product_brand","embeddable":true,"href":"https:\/\/www.moskito.cz\/sk\/wp-json\/wp\/v2\/product_brand?post=316353"},{"taxonomy":"product_cat","embeddable":true,"href":"https:\/\/www.moskito.cz\/sk\/wp-json\/wp\/v2\/product_cat?post=316353"},{"taxonomy":"product_tag","embeddable":true,"href":"https:\/\/www.moskito.cz\/sk\/wp-json\/wp\/v2\/product_tag?post=316353"}],"curies":[{"name":"wp","href":"https:\/\/api.w.org\/{rel}","templated":true}]}}