{"id":316394,"date":"2024-03-13T00:04:07","date_gmt":"2024-03-12T23:04:07","guid":{"rendered":"https:\/\/www.moskito.cz\/produkt\/zatvaraci-noz-emerson-cqc-8\/"},"modified":"2025-05-07T11:03:53","modified_gmt":"2025-05-07T10:03:53","slug":"zatvaraci-noz-emerson-cqc-8","status":"publish","type":"product","link":"https:\/\/www.moskito.cz\/sk\/produkt\/zatvaraci-noz-emerson-cqc-8\/","title":{"rendered":"Zatv\u00e1rac\u00ed N\u00f4\u017e Emerson CQC-8"},"content":{"rendered":"<p>Zatv\u00e1rac\u00ed N\u00f4\u017e <strong>Emerson<\/strong> CQC-8<\/p>\n<p>Kto nem\u00e1 r\u00e1d krivky? CQC-8 m\u00e1 v\u0161etky krivky od za\u010diatku do konca a skvele sa dr\u017e\u00ed v ruke. Tento n\u00f4\u017e je od pr\u00edrody taktick\u00fd, ale funk\u010dn\u00fd. Vhodn\u00fd na kempovanie, turistiku, lov alebo hliadkovanie, CQC-8 je n\u00f4\u017e, ktor\u00fd pracuje tvrdo, kedyko\u013evek a kdeko\u013evek.<\/p>\n<p>Po to\u013ek\u00fdch \u017eiadostiach o pridanie \u00fapravy plutvy do modelu CQC-8 sme kone\u010dne dokon\u010dili prv\u00fd n\u00f4\u017e.<br \/>\nKe\u010f je \u010depe\u013e v otvorenej polohe, plutvov\u00fd jaz\u00fd\u010dek je \u00faplne skryt\u00fd. Flip, Wave alebo Thumb a otvorte tento ikonick\u00fd dizajn Emerson.<\/p>\n<p>Taktick\u00fd zatv\u00e1rac\u00ed n\u00f4\u017e <strong>Emerson<\/strong> CQC-8 je dlho pova\u017eovan\u00fd za jeden z najlep\u0161\u00edch bojov\u00fdch designov, ktor\u00e9 sme kedy vyrobili. Ergon\u00f3mia a dizajn \u010depele sa spojili a vytvorili dokonal\u00e9 spojenie. Je dokonale vyv\u00e1\u017een\u00fd v z\u00e1bere vpred aj vzad. Vyzna\u010duje sa jednoduchou, ale \u00fa\u010dinnou \u010depe\u013eou s pohybom nahor sp\u00e1rovanou s na\u0161ou patentovanou funkciou Emerson Wave a teraz plutvom s lo\u017eiskami. M\u00e1 t\u00fa \u010des\u0165 by\u0165 v na\u0161ich Top 3 najob\u013e\u00fabenej\u0161\u00edch no\u017eoch spolu s Combat Karambit a CQC-7.<\/p>\n<p>\u201eEmerson CQC-8 je medzi ist\u00fdmi kruhmi v sl\u00e1vnom britskom pluku SAS ob\u013e\u00faben\u00fd u\u017e roky a je v akcii od bosnianskeho konfliktu. Je to skuto\u010dn\u00fd bitkami zocelen\u00fd veter\u00e1n, ktor\u00fd od 80. rokov videl akciu v ka\u017edom divadle. \u2013 30 rokov a st\u00e1le sa dar\u00ed!\u201c<\/p>\n<p>Oce\u013e: 154 CM<br \/>\nD\u013a\u017eka \u010depele: 10,7 cm<br \/>\nD\u013a\u017eka cel\u00e9ho no\u017ea: 25,8 cm<br \/>\nRukov\u00e4\u0165: G-10<br \/>\n\u010cierny klips<br \/>\nMade in USA<\/p>\n<p>&nbsp;<\/p>\n<p><iframe title=\"CQC-8 | Know Your Emerson\" width=\"800\" height=\"450\" src=\"https:\/\/www.youtube.com\/embed\/XdEsU0Txlqw?feature=oembed\" frameborder=\"0\" allow=\"accelerometer; autoplay; clipboard-write; encrypted-media; gyroscope; picture-in-picture; web-share\" allowfullscreen><\/iframe><\/p>\n<p>&nbsp;<\/p>\n<p>&nbsp;<\/p>\n<p>&nbsp;<\/p>\n","protected":false},"excerpt":{"rendered":"<p><strong>NO\u017dE EMERSON S\u00da VYH\u013dAD\u00c1VAN\u00c9 ELITN\u00ddMI VOJENSK\u00ddMI A DONUCOVAC\u00cdMI<\/strong><br \/>\n<strong>JEDNOTKAMI PO CELOM SVETE A NASTAVILI \u0160TANDARD, POD\u013dA KTOR\u00c9HO S\u00da POSUDZOVAN\u00c9 V\u0160ETKY OSTATN\u00c9 TAKTICK\u00c9 NO\u017dE.<\/strong><\/p>\n<p>Doprava zadarmo.<\/p>\n","protected":false},"featured_media":316361,"comment_status":"open","ping_status":"closed","template":"","meta":[],"pwb-brand":[3788],"product_brand":[],"product_cat":[3233,3186],"product_tag":[3668],"class_list":{"0":"post-316394","1":"product","2":"type-product","3":"status-publish","4":"has-post-thumbnail","6":"pwb-brand-emerson-sk","7":"product_cat-zatvaracie-noze","8":"product_cat-noze-sk","9":"product_tag-b2b-sk","11":"first","12":"outofstock","13":"taxable","14":"shipping-taxable","15":"purchasable","16":"product-type-simple"},"brands":[{"id":3788,"name":"Emerson","slug":"emerson-sk"}],"_links":{"self":[{"href":"https:\/\/www.moskito.cz\/sk\/wp-json\/wp\/v2\/product\/316394","targetHints":{"allow":["GET"]}}],"collection":[{"href":"https:\/\/www.moskito.cz\/sk\/wp-json\/wp\/v2\/product"}],"about":[{"href":"https:\/\/www.moskito.cz\/sk\/wp-json\/wp\/v2\/types\/product"}],"replies":[{"embeddable":true,"href":"https:\/\/www.moskito.cz\/sk\/wp-json\/wp\/v2\/comments?post=316394"}],"wp:featuredmedia":[{"embeddable":true,"href":"https:\/\/www.moskito.cz\/sk\/wp-json\/wp\/v2\/media\/316361"}],"wp:attachment":[{"href":"https:\/\/www.moskito.cz\/sk\/wp-json\/wp\/v2\/media?parent=316394"}],"wp:term":[{"taxonomy":"pwb-brand","embeddable":true,"href":"https:\/\/www.moskito.cz\/sk\/wp-json\/wp\/v2\/pwb-brand?post=316394"},{"taxonomy":"product_brand","embeddable":true,"href":"https:\/\/www.moskito.cz\/sk\/wp-json\/wp\/v2\/product_brand?post=316394"},{"taxonomy":"product_cat","embeddable":true,"href":"https:\/\/www.moskito.cz\/sk\/wp-json\/wp\/v2\/product_cat?post=316394"},{"taxonomy":"product_tag","embeddable":true,"href":"https:\/\/www.moskito.cz\/sk\/wp-json\/wp\/v2\/product_tag?post=316394"}],"curies":[{"name":"wp","href":"https:\/\/api.w.org\/{rel}","templated":true}]}}