{"id":316537,"date":"2024-03-13T22:19:54","date_gmt":"2024-03-13T21:23:35","guid":{"rendered":"https:\/\/www.moskito.cz\/produkt\/zatvaraci-noz-emerson-super-karambit-stonewash-sf\/"},"modified":"2025-05-07T11:03:57","modified_gmt":"2025-05-07T10:03:57","slug":"zatvaraci-noz-emerson-super-karambit-stonewash-sf","status":"publish","type":"product","link":"https:\/\/www.moskito.cz\/sk\/produkt\/zatvaraci-noz-emerson-super-karambit-stonewash-sf\/","title":{"rendered":"Zatv\u00e1rac\u00ed N\u00f4\u017e Emerson Super Karambit Stonewash SF"},"content":{"rendered":"<p>Zatv\u00e1rac\u00ed N\u00f4\u017e <strong>Emerson<\/strong> Super Karambit Stonewash SF<\/p>\n<p>Emerson Super Karambit je vybaven\u00fd patentovanou funkciou otv\u00e1rania v tvare vlny alebo Remote Pocket Opener. V pr\u00edpade n\u00fadze alebo \u00farazu je mo\u017en\u00e9 n\u00f4\u017e otvori\u0165 jednou rukou pri vy\u0165ahovan\u00ed z vrecka. N\u00f4\u017e m\u00e1 vynikaj\u00facu zosilnen\u00fa kon\u0161trukciu \u0161pi\u010dky, ktor\u00e1 &#8222;zv\u00fd\u0161i&#8220; \u0161pi\u010dku a zabra\u0148uje po\u0161kodeniu ve\u013emi jemnej \u0161pi\u010dky ako pri predch\u00e1dzaj\u00facich modeloch. Po druh\u00e9, spolo\u010dnos\u0165 Emerson sa zmenila na pou\u017e\u00edvanie z\u00e1vitov\u00fdch di\u0161tan\u010dn\u00fdch prvkov namiesto pevn\u00e9ho backspaceru ako pri predch\u00e1dzaj\u00facej gener\u00e1cii modelov. To pridalo tuhos\u0165 rukov\u00e4te, najm\u00e4 v oblasti prstenca. Obe tieto zmeny v\u00fdrazne zlep\u0161ili celkov\u00fd dizajn a funkciu no\u017ea.<\/p>\n<p>Materi\u00e1ly:<br \/>\nRukov\u00e4te: \u010cierna G10 epoxid \/ sklolamin\u00e1t<br \/>\nZ\u00e1mok: Titanium leteckej triedy<br \/>\n\u010cepe\u013e: 154CM nerezov\u00e1 oce\u013e<br \/>\nPovrchov\u00e1 \u00faprava: Stonewash<br \/>\nGrind: Chisel Grind<\/p>\n<p>\u0160pecifik\u00e1cia:<br \/>\nCelkov\u00e1 d\u013a\u017eka: 21 cm<br \/>\nD\u013a\u017eka \u010depele: 8.5 cm<br \/>\nTvrdos\u0165: 57-59 RC<br \/>\nOtvor pre prst: 0,94 palca<br \/>\nHmotnos\u0165: 5,5 oz.<br \/>\nVyroben\u00e9 v USA<\/p>\n<p>&nbsp;<\/p>\n","protected":false},"excerpt":{"rendered":"<p><strong>NO\u017dE EMERSON S\u00da VYH\u013dAD\u00c1VAN\u00c9 ELITN\u00ddMI VOJENSK\u00ddMI A DONUCOVAC\u00cdMI<\/strong><br \/>\n<strong>JEDNOTKAMI PO CELOM SVETE A NASTAVILI \u0160TANDARD, POD\u013dA KTOR\u00c9HO S\u00da POSUDZOVAN\u00c9 V\u0160ETKY OSTATN\u00c9 TAKTICK\u00c9 NO\u017dE.<\/strong><\/p>\n<p>Doprava zadarmo.<\/p>\n","protected":false},"featured_media":316487,"comment_status":"open","ping_status":"closed","template":"","meta":[],"pwb-brand":[3788],"product_brand":[],"product_cat":[3361,3186],"product_tag":[3668],"class_list":{"0":"post-316537","1":"product","2":"type-product","3":"status-publish","4":"has-post-thumbnail","6":"pwb-brand-emerson-sk","7":"product_cat-karambity-sk","8":"product_cat-noze-sk","9":"product_tag-b2b-sk","11":"first","12":"instock","13":"taxable","14":"shipping-taxable","15":"purchasable","16":"product-type-simple"},"brands":[{"id":3788,"name":"Emerson","slug":"emerson-sk"}],"_links":{"self":[{"href":"https:\/\/www.moskito.cz\/sk\/wp-json\/wp\/v2\/product\/316537","targetHints":{"allow":["GET"]}}],"collection":[{"href":"https:\/\/www.moskito.cz\/sk\/wp-json\/wp\/v2\/product"}],"about":[{"href":"https:\/\/www.moskito.cz\/sk\/wp-json\/wp\/v2\/types\/product"}],"replies":[{"embeddable":true,"href":"https:\/\/www.moskito.cz\/sk\/wp-json\/wp\/v2\/comments?post=316537"}],"wp:featuredmedia":[{"embeddable":true,"href":"https:\/\/www.moskito.cz\/sk\/wp-json\/wp\/v2\/media\/316487"}],"wp:attachment":[{"href":"https:\/\/www.moskito.cz\/sk\/wp-json\/wp\/v2\/media?parent=316537"}],"wp:term":[{"taxonomy":"pwb-brand","embeddable":true,"href":"https:\/\/www.moskito.cz\/sk\/wp-json\/wp\/v2\/pwb-brand?post=316537"},{"taxonomy":"product_brand","embeddable":true,"href":"https:\/\/www.moskito.cz\/sk\/wp-json\/wp\/v2\/product_brand?post=316537"},{"taxonomy":"product_cat","embeddable":true,"href":"https:\/\/www.moskito.cz\/sk\/wp-json\/wp\/v2\/product_cat?post=316537"},{"taxonomy":"product_tag","embeddable":true,"href":"https:\/\/www.moskito.cz\/sk\/wp-json\/wp\/v2\/product_tag?post=316537"}],"curies":[{"name":"wp","href":"https:\/\/api.w.org\/{rel}","templated":true}]}}