{"id":316910,"date":"2024-03-14T21:58:02","date_gmt":"2024-03-14T21:03:52","guid":{"rendered":"https:\/\/www.moskito.cz\/produkt\/vystrelovaci-noz-microtech-makora-carbon-signature-series-206-3tcfis\/"},"modified":"2025-05-07T11:04:07","modified_gmt":"2025-05-07T10:04:07","slug":"vystrelovaci-noz-microtech-makora-carbon-signature-series-206-3tcfis","status":"publish","type":"product","link":"https:\/\/www.moskito.cz\/sk\/produkt\/vystrelovaci-noz-microtech-makora-carbon-signature-series-206-3tcfis\/","title":{"rendered":"Vystre\u013eovac\u00ed N\u00f4\u017e Microtech Makora Carbon Signature Series 206-3TCFIS"},"content":{"rendered":"<p>Vystre\u013eovac\u00ed N\u00f4\u017e <strong>Microtech<\/strong> Makora Carbon Signature Series 206-3TCFIS<\/p>\n<p><strong>Makora<\/strong> refresh je design, ktor\u00fd sa p\u00f4vodne vyvinul z Ultratech designu. M\u00e1 celkov\u00fd tvar Ultratech s pridan\u00fdm \u0161iltom na hornej \u010dasti rukov\u00e4te a v\u00fdhodou vlo\u017eky na uchopenie. Medzi \u010fal\u0161ie vylep\u0161enia nov\u00e9ho radu Makora patr\u00ed dr\u00e1\u017ekovanie na z\u00e1kladni \u010depele, portovanie v spodnej \u010dasti \u0161asi a vn\u00fatro potiahnut\u00e9 nikel-borom. Tieto vylep\u0161enia robia akciu neuverite\u013ene hladk\u00fa a spo\u013eahliv\u00fa a tie\u017e trochu u\u013eah\u010duj\u00fa \u00fadr\u017ebu.<\/p>\n<p>Tento typick\u00fd s\u00e9riov\u00fd model sa vyzna\u010duje \u010diernou taktickou eloxovanou hlin\u00edkovou rukov\u00e4\u0165ou s vlo\u017ekou z uhl\u00edkov\u00fdch vl\u00e1kien. \u010cierna taktick\u00e1 \u010depe\u013e d\u00fdky z nerezovej ocele M390 s dvojit\u00fdm ostr\u00edm. \u010cierne prevedenie a \u010dierny vreckov\u00fd klip s podpisovou s\u00e9riou a logami Makora. Vreckov\u00e1 spona m\u00e1 tie\u017e inform\u00e1cie o modeli, s\u00e9riov\u00e9 \u010d\u00edslo a d\u00e1tum v\u00fdroby. Vn\u00fatorn\u00fd nikel-bor. Model signature s\u00e9ria nesklame!<\/p>\n<p>Krajina p\u00f4vodu: USA<br \/>\nMateri\u00e1l rukov\u00e4te: Hlin\u00edk<br \/>\nMateri\u00e1l \u010depele: M390<br \/>\n\u0160t\u00fdl \u010depele: D\u00fdka s dvojit\u00fdm ostr\u00edm<br \/>\nPovrchov\u00e1 \u00faprava \u010depele: \u010cierna<br \/>\nTyp okraja: Plne vr\u00fabkovan\u00e9<br \/>\nModel\/Vzor: Makora<br \/>\nTyp no\u017ea: Dvoj\u010dinn\u00e9 automatick\u00e9 OTF<br \/>\nD\u013a\u017eka \u010depele: 8.25 cm<br \/>\nRezn\u00e1 hrana: 7.81 cm<br \/>\nD\u013a\u017eka v zatvorenom stave: 12.81 cm<br \/>\nCelkov\u00e1 d\u013a\u017eka: 21.3 cm<\/p>\n<p><iframe title=\"Microtech Combat Troodon Torture Test\" width=\"800\" height=\"450\" src=\"https:\/\/www.youtube.com\/embed\/xE9TeOFYEjg?feature=oembed\" frameborder=\"0\" allow=\"accelerometer; autoplay; clipboard-write; encrypted-media; gyroscope; picture-in-picture; web-share\" allowfullscreen><\/iframe><\/p>\n<p>&nbsp;<\/p>\n<p>&nbsp;<\/p>\n","protected":false},"excerpt":{"rendered":"<p><strong>V priebehu rokov Microtech\u00ae Knives naplnil v\u00e1\u0161\u0148ou a zru\u010dnos\u0165ou v\u00fdrobu no\u017eov, a\u017e z nich vytvoril takmer umeleck\u00e9 diela, ktor\u00e9 s\u00fa vrcholom funk\u010dnosti. V\u0161etky diely s\u00fa vyroben\u00e9 v USA.<\/strong><br \/>\n<strong>Na v\u0161etky no\u017ee Microtech je do\u017eivotn\u00e1 z\u00e1ruka (min. 80 000 cyklov, otvorenie a zatvorenie)<\/strong><\/p>\n<p><strong>Doprava zadarmo.<\/strong><\/p>\n","protected":false},"featured_media":316895,"comment_status":"open","ping_status":"closed","template":"","meta":[],"pwb-brand":[3200],"product_brand":[],"product_cat":[3186,3197],"product_tag":[3668],"class_list":{"0":"post-316910","1":"product","2":"type-product","3":"status-publish","4":"has-post-thumbnail","6":"pwb-brand-microtech-sk","7":"product_cat-noze-sk","8":"product_cat-vystrelovacie-noze-sk","9":"product_tag-b2b-sk","11":"first","12":"instock","13":"taxable","14":"shipping-taxable","15":"purchasable","16":"product-type-simple"},"brands":[{"id":3200,"name":"Microtech","slug":"microtech-sk"}],"_links":{"self":[{"href":"https:\/\/www.moskito.cz\/sk\/wp-json\/wp\/v2\/product\/316910","targetHints":{"allow":["GET"]}}],"collection":[{"href":"https:\/\/www.moskito.cz\/sk\/wp-json\/wp\/v2\/product"}],"about":[{"href":"https:\/\/www.moskito.cz\/sk\/wp-json\/wp\/v2\/types\/product"}],"replies":[{"embeddable":true,"href":"https:\/\/www.moskito.cz\/sk\/wp-json\/wp\/v2\/comments?post=316910"}],"wp:featuredmedia":[{"embeddable":true,"href":"https:\/\/www.moskito.cz\/sk\/wp-json\/wp\/v2\/media\/316895"}],"wp:attachment":[{"href":"https:\/\/www.moskito.cz\/sk\/wp-json\/wp\/v2\/media?parent=316910"}],"wp:term":[{"taxonomy":"pwb-brand","embeddable":true,"href":"https:\/\/www.moskito.cz\/sk\/wp-json\/wp\/v2\/pwb-brand?post=316910"},{"taxonomy":"product_brand","embeddable":true,"href":"https:\/\/www.moskito.cz\/sk\/wp-json\/wp\/v2\/product_brand?post=316910"},{"taxonomy":"product_cat","embeddable":true,"href":"https:\/\/www.moskito.cz\/sk\/wp-json\/wp\/v2\/product_cat?post=316910"},{"taxonomy":"product_tag","embeddable":true,"href":"https:\/\/www.moskito.cz\/sk\/wp-json\/wp\/v2\/product_tag?post=316910"}],"curies":[{"name":"wp","href":"https:\/\/api.w.org\/{rel}","templated":true}]}}