{"id":317976,"date":"2023-10-02T16:13:29","date_gmt":"2024-03-15T07:55:34","guid":{"rendered":"https:\/\/www.moskito.cz\/produkt\/zatvaraci-noz-crkt-ceo-compact-7095kx\/"},"modified":"2025-06-20T08:23:01","modified_gmt":"2025-06-20T07:23:01","slug":"zatvaraci-noz-crkt-ceo-compact-7095kx","status":"publish","type":"product","link":"https:\/\/www.moskito.cz\/sk\/produkt\/zatvaraci-noz-crkt-ceo-compact-7095kx\/","title":{"rendered":"Zatv\u00e1rac\u00ed N\u00f4\u017e CRKT CEO Compact 7095KX"},"content":{"rendered":"<p><strong style=\"font-family: -apple-system, BlinkMacSystemFont, 'Segoe UI', Roboto, 'Helvetica Neue', Arial, 'Noto Sans', sans-serif, 'Apple Color Emoji', 'Segoe UI Emoji', 'Segoe UI Symbol', 'Noto Color Emoji';\">Zatv\u00e1rac\u00ed n\u00f4\u017e CRKT CEO Compact 7095KX<\/strong><\/p>\n<div class=\"flex-1 overflow-hidden @container\/thread\">\n<div class=\"h-full\">\n<div class=\"react-scroll-to-bottom--css-vxybp-79elbk h-full\">\n<div class=\"react-scroll-to-bottom--css-vxybp-1n7m0yu\">\n<div class=\"flex flex-col text-sm\">\n<article class=\"w-full scroll-mb-[var(--thread-trailing-height,150px)] text-token-text-primary focus-visible:outline-2 focus-visible:outline-offset-[-4px]\" dir=\"auto\" data-testid=\"conversation-turn-11\" data-scroll-anchor=\"true\">\n<div class=\"m-auto text-base py-[18px] px-3 md:px-4 w-full md:px-5 lg:px-4 xl:px-5\">\n<div class=\"mx-auto flex flex-1 gap-4 text-base md:gap-5 lg:gap-6 md:max-w-3xl\">\n<div class=\"group\/conversation-turn relative flex w-full min-w-0 flex-col agent-turn\">\n<div class=\"flex-col gap-1 md:gap-3\">\n<div class=\"flex max-w-full flex-col flex-grow\">\n<div class=\"min-h-8 text-message flex w-full flex-col items-end gap-2 whitespace-normal break-words text-start [.text-message+&amp;]:mt-5\" dir=\"auto\" data-message-author-role=\"assistant\" data-message-id=\"c1f9f254-82fe-4936-9688-893319aa3656\" data-message-model-slug=\"gpt-4o-mini\">\n<div class=\"flex w-full flex-col gap-1 empty:hidden first:pt-[3px]\">\n<div class=\"markdown prose w-full break-words dark:prose-invert light\">\n<p><strong>CRKT CEO Compact 7095KX<\/strong> je elegantn\u00fd, kompaktn\u00fd zatv\u00e1rac\u00ed n\u00f4\u017e, ktor\u00fd na prv\u00fd poh\u013ead vyzer\u00e1 ako <strong>be\u017en\u00e9<\/strong> pero vo vrecku ko\u0161ele.  <\/p>\n<hr>\n<h3><strong>K\u013e\u00fa\u010dov\u00e9 vlastnosti:<\/strong><\/h3>\n<ul>\n<li><strong>Hladk\u00e9 otv\u00e1ranie s guli\u010dkov\u00fdmi lo\u017eiskami IKBS\u2122<\/strong> : Tento n\u00f4\u017e je vybaven\u00fd guli\u010dkov\u00fdmi lo\u017eiskami IKBS\u2122, ktor\u00e9 umo\u017e\u0148uj\u00fa <strong>plynul\u00e9 a tich\u00e9 otv\u00e1ranie<\/strong> \u010depele, \u010do z neho rob\u00ed ide\u00e1lnu vo\u013ebu pre situ\u00e1cie, kedy je d\u00f4le\u017eit\u00e1 r\u00fdchlos\u0165 a diskr\u00e9tnos\u0165.<\/li>\n<li><strong>R\u00fdchle otv\u00e1ranie s flipperom<\/strong> : <strong>Flipper<\/strong> umo\u017e\u0148uje r\u00fdchle a jednoduch\u00e9 otvorenie no\u017ea jednou rukou, \u010do je ve\u013emi praktick\u00e9 pri ka\u017edodennom pou\u017e\u00edvan\u00ed.<\/li>\n<li><strong>Vysoko kvalitn\u00e1 oce\u013e 1.4116<\/strong> : \u010cepe\u013e je vyroben\u00e1 z ocele <strong>1.4116<\/strong> , ktor\u00e1 je zn\u00e1ma svojou <strong>vysokou odolnos\u0165ou<\/strong> proti kor\u00f3zii a \u013eahk\u00fdm ostren\u00edm. Tento materi\u00e1l je ide\u00e1lny pre be\u017en\u00e9 rezacie \u00falohy a udr\u017euje \u010depe\u013e ostr\u00fa aj pri \u010dastom pou\u017e\u00edvan\u00ed. <\/li>\n<li><strong>\u013dahk\u00e1 a odoln\u00e1 rukov\u00e4\u0165<\/strong> : <strong>Nylonov\u00e1 rukov\u00e4\u0165 vystu\u017een\u00e1 sklom<\/strong> poskytuje kombin\u00e1ciu n\u00edzkej hmotnosti a vysokej pevnosti. Aj napriek n\u00edzkemu profilu je n\u00f4\u017e pohodln\u00fd na dr\u017eanie a dostato\u010dne robustn\u00fd pre be\u017en\u00e9 \u00falohy. <\/li>\n<li><strong>Jednoduch\u00e9 zatv\u00e1ranie s Liner Lockom<\/strong> : <strong>Liner Lock<\/strong> bezpe\u010dne uzamkne \u010depe\u013e v otvorenej polohe, ale tie\u017e umo\u017e\u0148uje jej \u013eahk\u00e9 zatvorenie jednou rukou, \u010do prispieva k pohodliu pri pou\u017e\u00edvan\u00ed.<\/li>\n<li><strong>Mo\u017enosti nosenia<\/strong> : <strong>Nastavite\u013en\u00fd vreckov\u00fd klip<\/strong> umo\u017e\u0148uje nosenie no\u017ea v \u013eavom alebo pravom vrecku, \u010do zais\u0165uje pohodlie pre prav\u00e1kov i \u013eav\u00e1kov.<\/li>\n<\/ul>\n<hr>\n<h3><strong>\u0160pecifik\u00e1cia:<\/strong><\/h3>\n<ul>\n<li><strong>D\u013a\u017eka \u010depele<\/strong> : 6.62 cm<\/li>\n<li><strong>Hr\u00fabka \u010depele<\/strong> : 0.26 cm<\/li>\n<li><strong>Celkov\u00e1 d\u013a\u017eka<\/strong> : 15.55 cm<\/li>\n<li><strong>D\u013a\u017eka v zatvorenom stave<\/strong> : 9.03 cm<\/li>\n<li><strong>Hmotnos\u0165<\/strong> : 45.36 g<\/li>\n<li><strong>Materi\u00e1l rukov\u00e4te<\/strong> : Nylon vystu\u017een\u00fd sklom (\u013eahk\u00fd, ale pevn\u00fd)<\/li>\n<li><strong>Povrchov\u00e1 \u00faprava \u010depele<\/strong> : <strong>Sat\u00e9nov\u00e1<\/strong> \u2013 elegantn\u00fd vzh\u013ead, ktor\u00fd z\u00e1rove\u0148 pom\u00e1ha odolnosti \u010depele vo\u010di kor\u00f3zii.<\/li>\n<li><strong>Z\u00e1mok<\/strong> : <strong>Liner Lock<\/strong> (pre bezpe\u010dn\u00e9 uzamknutie \u010depele v otvorenej poz\u00edcii)<\/li>\n<\/ul>\n<hr>\n<h3><strong>Pou\u017eitie:<\/strong><\/h3>\n<ul>\n<li><strong>Ka\u017edodenn\u00e9 nosenie (EDC)<\/strong> : Tento n\u00f4\u017e je ide\u00e1lny pre ka\u017edodenn\u00e9 \u00falohy, ako je otv\u00e1ranie bal\u00edkov, rezanie papiera, povr\u00e1zkov alebo in\u00fdch be\u017en\u00fdch materi\u00e1lov.<\/li>\n<li><strong>Kancel\u00e1rske a profesion\u00e1lne prostredie<\/strong> : V\u010faka <strong>n\u00edzkemu profilu<\/strong> a elegantn\u00e9mu vzh\u013eadu je CRKT CEO skvel\u00fd pre pou\u017eitie v kancel\u00e1rii alebo na pracovn\u00fdch sch\u00f4dzkach, kde je potrebn\u00fd diskr\u00e9tny a \u0161t\u00fdlov\u00fd n\u00e1stroj.<\/li>\n<li><strong>Praktick\u00e9 pou\u017eitie v mestskom prostred\u00ed<\/strong> : Ak h\u013ead\u00e1te n\u00f4\u017e, ktor\u00fd je nen\u00e1padn\u00fd, ale dostato\u010dne siln\u00fd na be\u017en\u00e9 \u00falohy, ako je otvorenie obalov, bal\u00edkov alebo \u00fadr\u017eba vec\u00ed v dom\u00e1cnosti, CEO Compact bude ide\u00e1lna vo\u013eba.<\/li>\n<\/ul>\n<hr>\n<h3><strong>Z\u00e1ver:<\/strong><\/h3>\n<p><strong>CRKT CEO Compact 7095KX<\/strong> je perfektn\u00fdm spojen\u00edm elegancie a funk\u010dnosti. S <strong>ni\u017e\u0161\u00edm profilom<\/strong> pripom\u00ednaj\u00facim pero je n\u00f4\u017e praktick\u00fd na ka\u017edodenn\u00e9 nosenie, ale pritom dostato\u010dne odoln\u00fd na plnenie be\u017en\u00fdch \u00faloh. Je ide\u00e1lny pre t\u00fdch, ktor\u00ed potrebuj\u00fa nen\u00e1padn\u00fd a z\u00e1rove\u0148 v\u00fdkonn\u00fd n\u00e1stroj, ktor\u00fd sa hod\u00ed do kancel\u00e1rie, na sch\u00f4dzky aj na ka\u017edodenn\u00e9 \u00falohy v mestskom prostred\u00ed. V\u010faka <strong>\u013eahkosti<\/strong> , <strong>\u013eahk\u00e9mu otv\u00e1raniu<\/strong> a <strong>skvel\u00e9mu materi\u00e1lu<\/strong> je CRKT CEO vynikaj\u00facou vo\u013ebou pre ka\u017ed\u00e9ho, kto h\u013ead\u00e1 kvalitn\u00fd a \u0161t\u00fdlov\u00fd n\u00f4\u017e do ka\u017edodenn\u00e9ho \u017eivota.   <\/p>\n<\/div>\n<\/div>\n<\/div>\n<\/div>\n<div class=\"mb-2 flex gap-3 empty:hidden -ml-2\">\n<div class=\"items-center justify-start rounded-xl p-1 flex\">\n<div class=\"flex items-center\"><\/div>\n<\/div>\n<\/div>\n<div class=\"pr-2 lg:pr-0\"><\/div>\n<div class=\"mt-3 w-full empty:hidden\">\n<div class=\"text-center\"><\/div>\n<\/div>\n<\/div>\n<div class=\"absolute\">\n<div class=\"flex items-center justify-center\"><\/div>\n<\/div>\n<\/div>\n<\/div>\n<\/div>\n<\/article>\n<\/div>\n<\/div>\n<\/div>\n<\/div>\n<\/div>\n<div class=\"md:pt-0 dark:border-white\/20 md:border-transparent md:dark:border-transparent w-full\">\n<div>\n<div class=\"m-auto text-base px-3 md:px-4 w-full md:px-5 lg:px-4 xl:px-5\">\n<div class=\"mx-auto flex flex-1 gap-4 text-base md:gap-5 lg:gap-6 md:max-w-3xl\">\n<div class=\"flex justify-center\"><\/div>\n<\/div>\n<\/div>\n<\/div>\n<\/div>\n<p>&nbsp;<\/p>\n<p>&nbsp;<\/p>\n","protected":false},"excerpt":{"rendered":"<p><strong>CRKT CEO Compact 7095KX je perfektn\u00fdm spojen\u00edm elegancie a funk\u010dnosti. S ni\u017e\u0161\u00edm profilom pripom\u00ednaj\u00facim pero je n\u00f4\u017e praktick\u00fd na ka\u017edodenn\u00e9 nosenie, ale pritom dostato\u010dne odoln\u00fd na plnenie be\u017en\u00fdch \u00faloh. Je ide\u00e1lny pre t\u00fdch, ktor\u00ed potrebuj\u00fa nen\u00e1padn\u00fd a z\u00e1rove\u0148 v\u00fdkonn\u00fd n\u00e1stroj, ktor\u00fd sa hod\u00ed do kancel\u00e1rie, na sch\u00f4dzky aj na ka\u017edodenn\u00e9 \u00falohy v mestskom prostred\u00ed. V\u010faka \u013eahkosti, \u013eahk\u00e9mu otv\u00e1raniu a skvel\u00e9mu materi\u00e1lu je CRKT CEO vynikaj\u00facou vo\u013ebou pre ka\u017ed\u00e9ho, kto h\u013ead\u00e1 kvalitn\u00fd a \u0161t\u00fdlov\u00fd n\u00f4\u017e do ka\u017edodenn\u00e9ho \u017eivota.   <\/strong><\/p>\n<p>&nbsp;<\/p>\n","protected":false},"featured_media":257154,"comment_status":"open","ping_status":"closed","template":"","meta":[],"pwb-brand":[3249],"product_brand":[],"product_cat":[3233,3186],"product_tag":[3668],"class_list":{"0":"post-317976","1":"product","2":"type-product","3":"status-publish","4":"has-post-thumbnail","6":"pwb-brand-zatvaraci-noz-crkt-delilahs-p-e-c-k-5520","7":"product_cat-zatvaracie-noze","8":"product_cat-noze-sk","9":"product_tag-b2b-sk","11":"first","12":"instock","13":"taxable","14":"shipping-taxable","15":"purchasable","16":"product-type-simple"},"brands":[{"id":3249,"name":"Zatv\u00e1rac\u00ed N\u00f4\u017e CRKT DELILAH'S P.E.C.K. 5520","slug":"zatvaraci-noz-crkt-delilahs-p-e-c-k-5520"}],"_links":{"self":[{"href":"https:\/\/www.moskito.cz\/sk\/wp-json\/wp\/v2\/product\/317976","targetHints":{"allow":["GET"]}}],"collection":[{"href":"https:\/\/www.moskito.cz\/sk\/wp-json\/wp\/v2\/product"}],"about":[{"href":"https:\/\/www.moskito.cz\/sk\/wp-json\/wp\/v2\/types\/product"}],"replies":[{"embeddable":true,"href":"https:\/\/www.moskito.cz\/sk\/wp-json\/wp\/v2\/comments?post=317976"}],"wp:featuredmedia":[{"embeddable":true,"href":"https:\/\/www.moskito.cz\/sk\/wp-json\/wp\/v2\/media\/257154"}],"wp:attachment":[{"href":"https:\/\/www.moskito.cz\/sk\/wp-json\/wp\/v2\/media?parent=317976"}],"wp:term":[{"taxonomy":"pwb-brand","embeddable":true,"href":"https:\/\/www.moskito.cz\/sk\/wp-json\/wp\/v2\/pwb-brand?post=317976"},{"taxonomy":"product_brand","embeddable":true,"href":"https:\/\/www.moskito.cz\/sk\/wp-json\/wp\/v2\/product_brand?post=317976"},{"taxonomy":"product_cat","embeddable":true,"href":"https:\/\/www.moskito.cz\/sk\/wp-json\/wp\/v2\/product_cat?post=317976"},{"taxonomy":"product_tag","embeddable":true,"href":"https:\/\/www.moskito.cz\/sk\/wp-json\/wp\/v2\/product_tag?post=317976"}],"curies":[{"name":"wp","href":"https:\/\/api.w.org\/{rel}","templated":true}]}}