{"id":318059,"date":"2023-02-16T23:32:58","date_gmt":"2024-03-15T13:04:59","guid":{"rendered":"https:\/\/www.moskito.cz\/produkt\/vystrelovaci-noz-beltrame-swinguard-snakewood\/"},"modified":"2025-05-07T11:04:47","modified_gmt":"2025-05-07T10:04:47","slug":"vystrelovaci-noz-beltrame-swinguard-snakewood","status":"publish","type":"product","link":"https:\/\/www.moskito.cz\/sk\/produkt\/vystrelovaci-noz-beltrame-swinguard-snakewood\/","title":{"rendered":"Vystre\u013eovac\u00ed N\u00f4\u017e Beltrame Swinguard Snakewood"},"content":{"rendered":"<p>Vystre\u013eovac\u00ed N\u00f4\u017e <strong>Beltrame<\/strong> Swinguard Snakewood<\/p>\n<p>Jedine\u010dn\u00e9 tradi\u010dn\u00e9 stiletto in\u0161pirovan\u00e9 p\u00f4vodn\u00fdm modelom Frank Beltrame Italy switchblades. Tu v\u00fdrobca eliminoval a zlep\u0161oval ur\u010dit\u00e9 v\u00fdrobn\u00e9 nedostatky, \u010do z neho urobilo spo\u013eahliv\u00fd a presn\u00fd n\u00f4\u017e, pokia\u013e ide o uvo\u013enenie a robustnos\u0165 \u010depele v otvorenej polohe. Prevle\u010dn\u00e1 z\u00e1\u0161tita je k \u010depeli pripevnen\u00e1 mal\u00fdm nitom, vlo\u017eky vyroben\u00e9 z mosadze a \u010depe\u013e z nerezovej ocele AISI 420 MA5M s tvrdos\u0165ou 56 HRC.<br \/>\nK otv\u00e1raniu doch\u00e1dza pomocou centr\u00e1lneho tla\u010didla v prednej \u010dasti no\u017ea, zatia\u013e \u010do uvo\u013enenie \u010depele je umiestnen\u00e9 na zadnej strane rukov\u00e4te.<br \/>\nTento origin\u00e1lny produkt zostavuje a sklad\u00e1 ru\u010dne talianska firma Frank Beltrame, nikdy stroj.<\/p>\n<p>D\u013a\u017eka no\u017ea: 28 cm<br \/>\nD\u013a\u017eka \u010depele: 12 cm<br \/>\nOce\u013e: AISI 420 MA5M HRC 56 Stainless Steel<br \/>\nStrenka: Snakewood<br \/>\nTyp \u010depele: Bayonet<br \/>\nPoistka proti nechcen\u00e9mu otvoreniu<\/p>\n","protected":false},"excerpt":{"rendered":"<p>No\u017ee <strong>Beltrame<\/strong> sa vyr\u00e1baj\u00fa v Taliansku od roku 1953. Firmu zalo\u017eil Frank Beltram. Tajomstvo v\u00fdroby t\u00fdchto Stiletto no\u017eov, je s\u00fa\u010das\u0165ou hist\u00f3rie Maniago, ktor\u00e9 bolo odovzd\u00e1van\u00e9 z otca na syna.<br \/>\n<strong>Vyroben\u00e9 v Taliansku.<\/strong><\/p>\n","protected":false},"featured_media":239883,"comment_status":"open","ping_status":"closed","template":"","meta":[],"pwb-brand":[3536],"product_brand":[],"product_cat":[3197],"product_tag":[3668],"class_list":{"0":"post-318059","1":"product","2":"type-product","3":"status-publish","4":"has-post-thumbnail","6":"pwb-brand-beltrame-sk","7":"product_cat-vystrelovacie-noze-sk","8":"product_tag-b2b-sk","10":"first","11":"instock","12":"taxable","13":"shipping-taxable","14":"purchasable","15":"product-type-simple"},"brands":[{"id":3536,"name":"Beltrame","slug":"beltrame-sk"}],"_links":{"self":[{"href":"https:\/\/www.moskito.cz\/sk\/wp-json\/wp\/v2\/product\/318059","targetHints":{"allow":["GET"]}}],"collection":[{"href":"https:\/\/www.moskito.cz\/sk\/wp-json\/wp\/v2\/product"}],"about":[{"href":"https:\/\/www.moskito.cz\/sk\/wp-json\/wp\/v2\/types\/product"}],"replies":[{"embeddable":true,"href":"https:\/\/www.moskito.cz\/sk\/wp-json\/wp\/v2\/comments?post=318059"}],"wp:featuredmedia":[{"embeddable":true,"href":"https:\/\/www.moskito.cz\/sk\/wp-json\/wp\/v2\/media\/239883"}],"wp:attachment":[{"href":"https:\/\/www.moskito.cz\/sk\/wp-json\/wp\/v2\/media?parent=318059"}],"wp:term":[{"taxonomy":"pwb-brand","embeddable":true,"href":"https:\/\/www.moskito.cz\/sk\/wp-json\/wp\/v2\/pwb-brand?post=318059"},{"taxonomy":"product_brand","embeddable":true,"href":"https:\/\/www.moskito.cz\/sk\/wp-json\/wp\/v2\/product_brand?post=318059"},{"taxonomy":"product_cat","embeddable":true,"href":"https:\/\/www.moskito.cz\/sk\/wp-json\/wp\/v2\/product_cat?post=318059"},{"taxonomy":"product_tag","embeddable":true,"href":"https:\/\/www.moskito.cz\/sk\/wp-json\/wp\/v2\/product_tag?post=318059"}],"curies":[{"name":"wp","href":"https:\/\/api.w.org\/{rel}","templated":true}]}}