{"id":318473,"date":"2022-11-01T22:18:06","date_gmt":"2022-11-01T21:18:06","guid":{"rendered":"https:\/\/www.moskito.cz\/produkt\/pevny-noz-cold-steel-canadian-belt-knife\/"},"modified":"2024-03-16T11:47:33","modified_gmt":"2024-03-16T10:47:33","slug":"pevny-noz-cold-steel-canadian-belt-knife","status":"publish","type":"product","link":"https:\/\/www.moskito.cz\/sk\/produkt\/pevny-noz-cold-steel-canadian-belt-knife\/","title":{"rendered":"Pevn\u00fd N\u00f4\u017e Cold Steel CANADIAN BELT KNIFE"},"content":{"rendered":"<p>Pevn\u00fd N\u00f4\u017e <strong>Cold Steel<\/strong> CANADIAN BELT KNIFE.<\/p>\n<p>Kanadsk\u00fd p\u00e1sov\u00fd n\u00f4\u017e Cold Steel \u010derp\u00e1 in\u0161pir\u00e1ciu zo starej klasiky z 50. rokov. M\u00e1 v\u0161etky funkcie, v\u010faka ktor\u00fdm sa origin\u00e1l stal oce\u0148ovan\u00fdm medzin\u00e1rodn\u00fdm favoritom, plus niektor\u00e9 modern\u00e9 vylep\u0161enia.<br \/>\nNa\u0161a s\u00fa\u010dasn\u00e1 verzia je vyroben\u00e1 z nemeckej nerezovej ocele 4116 kalenej pod nulou a je dut\u00e1 br\u00fasen\u00e1 do neuverite\u013ene ostrej hrany. Na rozdiel od niektor\u00fdch dreven\u00fdch rukov\u00e4t\u00ed je na\u0161a odoln\u00e1 polypropyl\u00e9nov\u00e1 rukov\u00e4\u0165 dostato\u010dne pevn\u00e1, aby vydr\u017eala tvrd\u00e9 n\u00e1razy a pritom zostala \u013eahk\u00e1 a pohodln\u00e1. T\u00e1to super \u013eahk\u00e1 \u010depe\u013e s hmotnos\u0165ou 2 unce je dod\u00e1van\u00e1 s bezpe\u010dn\u00fdm n\u00edzkoprofilov\u00fdm polym\u00e9rov\u00fdm puzdrom, v\u010faka ktor\u00e9mu je \u013eahk\u00e9 ho nosi\u0165 po cel\u00fd de\u0148 alebo na dlh\u0161ie dobrodru\u017estvo pri love alebo kempovan\u00ed.<\/p>\n<p>PARAMETRE PRODUKTU<br \/>\nFarba: \u010cierna\/Strieborn\u00e1<br \/>\nCelkov\u00e1 ve\u013ekos\u0165: 215,9 mm<br \/>\nD\u013a\u017eka rukov\u00e4te: 114 mm<br \/>\nMateri\u00e1l puzdra: Secure-Ex\u00ae Sheath<br \/>\nMateri\u00e1l rukov\u00e4te: Long High Impact Polypropylene<br \/>\nOce\u013e: German 4116 Cryo Quenched Stainless<br \/>\nHmotnos\u0165: 62,36 g<br \/>\nD\u013a\u017eka \u010depele: 101,6 mm<br \/>\nHr\u00fabka \u010depele: 2,5 mm<\/p>\n","protected":false},"excerpt":{"rendered":"<p><strong>Cold Steel Canadian Belt Knife je pevn\u00fd n\u00f4\u017e, ktor\u00fd sa in\u0161piroval klasikou z roku 1950.<\/strong><\/p>\n","protected":false},"featured_media":229193,"comment_status":"open","ping_status":"closed","template":"","meta":[],"pwb-brand":[3598],"product_brand":[],"product_cat":[3187,3186],"product_tag":[3668],"class_list":{"0":"post-318473","1":"product","2":"type-product","3":"status-publish","4":"has-post-thumbnail","6":"pwb-brand-cold-steel-sk","7":"product_cat-pevne-noze-sk","8":"product_cat-noze-sk","9":"product_tag-b2b-sk","11":"first","12":"instock","13":"taxable","14":"shipping-taxable","15":"purchasable","16":"product-type-simple"},"brands":[{"id":3598,"name":"Cold Steel","slug":"cold-steel-sk"}],"_links":{"self":[{"href":"https:\/\/www.moskito.cz\/sk\/wp-json\/wp\/v2\/product\/318473","targetHints":{"allow":["GET"]}}],"collection":[{"href":"https:\/\/www.moskito.cz\/sk\/wp-json\/wp\/v2\/product"}],"about":[{"href":"https:\/\/www.moskito.cz\/sk\/wp-json\/wp\/v2\/types\/product"}],"replies":[{"embeddable":true,"href":"https:\/\/www.moskito.cz\/sk\/wp-json\/wp\/v2\/comments?post=318473"}],"wp:featuredmedia":[{"embeddable":true,"href":"https:\/\/www.moskito.cz\/sk\/wp-json\/wp\/v2\/media\/229193"}],"wp:attachment":[{"href":"https:\/\/www.moskito.cz\/sk\/wp-json\/wp\/v2\/media?parent=318473"}],"wp:term":[{"taxonomy":"pwb-brand","embeddable":true,"href":"https:\/\/www.moskito.cz\/sk\/wp-json\/wp\/v2\/pwb-brand?post=318473"},{"taxonomy":"product_brand","embeddable":true,"href":"https:\/\/www.moskito.cz\/sk\/wp-json\/wp\/v2\/product_brand?post=318473"},{"taxonomy":"product_cat","embeddable":true,"href":"https:\/\/www.moskito.cz\/sk\/wp-json\/wp\/v2\/product_cat?post=318473"},{"taxonomy":"product_tag","embeddable":true,"href":"https:\/\/www.moskito.cz\/sk\/wp-json\/wp\/v2\/product_tag?post=318473"}],"curies":[{"name":"wp","href":"https:\/\/api.w.org\/{rel}","templated":true}]}}