{"id":318801,"date":"2024-03-14T17:14:52","date_gmt":"2024-03-18T13:02:48","guid":{"rendered":"https:\/\/www.moskito.cz\/produkt\/zatvaraci-noz-emerson-combat-systems-fighter\/"},"modified":"2025-05-07T11:05:17","modified_gmt":"2025-05-07T10:05:17","slug":"zatvaraci-noz-emerson-combat-systems-fighter","status":"publish","type":"product","link":"https:\/\/www.moskito.cz\/sk\/produkt\/zatvaraci-noz-emerson-combat-systems-fighter\/","title":{"rendered":"Zatv\u00e1rac\u00ed N\u00f4\u017e Emerson Combat Systems Fighter"},"content":{"rendered":"<p>Zatv\u00e1rac\u00ed N\u00f4\u017e <strong>Emerson<\/strong> Combat Systems Fighter<\/p>\n<p>Bojov\u00fd syst\u00e9m Emerson je zalo\u017een\u00fd na princ\u00edpoch a atrib\u00fatoch. Princ\u00edpy s\u00fa veci, ktor\u00e9 funguj\u00fa v bojovom prostred\u00ed, a atrib\u00faty s\u00fa s\u00fabor zru\u010dnost\u00ed a pr\u00edstup, ktor\u00fd jednotlivec do boja prin\u00e1\u0161a. <strong>Ernest Emerson<\/strong> ako in\u0161truktor a \u010dlen Siene sl\u00e1vy Black Belt u\u010dil svoj syst\u00e9m vojakov, donucovacie org\u00e1ny a civilistov po celom svete. Ako kon\u0161trukt\u00e9r no\u017eov vytvoril najuzn\u00e1vanej\u0161ie a naj\u017eiadanej\u0161ie zbrane s ostr\u00edm na svete. Ernest Emerson d\u00f4verne vie, ak\u00e9 s\u00fa tieto princ\u00edpy a atrib\u00faty. Dva z t\u00fdchto princ\u00edpov, Economy of Motion a Efficiency of Action, s\u00fa v Emerson Combat Systems Fighter dramaticky vyjadren\u00e9 v dokonalej rovnov\u00e1he. ECS Fighter je jednoduch\u00fd, brut\u00e1lny a elegantn\u00fd. Pokia\u013e ide o postoj, je to \u010dist\u00fd <strong>Emerson<\/strong> . Sami sa rozhodnete.<\/p>\n<p>Strenky: G-10<br \/>\n\u010cepe\u013e oce\u013e: 154 cm<br \/>\nDokon\u010denie: Stone Washed alebo Black Coating<br \/>\nCelkov\u00e1 d\u013a\u017eka: 22.25 cm<br \/>\nD\u013a\u017eka \u010depele: 9.5 cm<br \/>\nHr\u00fabka \u010depele 0,125 palcov<br \/>\nTvrdos\u0165 57-59RC<\/p>\n<p>&nbsp;<\/p>\n","protected":false},"excerpt":{"rendered":"<p><strong>NO\u017dE EMERSON S\u00da VYH\u013dAD\u00c1VAN\u00c9 ELITN\u00ddMI VOJENSK\u00ddMI A DONUCOVAC\u00cdMI<\/strong><br \/>\n<strong>JEDNOTKAMI PO CELOM SVETE A NASTAVILI \u0160TANDARD, POD\u013dA KTOR\u00c9HO S\u00da POSUDZOVAN\u00c9 V\u0160ETKY OSTATN\u00c9 TAKTICK\u00c9 NO\u017dE.<\/strong><\/p>\n<p>Doprava zadarmo.<\/p>\n","protected":false},"featured_media":316545,"comment_status":"open","ping_status":"closed","template":"","meta":[],"pwb-brand":[3788],"product_brand":[],"product_cat":[3186,3233],"product_tag":[],"class_list":{"0":"post-318801","1":"product","2":"type-product","3":"status-publish","4":"has-post-thumbnail","6":"pwb-brand-emerson-sk","7":"product_cat-noze-sk","8":"product_cat-zatvaracie-noze","10":"first","11":"outofstock","12":"taxable","13":"shipping-taxable","14":"purchasable","15":"product-type-simple"},"brands":[{"id":3788,"name":"Emerson","slug":"emerson-sk"}],"_links":{"self":[{"href":"https:\/\/www.moskito.cz\/sk\/wp-json\/wp\/v2\/product\/318801","targetHints":{"allow":["GET"]}}],"collection":[{"href":"https:\/\/www.moskito.cz\/sk\/wp-json\/wp\/v2\/product"}],"about":[{"href":"https:\/\/www.moskito.cz\/sk\/wp-json\/wp\/v2\/types\/product"}],"replies":[{"embeddable":true,"href":"https:\/\/www.moskito.cz\/sk\/wp-json\/wp\/v2\/comments?post=318801"}],"wp:featuredmedia":[{"embeddable":true,"href":"https:\/\/www.moskito.cz\/sk\/wp-json\/wp\/v2\/media\/316545"}],"wp:attachment":[{"href":"https:\/\/www.moskito.cz\/sk\/wp-json\/wp\/v2\/media?parent=318801"}],"wp:term":[{"taxonomy":"pwb-brand","embeddable":true,"href":"https:\/\/www.moskito.cz\/sk\/wp-json\/wp\/v2\/pwb-brand?post=318801"},{"taxonomy":"product_brand","embeddable":true,"href":"https:\/\/www.moskito.cz\/sk\/wp-json\/wp\/v2\/product_brand?post=318801"},{"taxonomy":"product_cat","embeddable":true,"href":"https:\/\/www.moskito.cz\/sk\/wp-json\/wp\/v2\/product_cat?post=318801"},{"taxonomy":"product_tag","embeddable":true,"href":"https:\/\/www.moskito.cz\/sk\/wp-json\/wp\/v2\/product_tag?post=318801"}],"curies":[{"name":"wp","href":"https:\/\/api.w.org\/{rel}","templated":true}]}}