{"id":318840,"date":"2019-04-14T16:47:41","date_gmt":"2024-03-18T13:13:20","guid":{"rendered":"https:\/\/www.moskito.cz\/produkt\/zatvaraci-damaskovy-noz-boker-leopard-damast-iii-110239dam\/"},"modified":"2025-07-11T07:48:28","modified_gmt":"2025-07-11T06:48:28","slug":"zatvaraci-damaskovy-noz-boker-leopard-damast-iii-110239dam","status":"publish","type":"product","link":"https:\/\/www.moskito.cz\/sk\/produkt\/zatvaraci-damaskovy-noz-boker-leopard-damast-iii-110239dam\/","title":{"rendered":"Zatv\u00e1rac\u00ed dama\u0161kov\u00fd n\u00f4\u017e B\u00f6ker Leopard-Damast III 110239DAM"},"content":{"rendered":"<p>Zatv\u00e1rac\u00ed dama\u0161kov\u00fd n\u00f4\u017e B\u00f6ker <strong>Leopard-Damast III<\/strong> 110239DAM.<\/p>\n<p>Mnoho z\u00e1kazn\u00edkov Boker ich po\u017eiadalo, aby pon\u00fakli ed\u00edciu Boker Leopard Damascus III Collection s plutvami a palcov\u00fdm gomb\u00edkom. Tento zberate\u013esk\u00fd n\u00f4\u017e m\u00e1 n\u00e1dhern\u00fa vlo\u017eku z nerezov\u00e9ho 180-vrstvov\u00e9ho Damasku, \u0161ikovne ru\u010dne zasaden\u00fa do stupnice rukov\u00e4te. To d\u00e1va vreckov\u00e9mu no\u017eu nov\u00fa pr\u00ed\u0165a\u017elivos\u0165, preto\u017ee dama\u0161kov\u00e1 vlo\u017eka s elegantn\u00fdm vzorom ve\u013emi dobre funguje s ru\u010dne kovanou \u010depe\u013eou Leopard Damask. Legend\u00e1rna oce\u013e \u010depele Boker je ob\u013e\u00faben\u00e1 v komunite no\u017eov u\u017e mnoho rokov. Vyr\u00e1ba sa z hlavne tanku Leopard, m\u00e1 300 vrstiev a tvrdos\u0165 61 a\u017e 63 HRC. S obojstrann\u00fdm vreckov\u00fdm klipom (sklopen\u00edm\/sklopen\u00edm). Dod\u00e1va sa s r\u00e1mov\u00fdm puzdrom, certifik\u00e1tom pravosti a individu\u00e1lnym s\u00e9riov\u00fdm \u010d\u00edslom.<br \/>\nDamaskov\u00e1 oce\u013e<\/p>\n<p>Damaskov\u00e1 oce\u013e je n\u00e1zov druhu ocele, ktor\u00fd bol ve\u013emi popul\u00e1rny v stredoveku a ranom novoveku. N\u00e1zov dostal po s\u00fdrskom meste Damask, b\u00fdvalom obchodnom centre pre no\u017ee a me\u010de s t\u00fdmto typom \u010depele. Damaskov\u00e1 oce\u013e dnes nie je tak \u0161iroko pou\u017e\u00edvan\u00e1 ako nerezov\u00e1 alebo uhl\u00edkov\u00e1 oce\u013e, ale st\u00e1le je cenen\u00e1 pre svoj dekorat\u00edvny vzh\u013ead.<\/p>\n<p>Damask je kompozitn\u00e1 oce\u013e, teda oce\u013e vyroben\u00e1 z dvoch alebo viacer\u00fdch oce\u013eov\u00fdch z\u00e1kladn\u00ed s r\u00f4znymi vlastnos\u0165ami. Hotov\u00fd v\u00fdrobok m\u00e1 jasne vidite\u013en\u00fa text\u00faru striedaj\u00facich sa vrstiev z\u00e1kladn\u00fdch materi\u00e1lov. Na v\u00fdrobu kompozitu sa pou\u017e\u00edvaj\u00fa dva alebo viac druhov ocele, aby sa dosiahol hotov\u00fd v\u00fdrobok, ktor\u00fd kombinuje ich siln\u00e9 str\u00e1nky. Dama\u0161kov\u00e1 oce\u013e bola vyvinut\u00e1, aby kompenzovala nev\u00fdhody ocele ako materi\u00e1lu pri v\u00fdrobe me\u010dov, no\u017eov a \u010fal\u0161\u00edch zbran\u00ed. Pou\u017eitie tvrdej alebo m\u00e4kkej ocele na v\u00fdrobu \u010depel\u00ed viedlo k \u0161pecifick\u00fdm v\u00fdhod\u00e1m a nev\u00fdhod\u00e1m: \u010cepele vyroben\u00e9 z tvrdej ocele s\u00fa ve\u013emi pevn\u00e9 a dlho si udr\u017eia ostrie, ale s\u00fa tie\u017e krehk\u00e9 a r\u00fdchlo sa zlomia. \u010cepele vyroben\u00e9 z m\u00e4kkej ocele sa naproti tomu nel\u00e1mu, ale r\u00fdchlo sa oh\u00fdbaj\u00fa a str\u00e1caj\u00fa ostrie.<\/p>\n<p>Kombin\u00e1cia tvrdej a m\u00e4kkej ocele typick\u00e1 pre Damask vedie k hotov\u00e9mu v\u00fdrobku, ktor\u00fd sa nel\u00e1me (ako m\u00e4kk\u00e1 oce\u013e), a pritom st\u00e1le pon\u00faka dobr\u00e9 uchytenie hr\u00e1n (ako tvrd\u00e1 oce\u013e). Z\u00e1kladn\u00e9 materi\u00e1ly dama\u0161kovej ocele s\u00fa obvykle zvaren\u00e9 dohromady. Oce\u013eov\u00e9 vrstvy s\u00fa zvaren\u00e9 kovan\u00edm pod\u013ea z\u00e1kladn\u00e9ho princ\u00edpu: Jemnej\u0161ie vrstvy ocele sa lep\u0161ie a \u013eah\u0161ie sp\u00e1jaj\u00fa. Nie je nezvy\u010dajn\u00e9 zvari\u0165 nieko\u013eko stoviek vrstiev na jednu \u010depe\u013e.<\/p>\n<p>Dama\u0161kov\u00e1 oce\u013e dnes u\u017e nehr\u00e1 rolu pri v\u00fdrobe \u010depel\u00ed kv\u00f4li dostupnosti mono oce\u013eov\u00fdch v\u00fdrobkov (vyroben\u00fdch z jedn\u00e9ho druhu ocele) pon\u00fakaj\u00facich rovnak\u00e9 vlastnosti, ktor\u00e9 sa dosahuj\u00fa pri dama\u0161kovej oceli kombin\u00e1ciou dvoch alebo viacer\u00fdch druhov ocele. Damaskov\u00e1 oce\u013e je st\u00e1le cenen\u00e1 pre svoj dekorat\u00edvny exteri\u00e9r a dlh\u00fa hist\u00f3riu.<\/p>\n<p>Celkov\u00e1 d\u013a\u017eka: 22.5 cm<br \/>\nD\u013a\u017eka \u010depele: 9.7 cm<br \/>\nHr\u00fabka \u010depele: 3.5 mm<br \/>\nHmotnos\u0165:156 g<br \/>\nMateri\u00e1l \u010depele: Dama\u0161kov\u00e1 oce\u013e<\/p>\n","protected":false},"excerpt":{"rendered":"<p>B\u00f6ker Solingen Manufaktur je pokra\u010dovate\u013e nemeckej trad\u00edcie vyhl\u00e1sen\u00fdch no\u017eov od roku 1869.<br \/>\nDoprava zadarmo.<\/p>\n","protected":false},"featured_media":318803,"comment_status":"open","ping_status":"closed","template":"","meta":[],"pwb-brand":[3419],"product_brand":[],"product_cat":[3424,3186],"product_tag":[],"class_list":{"0":"post-318840","1":"product","2":"type-product","3":"status-publish","4":"has-post-thumbnail","6":"pwb-brand-boker-sk","7":"product_cat-damascenske-noze-sk","8":"product_cat-noze-sk","10":"first","11":"instock","12":"taxable","13":"shipping-taxable","14":"purchasable","15":"product-type-simple"},"brands":[{"id":3419,"name":"Boker","slug":"boker-sk"}],"_links":{"self":[{"href":"https:\/\/www.moskito.cz\/sk\/wp-json\/wp\/v2\/product\/318840","targetHints":{"allow":["GET"]}}],"collection":[{"href":"https:\/\/www.moskito.cz\/sk\/wp-json\/wp\/v2\/product"}],"about":[{"href":"https:\/\/www.moskito.cz\/sk\/wp-json\/wp\/v2\/types\/product"}],"replies":[{"embeddable":true,"href":"https:\/\/www.moskito.cz\/sk\/wp-json\/wp\/v2\/comments?post=318840"}],"wp:featuredmedia":[{"embeddable":true,"href":"https:\/\/www.moskito.cz\/sk\/wp-json\/wp\/v2\/media\/318803"}],"wp:attachment":[{"href":"https:\/\/www.moskito.cz\/sk\/wp-json\/wp\/v2\/media?parent=318840"}],"wp:term":[{"taxonomy":"pwb-brand","embeddable":true,"href":"https:\/\/www.moskito.cz\/sk\/wp-json\/wp\/v2\/pwb-brand?post=318840"},{"taxonomy":"product_brand","embeddable":true,"href":"https:\/\/www.moskito.cz\/sk\/wp-json\/wp\/v2\/product_brand?post=318840"},{"taxonomy":"product_cat","embeddable":true,"href":"https:\/\/www.moskito.cz\/sk\/wp-json\/wp\/v2\/product_cat?post=318840"},{"taxonomy":"product_tag","embeddable":true,"href":"https:\/\/www.moskito.cz\/sk\/wp-json\/wp\/v2\/product_tag?post=318840"}],"curies":[{"name":"wp","href":"https:\/\/api.w.org\/{rel}","templated":true}]}}