{"id":319612,"date":"2023-08-10T15:14:08","date_gmt":"2024-03-18T14:32:28","guid":{"rendered":"https:\/\/www.moskito.cz\/produkt\/zatvaraci-noz-extrema-ratio-rao-ii-expeditions\/"},"modified":"2025-05-07T11:05:33","modified_gmt":"2025-05-07T10:05:33","slug":"zatvaraci-noz-extrema-ratio-rao-ii-expeditions","status":"publish","type":"product","link":"https:\/\/www.moskito.cz\/sk\/produkt\/zatvaraci-noz-extrema-ratio-rao-ii-expeditions\/","title":{"rendered":"Zatv\u00e1rac\u00ed N\u00f4\u017e Extrema Ratio RAO II EXPEDITIONS"},"content":{"rendered":"<p>Zatv\u00e1rac\u00ed N\u00f4\u017e <strong>Extrema Ratio<\/strong> RAO II EXPEDITIONS<\/p>\n<p>Expedition Series, nov\u00fd rad n\u00e1strojov ur\u010den\u00fdch pre profesion\u00e1lnych prieskumn\u00edkov, v\u00edta model zatv\u00e1racieho no\u017ea, RAO II Expeditions.<\/p>\n<p>No\u017ee rady Expedition pon\u00fakaj\u00fa rovnak\u00fa spo\u013eahlivos\u0165 a vysok\u00fa kvalitu ako ak\u00fdko\u013evek in\u00fd taktick\u00fd n\u00e1stroj Extrema Ratio poskytovan\u00fd vojensk\u00fdm \u0161peci\u00e1lnym sil\u00e1m a org\u00e1nom presadzovania pr\u00e1va. Rao II Expeditions je n\u00e1stroj, ktor\u00fd v\u010faka svojej \u0161trukt\u00fare a napriek svojej kompaktnosti zaru\u010duje rovnak\u00fa funk\u010dnos\u0165 a vlastnosti ove\u013ea v\u00e4\u010d\u0161ieho a robustnej\u0161ieho produktu.<\/p>\n<p>M\u00e1 rukov\u00e4\u0165 a p\u00fazdro p\u00fa\u0161tnej farby ako ka\u017ed\u00fd in\u00fd model radu Expedition. M\u00e1 \u010depe\u013e z ocele B\u00d6HLER N690 (58HRC) s le\u0161ten\u00edm MIL-C-13924 a povrchovou \u00fapravou vym\u00fdvanou kame\u0148om (dokon\u010denie DARK STONE). Rao II Expeditions m\u00e1 ergonomick\u00fa rukov\u00e4\u0165 stupnice so zaoblen\u00fdmi horn\u00fdmi uhlami a \u010depe\u013e s padac\u00edm hrotom.<\/p>\n<p>Je in\u0161pirovan\u00fd modelom RAO s \u010depe\u013eou tanto, ktor\u00fa pou\u017eil taliansky 185 \u00b0 Rgt. Recognizione e Acquisizione Obiettivi \u201eFOLGORE\u201c (185\u00b0 RAO). Nov\u00fd zatv\u00e1rac\u00ed n\u00f4\u017e radu Expedition mo\u017eno \u013eahko pou\u017ei\u0165 aj na \u0165a\u017ek\u00e9 pr\u00e1ce, a to aj v\u010faka extr\u00e9mne robustn\u00e9mu zamykaciemu mechanizmu, ktor\u00fd je podporen\u00fd poistkou, ktor\u00e1 z neho urob\u00ed poriadnu pevn\u00fa \u010depe\u013e.<\/p>\n<p>Pri ochrannej \u010dasti mas\u00edvnej hlin\u00edkovej rukov\u00e4te Anticorodal je opatren\u00fd oce\u013eov\u00fd \u010dap so z\u00e1vitom, ktor\u00fd je mo\u017en\u00e9 ru\u010dne preskrutkova\u0165 dvoma otvormi; to bolo pridan\u00e9, aby bola zaru\u010den\u00e1 100% odolnos\u0165 blokovacieho mechanizmu kv\u00f4li \u0165a\u017ek\u00e9mu pou\u017e\u00edvaniu a sile \u00faderov sp\u00f4soben\u00fdch hmotnos\u0165ou n\u00e1stroja. Maxim\u00e1lna bezpe\u010dnos\u0165 je pre u\u017e\u00edvate\u013ea zaru\u010den\u00e1 zaskrutkovan\u00edm \u010dapu do tohto sedla.<\/p>\n<p>V\u0161etky modely radu Expeditions s\u00fa vybaven\u00e9 p\u00fazdrami v p\u00fa\u0161tnej farbe a medzi r\u00f4znymi n\u00e1strojmi aj firesteel na zapa\u013eovanie oh\u0148ov. RAO II Expeditions nie je v\u00fdnimkou a prich\u00e1dza s p\u00fa\u0161tnym Cordurov\u00fdm puzdrom, ktor\u00e9 je nevyhnutnou s\u00fa\u010das\u0165ou nosn\u00e9ho syst\u00e9mu.<\/p>\n<p>Toto konkr\u00e9tne puzdro umo\u017e\u0148uje nosi\u0165 n\u00f4\u017e s \u010depe\u013eou zavretou umiestnen\u00edm do \u0161pecifick\u00e9ho predn\u00e9ho vrecka alebo s otvorenou \u010depe\u013eou vlo\u017een\u00edm do vyhradenej priehradky, ktor\u00e1 m\u00e1 bezpe\u010dnostn\u00fd syst\u00e9m skladaj\u00faci sa z popruhu s dvojit\u00fdmi klipmi. Okrem firesteelu je tu aj diamantov\u00fd br\u00fasik. MOLLE upev\u0148ovac\u00ed syst\u00e9m puzdra umo\u017e\u0148uje jeho nosenie na taktick\u00fdch vest\u00e1ch a be\u017en\u00fdch opaskoch.<\/p>\n<p>&nbsp;<\/p>\n<p>Hmotnos\u0165 g: 332<br \/>\nhmotnos\u0165 unca: 11,4<br \/>\nD\u013a\u017eka \u010depele: 11.9 cm<br \/>\nCelkov\u00e1 d\u013a\u017eka: 26.3 cm<br \/>\nHr\u00fabka \u010depele: 0.6 cm<br \/>\nMateri\u00e1l \u010depele: B\u00f6HLER N690 STEEL (58HRC)<br \/>\nPovrchov\u00e1 \u00faprava \u010depele: DARK STONE<br \/>\nHlavn\u00fd br\u00fas: PLOCH\u00dd<br \/>\nMateri\u00e1l rukov\u00e4te: ANTIKOROD\u00c1LNY ELOXOVAN\u00dd HLIN\u00cdK<\/p>\n<p><iframe title=\"RAO II Expeditions - The sound of the adventure.\" width=\"800\" height=\"450\" src=\"https:\/\/www.youtube.com\/embed\/-eqW9x0DcNs?feature=oembed\" frameborder=\"0\" allow=\"accelerometer; autoplay; clipboard-write; encrypted-media; gyroscope; picture-in-picture; web-share\" allowfullscreen><\/iframe><\/p>\n<p>&nbsp;<\/p>\n<p>&nbsp;<\/p>\n","protected":false},"excerpt":{"rendered":"<p><strong>No\u017ee rady Expedition pon\u00fakaj\u00fa rovnak\u00fa spo\u013eahlivos\u0165 a vysok\u00fa kvalitu ako ak\u00fdko\u013evek in\u00fd taktick\u00fd n\u00e1stroj Extrema Ratio poskytovan\u00fd vojensk\u00fdm \u0161peci\u00e1lnym sil\u00e1m a org\u00e1nom presadzovania pr\u00e1va.<\/strong><\/p>\n","protected":false},"featured_media":255267,"comment_status":"open","ping_status":"closed","template":"","meta":[],"pwb-brand":[3198],"product_brand":[],"product_cat":[3186,3233],"product_tag":[3668],"class_list":{"0":"post-319612","1":"product","2":"type-product","3":"status-publish","4":"has-post-thumbnail","6":"pwb-brand-extrema-ratio-sk","7":"product_cat-noze-sk","8":"product_cat-zatvaracie-noze","9":"product_tag-b2b-sk","11":"first","12":"outofstock","13":"taxable","14":"shipping-taxable","15":"purchasable","16":"product-type-simple"},"brands":[{"id":3198,"name":"Extrema Ratio","slug":"extrema-ratio-sk"}],"_links":{"self":[{"href":"https:\/\/www.moskito.cz\/sk\/wp-json\/wp\/v2\/product\/319612","targetHints":{"allow":["GET"]}}],"collection":[{"href":"https:\/\/www.moskito.cz\/sk\/wp-json\/wp\/v2\/product"}],"about":[{"href":"https:\/\/www.moskito.cz\/sk\/wp-json\/wp\/v2\/types\/product"}],"replies":[{"embeddable":true,"href":"https:\/\/www.moskito.cz\/sk\/wp-json\/wp\/v2\/comments?post=319612"}],"wp:featuredmedia":[{"embeddable":true,"href":"https:\/\/www.moskito.cz\/sk\/wp-json\/wp\/v2\/media\/255267"}],"wp:attachment":[{"href":"https:\/\/www.moskito.cz\/sk\/wp-json\/wp\/v2\/media?parent=319612"}],"wp:term":[{"taxonomy":"pwb-brand","embeddable":true,"href":"https:\/\/www.moskito.cz\/sk\/wp-json\/wp\/v2\/pwb-brand?post=319612"},{"taxonomy":"product_brand","embeddable":true,"href":"https:\/\/www.moskito.cz\/sk\/wp-json\/wp\/v2\/product_brand?post=319612"},{"taxonomy":"product_cat","embeddable":true,"href":"https:\/\/www.moskito.cz\/sk\/wp-json\/wp\/v2\/product_cat?post=319612"},{"taxonomy":"product_tag","embeddable":true,"href":"https:\/\/www.moskito.cz\/sk\/wp-json\/wp\/v2\/product_tag?post=319612"}],"curies":[{"name":"wp","href":"https:\/\/api.w.org\/{rel}","templated":true}]}}