{"id":319816,"date":"2024-03-18T16:44:10","date_gmt":"2024-03-18T15:44:10","guid":{"rendered":"https:\/\/www.moskito.cz\/produkt\/zatvaraci-noz-dachs-knives-ares-stonewash\/"},"modified":"2025-05-07T11:05:36","modified_gmt":"2025-05-07T10:05:36","slug":"zatvaraci-noz-dachs-knives-ares-stonewash","status":"publish","type":"product","link":"https:\/\/www.moskito.cz\/sk\/produkt\/zatvaraci-noz-dachs-knives-ares-stonewash\/","title":{"rendered":"Zatv\u00e1rac\u00ed N\u00f4\u017e Dachs Knives ARES Stonewash"},"content":{"rendered":"<p>Zatv\u00e1rac\u00ed N\u00f4\u017e <strong>Dachs Knive<\/strong> s ARES Stonewash<\/p>\n<p>Zatv\u00e1rac\u00ed n\u00f4\u017e <strong>ARES<\/strong> je n\u00f4\u017e v\u00e4\u010d\u0161\u00edch rozmerov, napriek tomu si n\u00e1jde miesto vo Va\u0161om vrecku a stane sa ka\u017edodenn\u00fdm pomocn\u00edkom. Uplatnenie n\u00e1jde v be\u017enom dennom pou\u017e\u00edvan\u00ed, cez ryb\u00e1rstvo, po\u013eovn\u00edctvo tak aj taktick\u00e9 vyu\u017eitie. N\u00f4\u017e m\u00e1 na chrbte \u017eliabky pre komfortnej\u0161ie opretie palca a t\u00fdm p\u00e1dom je mo\u017en\u00e9 vyu\u017ei\u0165 aj lep\u0161iu techniku \u200b\u200bpri rezan\u00ed.<br \/>\nN\u00f4\u017e <strong>ARES<\/strong> zatv\u00e1rac\u00ed LinerLock je mo\u017en\u00e9 si objedna\u0165 na z\u00e1kazku aj v r\u00f4znom farebnom preveden\u00ed.<\/p>\n<p>Otvoren\u00e1 d\u013a\u017eka &#8211; 22,7cm<br \/>\nZavret\u00fd &#8211; 12,8 cm.<br \/>\nV\u00e1ha &#8211; 187g<br \/>\n\u010cepe\u013e &#8211; nerez N690<br \/>\nRukov\u00e4\u0165 &#8211; Fundermax<br \/>\nKlip &#8211; \u00c1NO<br \/>\nPovrch &#8211; STONEWASH<br \/>\nPoistka &#8211; Linerlock, karbidizovan\u00e1<br \/>\nSyst\u00e9m &#8211; Axi\u00e1lne lo\u017eisk\u00e1<\/p>\n","protected":false},"excerpt":{"rendered":"<p><strong>Zatv\u00e1rac\u00ed n\u00f4\u017e ARES je n\u00f4\u017e v\u00e4\u010d\u0161\u00edch rozmerov, napriek tomu si n\u00e1jde miesto vo Va\u0161om vrecku a stane sa ka\u017edodenn\u00fdm pomocn\u00edkom.<\/strong><\/p>\n<p><strong>Doprava zadarmo.<\/strong><\/p>\n","protected":false},"featured_media":319811,"comment_status":"open","ping_status":"closed","template":"","meta":[],"pwb-brand":[3813],"product_brand":[],"product_cat":[3233,3186],"product_tag":[3668],"class_list":{"0":"post-319816","1":"product","2":"type-product","3":"status-publish","4":"has-post-thumbnail","6":"pwb-brand-dachs-knives-sk","7":"product_cat-zatvaracie-noze","8":"product_cat-noze-sk","9":"product_tag-b2b-sk","11":"first","12":"instock","13":"taxable","14":"shipping-taxable","15":"purchasable","16":"product-type-simple"},"brands":[{"id":3813,"name":"Dachs Knives","slug":"dachs-knives-sk"}],"_links":{"self":[{"href":"https:\/\/www.moskito.cz\/sk\/wp-json\/wp\/v2\/product\/319816","targetHints":{"allow":["GET"]}}],"collection":[{"href":"https:\/\/www.moskito.cz\/sk\/wp-json\/wp\/v2\/product"}],"about":[{"href":"https:\/\/www.moskito.cz\/sk\/wp-json\/wp\/v2\/types\/product"}],"replies":[{"embeddable":true,"href":"https:\/\/www.moskito.cz\/sk\/wp-json\/wp\/v2\/comments?post=319816"}],"wp:featuredmedia":[{"embeddable":true,"href":"https:\/\/www.moskito.cz\/sk\/wp-json\/wp\/v2\/media\/319811"}],"wp:attachment":[{"href":"https:\/\/www.moskito.cz\/sk\/wp-json\/wp\/v2\/media?parent=319816"}],"wp:term":[{"taxonomy":"pwb-brand","embeddable":true,"href":"https:\/\/www.moskito.cz\/sk\/wp-json\/wp\/v2\/pwb-brand?post=319816"},{"taxonomy":"product_brand","embeddable":true,"href":"https:\/\/www.moskito.cz\/sk\/wp-json\/wp\/v2\/product_brand?post=319816"},{"taxonomy":"product_cat","embeddable":true,"href":"https:\/\/www.moskito.cz\/sk\/wp-json\/wp\/v2\/product_cat?post=319816"},{"taxonomy":"product_tag","embeddable":true,"href":"https:\/\/www.moskito.cz\/sk\/wp-json\/wp\/v2\/product_tag?post=319816"}],"curies":[{"name":"wp","href":"https:\/\/api.w.org\/{rel}","templated":true}]}}