{"id":320054,"date":"2024-03-18T21:09:25","date_gmt":"2024-03-18T20:12:30","guid":{"rendered":"https:\/\/www.moskito.cz\/produkt\/zatvaraci-noz-emerson-bulldog-sf-stonewashed\/"},"modified":"2025-05-07T11:05:39","modified_gmt":"2025-05-07T10:05:39","slug":"zatvaraci-noz-emerson-bulldog-sf-stonewashed","status":"publish","type":"product","link":"https:\/\/www.moskito.cz\/sk\/produkt\/zatvaraci-noz-emerson-bulldog-sf-stonewashed\/","title":{"rendered":"Zatv\u00e1rac\u00ed N\u00f4\u017e Emerson Bulldog SF Stonewashed"},"content":{"rendered":"<p>Zatv\u00e1rac\u00ed N\u00f4\u017e <strong>Emerson<\/strong> Bulldog SF Stonewashed.<\/p>\n<p><strong>Bulldog Emerson Knives<\/strong> , jeden z mnoh\u00fdch designov no\u017eov Emerson Knife Design\u00ae, je skvel\u00fdm n\u00e1strojom pre ka\u017edodenn\u00e9 nosenie alebo boj osved\u010den\u00fd n\u00f4\u017e pripraven\u00fd na boj!<\/p>\n<p>Emerson Knife Designs\u00ae je registrovanou ochrannou zn\u00e1mkou Ernesta a Mary Emersonovcov.<\/p>\n<p><strong>Ernest Emerson<\/strong> je presl\u00e1ven\u00fd svojimi v\u00fdnimo\u010dn\u00fdmi n\u00e1vrhmi no\u017eov, ktor\u00e9 zanechali nezmazate\u013en\u00fa stopu vo svete pr\u00edborov. S oddanos\u0165ou remeseln\u00e9mu spracovaniu a funk\u010dnosti, Emerson Knife Designs\u00ae vykazuje dokonal\u00fa kombin\u00e1ciu umenia a praktickosti. Ka\u017ed\u00e1 \u010depe\u013e je starostlivo vyroben\u00e1, \u010do odr\u00e1\u017ea hlbok\u00e9 pochopenie potrieb a po\u017eiadaviek pou\u017e\u00edvate\u013eov no\u017eov. Emerson Knife Designs\u00ae sa \u010dasto vyzna\u010duje robustnou a ergonomickou rukov\u00e4\u0165ou, ktor\u00e1 poskytuje pohodln\u00e9 a bezpe\u010dn\u00e9 uchopenie aj v t\u00fdch najn\u00e1ro\u010dnej\u0161\u00edch podmienkach. Jeho no\u017ee s\u00fa zn\u00e1me svojou v\u00fdnimo\u010dnou silou a odolnos\u0165ou, v\u010faka \u010domu s\u00fa spo\u013eahliv\u00fdmi spolo\u010dn\u00edkmi pre outdoorov\u00fdch nad\u0161encov, vojensk\u00fd person\u00e1l aj profesion\u00e1lov v oblasti vym\u00e1hania pr\u00e1va. \u010ci u\u017e ide o legend\u00e1rny Emerson CQC-7, robustn\u00fd rad Commander alebo ak\u00fdko\u013evek in\u00fd dizajn nes\u00faci jeho meno, <strong>Emerson Knife<\/strong> Designs\u00ae steles\u0148uje dokonalos\u0165 a v\u00e1\u0161e\u0148 pre \u010depe\u013e.<\/p>\n<p>Zna\u010dka : No\u017ee Emerson<\/p>\n<p>Farba: \u0161ed\u00e1, \u010dierna<\/p>\n<p>N\u00e1vrh\u00e1r : Ernest Emerson<\/p>\n<p>Z\u00e1ruka na materi\u00e1l a v\u00fdrobn\u00e9 vady : do\u017eivotn\u00e1<\/p>\n<p>Krajina p\u00f4vodu: Spojen\u00e9 \u0161t\u00e1ty<\/p>\n<p>Rozmery a hmotnos\u0165<\/p>\n<p>D\u013a\u017eka \u010depele: 7,9 cm<\/p>\n<p>Hr\u00fabka \u010depele: 3,1 mm<\/p>\n<p>Uzavret\u00e1 d\u013a\u017eka: 11,2 cm<\/p>\n<p>Celkov\u00e1 d\u013a\u017eka: 19 cm<\/p>\n<p>Hmotnos\u0165: 135 g<\/p>\n<p>Materi\u00e1l Materi\u00e1lov\u00e1 rukov\u00e4\u0165: G10<\/p>\n<p>Druh ocele: 154 cm<\/p>\n<p>Tvrdos\u0165: 59 HRC<\/p>\n<p>Tvar \u010depele: tanto<\/p>\n<p>Typ hrany: hladk\u00fd okraj<\/p>\n<p>Typ: ka\u017edodenn\u00e9 nosenie<\/p>\n<p>Vreckov\u00fd klip: \u00e1no, tip-up (vpravo)<\/p>\n<p>Poloha vreckov\u00e9ho klipu: tip-up<\/p>\n<p>Z\u00e1mok: liner-lock<\/p>\n<p>Mo\u017eno otvori\u0165 jednou rukou: \u00c1no<\/p>\n<p><iframe title=\"The Emerson Knives Bulldog\" width=\"800\" height=\"450\" src=\"https:\/\/www.youtube.com\/embed\/EYQ1QIL6Zu0?feature=oembed\" frameborder=\"0\" allow=\"accelerometer; autoplay; clipboard-write; encrypted-media; gyroscope; picture-in-picture; web-share\" allowfullscreen><\/iframe><\/p>\n<p><iframe title=\"Emerson Bulldog | A Closer Look\" width=\"800\" height=\"450\" src=\"https:\/\/www.youtube.com\/embed\/I8PAyCUwvn8?feature=oembed\" frameborder=\"0\" allow=\"accelerometer; autoplay; clipboard-write; encrypted-media; gyroscope; picture-in-picture; web-share\" allowfullscreen><\/iframe><\/p>\n<p>&nbsp;<\/p>\n","protected":false},"excerpt":{"rendered":"<p><strong>NO\u017dE EMERSON S\u00da VYH\u013dAD\u00c1VAN\u00c9 ELITN\u00ddMI VOJENSK\u00ddMI A DONUCOVAC\u00cdMI<\/strong><br \/>\n<strong>JEDNOTKAMI PO CELOM SVETE A NASTAVILI \u0160TANDARD, POD\u013dA KTOR\u00c9HO S\u00da POSUDZOVAN\u00c9 V\u0160ETKY OSTATN\u00c9 TAKTICK\u00c9 NO\u017dE.<\/strong><\/p>\n<p>Doprava zadarmo.<\/p>\n","protected":false},"featured_media":319982,"comment_status":"open","ping_status":"closed","template":"","meta":[],"pwb-brand":[3788],"product_brand":[],"product_cat":[3186,3233],"product_tag":[3668],"class_list":{"0":"post-320054","1":"product","2":"type-product","3":"status-publish","4":"has-post-thumbnail","6":"pwb-brand-emerson-sk","7":"product_cat-noze-sk","8":"product_cat-zatvaracie-noze","9":"product_tag-b2b-sk","11":"first","12":"outofstock","13":"taxable","14":"shipping-taxable","15":"purchasable","16":"product-type-simple"},"brands":[{"id":3788,"name":"Emerson","slug":"emerson-sk"}],"_links":{"self":[{"href":"https:\/\/www.moskito.cz\/sk\/wp-json\/wp\/v2\/product\/320054","targetHints":{"allow":["GET"]}}],"collection":[{"href":"https:\/\/www.moskito.cz\/sk\/wp-json\/wp\/v2\/product"}],"about":[{"href":"https:\/\/www.moskito.cz\/sk\/wp-json\/wp\/v2\/types\/product"}],"replies":[{"embeddable":true,"href":"https:\/\/www.moskito.cz\/sk\/wp-json\/wp\/v2\/comments?post=320054"}],"wp:featuredmedia":[{"embeddable":true,"href":"https:\/\/www.moskito.cz\/sk\/wp-json\/wp\/v2\/media\/319982"}],"wp:attachment":[{"href":"https:\/\/www.moskito.cz\/sk\/wp-json\/wp\/v2\/media?parent=320054"}],"wp:term":[{"taxonomy":"pwb-brand","embeddable":true,"href":"https:\/\/www.moskito.cz\/sk\/wp-json\/wp\/v2\/pwb-brand?post=320054"},{"taxonomy":"product_brand","embeddable":true,"href":"https:\/\/www.moskito.cz\/sk\/wp-json\/wp\/v2\/product_brand?post=320054"},{"taxonomy":"product_cat","embeddable":true,"href":"https:\/\/www.moskito.cz\/sk\/wp-json\/wp\/v2\/product_cat?post=320054"},{"taxonomy":"product_tag","embeddable":true,"href":"https:\/\/www.moskito.cz\/sk\/wp-json\/wp\/v2\/product_tag?post=320054"}],"curies":[{"name":"wp","href":"https:\/\/api.w.org\/{rel}","templated":true}]}}