{"id":320105,"date":"2024-03-18T21:29:11","date_gmt":"2024-03-19T08:19:41","guid":{"rendered":"https:\/\/www.moskito.cz\/produkt\/vystrelovaci-noz-heretic-knives-cleric-ii-stonewashed-carbon-h019-2b-cf-blu\/"},"modified":"2025-05-07T11:05:41","modified_gmt":"2025-05-07T10:05:41","slug":"vystrelovaci-noz-heretic-knives-cleric-ii-stonewashed-carbon-h019-2b-cf-blu","status":"publish","type":"product","link":"https:\/\/www.moskito.cz\/sk\/produkt\/vystrelovaci-noz-heretic-knives-cleric-ii-stonewashed-carbon-h019-2b-cf-blu\/","title":{"rendered":"Vystre\u013eovac\u00ed N\u00f4\u017e Heretic Knives Cleric II Stonewashed Carbon H019-2B-CF\/BLU"},"content":{"rendered":"<p>Vystre\u013eovac\u00ed N\u00f4\u017e <strong>Heretic Knives<\/strong> Cleric II Stonewashed Carbon H019-2B-CF\/BLU<\/p>\n<p>Automat <strong>Cleric II<\/strong> Tanto OTF m\u00e1 CNC obroben\u00fa hlin\u00edkov\u00fa rukov\u00e4\u0165 6061 vykladan\u00fa uhl\u00edkov\u00fdmi vl\u00e1knami, horn\u00fa \u010das\u0165 z uhl\u00edkov\u00fdch vl\u00e1kien a \u010depe\u013e z nerezovej ocele CPM-MagnaCut s \u010diasto\u010dn\u00fdm z\u00fabkovan\u00edm. Pon\u00faka robustn\u00fa kon\u0161trukciu s ve\u013ek\u00fdm dosahom a divok\u00fa dvoj\u010dinn\u00fa automatick\u00fa akciu. Rukov\u00e4\u0165 m\u00e1 spredu plnen\u00e9 palcov\u00e9 \u0161up\u00e1tko pre jednoduch\u00e9 pou\u017eitie a jemn\u00e9 tvarovanie pre dobr\u00fd \u00fachop. M\u00e1 strojne br\u00fasen\u00fa \u010depe\u013e Tanto a obsahuje f\u013ea\u0161u lubrikantu <strong>Heretic OTF<\/strong> .<br \/>\n\u0160pecifik\u00e1cia<br \/>\nD\u013a\u017eka \u010depele: 4,25&#8243;<br \/>\nD\u013a\u017eka \u010depele: 10.62 cm<br \/>\nCelkov\u00e1 d\u013a\u017eka: 24.68 cm<br \/>\nMateri\u00e1l \u010depele: CPM-MagnaCut Nerezov\u00e1 oce\u013e<br \/>\nHr\u00fabka \u010depele: 0,125&#8243;<br \/>\n\u0160t\u00fdl \u010depele: \u010ciasto\u010dne z\u00fabkovan\u00e9 Tanto<br \/>\nBr\u00fasenie \u010depele: Ploch\u00e9<br \/>\nPovrchov\u00e1 \u00faprava \u010depele: Stonewash<br \/>\nMateri\u00e1l rukov\u00e4te: \u010cierny hlin\u00edk s vlo\u017ekou a hornou \u010das\u0165ou z uhl\u00edkov\u00fdch vl\u00e1kien<br \/>\nUzamykac\u00ed mechanizmus: Posuvn\u00fd<br \/>\nVreckov\u00e1 spona: Hlbok\u00fd tit\u00e1n (so \u0161pi\u010dkou dole, doprava\/do\u013eava)<br \/>\nHmotnos\u0165: 5,00 oz.<br \/>\nDizajn\u00e9r: Tony Marfione Jr.<br \/>\nModr\u00e9 eloxovan\u00e9 akcenty<br \/>\nVyroben\u00e9 v USA<\/p>\n","protected":false},"excerpt":{"rendered":"<p><strong>V\u0161etky na\u0161e no\u017ee s\u00fa vyroben\u00e9 v USA a tak to zachov\u00e1me. Ke\u010f si k\u00fapite niektor\u00fd z na\u0161ich no\u017eov, m\u00f4\u017eete ma\u0165 d\u00f4veru vo svoj n\u00e1stroj s vedom\u00edm, \u017ee je podporovan\u00fd americkou spolo\u010dnos\u0165ou. Na\u0161e no\u017ee s\u00fa vyr\u00e1ban\u00e9 v mal\u00fdch s\u00e9ri\u00e1ch, aby sme zaistili, \u017ee dostanete kvalitn\u00fd n\u00f4\u017e, ktor\u00e9mu sa dost\u00e1va pozornosti, ak\u00e9 sa nedost\u00e1va in\u00fdm s\u00e9riovo vyr\u00e1ban\u00fdm no\u017eom!!<\/strong><\/p>\n<p><strong>Do\u017eivotn\u00e1 z\u00e1ruka!<\/strong><\/p>\n<p><strong>Doprava zadarmo.<\/strong><\/p>\n","protected":false},"featured_media":320066,"comment_status":"open","ping_status":"closed","template":"","meta":[],"pwb-brand":[3196],"product_brand":[],"product_cat":[3186,3197],"product_tag":[3668],"class_list":{"0":"post-320105","1":"product","2":"type-product","3":"status-publish","4":"has-post-thumbnail","6":"pwb-brand-heretic-knives-sk","7":"product_cat-noze-sk","8":"product_cat-vystrelovacie-noze-sk","9":"product_tag-b2b-sk","11":"first","12":"instock","13":"taxable","14":"shipping-taxable","15":"purchasable","16":"product-type-simple"},"brands":[{"id":3196,"name":"Heretic Knives","slug":"heretic-knives-sk"}],"_links":{"self":[{"href":"https:\/\/www.moskito.cz\/sk\/wp-json\/wp\/v2\/product\/320105","targetHints":{"allow":["GET"]}}],"collection":[{"href":"https:\/\/www.moskito.cz\/sk\/wp-json\/wp\/v2\/product"}],"about":[{"href":"https:\/\/www.moskito.cz\/sk\/wp-json\/wp\/v2\/types\/product"}],"replies":[{"embeddable":true,"href":"https:\/\/www.moskito.cz\/sk\/wp-json\/wp\/v2\/comments?post=320105"}],"wp:featuredmedia":[{"embeddable":true,"href":"https:\/\/www.moskito.cz\/sk\/wp-json\/wp\/v2\/media\/320066"}],"wp:attachment":[{"href":"https:\/\/www.moskito.cz\/sk\/wp-json\/wp\/v2\/media?parent=320105"}],"wp:term":[{"taxonomy":"pwb-brand","embeddable":true,"href":"https:\/\/www.moskito.cz\/sk\/wp-json\/wp\/v2\/pwb-brand?post=320105"},{"taxonomy":"product_brand","embeddable":true,"href":"https:\/\/www.moskito.cz\/sk\/wp-json\/wp\/v2\/product_brand?post=320105"},{"taxonomy":"product_cat","embeddable":true,"href":"https:\/\/www.moskito.cz\/sk\/wp-json\/wp\/v2\/product_cat?post=320105"},{"taxonomy":"product_tag","embeddable":true,"href":"https:\/\/www.moskito.cz\/sk\/wp-json\/wp\/v2\/product_tag?post=320105"}],"curies":[{"name":"wp","href":"https:\/\/api.w.org\/{rel}","templated":true}]}}