{"id":320466,"date":"2023-07-05T10:10:58","date_gmt":"2023-07-05T09:10:58","guid":{"rendered":"https:\/\/www.moskito.cz\/produkt\/zatvaraci-noz-spyderco-manix-2-lightweight-c101pcbl2\/"},"modified":"2024-03-19T15:19:28","modified_gmt":"2024-03-19T14:19:28","slug":"zatvaraci-noz-spyderco-manix-2-lightweight-c101pcbl2","status":"publish","type":"product","link":"https:\/\/www.moskito.cz\/sk\/produkt\/zatvaraci-noz-spyderco-manix-2-lightweight-c101pcbl2\/","title":{"rendered":"Zatv\u00e1rac\u00ed N\u00f4\u017e Spyderco Manix 2 Lightweight C101PCBL2"},"content":{"rendered":"<p>Zatv\u00e1rac\u00ed N\u00f4\u017e <strong>Spyderco<\/strong> Manix 2 Lightweight C101PCBL2<\/p>\n<p>Toto elitn\u00e9 vyjadrenie Manix 2 Lightweight kombinuje v\u00fdhody \u00faspory hmotnosti, plnohodnotn\u00fd rezn\u00fd v\u00fdkon a silu mechanizmu Ball Bearing Lock s vylep\u0161enou retenciou hr\u00e1n a odolnos\u0165ou proti kor\u00f3zii CPM-SPY27. Po rokoch pou\u017e\u00edvania t\u00fdch najlep\u0161\u00edch materi\u00e1lov, ktor\u00e9 popredn\u00ed svetov\u00ed v\u00fdrobcovia ocele mohli poskytn\u00fa\u0165, sa Spyderco rozhodlo, \u017ee je \u010das vytvori\u0165 ich vlastn\u00fd. V \u00fazkej spolupr\u00e1ci s Crucible Industries vyvinuli CPM-SPY27 &#8211; nerezov\u00fa oce\u013e z \u010dasticovej metalurgie obsahuj\u00facu patentovan\u00fa zmes zliatin, vr\u00e1tane van\u00e1du, molybd\u00e9nu, ni\u00f3bu, dus\u00edka a kobaltu. T\u00e1to pozoruhodn\u00e1 kompoz\u00edcia, vylep\u0161en\u00e1 zosil\u0148uj\u00facimi \u00fa\u010dinkami kobaltu a najmodernej\u0161\u00edm procesom Crucible Particle Metallurgy, je vyr\u00e1ban\u00e1 exkluz\u00edvne pre Spyderco a bude uveden\u00e1 na vybran\u00fdch modeloch vyroben\u00fdch v USA. Ka\u017ed\u00fd n\u00f4\u017e vyroben\u00fd z tejto ocele bude ma\u0165 tie\u017e v\u00fdrazn\u00fa kobaltovo modr\u00fa farbu rukov\u00e4te, ktor\u00e1 pod\u010diarkuje jeho elitn\u00fd rodokme\u0148.<\/p>\n<p>Rukov\u00e4\u0165 Manix 2 Lightweight je vstrekovan\u00e1 z kobaltovo modr\u00e9ho kopolym\u00e9ru vystu\u017een\u00e9ho sklen\u00fdmi vl\u00e1knami (FRCP) a obsahuje charakteristick\u00fd Bi-Directional Texturing pattern spolo\u010dnosti Spyderco, ktor\u00fd zais\u0165uje bezpe\u010dn\u00e9 uchopenie za v\u0161etk\u00fdch podmienok prostredia. \u013dahk\u00e1 rukov\u00e4\u0165 FRCP zn\u00ed\u017eila celkov\u00fa hmotnos\u0165 no\u017ea iba na 3 unce \u2013 o 42 percent \u013eah\u0161ia ako u Manix 2 s rukov\u00e4\u0165ou G10. Obojstrann\u00e1 dr\u00f4ten\u00e1 spona umo\u017e\u0148uje pohodln\u00e9 nosenie na \u013eavej alebo pravej strane a ve\u013ek\u00fd otvor pre \u0161n\u00farku umo\u017e\u0148uje \u013eahk\u00e9 pripevnenie pr\u00edveskov a \u0161n\u00farok.<\/p>\n<p>Spojen\u00edm \u010depele a rukov\u00e4te je patentovan\u00fd mechanizmus Ball Bearing Lock spolo\u010dnosti Spyderco. Tento vysoko pevn\u00fd z\u00e1mok sa sklad\u00e1 z guli\u010dkov\u00e9ho lo\u017eiska zasaden\u00e9ho do odolnej polym\u00e9rovej &#8222;klietke&#8220;. Ke\u010f je \u010depe\u013e otvoren\u00e1, tla\u010dn\u00e1 pru\u017eina poh\u00e1\u0148a klietku dopredu, aby zakl\u00ednila guli\u010dkov\u00e9 lo\u017eisko medzi rampu na \u010depeli a oce\u013eov\u00fd r\u00e1m ukotven\u00fd medzi polovicami rukov\u00e4te. Pritiahnut\u00edm guli\u010dkov\u00e9ho lo\u017eiska v klietke dozadu sa uvo\u013en\u00ed z\u00e1mok a \u010depe\u013e sa hladko zavr\u00fa, zatia\u013e \u010do va\u0161e prsty bud\u00fa v bezpe\u010dnej vzdialenosti od ostrej hrany.<br \/>\n\u0160pecifik\u00e1cia<\/p>\n<p>D\u013a\u017eka \u010depele: 8.6 cm<br \/>\nRezn\u00e1 hrana: 7.3 cm<br \/>\nD\u013a\u017eka v zatvorenom stave: 11.8 cm<br \/>\nCelkov\u00e1 d\u013a\u017eka: 20.4 cm<br \/>\nMateri\u00e1l \u010depele: CPM-SPY27 Nerezov\u00e1 oce\u013e<br \/>\nHr\u00fabka \u010depele: 0.32 cm<br \/>\n\u0160t\u00fdl \u010depele: Tvar listu<br \/>\nBr\u00fasenie \u010depele: Plne ploch\u00e9<br \/>\nPovrchov\u00e1 \u00faprava \u010depele: sat\u00e9n<br \/>\nMateri\u00e1l rukov\u00e4te: kobaltov\u00e1 modr\u00e1 FRCP (kopolym\u00e9r vystu\u017een\u00fd sklenen\u00fdmi vl\u00e1knami)<br \/>\nHr\u00fabka rukov\u00e4te: 0,510&#8243; (13,0 mm)<br \/>\nMateri\u00e1l vlo\u017eky: Nerezov\u00e1 oce\u013e<br \/>\nBlokovac\u00ed mechanizmus: Z\u00e1mok s guli\u010dkov\u00fdm lo\u017eiskom<br \/>\nZostava \u010dapu: Podlo\u017eky<br \/>\nVreckov\u00e1 spona: Nerezov\u00e1 oce\u013e (vykl\u00e1pacie, prav\u00e9\/\u013eav\u00e9 nosenie)<br \/>\nHmotnos\u0165: 3,0 oz. (85 g)<br \/>\nVyroben\u00e9 v USA<\/p>\n<p>&nbsp;<\/p>\n<p>&nbsp;<\/p>\n","protected":false},"excerpt":{"rendered":"<p>Toto elitn\u00e9 vyjadrenie Manix 2 Lightweight kombinuje v\u00fdhody \u00faspory hmotnosti, plnohodnotn\u00fd rezn\u00fd v\u00fdkon a silu mechanizmu Ball Bearing Lock s vylep\u0161enou retenciou hr\u00e1n a odolnos\u0165ou proti kor\u00f3zii CPM-SPY27.<\/p>\n","protected":false},"featured_media":252665,"comment_status":"open","ping_status":"closed","template":"","meta":[],"pwb-brand":[3261],"product_brand":[],"product_cat":[3233,3186],"product_tag":[3668],"class_list":{"0":"post-320466","1":"product","2":"type-product","3":"status-publish","4":"has-post-thumbnail","6":"pwb-brand-zatvaraci-noz-spyderco-endura-flat-ground-gray-frn-c10fpgy","7":"product_cat-zatvaracie-noze","8":"product_cat-noze-sk","9":"product_tag-b2b-sk","11":"first","12":"instock","13":"taxable","14":"shipping-taxable","15":"purchasable","16":"product-type-simple"},"brands":[{"id":3261,"name":"Zatv\u00e1rac\u00ed N\u00f4\u017e Spyderco Endura Flat Ground Gray FRN C10FPGY","slug":"zatvaraci-noz-spyderco-endura-flat-ground-gray-frn-c10fpgy"}],"_links":{"self":[{"href":"https:\/\/www.moskito.cz\/sk\/wp-json\/wp\/v2\/product\/320466","targetHints":{"allow":["GET"]}}],"collection":[{"href":"https:\/\/www.moskito.cz\/sk\/wp-json\/wp\/v2\/product"}],"about":[{"href":"https:\/\/www.moskito.cz\/sk\/wp-json\/wp\/v2\/types\/product"}],"replies":[{"embeddable":true,"href":"https:\/\/www.moskito.cz\/sk\/wp-json\/wp\/v2\/comments?post=320466"}],"wp:featuredmedia":[{"embeddable":true,"href":"https:\/\/www.moskito.cz\/sk\/wp-json\/wp\/v2\/media\/252665"}],"wp:attachment":[{"href":"https:\/\/www.moskito.cz\/sk\/wp-json\/wp\/v2\/media?parent=320466"}],"wp:term":[{"taxonomy":"pwb-brand","embeddable":true,"href":"https:\/\/www.moskito.cz\/sk\/wp-json\/wp\/v2\/pwb-brand?post=320466"},{"taxonomy":"product_brand","embeddable":true,"href":"https:\/\/www.moskito.cz\/sk\/wp-json\/wp\/v2\/product_brand?post=320466"},{"taxonomy":"product_cat","embeddable":true,"href":"https:\/\/www.moskito.cz\/sk\/wp-json\/wp\/v2\/product_cat?post=320466"},{"taxonomy":"product_tag","embeddable":true,"href":"https:\/\/www.moskito.cz\/sk\/wp-json\/wp\/v2\/product_tag?post=320466"}],"curies":[{"name":"wp","href":"https:\/\/api.w.org\/{rel}","templated":true}]}}