{"id":321630,"date":"2024-03-19T19:28:30","date_gmt":"2024-03-19T18:32:47","guid":{"rendered":"https:\/\/www.moskito.cz\/produkt\/vystrelovaci-noz-pro-tech-custom-godson-2024-godson-custom-003\/"},"modified":"2025-05-07T11:06:29","modified_gmt":"2025-05-07T10:06:29","slug":"vystrelovaci-noz-pro-tech-custom-godson-2024-godson-custom-003","status":"publish","type":"product","link":"https:\/\/www.moskito.cz\/sk\/produkt\/vystrelovaci-noz-pro-tech-custom-godson-2024-godson-custom-003\/","title":{"rendered":"Vystre\u013eovac\u00ed N\u00f4\u017e Pro-Tech Custom Godson 2024.Godson.Custom.003"},"content":{"rendered":"<p>Vystre\u013eovac\u00ed N\u00f4\u017e <strong>Pro-Tech<\/strong> Custom Godson 2024.Godson.Custom.003<\/p>\n<p>Ka\u017ed\u00fd n\u00f4\u017e <strong>Pro-Tech<\/strong> je zmesou t\u00fdch najlep\u0161\u00edch dostupn\u00fdch materi\u00e1lov a z\u00e1v\u00e4zku na remeseln\u00e9 spracovanie. No\u017ee Pro-Tech s\u00fa vyroben\u00e9 pomocou najmodernej\u0161\u00edch v\u00fdrobn\u00fdch procesov, ktor\u00e9 zah\u0155\u0148aj\u00fa; CNC obr\u00e1banie, dr\u00f4tov\u00e9 EDM, laserov\u00e9 rezanie at\u010f. High-tech komponenty s\u00fa zostavovan\u00e9 a ru\u010dne montovan\u00e9 oddan\u00fdmi a starostliv\u00fdmi remeseln\u00edkmi v ich z\u00e1vode Artesia v Kalifornii. Vyr\u00e1baj\u00fa mal\u00e9 s\u00e9rie svojich no\u017eov, aby si mohli urobi\u0165 \u010das na to, aby si ka\u017ed\u00fd n\u00f4\u017e individu\u00e1lne ru\u010dne napasovali a dokon\u010dili na \u00farove\u0148, ktor\u00e1 sa pri tov\u00e1rensk\u00fdch no\u017eoch len zriedka vid\u00ed. Ich produk\u010dn\u00e9 modely no\u017eov pon\u00fakaj\u00fa najlep\u0161\u00ed design, funkciu a hodnotu zo v\u0161etk\u00fdch no\u017eov na s\u00fa\u010dasnom trhu. Ich vlastn\u00e9 automatick\u00e9 no\u017ee s\u00fa jedine\u010dn\u00fdmi umeleck\u00fdmi dielami. Ka\u017ed\u00fd zo z\u00e1kazkov\u00fdch no\u017eov z limitovanej ed\u00edcie je uk\u00e1\u017ekou dedi\u010dstva kvality. Bez oh\u013eadu na to, ktor\u00fd z ich no\u017eov si vyberiete, sme si ist\u00ed, \u017ee budete s n\u00e1kupom ve\u013emi spokojn\u00ed.<\/p>\n<p>Pro-Tech Knives je hrd\u00e1 na to, \u017ee je prvou vo\u013ebou policajn\u00fdch a vojensk\u00fdch profesion\u00e1lov po celom svete. No\u017ee Pro-Tech s\u00fa vyroben\u00e9 tak, aby dobre sl\u00fa\u017eili a sl\u00fa\u017eili. Toto je ve\u013emi o\u010dak\u00e1van\u00e1 verzia ob\u013e\u00faben\u00e9ho no\u017ea Godfather AUTO s 3,15&#8243; \u010depe\u013eou. Talianska in\u0161pir\u00e1cia a americk\u00e1 inov\u00e1cia vytvorili \u010fal\u0161\u00ed vynikaj\u00faci automatick\u00fd n\u00f4\u017e s \u0161pir\u00e1lovou pru\u017einou. Rovnako ako p\u00f4vodn\u00e1 4&#8243; \u010depe\u013e Godfather je Godson k dispoz\u00edcii v \u0161irokej \u0161k\u00e1le \u0161t\u00fdlov a materi\u00e1lov. Tento z\u00e1kazkov\u00fd model sa vyzna\u010duje sat\u00e9novou \u010depe\u013eou 154 cm a bronzov\u00fdmi eloxovan\u00fdmi tit\u00e1nov\u00fdmi rukov\u00e4\u0165ami z oran\u017eovej k\u00f4ry s modr\u00fdmi jigovan\u00fdmi stredmi.<\/p>\n<p>\u0160pecifik\u00e1cia<br \/>\nD\u013a\u017eka \u010depele: 8 cm<br \/>\nD\u013a\u017eka v zatvorenom stave: 11cm<br \/>\nCelkov\u00e1 d\u013a\u017eka: 19 cm<br \/>\nMateri\u00e1l \u010depele: 154CM nerezov\u00e1 oce\u013e<br \/>\nHr\u00fabka \u010depele: 0,110&#8243;<br \/>\n\u0160t\u00fdl \u010depele: Spear Point<br \/>\nBr\u00fasenie \u010depele: Ploch\u00e9<br \/>\nPovrchov\u00e1 \u00faprava \u010depele: Acid Etch<br \/>\nMateri\u00e1l rukov\u00e4te: Modr\u00e9 jigged tit\u00e1nov\u00e9 stredy s bronzov\u00fdmi oran\u017eov\u00fdmi st\u013apikmi<br \/>\nUzamykac\u00ed mechanizmus: Zlat\u00e9 perlov\u00e9 tla\u010didlo<br \/>\nVreckov\u00e1 spona: Titan (vykl\u00e1pacie, prav\u00e9 nosenie)<br \/>\nHmotnos\u0165: 3,5 oz.<br \/>\nVyroben\u00e9 v USA<\/p>\n","protected":false},"excerpt":{"rendered":"<p><strong>Na\u0161e produk\u010dn\u00e9 modely no\u017eov pon\u00fakaj\u00fa najlep\u0161\u00ed design, funkciu a hodnotu zo v\u0161etk\u00fdch no\u017eov na s\u00fa\u010dasnom trhu. Na\u0161e vlastn\u00e9 umeleck\u00e9 no\u017ee s\u00fa jedine\u010dn\u00fdmi umeleck\u00fdmi dielami. Ka\u017ed\u00fd z na\u0161ich vlastn\u00fdch no\u017eov z limitovanej ed\u00edcie je uk\u00e1\u017ekou dedi\u010dstva kvality. Bez oh\u013eadu na to, ktor\u00fd z na\u0161ich no\u017eov si vyberiete, sme si ist\u00ed, \u017ee budete s n\u00e1kupom ve\u013emi spokojn\u00ed.<\/strong><\/p>\n<p><strong>\u010eakujeme za v\u00e1\u0161 z\u00e1ujem o na\u0161e kvalitn\u00e9 no\u017ee.<\/strong><\/p>\n<p>Doprava zadarmo.<\/p>\n","protected":false},"featured_media":321589,"comment_status":"open","ping_status":"closed","template":"","meta":[],"pwb-brand":[3820],"product_brand":[],"product_cat":[3186,3197],"product_tag":[3668],"class_list":{"0":"post-321630","1":"product","2":"type-product","3":"status-publish","4":"has-post-thumbnail","6":"pwb-brand-pre-tech","7":"product_cat-noze-sk","8":"product_cat-vystrelovacie-noze-sk","9":"product_tag-b2b-sk","11":"first","12":"instock","13":"taxable","14":"shipping-taxable","15":"purchasable","16":"product-type-simple"},"brands":[{"id":3820,"name":"Pre Tech","slug":"pre-tech"}],"_links":{"self":[{"href":"https:\/\/www.moskito.cz\/sk\/wp-json\/wp\/v2\/product\/321630","targetHints":{"allow":["GET"]}}],"collection":[{"href":"https:\/\/www.moskito.cz\/sk\/wp-json\/wp\/v2\/product"}],"about":[{"href":"https:\/\/www.moskito.cz\/sk\/wp-json\/wp\/v2\/types\/product"}],"replies":[{"embeddable":true,"href":"https:\/\/www.moskito.cz\/sk\/wp-json\/wp\/v2\/comments?post=321630"}],"wp:featuredmedia":[{"embeddable":true,"href":"https:\/\/www.moskito.cz\/sk\/wp-json\/wp\/v2\/media\/321589"}],"wp:attachment":[{"href":"https:\/\/www.moskito.cz\/sk\/wp-json\/wp\/v2\/media?parent=321630"}],"wp:term":[{"taxonomy":"pwb-brand","embeddable":true,"href":"https:\/\/www.moskito.cz\/sk\/wp-json\/wp\/v2\/pwb-brand?post=321630"},{"taxonomy":"product_brand","embeddable":true,"href":"https:\/\/www.moskito.cz\/sk\/wp-json\/wp\/v2\/product_brand?post=321630"},{"taxonomy":"product_cat","embeddable":true,"href":"https:\/\/www.moskito.cz\/sk\/wp-json\/wp\/v2\/product_cat?post=321630"},{"taxonomy":"product_tag","embeddable":true,"href":"https:\/\/www.moskito.cz\/sk\/wp-json\/wp\/v2\/product_tag?post=321630"}],"curies":[{"name":"wp","href":"https:\/\/api.w.org\/{rel}","templated":true}]}}