{"id":321695,"date":"2024-03-19T20:21:31","date_gmt":"2024-03-19T19:27:02","guid":{"rendered":"https:\/\/www.moskito.cz\/produkt\/zatvaraci-noz-pro-tech-mordax-blade-show-texas-31-of-100\/"},"modified":"2025-05-07T11:06:31","modified_gmt":"2025-05-07T10:06:31","slug":"zatvaraci-noz-pro-tech-mordax-blade-show-texas-31-of-100","status":"publish","type":"product","link":"https:\/\/www.moskito.cz\/sk\/produkt\/zatvaraci-noz-pro-tech-mordax-blade-show-texas-31-of-100\/","title":{"rendered":"Zatv\u00e1rac\u00ed N\u00f4\u017e Pro-Tech Mordax-Blade Show Texas #31 of 100"},"content":{"rendered":"<p>Zatv\u00e1rac\u00ed N\u00f4\u017e <strong>Pro-Tech Mordax<\/strong> -Blade Show Texas #31 of 100<\/p>\n<p><strong>Tento n\u00f4\u017e bol vyroben\u00fd iba na v\u00fdstavu v Texase s poradov\u00fdm \u010d\u00edslom 31 zo 100 ks.<\/strong><\/p>\n<p>Tento Mordax zna\u010dky Pro-Tech m\u00e1 dizajn Ferrum Forge a m\u00e1 \u010diernu \u010depe\u013e s padac\u00edm hrotom. Rukov\u00e4\u0165 m\u00e1 vyfr\u00e9zovan\u00fd \u010dierny hlin\u00edkov\u00fd r\u00e1m s \u010diernou \u0161pi\u010dkou z nerezovej ocele. Mozaikov\u00e9 tla\u010didlo.<\/p>\n<p>Pre-Tech no\u017ee<br \/>\nUmenie modernej v\u00fdrobnej dokonalosti sa stret\u00e1va so starosvetsk\u00fdm remeslom. Pro-Tech Knives, LLC je rodinn\u00e1 spolo\u010dnos\u0165 zaoberaj\u00faca sa v\u00fdrobou no\u017eov, ktor\u00e1 vyr\u00e1ba vysoko kvalitn\u00e9 no\u017ee americkej v\u00fdroby od roku 1998. Ka\u017ed\u00fd n\u00f4\u017e Pro-Tech je zmesou t\u00fdch najlep\u0161\u00edch dostupn\u00fdch materi\u00e1lov a z\u00e1v\u00e4zku na remeseln\u00e9 spracovanie. Na\u0161e no\u017ee s\u00fa vyroben\u00e9 pomocou najmodernej\u0161\u00edch v\u00fdrobn\u00fdch procesov, ktor\u00e9 zah\u0155\u0148aj\u00fa; CNC obr\u00e1banie, dr\u00f4tov\u00e9 EDM, laserov\u00e9 rezanie at\u010f. High-tech komponenty montuj\u00fa a ru\u010dne montuj\u00fa oddan\u00ed a starostliv\u00ed remeseln\u00edci a \u017eeny tu v na\u0161ej tov\u00e1rni. Vyroben\u00e9 v Amerike! Spolo\u010dnos\u0165 Pro-Tech vyr\u00e1ba niektor\u00e9 z najlep\u0161\u00edch no\u017eov na svete priamo tu v star\u00fdch dobr\u00fdch Spojen\u00fdch \u0161t\u00e1toch. V\u00e4\u010d\u0161ina komponentov pre ka\u017ed\u00fd n\u00f4\u017e sa vyr\u00e1ba vo vn\u00fatri z\u00e1vodu Pro-Tech. Za\u010d\u00edname s ty\u010dami z hlin\u00edka, sochormi z ru\u010dne kovan\u00e9ho Damasku, plechmi z ocele a tit\u00e1nu. Tieto pr\u00e9miov\u00e9 suroviny s\u00fa starostlivo opracovan\u00e9, br\u00fasen\u00e9, odihlovan\u00e9, dokon\u010dovan\u00e9, zostavovan\u00e9, br\u00fasen\u00e9, kontrolovan\u00e9 a balen\u00e9 priamo tu pod jednou strechou. Vyr\u00e1bame mal\u00e9 s\u00e9rie na\u0161ich no\u017eov, aby sme si mohli urobi\u0165 \u010das na individu\u00e1lne ru\u010dn\u00e9 prisp\u00f4sobenie a dokon\u010denie ka\u017ed\u00e9ho no\u017ea na \u00farove\u0148, ktor\u00e1 sa pri tov\u00e1rensk\u00fdch no\u017eoch len zriedka vid\u00ed. Na\u0161e produk\u010dn\u00e9 modely no\u017eov pon\u00fakaj\u00fa najlep\u0161\u00ed design, funkciu a hodnotu zo v\u0161etk\u00fdch no\u017eov na s\u00fa\u010dasnom trhu. Na\u0161e vlastn\u00e9 umeleck\u00e9 no\u017ee s\u00fa jedine\u010dn\u00fdmi umeleck\u00fdmi dielami. Ka\u017ed\u00fd z na\u0161ich vlastn\u00fdch no\u017eov z limitovanej ed\u00edcie je uk\u00e1\u017ekou dedi\u010dstva kvality. Bez oh\u013eadu na to, ktor\u00fd z na\u0161ich no\u017eov si vyberiete, sme si ist\u00ed, \u017ee budete s n\u00e1kupom ve\u013emi spokojn\u00ed.<\/p>\n<p>Hmotnos\u0165 3,60 oz<br \/>\nCelkov\u00e1 d\u013a\u017eka: 21 cm<\/p>\n<p>D\u013a\u017eka \u010depele: 8.75 cm<\/p>\n<p>Povrchov\u00e1 \u00faprava \u010depele: DLC Coated<\/p>\n<p>Materi\u00e1l \u010depele: Magnacut<\/p>\n<p>Materi\u00e1l rukov\u00e4te: 6061-T6 hlin\u00edk<\/p>\n<p>Farba rukov\u00e4te: \u010cierna<\/p>\n<p>U\u017e\u00edvate\u013e: Prav\u00e1 ruka<\/p>\n<p>Vreckov\u00fd klip: Tip-Up<\/p>\n<p>Typ no\u017ea: Manu\u00e1l<\/p>\n<p><iframe title=\"Meet Pro-Tech Knives\" width=\"800\" height=\"450\" src=\"https:\/\/www.youtube.com\/embed\/0TueVbHVDY4?feature=oembed\" frameborder=\"0\" allow=\"accelerometer; autoplay; clipboard-write; encrypted-media; gyroscope; picture-in-picture; web-share\" allowfullscreen><\/iframe><\/p>\n<p>&nbsp;<\/p>\n","protected":false},"excerpt":{"rendered":"<p><strong>Na\u0161e produk\u010dn\u00e9 modely no\u017eov pon\u00fakaj\u00fa najlep\u0161\u00ed design, funkciu a hodnotu zo v\u0161etk\u00fdch no\u017eov na s\u00fa\u010dasnom trhu. Na\u0161e vlastn\u00e9 umeleck\u00e9 no\u017ee s\u00fa jedine\u010dn\u00fdmi umeleck\u00fdmi dielami. Ka\u017ed\u00fd z na\u0161ich vlastn\u00fdch no\u017eov z limitovanej ed\u00edcie je uk\u00e1\u017ekou dedi\u010dstva kvality. Bez oh\u013eadu na to, ktor\u00fd z na\u0161ich no\u017eov si vyberiete, sme si ist\u00ed, \u017ee budete s n\u00e1kupom ve\u013emi spokojn\u00ed.<\/strong><\/p>\n<p><strong>\u010eakujeme za v\u00e1\u0161 z\u00e1ujem o na\u0161e kvalitn\u00e9 no\u017ee.<\/strong><\/p>\n<p>Doprava zadarmo.<\/p>\n","protected":false},"featured_media":321655,"comment_status":"open","ping_status":"closed","template":"","meta":[],"pwb-brand":[3820],"product_brand":[],"product_cat":[3186,3233],"product_tag":[3668],"class_list":{"0":"post-321695","1":"product","2":"type-product","3":"status-publish","4":"has-post-thumbnail","6":"pwb-brand-pre-tech","7":"product_cat-noze-sk","8":"product_cat-zatvaracie-noze","9":"product_tag-b2b-sk","11":"first","12":"outofstock","13":"taxable","14":"shipping-taxable","15":"purchasable","16":"product-type-simple"},"brands":[{"id":3820,"name":"Pre Tech","slug":"pre-tech"}],"_links":{"self":[{"href":"https:\/\/www.moskito.cz\/sk\/wp-json\/wp\/v2\/product\/321695","targetHints":{"allow":["GET"]}}],"collection":[{"href":"https:\/\/www.moskito.cz\/sk\/wp-json\/wp\/v2\/product"}],"about":[{"href":"https:\/\/www.moskito.cz\/sk\/wp-json\/wp\/v2\/types\/product"}],"replies":[{"embeddable":true,"href":"https:\/\/www.moskito.cz\/sk\/wp-json\/wp\/v2\/comments?post=321695"}],"wp:featuredmedia":[{"embeddable":true,"href":"https:\/\/www.moskito.cz\/sk\/wp-json\/wp\/v2\/media\/321655"}],"wp:attachment":[{"href":"https:\/\/www.moskito.cz\/sk\/wp-json\/wp\/v2\/media?parent=321695"}],"wp:term":[{"taxonomy":"pwb-brand","embeddable":true,"href":"https:\/\/www.moskito.cz\/sk\/wp-json\/wp\/v2\/pwb-brand?post=321695"},{"taxonomy":"product_brand","embeddable":true,"href":"https:\/\/www.moskito.cz\/sk\/wp-json\/wp\/v2\/product_brand?post=321695"},{"taxonomy":"product_cat","embeddable":true,"href":"https:\/\/www.moskito.cz\/sk\/wp-json\/wp\/v2\/product_cat?post=321695"},{"taxonomy":"product_tag","embeddable":true,"href":"https:\/\/www.moskito.cz\/sk\/wp-json\/wp\/v2\/product_tag?post=321695"}],"curies":[{"name":"wp","href":"https:\/\/api.w.org\/{rel}","templated":true}]}}