{"id":321812,"date":"2024-03-19T21:45:47","date_gmt":"2024-03-19T20:51:50","guid":{"rendered":"https:\/\/www.moskito.cz\/produkt\/vystrelovaci-noz-pro-tech-921-godfather-operator\/"},"modified":"2025-05-07T11:06:34","modified_gmt":"2025-05-07T10:06:34","slug":"vystrelovaci-noz-pro-tech-921-godfather-operator","status":"publish","type":"product","link":"https:\/\/www.moskito.cz\/sk\/produkt\/vystrelovaci-noz-pro-tech-921-godfather-operator\/","title":{"rendered":"Vystre\u013eovac\u00ed N\u00f4\u017e Pro-Tech 921 Godfather Operator"},"content":{"rendered":"<p>Vystre\u013eovac\u00ed N\u00f4\u017e <strong>Pro-Tech 921<\/strong> Godfather Operator.<\/p>\n<p>Ka\u017ed\u00fd n\u00f4\u017e <strong>Pro-Tech<\/strong> je zmesou t\u00fdch najlep\u0161\u00edch dostupn\u00fdch materi\u00e1lov a z\u00e1v\u00e4zku na remeseln\u00e9 spracovanie. No\u017ee <strong>Pro-Tech<\/strong> s\u00fa vyroben\u00e9 pomocou najmodernej\u0161\u00edch v\u00fdrobn\u00fdch procesov, ktor\u00e9 zah\u0155\u0148aj\u00fa; CNC obr\u00e1banie, dr\u00f4tov\u00e9 EDM, laserov\u00e9 rezanie at\u010f. High-tech komponenty montuj\u00fa a ru\u010dne montuj\u00fa oddan\u00ed a starostliv\u00ed remeseln\u00edci v ich z\u00e1vode Artesia v Kalifornii. Vyr\u00e1baj\u00fa mal\u00e9 s\u00e9rie svojich no\u017eov, aby si mohli urobi\u0165 \u010das na to, aby si ka\u017ed\u00fd n\u00f4\u017e individu\u00e1lne ru\u010dne napasovali a dokon\u010dili na \u00farove\u0148, ktor\u00e1 sa pri tov\u00e1rensk\u00fdch no\u017eoch len zriedka vid\u00ed. Ich produk\u010dn\u00e9 modely no\u017eov pon\u00fakaj\u00fa najlep\u0161\u00ed design, funkciu a hodnotu zo v\u0161etk\u00fdch no\u017eov na s\u00fa\u010dasnom trhu. Ich vlastn\u00e9 automatick\u00e9 no\u017ee s\u00fa jedine\u010dn\u00fdmi umeleck\u00fdmi dielami. Ka\u017ed\u00fd zo z\u00e1kazkov\u00fdch no\u017eov z limitovanej ed\u00edcie je uk\u00e1\u017ekou dedi\u010dstva kvality. Bez oh\u013eadu na to, ktor\u00fd z ich no\u017eov si vyberiete, sme si ist\u00ed, \u017ee budete s n\u00e1kupom ve\u013emi spokojn\u00ed.<\/p>\n<p>Pro-Tech Knives je hrd\u00e1 na to, \u017ee je prvou vo\u013ebou policajn\u00fdch a vojensk\u00fdch profesion\u00e1lov po celom svete. No\u017ee Pro-Tech s\u00fa vyroben\u00e9 tak, aby dobre sl\u00fa\u017eili a sl\u00fa\u017eili. Tento \u00fa\u017easn\u00fd 4&#8243; n\u00f4\u017e AUTO s \u010depe\u013eou predstavuje vplyv origin\u00e1lneho talianskeho no\u017ea AUTO v \u0161t\u00fdle &#8222;Stiletto&#8220; a modernej presnosti \u0161pir\u00e1lovej pru\u017einy Pro-Tech. No\u017ee zna\u010dky Godfather s\u00fa vybaven\u00e9 hlin\u00edkovou rukov\u00e4\u0165ou T6-6061, ktor\u00e1 je vyroben\u00e1 z mas\u00edvneho materi\u00e1lu. V\u00fdroba \u010depele Godfather je \u0161tyri palce na d\u013a\u017eku a je vyroben\u00fd z nerezovej ocele 154CM, ktor\u00e1 je tepelne spracovan\u00e1 na 59HRC. K dispoz\u00edcii je mnoho r\u00f4znych farieb rukov\u00e4te, povrchovej \u00fapravy \u010depele a vlo\u017ekov\u00e9 materi\u00e1ly. Tento model je vybaven\u00fd rukov\u00e4\u0165ou z \u010dierneho eloxovan\u00e9ho hlin\u00edka s tla\u010didlom Tritum a \u010diernou \u010depe\u013eou s povrchovou \u00fapravou DLC. Bez oh\u013eadu na to, ktor\u00fa vari\u00e1ciu Godfather si vyberiete, u\u017eijete si jej kombin\u00e1ciu neprekonate\u013en\u00e9ho \u0161t\u00fdlu a kvality.<\/p>\n<p>\u0160pecifik\u00e1cia<br \/>\nD\u013a\u017eka \u010depele: 10 cm<br \/>\nD\u013a\u017eka v zatvorenom stave: 14 cm<br \/>\nCelkov\u00e1 d\u013a\u017eka: 24 cm<br \/>\nMateri\u00e1l \u010depele: 154CM nerezov\u00e1 oce\u013e<br \/>\nHr\u00fabka \u010depele: 0,125&#8243;<br \/>\nTvrdos\u0165 \u010depele: 59HRC<br \/>\n\u0160t\u00fdl \u010depele: Spear Point<br \/>\nBr\u00fasenie \u010depele: Ploch\u00e9<br \/>\nPovrchov\u00e1 \u00faprava \u010depele: Black DLC<br \/>\nMateri\u00e1l rukov\u00e4te: T6-6061 hlin\u00edk, \u010dierna<br \/>\nUzamykac\u00ed mechanizmus: Tla\u010didlo, Tritium<br \/>\nVreckov\u00e1 spona: \u010cierna nerezov\u00e1 oce\u013e (vykl\u00e1pacia, prav\u00e9 nosenie)<br \/>\nHmotnos\u0165: 4,0 oz.<br \/>\nVyroben\u00e9 v USA<\/p>\n<p><iframe title=\"Meet Pro-Tech Knives\" width=\"800\" height=\"450\" src=\"https:\/\/www.youtube.com\/embed\/0TueVbHVDY4?feature=oembed\" frameborder=\"0\" allow=\"accelerometer; autoplay; clipboard-write; encrypted-media; gyroscope; picture-in-picture; web-share\" allowfullscreen><\/iframe><\/p>\n<p>&nbsp;<\/p>\n","protected":false},"excerpt":{"rendered":"<p><strong>Na\u0161e produk\u010dn\u00e9 modely no\u017eov pon\u00fakaj\u00fa najlep\u0161\u00ed design, funkciu a hodnotu zo v\u0161etk\u00fdch no\u017eov na s\u00fa\u010dasnom trhu. Na\u0161e vlastn\u00e9 umeleck\u00e9 no\u017ee s\u00fa jedine\u010dn\u00fdmi umeleck\u00fdmi dielami. Ka\u017ed\u00fd z na\u0161ich vlastn\u00fdch no\u017eov z limitovanej ed\u00edcie je uk\u00e1\u017ekou dedi\u010dstva kvality. Bez oh\u013eadu na to, ktor\u00fd z na\u0161ich no\u017eov si vyberiete, sme si ist\u00ed, \u017ee budete s n\u00e1kupom ve\u013emi spokojn\u00ed.<\/strong><\/p>\n<p><strong>\u010eakujeme za v\u00e1\u0161 z\u00e1ujem o na\u0161e kvalitn\u00e9 no\u017ee.<\/strong><\/p>\n<p>Doprava zadarmo.<\/p>\n","protected":false},"featured_media":321764,"comment_status":"open","ping_status":"closed","template":"","meta":[],"pwb-brand":[3820],"product_brand":[],"product_cat":[3186,3197],"product_tag":[3668],"class_list":{"0":"post-321812","1":"product","2":"type-product","3":"status-publish","4":"has-post-thumbnail","6":"pwb-brand-pre-tech","7":"product_cat-noze-sk","8":"product_cat-vystrelovacie-noze-sk","9":"product_tag-b2b-sk","11":"first","12":"outofstock","13":"taxable","14":"shipping-taxable","15":"purchasable","16":"product-type-simple"},"brands":[{"id":3820,"name":"Pre Tech","slug":"pre-tech"}],"_links":{"self":[{"href":"https:\/\/www.moskito.cz\/sk\/wp-json\/wp\/v2\/product\/321812","targetHints":{"allow":["GET"]}}],"collection":[{"href":"https:\/\/www.moskito.cz\/sk\/wp-json\/wp\/v2\/product"}],"about":[{"href":"https:\/\/www.moskito.cz\/sk\/wp-json\/wp\/v2\/types\/product"}],"replies":[{"embeddable":true,"href":"https:\/\/www.moskito.cz\/sk\/wp-json\/wp\/v2\/comments?post=321812"}],"wp:featuredmedia":[{"embeddable":true,"href":"https:\/\/www.moskito.cz\/sk\/wp-json\/wp\/v2\/media\/321764"}],"wp:attachment":[{"href":"https:\/\/www.moskito.cz\/sk\/wp-json\/wp\/v2\/media?parent=321812"}],"wp:term":[{"taxonomy":"pwb-brand","embeddable":true,"href":"https:\/\/www.moskito.cz\/sk\/wp-json\/wp\/v2\/pwb-brand?post=321812"},{"taxonomy":"product_brand","embeddable":true,"href":"https:\/\/www.moskito.cz\/sk\/wp-json\/wp\/v2\/product_brand?post=321812"},{"taxonomy":"product_cat","embeddable":true,"href":"https:\/\/www.moskito.cz\/sk\/wp-json\/wp\/v2\/product_cat?post=321812"},{"taxonomy":"product_tag","embeddable":true,"href":"https:\/\/www.moskito.cz\/sk\/wp-json\/wp\/v2\/product_tag?post=321812"}],"curies":[{"name":"wp","href":"https:\/\/api.w.org\/{rel}","templated":true}]}}