{"id":321980,"date":"2024-03-19T23:11:37","date_gmt":"2024-03-19T22:17:28","guid":{"rendered":"https:\/\/www.moskito.cz\/produkt\/vystrelovaci-noz-pro-tech-tactical-response-2-stonewashed-t201\/"},"modified":"2025-05-07T11:06:39","modified_gmt":"2025-05-07T10:06:39","slug":"vystrelovaci-noz-pro-tech-tactical-response-2-stonewashed-t201","status":"publish","type":"product","link":"https:\/\/www.moskito.cz\/sk\/produkt\/vystrelovaci-noz-pro-tech-tactical-response-2-stonewashed-t201\/","title":{"rendered":"Vystre\u013eovac\u00ed N\u00f4\u017e Pro-Tech Tactical Response 2 Stonewashed T201"},"content":{"rendered":"<p>Vystre\u013eovac\u00ed N\u00f4\u017e <strong>Pro-Tech<\/strong> Tactical Response 2 Stonewashed T201.<\/p>\n<p>Ka\u017ed\u00fd n\u00f4\u017e <strong>Pro-Tech<\/strong> je zmesou t\u00fdch najlep\u0161\u00edch dostupn\u00fdch materi\u00e1lov a z\u00e1v\u00e4zku na remeseln\u00e9 spracovanie. No\u017ee <strong>Pro-Tech<\/strong> s\u00fa vyroben\u00e9 pomocou najmodernej\u0161\u00edch v\u00fdrobn\u00fdch procesov, ktor\u00e9 zah\u0155\u0148aj\u00fa; CNC obr\u00e1banie, dr\u00f4tov\u00e9 EDM, laserov\u00e9 rezanie at\u010f. High-tech komponenty s\u00fa zostavovan\u00e9 a ru\u010dne montovan\u00e9 oddan\u00fdmi a starostliv\u00fdmi remeseln\u00edkmi v ich z\u00e1vode Artesia v Kalifornii. Vyr\u00e1baj\u00fa mal\u00e9 s\u00e9rie svojich no\u017eov, aby si mohli urobi\u0165 \u010das na to, aby si ka\u017ed\u00fd n\u00f4\u017e individu\u00e1lne ru\u010dne napasovali a dokon\u010dili na \u00farove\u0148, ktor\u00e1 sa pri tov\u00e1rensk\u00fdch no\u017eoch len zriedka vid\u00ed. Ich produk\u010dn\u00e9 modely no\u017eov pon\u00fakaj\u00fa najlep\u0161\u00ed design, funkciu a hodnotu zo v\u0161etk\u00fdch no\u017eov na s\u00fa\u010dasnom trhu. Ich vlastn\u00e9 automatick\u00e9 no\u017ee s\u00fa jedine\u010dn\u00fdmi umeleck\u00fdmi dielami. Ka\u017ed\u00fd zo z\u00e1kazkov\u00fdch no\u017eov z limitovanej ed\u00edcie je uk\u00e1\u017ekou dedi\u010dstva kvality. Bez oh\u013eadu na to, ktor\u00fd z ich no\u017eov si vyberiete, sme si ist\u00ed, \u017ee budete s n\u00e1kupom ve\u013emi spokojn\u00ed.<\/p>\n<p>Pro-Tech Knives je hrd\u00e1 na to, \u017ee je prvou vo\u013ebou policajn\u00fdch a vojensk\u00fdch profesion\u00e1lov po celom svete. No\u017ee Pro-Tech s\u00fa vyroben\u00e9 tak, aby dobre sl\u00fa\u017eili a sl\u00fa\u017eili. TR-2 Tactical Response 2 je 20+ rokov star\u00fd klasick\u00fd model Pro-Tech s vylep\u0161enou oce\u013eou \u010depele, vylep\u0161enou text\u00farou rukov\u00e4te a \u0161irokou sponou na hlbok\u00e9 nosenie. Tento kr\u00e1sny automatick\u00fd zatv\u00e1rac\u00ed n\u00f4\u017e z limitovanej ed\u00edcie TR-2 od Pro-Tech Knives je vybaven\u00fd 3,07&#8243; \u010depe\u013eou z nerezovej ocele CPM-MagnaCut s u\u017e\u00edvate\u013esky umyt\u00fdm povrchom. Obroben\u00e1 \u010dierna hlin\u00edkov\u00e1 rukov\u00e4\u0165 je ergonomick\u00e1 a ide\u00e1lna na pou\u017eitie rukami v rukaviciach. \u010cepe\u013e sk\u00e1\u010de z rukov\u00e4te stla\u010den\u00edm tla\u010didla a uzamkne sa ve\u013emi pozit\u00edvnym \u00faderom, hrdo vyroben\u00e9 v USA.<\/p>\n<p>\u0160pecifik\u00e1cia:<br \/>\nD\u013a\u017eka \u010depele: 8 cm<br \/>\nD\u013a\u017eka v zatvorenom stave: 11 cm<br \/>\nCelkov\u00e1 d\u013a\u017eka: 19 cm<br \/>\nMateri\u00e1l \u010depele: CPM-MagnaCut Nerezov\u00e1 oce\u013e<br \/>\nHr\u00fabka \u010depele: 0,125&#8243;<br \/>\n\u0160t\u00fdl \u010depele: Spear Point<br \/>\nBr\u00fasenie \u010depele: Ploch\u00e9<br \/>\nPovrchov\u00e1 \u00faprava \u010depele: Stonewash<br \/>\nMateri\u00e1l rukov\u00e4te: \u010dierny hlin\u00edk T6-6061<br \/>\nUzamykac\u00ed mechanizmus: Tla\u010didlo<br \/>\nVreckov\u00fd klip: Nerezov\u00e1 oce\u013e s hlbok\u00fdm prenosom (vykl\u00e1pac\u00ed, prav\u00e9 pren\u00e1\u0161anie)<br \/>\nHmotnos\u0165: 3,60 oz.<br \/>\nVyroben\u00e9 v USA<\/p>\n<p><iframe title=\"Meet Pro-Tech Knives\" width=\"800\" height=\"450\" src=\"https:\/\/www.youtube.com\/embed\/0TueVbHVDY4?feature=oembed\" frameborder=\"0\" allow=\"accelerometer; autoplay; clipboard-write; encrypted-media; gyroscope; picture-in-picture; web-share\" allowfullscreen><\/iframe><\/p>\n<p>&nbsp;<\/p>\n","protected":false},"excerpt":{"rendered":"<p><strong>Na\u0161e produk\u010dn\u00e9 modely no\u017eov pon\u00fakaj\u00fa najlep\u0161\u00ed design, funkciu a hodnotu zo v\u0161etk\u00fdch no\u017eov na s\u00fa\u010dasnom trhu. Na\u0161e vlastn\u00e9 umeleck\u00e9 no\u017ee s\u00fa jedine\u010dn\u00fdmi umeleck\u00fdmi dielami. Ka\u017ed\u00fd z na\u0161ich vlastn\u00fdch no\u017eov z limitovanej ed\u00edcie je uk\u00e1\u017ekou dedi\u010dstva kvality. Bez oh\u013eadu na to, ktor\u00fd z na\u0161ich no\u017eov si vyberiete, sme si ist\u00ed, \u017ee budete s n\u00e1kupom ve\u013emi spokojn\u00ed.<\/strong><\/p>\n<p><strong>\u010eakujeme za v\u00e1\u0161 z\u00e1ujem o na\u0161e kvalitn\u00e9 no\u017ee.<\/strong><\/p>\n<p>Doprava zadarmo.<\/p>\n","protected":false},"featured_media":321934,"comment_status":"open","ping_status":"closed","template":"","meta":[],"pwb-brand":[3820],"product_brand":[],"product_cat":[3186,3197],"product_tag":[3668],"class_list":{"0":"post-321980","1":"product","2":"type-product","3":"status-publish","4":"has-post-thumbnail","6":"pwb-brand-pre-tech","7":"product_cat-noze-sk","8":"product_cat-vystrelovacie-noze-sk","9":"product_tag-b2b-sk","11":"first","12":"instock","13":"taxable","14":"shipping-taxable","15":"purchasable","16":"product-type-simple"},"brands":[{"id":3820,"name":"Pre Tech","slug":"pre-tech"}],"_links":{"self":[{"href":"https:\/\/www.moskito.cz\/sk\/wp-json\/wp\/v2\/product\/321980","targetHints":{"allow":["GET"]}}],"collection":[{"href":"https:\/\/www.moskito.cz\/sk\/wp-json\/wp\/v2\/product"}],"about":[{"href":"https:\/\/www.moskito.cz\/sk\/wp-json\/wp\/v2\/types\/product"}],"replies":[{"embeddable":true,"href":"https:\/\/www.moskito.cz\/sk\/wp-json\/wp\/v2\/comments?post=321980"}],"wp:featuredmedia":[{"embeddable":true,"href":"https:\/\/www.moskito.cz\/sk\/wp-json\/wp\/v2\/media\/321934"}],"wp:attachment":[{"href":"https:\/\/www.moskito.cz\/sk\/wp-json\/wp\/v2\/media?parent=321980"}],"wp:term":[{"taxonomy":"pwb-brand","embeddable":true,"href":"https:\/\/www.moskito.cz\/sk\/wp-json\/wp\/v2\/pwb-brand?post=321980"},{"taxonomy":"product_brand","embeddable":true,"href":"https:\/\/www.moskito.cz\/sk\/wp-json\/wp\/v2\/product_brand?post=321980"},{"taxonomy":"product_cat","embeddable":true,"href":"https:\/\/www.moskito.cz\/sk\/wp-json\/wp\/v2\/product_cat?post=321980"},{"taxonomy":"product_tag","embeddable":true,"href":"https:\/\/www.moskito.cz\/sk\/wp-json\/wp\/v2\/product_tag?post=321980"}],"curies":[{"name":"wp","href":"https:\/\/api.w.org\/{rel}","templated":true}]}}