{"id":322037,"date":"2024-03-19T23:48:24","date_gmt":"2024-03-19T22:50:27","guid":{"rendered":"https:\/\/www.moskito.cz\/produkt\/vystrelovaci-noz-pro-tech-custom-emerson-stonewashed-2024-emerson-custom-003\/"},"modified":"2025-05-07T11:06:43","modified_gmt":"2025-05-07T10:06:43","slug":"vystrelovaci-noz-pro-tech-custom-emerson-stonewashed-2024-emerson-custom-003","status":"publish","type":"product","link":"https:\/\/www.moskito.cz\/sk\/produkt\/vystrelovaci-noz-pro-tech-custom-emerson-stonewashed-2024-emerson-custom-003\/","title":{"rendered":"Vystre\u013eovac\u00ed N\u00f4\u017e Pro-Tech Custom Emerson Stonewashed 2024.Emerson.Custom.003"},"content":{"rendered":"<p>Vystre\u013eovac\u00ed N\u00f4\u017e <strong>Pro-Tech<\/strong> Custom Emerson Stonewashed 2024.Emerson.Custom.003<\/p>\n<p>Ka\u017ed\u00fd n\u00f4\u017e <strong>Pro-Tech<\/strong> je zmesou t\u00fdch najlep\u0161\u00edch dostupn\u00fdch materi\u00e1lov a z\u00e1v\u00e4zku na remeseln\u00e9 spracovanie. No\u017ee <strong>Pro-Tech<\/strong> s\u00fa vyroben\u00e9 pomocou najmodernej\u0161\u00edch v\u00fdrobn\u00fdch procesov, ktor\u00e9 zah\u0155\u0148aj\u00fa; CNC obr\u00e1banie, dr\u00f4tov\u00e9 EDM, laserov\u00e9 rezanie at\u010f. High-tech komponenty s\u00fa zostavovan\u00e9 a ru\u010dne montovan\u00e9 oddan\u00fdmi a starostliv\u00fdmi remeseln\u00edkmi v ich z\u00e1vode Artesia v Kalifornii. Vyr\u00e1baj\u00fa mal\u00e9 s\u00e9rie svojich no\u017eov, aby si mohli urobi\u0165 \u010das na to, aby si ka\u017ed\u00fd n\u00f4\u017e individu\u00e1lne ru\u010dne napasovali a dokon\u010dili na \u00farove\u0148, ktor\u00e1 sa pri tov\u00e1rensk\u00fdch no\u017eoch len zriedka vid\u00ed. Ich produk\u010dn\u00e9 modely no\u017eov pon\u00fakaj\u00fa najlep\u0161\u00ed design, funkciu a hodnotu zo v\u0161etk\u00fdch no\u017eov na s\u00fa\u010dasnom trhu. Ich vlastn\u00e9 automatick\u00e9 no\u017ee s\u00fa jedine\u010dn\u00fdmi umeleck\u00fdmi dielami. Ka\u017ed\u00fd zo z\u00e1kazkov\u00fdch no\u017eov z limitovanej ed\u00edcie je uk\u00e1\u017ekou dedi\u010dstva kvality. Bez oh\u013eadu na to, ktor\u00fd z ich no\u017eov si vyberiete, sme si ist\u00ed, \u017ee budete s n\u00e1kupom ve\u013emi spokojn\u00ed.<\/p>\n<p>Pro-Tech Knives je hrd\u00e1 na to, \u017ee je prvou vo\u013ebou policajn\u00fdch a vojensk\u00fdch profesion\u00e1lov po celom svete. No\u017ee Pro-Tech s\u00fa vyroben\u00e9 tak, aby dobre sl\u00fa\u017eili a sl\u00fa\u017eili. Toto je prv\u00e1 spolupr\u00e1ca no\u017eov medzi Pro-Tech Knives a Tactical Knife Icon Ernest Emerson, Pro-Tech\/Emerson CQC7 AUTO. Ernest Emerson vyr\u00e1ba no\u017ee od roku 1979 a z\u00edskal si reput\u00e1ciu v\u010faka v\u00fdrobe naj\u017eiadanej\u0161\u00edch n\u00e1vrhov taktick\u00fdch no\u017eov na plan\u00e9te. CQC7 je mo\u017eno najsl\u00e1vnej\u0161ia z jeho n\u00e1vrhov a verzia Pro-Tech so \u0161pir\u00e1lovou pru\u017einou bude vyroben\u00e1 pod\u013ea n\u00e1ro\u010dn\u00fdch \u0161tandardov, ktor\u00fdmi je Emerson zn\u00e1my. P\u00e1n Emerson sa osobne podie\u013eal na ka\u017edom detaile tohto no\u017ea pre spolupr\u00e1cu \u2013 v\u00fdsledkom je n\u00f4\u017e, ktor\u00fd bude ma\u0165 fan\u00fa\u0161ikov spolo\u010dnosti Emerson a vern\u00fdch z\u00e1kazn\u00edkov spolo\u010dnosti Pro-Tech naozaj ve\u013ek\u00fa rados\u0165.<\/p>\n<p>Akcia je super siln\u00e1 a pritom plynul\u00e1. M\u00e1 pekn\u00fd \u0161mrnc, ke\u010f sa \u010depe\u013e nasad\u00ed. Prv\u00fdkr\u00e1t bol Emerson\/Pro-Tech CQC7 viden\u00fd mimo obchodu na v\u00fdstave PKA (Professional Knife Maker&#8217;s Association) v Denveri v Colorade, kde z\u00edskal cenu za najlep\u0161iu spolupr\u00e1cu. T\u00e1to verzia je z\u00e1kazkov\u00fd model CQC7A vytvoren\u00fd pre Texas BLADE Show 2024 vo Fort Worth a obsahuje 3,25 &#8222;CPM-20CV kamenn\u00fa o\u0161tepov\u00fa \u010depe\u013e s dvojfarebn\u00fdmi zlato\/modr\u00fdmi &#8222;jigged&#8220; texturovan\u00fdmi tit\u00e1nov\u00fdmi rukov\u00e4\u0165ami a perle\u0165ov\u00fdm tla\u010didlom.<\/p>\n<p>\u0160pecifik\u00e1cia:<br \/>\nD\u013a\u017eka \u010depele: 8.12 cm<br \/>\nD\u013a\u017eka v zatvorenom stave: 12 cm<br \/>\nCelkov\u00e1 d\u013a\u017eka: 21 cm<br \/>\nMateri\u00e1l \u010depele: CPM-20CV Nerezov\u00e1 oce\u013e<br \/>\n\u0160t\u00fdl \u010depele: Spear Piont<br \/>\nBr\u00fasenie \u010depele: Ploch\u00e9<br \/>\nPovrchov\u00e1 \u00faprava \u010depele: Stonewash<br \/>\nMateri\u00e1l rukov\u00e4te: Titan s text\u00farou &#8222;Jigged&#8220;, dvojfarebn\u00e1 zlat\u00e1\/modr\u00e1<br \/>\nUzamykac\u00ed mechanizmus: Tla\u010didlo Mother of Pearl<br \/>\nVreckov\u00fd klip: \u0160irok\u00e9 hlbok\u00e9 nosenie (nakl\u00e1pacie, prav\u00e9)<br \/>\nHmotnos\u0165: 4,1 oz.<br \/>\nVyroben\u00e9 v USA<\/p>\n<p><iframe title=\"Meet Pro-Tech Knives\" width=\"800\" height=\"450\" src=\"https:\/\/www.youtube.com\/embed\/0TueVbHVDY4?feature=oembed\" frameborder=\"0\" allow=\"accelerometer; autoplay; clipboard-write; encrypted-media; gyroscope; picture-in-picture; web-share\" allowfullscreen><\/iframe><\/p>\n<p>&nbsp;<\/p>\n","protected":false},"excerpt":{"rendered":"<p><strong>Na\u0161e produk\u010dn\u00e9 modely no\u017eov pon\u00fakaj\u00fa najlep\u0161\u00ed design, funkciu a hodnotu zo v\u0161etk\u00fdch no\u017eov na s\u00fa\u010dasnom trhu. Na\u0161e vlastn\u00e9 umeleck\u00e9 no\u017ee s\u00fa jedine\u010dn\u00fdmi umeleck\u00fdmi dielami. Ka\u017ed\u00fd z na\u0161ich vlastn\u00fdch no\u017eov z limitovanej ed\u00edcie je uk\u00e1\u017ekou dedi\u010dstva kvality. Bez oh\u013eadu na to, ktor\u00fd z na\u0161ich no\u017eov si vyberiete, sme si ist\u00ed, \u017ee budete s n\u00e1kupom ve\u013emi spokojn\u00ed.<\/strong><\/p>\n<p><strong>\u010eakujeme za v\u00e1\u0161 z\u00e1ujem o na\u0161e kvalitn\u00e9 no\u017ee.<\/strong><\/p>\n<p>Doprava zadarmo.<\/p>\n","protected":false},"featured_media":321991,"comment_status":"open","ping_status":"closed","template":"","meta":[],"pwb-brand":[3820],"product_brand":[],"product_cat":[3186,3197],"product_tag":[3668],"class_list":{"0":"post-322037","1":"product","2":"type-product","3":"status-publish","4":"has-post-thumbnail","6":"pwb-brand-pre-tech","7":"product_cat-noze-sk","8":"product_cat-vystrelovacie-noze-sk","9":"product_tag-b2b-sk","11":"first","12":"instock","13":"taxable","14":"shipping-taxable","15":"purchasable","16":"product-type-simple"},"brands":[{"id":3820,"name":"Pre Tech","slug":"pre-tech"}],"_links":{"self":[{"href":"https:\/\/www.moskito.cz\/sk\/wp-json\/wp\/v2\/product\/322037","targetHints":{"allow":["GET"]}}],"collection":[{"href":"https:\/\/www.moskito.cz\/sk\/wp-json\/wp\/v2\/product"}],"about":[{"href":"https:\/\/www.moskito.cz\/sk\/wp-json\/wp\/v2\/types\/product"}],"replies":[{"embeddable":true,"href":"https:\/\/www.moskito.cz\/sk\/wp-json\/wp\/v2\/comments?post=322037"}],"wp:featuredmedia":[{"embeddable":true,"href":"https:\/\/www.moskito.cz\/sk\/wp-json\/wp\/v2\/media\/321991"}],"wp:attachment":[{"href":"https:\/\/www.moskito.cz\/sk\/wp-json\/wp\/v2\/media?parent=322037"}],"wp:term":[{"taxonomy":"pwb-brand","embeddable":true,"href":"https:\/\/www.moskito.cz\/sk\/wp-json\/wp\/v2\/pwb-brand?post=322037"},{"taxonomy":"product_brand","embeddable":true,"href":"https:\/\/www.moskito.cz\/sk\/wp-json\/wp\/v2\/product_brand?post=322037"},{"taxonomy":"product_cat","embeddable":true,"href":"https:\/\/www.moskito.cz\/sk\/wp-json\/wp\/v2\/product_cat?post=322037"},{"taxonomy":"product_tag","embeddable":true,"href":"https:\/\/www.moskito.cz\/sk\/wp-json\/wp\/v2\/product_tag?post=322037"}],"curies":[{"name":"wp","href":"https:\/\/api.w.org\/{rel}","templated":true}]}}