{"id":322171,"date":"2020-12-08T21:17:07","date_gmt":"2024-03-20T10:31:08","guid":{"rendered":"https:\/\/www.moskito.cz\/produkt\/vystrelovaci-noz-beltrame-stiletto-plastic-2\/"},"modified":"2025-10-25T05:20:22","modified_gmt":"2025-10-25T04:20:22","slug":"vystrelovaci-noz-beltrame-stiletto-plastic-2","status":"publish","type":"product","link":"https:\/\/www.moskito.cz\/sk\/produkt\/vystrelovaci-noz-beltrame-stiletto-plastic-2\/","title":{"rendered":"Vystre\u013eovac\u00ed N\u00f4\u017e Beltrame Stiletto Plastic"},"content":{"rendered":"<p>Vystre\u013eovac\u00ed N\u00f4\u017e <strong>Beltrame<\/strong> Stiletto Plastic.<\/p>\n<p>Klasick\u00fd taliansky n\u00f4\u017e Stiletto Black Dagger 28 cm tradi\u010dn\u00fd taliansky n\u00f4\u017e. No\u017ee Frank Beltrame Stiletto, kompletne ru\u010dne vyroben\u00e9 pod\u013ea z\u00e1sad talianskeho remesla, sa presl\u00e1vili po celom svete v\u010faka svojej extr\u00e9mnej \u013eahkosti a odolnosti. Talianska d\u00fdka je v\u010faka svojim vlastnostiam vhodn\u00e1 na pou\u017eitie v akomko\u013evek prostred\u00ed, od lovu a\u017e po kempovanie. Pevn\u00e1, odoln\u00e1 kon\u0161trukcia, siln\u00e1 pru\u017eina otv\u00e1raj\u00faca \u010depe\u013e je znakom klasick\u00fdch talianskych pru\u017einov\u00fdch p\u00e1sov Frank Beltrame.<\/p>\n<p>Pru\u017eina &#8211; v\u00fdrobca venuje zvl\u00e1\u0161tnu pozornos\u0165 prevedeniu pru\u017einy (nerezov\u00e1 oce\u013e): \u010depe\u013e je nutn\u00e9 otvori\u0165 v priebehu nieko\u013ek\u00fdch stot\u00edn sekundy (vlastnos\u0165 no\u017eov Stiletto). Zlo\u017eka Beltrame pri otv\u00e1ran\u00ed \u010depele vyd\u00e1va charakteristick\u00fd zvuk (cvaknutie), ktor\u00fd ho odli\u0161uje od ostatn\u00fdch pru\u017einov\u00fdch no\u017eov. V tejto k\u00f3pii moment sily pri otv\u00e1ran\u00ed pr\u00edjemne \u0165ah\u00e1 rukou, \u010do ukazuje silu, ktor\u00e1 drieme v pru\u017ein\u00e1ch Beltrame.<\/p>\n<p>Z\u00e1mok &#8211; zabra\u0148uje n\u00e1hodn\u00e9mu zlo\u017eeniu alebo otvoreniu \u010depele. Otv\u00e1ranie automatick\u00e9ho no\u017ea sa vykon\u00e1va pomocou pevn\u00e9ho tla\u010didla umiestnen\u00e9ho na rukov\u00e4ti.<\/p>\n<p>\u010cepe\u013e &#8211; extr\u00e9mne ostr\u00e1, presn\u00e1 \u010depe\u013e s profilom Dagger (d\u00fdka), hr\u00fabka 3,5 mm, vyroben\u00e1 z nerezovej ocele AISI 420 MA5M, \u013eahko sa br\u00fasi, vyzna\u010duje sa vysokou odolnos\u0165ou proti kor\u00f3zii. Kalen\u00e1 oce\u013e 56 HRC. Oby\u010dajn\u00fd typ \u010depele odvoden\u00fd od ploch\u00e9ho br\u00fasenia poskytuje dobr\u00e9 rezn\u00e9 a penetra\u010dn\u00e9 vlastnosti.<\/p>\n<p>Rukov\u00e4\u0165 &#8211; pokryt\u00e1 \u010diernymi tvrd\u00fdmi polym\u00e9rov\u00fdmi v\u00fdstelkami, zakon\u010den\u00e1 le\u0161ten\u00fdm niklom, poskytuje pohodln\u00e9 a bezpe\u010dn\u00e9 uchopenie. Vn\u00fatorn\u00e1 \u010das\u0165 rukov\u00e4te je zakon\u010den\u00e1 mosadzn\u00fdmi vlo\u017ekami zvy\u0161uj\u00facimi estetick\u00fa hodnotu. Bezpe\u010dnos\u0165 pou\u017e\u00edvania zvy\u0161uje ergonomick\u00fd tvar rukov\u00e4te, ktor\u00fd zabra\u0148uje sk\u013aznutiu ruky pri pr\u00e1ci. Nity z mosadze.<\/p>\n<p>Technick\u00e9 \u00fadaje:<br \/>\n\u010c\u00edslo v\u00fdrobku: FB 28\/37<br \/>\nN\u00e1zov: Classic Italian Stiletto Black Dagger 28<br \/>\nTyp ocele: AISI 420 MA5M<br \/>\nTvrdos\u0165 \u010depele Rockwell: 56 HRC<br \/>\nD\u013a\u017eka \u010depele: 12 cm \/ 4,72&#8243;<br \/>\nHr\u00fabka \u010depele: 0.35 cm \/ 1,13&#8243;<br \/>\nCelkov\u00e1 d\u013a\u017eka: 28 cm \/ 11,02 &#8220;<br \/>\nHmotnos\u0165: 125 g \/ 4,19 oz<br \/>\n\u010cepe\u013e: Hladk\u00e1<br \/>\nTyp \u010depele: D\u00fdka (d\u00fdka)<br \/>\nZ\u00e1mok no\u017ea: \u00c1no<br \/>\nTyp rukov\u00e4te: Plast<br \/>\nV\u00fdrobca: F.LLI Beltrame, Taliansko<\/p>\n<p>No\u017ee <strong>Beltrame<\/strong> sa vyr\u00e1baj\u00fa v Taliansku od roku 1953. Firmu zalo\u017eil Frank Beltram. Tajomstvo v\u00fdroby t\u00fdchto Stiletto no\u017eov, je s\u00fa\u010das\u0165ou hist\u00f3rie Maniago, ktor\u00e9 bolo odovzd\u00e1van\u00e9 z otca na syna. Frank u\u017e ako mal\u00fd chlapec pom\u00e1hal v tov\u00e1rni svojho otca, kde nesk\u00f4r za\u010dal pracova\u0165 ako otcov u\u010de\u0148. Okrem toho nav\u0161tevoval \u0161kolu tradi\u010dn\u00e9ho no\u017eiarstva, kde sa u\u010dil v\u0161etko o r\u00f4znych materi\u00e1loch, o najnov\u0161\u00edch technol\u00f3gi\u00e1ch spracovania ao r\u00f4znych \u0161t\u00fdloch dizajnu. V roku 1958 Frank a jeho rodina za\u010dali vyr\u00e1ba\u0165 automatick\u00e9 no\u017ee. Rok po tom, \u010do pri pr\u00e1ci v tov\u00e1rni zomrel Frankov otec na infarkt, si Frank zalo\u017eil firmu Beltrame. V nasleduj\u00facich rokoch pokra\u010doval v \u0161t\u00fadiu a v\u00fdskume o no\u017eoch, vhodn\u00fdch materi\u00e1loch a dizajne. Po kr\u00e1tkom \u010dase sa objavili na trhu lacn\u00e9 napodobeniny z Taiwanu, tradi\u010dn\u00fdch talianskych no\u017eov Stiletto. Tak\u017ee Frank musel \u010deli\u0165 nov\u00e9mu probl\u00e9mu. Na\u0161\u0165astie kvalita t\u00fdchto lacn\u00fdch no\u017eov hovor\u00ed sama za seba, ka\u017ed\u00fd zberate\u013e vie, \u017ee nie je mo\u017en\u00e9 ich porovna\u0165 so skuto\u010dnou Beltrame d\u00fdkou. No\u017ee Beltrame z\u00edskali uznanie najn\u00e1ro\u010dnej\u0161\u00edch z\u00e1kazn\u00edkov vo svete v\u010faka Frankovej v\u00e1\u0161ni pre tieto no\u017ee. Pri v\u00fdrobe no\u017eov vyu\u017e\u00edva svoje dlhoro\u010dn\u00e9 sk\u00fasenosti, ktor\u00e9 nadobudol u\u017e v ranom veku. V roku 2005 no\u017ee Beltrame z\u00edskali certifik\u00e1t kvality Maniago, ktor\u00fdm prekro\u010dili eur\u00f3pske normy kvality. To znamen\u00e1, \u017ee tieto no\u017ee s\u00fa ka\u017ed\u00fd rok testovan\u00e9 na kvalitu materi\u00e1lu.<\/p>\n<p>Swivel bolster vyroben\u00fd z bezfarebnej steel alebo nikel strieborn\u00e1 sa pou\u017e\u00edva na zablokovanie blade, tie\u017e vyroben\u00fd z bezfarebnej ocele AISI 420 bezfarebn\u00fd MA5M HRC 56. Otvorenie je vytvoren\u00e9 tla\u010didlom umiestnen\u00fdm v strede handle.<\/p>\n<p>Description<br \/>\nSwivel bolster vyroben\u00fd z bezfarebnej steel alebo nikel strieborn\u00e1 sa pou\u017e\u00edva na zablokovanie blade, tie\u017e vyroben\u00fd z bezfarebnej ocele AISI 420 bezfarebn\u00fd MA5M HRC 56. Otvorenie je vytvoren\u00e9 tla\u010didlom umiestnen\u00fdm v strede handle.<br \/>\nRuky m\u00f4\u017eu by\u0165 farebn\u00e9 plastov\u00e9 biele, \u010dierne \u010derven\u00e9, modr\u00e9 a zelen\u00e9, dark horn, blond horn a braz\u00edlsky horn, palisandr, cocobolo, olivov\u00e9 drevo, snakewood, stag, bone, abalone a matka perla.<br \/>\nLiners s\u00fa vyroben\u00e9 z mosadze a na jar s\u00fa vyroben\u00e9 z pevnej ocele assemblovan\u00e9 a zlo\u017een\u00e9 manu\u00e1lne <strong>Frank Beltrame<\/strong> , never by a machine .<br \/>\nRivety na ruk\u00e1ch s\u00fa vyroben\u00e9 z brass<br \/>\nTento klasick\u00fd model je navrhnut\u00fd hand-assembled s presnos\u0165ou a accuracy a m\u00e1 handcrafted finis.<\/p>\n","protected":false},"excerpt":{"rendered":"<p>No\u017ee <strong>Beltrame<\/strong> sa vyr\u00e1baj\u00fa v Taliansku od roku 1953. Firmu zalo\u017eil Frank Beltram. Tajomstvo v\u00fdroby t\u00fdchto Stiletto no\u017eov, je s\u00fa\u010das\u0165ou hist\u00f3rie Maniago, ktor\u00e9 bolo odovzd\u00e1van\u00e9 z otca na syna.<br \/>\n<strong>Made in Italy.<\/strong><\/p>\n","protected":false},"featured_media":256958,"comment_status":"open","ping_status":"closed","template":"","meta":[],"pwb-brand":[3536],"product_brand":[],"product_cat":[3186,3197],"product_tag":[3668],"class_list":{"0":"post-322171","1":"product","2":"type-product","3":"status-publish","4":"has-post-thumbnail","6":"pwb-brand-beltrame-sk","7":"product_cat-noze-sk","8":"product_cat-vystrelovacie-noze-sk","9":"product_tag-b2b-sk","11":"first","12":"outofstock","13":"taxable","14":"shipping-taxable","15":"purchasable","16":"product-type-simple"},"brands":[{"id":3536,"name":"Beltrame","slug":"beltrame-sk"}],"_links":{"self":[{"href":"https:\/\/www.moskito.cz\/sk\/wp-json\/wp\/v2\/product\/322171","targetHints":{"allow":["GET"]}}],"collection":[{"href":"https:\/\/www.moskito.cz\/sk\/wp-json\/wp\/v2\/product"}],"about":[{"href":"https:\/\/www.moskito.cz\/sk\/wp-json\/wp\/v2\/types\/product"}],"replies":[{"embeddable":true,"href":"https:\/\/www.moskito.cz\/sk\/wp-json\/wp\/v2\/comments?post=322171"}],"wp:featuredmedia":[{"embeddable":true,"href":"https:\/\/www.moskito.cz\/sk\/wp-json\/wp\/v2\/media\/256958"}],"wp:attachment":[{"href":"https:\/\/www.moskito.cz\/sk\/wp-json\/wp\/v2\/media?parent=322171"}],"wp:term":[{"taxonomy":"pwb-brand","embeddable":true,"href":"https:\/\/www.moskito.cz\/sk\/wp-json\/wp\/v2\/pwb-brand?post=322171"},{"taxonomy":"product_brand","embeddable":true,"href":"https:\/\/www.moskito.cz\/sk\/wp-json\/wp\/v2\/product_brand?post=322171"},{"taxonomy":"product_cat","embeddable":true,"href":"https:\/\/www.moskito.cz\/sk\/wp-json\/wp\/v2\/product_cat?post=322171"},{"taxonomy":"product_tag","embeddable":true,"href":"https:\/\/www.moskito.cz\/sk\/wp-json\/wp\/v2\/product_tag?post=322171"}],"curies":[{"name":"wp","href":"https:\/\/api.w.org\/{rel}","templated":true}]}}