{"id":322519,"date":"2023-01-05T22:31:16","date_gmt":"2024-03-20T11:00:45","guid":{"rendered":"https:\/\/www.moskito.cz\/produkt\/zatvaraci-noz-andre-de-villiers-bowie-copper-acid-rain-frag\/"},"modified":"2025-05-07T11:07:12","modified_gmt":"2025-05-07T10:07:12","slug":"zatvaraci-noz-andre-de-villiers-bowie-copper-acid-rain-frag","status":"publish","type":"product","link":"https:\/\/www.moskito.cz\/sk\/produkt\/zatvaraci-noz-andre-de-villiers-bowie-copper-acid-rain-frag\/","title":{"rendered":"Zatv\u00e1rac\u00ed N\u00f4\u017e Andre De Villiers BOWIE COPPER ACID RAIN FRAG"},"content":{"rendered":"<p>Zatv\u00e1rac\u00ed N\u00f4\u017e <strong>Andre De Villiers<\/strong> BOWIE COPPER ACID RAIN FRAG.<\/p>\n<p>Bowie je tak hroziv\u00fd, ako len zatv\u00e1rac\u00ed n\u00f4\u017e m\u00f4\u017ee dosta\u0165. Je vybaven\u00fd nielen zastra\u0161uj\u00facim vzh\u013eadom, ale aj sadou funkci\u00ed, ktor\u00e9 mu umo\u017e\u0148uj\u00fa za\u017eiari\u0165 ako taktick\u00fd a\/alebo n\u00e1stroj na pre\u017eitie. Akon\u00e1hle sa dostanete cez \u010depe\u013e Bowie, ktor\u00e1 d\u00e1va Badlands jeho meno, m\u00e1te sadu dvojit\u00fdch plutiev, rovnako ako DF Pathfinder, \u010do z neho rob\u00ed skuto\u010dn\u00fd bojov\u00fd n\u00f4\u017e. Rovnako ako Emerson Wave, plutva na chrbte \u010depele n\u00f4\u017e automaticky otvor\u00ed po vytiahnut\u00ed z vrecka, ale nebol na to navrhnut\u00fd. P\u00f4vodne bol Wave ur\u010den\u00fd pre skuto\u010dn\u00fd boj s no\u017eom a chr\u00e1nil chrb\u00e1t va\u0161ej ruky, pokia\u013e ostrie v\u00e1\u0161ho protivn\u00edka sleduje va\u0161u chrbticu.<\/p>\n<p>\u010eal\u0161ou vecou, \u200b\u200bktor\u00e1 tento n\u00f4\u017e odli\u0161uje od ostatn\u00fdch taktick\u00fdch preveden\u00ed, je ergon\u00f3mia. Je pravda, \u017ee mnoho rukov\u00e4t\u00ed ADV je podobn\u00fdch, ale t\u00e1to je z\u010faleka najpohodlnej\u0161ia, ak\u00fa sme kedy c\u00edtili. Pridanie dr\u00e1\u017eky pre druh\u00fd prst a mierne zakrivenie celkov\u00e9ho tvaru (oboje nen\u00e1jdete na p\u00f4vodnom Butcherovi) rob\u00ed tento n\u00f4\u017e extr\u00e9mne pr\u00edjemn\u00fdm pri dr\u017ean\u00ed a pou\u017e\u00edvan\u00ed. Vyzna\u010duje sa \u010dapom s guli\u010dkov\u00fdm lo\u017eiskom, vreckovou sponou s val\u010dekovou guli\u010dkou, vymenite\u013enou vlo\u017ekou z\u00e1mku \/ tlmi\u010dom prejdenia a vsaden\u00fdm \u010dapom skrutky Torx, \u010do je charakteristick\u00e1 vlastnos\u0165 Andreovej pr\u00e1ce. Paul Hogan by s\u00fahlasil; &#8222;Toto je n\u00f4\u017e!&#8220;<\/p>\n<p>\u0160pecifik\u00e1cia<br \/>\nCelkov\u00e1 d\u013a\u017eka: 23 cm<br \/>\nD\u013a\u017eka \u010depele: 10 cm<br \/>\nHr\u00fabka \u010depele: 0.5 cm<br \/>\nMateri\u00e1l \u010depele:: CPM S35VN<br \/>\nMateri\u00e1l rukov\u00e4te:: Titan<br \/>\nHmotnos\u0165: 8,62 oz.<br \/>\nU\u017e\u00edvate\u013e: Prav\u00e1 ruka, \u013eav\u00e1 ruka<br \/>\nVreckov\u00fd klip: 3 cestn\u00fd reverzibiln\u00fd<br \/>\nTyp no\u017ea: Manu\u00e1l<br \/>\nOtv\u00e1ra\u010d: Flipper, Nail Nick<br \/>\nTyp z\u00e1mku: Z\u00e1mok r\u00e1mu<br \/>\nZna\u010dka: Andr\u00e9 de Villiers<br \/>\nNajlep\u0161ie pou\u017eitie: Ka\u017edodenn\u00e9 nosenie, taktick\u00e9<\/p>\n<p>&nbsp;<\/p>\n","protected":false},"excerpt":{"rendered":"<p>N\u00f4\u017e <strong>AdV<\/strong> m\u00e1 plynul\u00e9 otv\u00e1ranie s tit\u00e1nov\u00fdm r\u00e1mov\u00fdm z\u00e1mkom.<\/p>\n","protected":false},"featured_media":236999,"comment_status":"open","ping_status":"closed","template":"","meta":[],"pwb-brand":[3244],"product_brand":[],"product_cat":[3186,3233],"product_tag":[3668],"class_list":{"0":"post-322519","1":"product","2":"type-product","3":"status-publish","4":"has-post-thumbnail","6":"pwb-brand-zatvaraci-noz-andre-de-villiers-tanto-s35vn-satin-tanto-blade-acid-rain-frag-milled-titanium","7":"product_cat-noze-sk","8":"product_cat-zatvaracie-noze","9":"product_tag-b2b-sk","11":"first","12":"instock","13":"taxable","14":"shipping-taxable","15":"purchasable","16":"product-type-simple"},"brands":[{"id":3244,"name":"Zatv\u00e1rac\u00ed N\u00f4\u017e Andre De Villiers Tanto S35VN Satin Tanto Blade Acid Rain Frag Milled Titanium","slug":"zatvaraci-noz-andre-de-villiers-tanto-s35vn-satin-tanto-blade-acid-rain-frag-milled-titanium"}],"_links":{"self":[{"href":"https:\/\/www.moskito.cz\/sk\/wp-json\/wp\/v2\/product\/322519","targetHints":{"allow":["GET"]}}],"collection":[{"href":"https:\/\/www.moskito.cz\/sk\/wp-json\/wp\/v2\/product"}],"about":[{"href":"https:\/\/www.moskito.cz\/sk\/wp-json\/wp\/v2\/types\/product"}],"replies":[{"embeddable":true,"href":"https:\/\/www.moskito.cz\/sk\/wp-json\/wp\/v2\/comments?post=322519"}],"wp:featuredmedia":[{"embeddable":true,"href":"https:\/\/www.moskito.cz\/sk\/wp-json\/wp\/v2\/media\/236999"}],"wp:attachment":[{"href":"https:\/\/www.moskito.cz\/sk\/wp-json\/wp\/v2\/media?parent=322519"}],"wp:term":[{"taxonomy":"pwb-brand","embeddable":true,"href":"https:\/\/www.moskito.cz\/sk\/wp-json\/wp\/v2\/pwb-brand?post=322519"},{"taxonomy":"product_brand","embeddable":true,"href":"https:\/\/www.moskito.cz\/sk\/wp-json\/wp\/v2\/product_brand?post=322519"},{"taxonomy":"product_cat","embeddable":true,"href":"https:\/\/www.moskito.cz\/sk\/wp-json\/wp\/v2\/product_cat?post=322519"},{"taxonomy":"product_tag","embeddable":true,"href":"https:\/\/www.moskito.cz\/sk\/wp-json\/wp\/v2\/product_tag?post=322519"}],"curies":[{"name":"wp","href":"https:\/\/api.w.org\/{rel}","templated":true}]}}