{"id":323036,"date":"2024-03-20T14:41:31","date_gmt":"2024-03-20T13:44:07","guid":{"rendered":"https:\/\/www.moskito.cz\/produkt\/pevny-noz-spartan-blades-harsey-difensa\/"},"modified":"2025-05-07T11:07:26","modified_gmt":"2025-05-07T10:07:26","slug":"pevny-noz-spartan-blades-harsey-difensa","status":"publish","type":"product","link":"https:\/\/www.moskito.cz\/sk\/produkt\/pevny-noz-spartan-blades-harsey-difensa\/","title":{"rendered":"Pevn\u00fd N\u00f4\u017e Spartan Blades Harsey Difensa"},"content":{"rendered":"<p>Pevn\u00fd N\u00f4\u017e <strong>Spartan Blades<\/strong> Harsey Difensa.<\/p>\n<p><strong>Spartan Blades | Harsey Difensa<\/strong><\/p>\n<p>V roku 1943 sa v Taliansku odohrala bitka medzi americkou\/kanadskou prvou \u0161peci\u00e1lnou jednotkou a nemeck\u00fdmi jednotkami. Odv\u00e1\u017eny v\u00fdkon americk\u00fdch a kanadsk\u00fdch s\u00edl, zn\u00e1my ako bitka o Monte la Difensa, bol nevyhnutn\u00fd pre pr\u00edpadn\u00e9 v\u00ed\u0165azstvo spojencov v Taliansku.<\/p>\n<p>Ke\u010f kanadsk\u00e9 \u0161peci\u00e1lne jednotky poverili <strong>Spartan Blades<\/strong> a majstra no\u017eiara Williama Harseyho, aby pre nich vyrobil \u010depe\u013e, vedeli sme, \u017ee chceme vytvori\u0165 nie\u010do \u0161peci\u00e1lne. Na\u0161\u00edm cie\u013eom bolo vytvori\u0165 n\u00f4\u017e, ktor\u00fd by v nadch\u00e1dzaj\u00facich rokoch dobre sl\u00fa\u017eil ich \u0161peci\u00e1lnym jednotk\u00e1m \u2013 ako v severn\u00fdch lesoch ich domoviny, tak aj na celosvetovom nasaden\u00ed. V\u00fdsledkom bol spar\u0165ansk\u00fd Harsey Difensa, pomenovan\u00fd po nesl\u00e1vnom a tvrdo vybojovanom v\u00ed\u0165azstve dosiahnutom spolupr\u00e1cou kanadsk\u00fdch a americk\u00fdch s\u00edl.<\/p>\n<p>N\u00e1zov vypoved\u00e1 o vynikaj\u00facom v\u0161estrannom pou\u017eit\u00ed tohto taktick\u00e9ho no\u017ea na poli a na bojovom poli. Profil hrotu o\u0161tepu tohto ru\u010dne vyr\u00e1ban\u00e9ho no\u017ea je ploch\u00fd br\u00fasen\u00fd, so skosenou hornou hranou, ktor\u00e1 zais\u0165uje vynikaj\u00facu pevnos\u0165 hrotu, rovnov\u00e1hu prieniku a schopnos\u0165 \u010dist\u00e9ho rezania.<\/p>\n<p>Pln\u00e1 rukov\u00e4\u0165 a rukov\u00e4\u0165 <strong>Spartan Harsey Difensa<\/strong> umo\u017e\u0148uj\u00fa neutr\u00e1lnu rovnov\u00e1hu v ruke u\u017e\u00edvate\u013ea. V kombin\u00e1cii s text\u00farovanou, ergonomickou pl\u00e1tenou rukov\u00e4\u0165ou Micarta \u2013 upravenou z n\u00e1\u0161ho Modelu II bez zadn\u00e9ho ryhovania \u2013 tento z\u00e1kazkov\u00fd bojov\u00fd n\u00f4\u017e pon\u00faka dr\u017eite\u013eovi pohodln\u00fd a ist\u00fd \u00fachop za mokra aj za sucha.<\/p>\n<p>\u0160pecifik\u00e1cia:<br \/>\nCelkov\u00e1 d\u013a\u017eka: 29.52 cm<br \/>\nD\u013a\u017eka \u010depele: 15.87 cm<br \/>\nHr\u00fabka \u010depele: 0,47 cm<br \/>\nOce\u013e \u010depele: CPM S45VN @ 59-60 HRC<br \/>\nPovrchov\u00e1 \u00faprava \u010depele: Povrchov\u00e1 \u00faprava FDE<br \/>\n\u0160t\u00fdl \u010depele: Spear Point<br \/>\n\u0160t\u00fdl okraja: Oby\u010dajn\u00fd<br \/>\nMateri\u00e1l rukov\u00e4te: \u010cierna Micarta<br \/>\nHmotnos\u0165: 11,36 oz (322,06 g)<br \/>\nTang: Pln\u00fd<br \/>\nV\u00fdrobca Ref. #: SB19DEBKNLMC<br \/>\nKrajina p\u00f4vodu: USA<\/p>\n<p><iframe title=\"Spartan Blades Company Knife Company Story with Co-Founders Mark Carey and Curtis Iovito.\" width=\"800\" height=\"450\" src=\"https:\/\/www.youtube.com\/embed\/S-EVJgZR57Y?feature=oembed\" frameborder=\"0\" allow=\"accelerometer; autoplay; clipboard-write; encrypted-media; gyroscope; picture-in-picture; web-share\" allowfullscreen><\/iframe><\/p>\n<p>&nbsp;<\/p>\n","protected":false},"excerpt":{"rendered":"<p>Pevn\u00fd N\u00f4\u017e Spartan Blades Harsey Difensa. Spartan Blades | Harsey Difensa V roku 1943 sa v Taliansku odohrala bitka medzi americkou\/kanadskou prvou \u0161peci\u00e1lnou jednotkou a nemeck\u00fdmi jednotkami. Odv\u00e1\u017eny v\u00fdkon americk\u00fdch a kanadsk\u00fdch s\u00edl, zn\u00e1my ako bitka o Monte la Difensa, bol nevyhnutn\u00fd pre pr\u00edpadn\u00e9 v\u00ed\u0165azstvo spojencov v Taliansku. Ke\u010f kanadsk\u00e9 \u0161peci\u00e1lne jednotky poverili Spartan Blades [&hellip;]<\/p>\n","protected":false},"featured_media":323007,"comment_status":"open","ping_status":"closed","template":"","meta":[],"pwb-brand":[3835],"product_brand":[],"product_cat":[3186,3187],"product_tag":[3668],"class_list":{"0":"post-323036","1":"product","2":"type-product","3":"status-publish","4":"has-post-thumbnail","6":"pwb-brand-spartan-blades-sk","7":"product_cat-noze-sk","8":"product_cat-pevne-noze-sk","9":"product_tag-b2b-sk","11":"first","12":"outofstock","13":"taxable","14":"shipping-taxable","15":"purchasable","16":"product-type-simple"},"brands":[{"id":3835,"name":"Spartan Blades","slug":"spartan-blades-sk"}],"_links":{"self":[{"href":"https:\/\/www.moskito.cz\/sk\/wp-json\/wp\/v2\/product\/323036","targetHints":{"allow":["GET"]}}],"collection":[{"href":"https:\/\/www.moskito.cz\/sk\/wp-json\/wp\/v2\/product"}],"about":[{"href":"https:\/\/www.moskito.cz\/sk\/wp-json\/wp\/v2\/types\/product"}],"replies":[{"embeddable":true,"href":"https:\/\/www.moskito.cz\/sk\/wp-json\/wp\/v2\/comments?post=323036"}],"wp:featuredmedia":[{"embeddable":true,"href":"https:\/\/www.moskito.cz\/sk\/wp-json\/wp\/v2\/media\/323007"}],"wp:attachment":[{"href":"https:\/\/www.moskito.cz\/sk\/wp-json\/wp\/v2\/media?parent=323036"}],"wp:term":[{"taxonomy":"pwb-brand","embeddable":true,"href":"https:\/\/www.moskito.cz\/sk\/wp-json\/wp\/v2\/pwb-brand?post=323036"},{"taxonomy":"product_brand","embeddable":true,"href":"https:\/\/www.moskito.cz\/sk\/wp-json\/wp\/v2\/product_brand?post=323036"},{"taxonomy":"product_cat","embeddable":true,"href":"https:\/\/www.moskito.cz\/sk\/wp-json\/wp\/v2\/product_cat?post=323036"},{"taxonomy":"product_tag","embeddable":true,"href":"https:\/\/www.moskito.cz\/sk\/wp-json\/wp\/v2\/product_tag?post=323036"}],"curies":[{"name":"wp","href":"https:\/\/api.w.org\/{rel}","templated":true}]}}