{"id":323173,"date":"2024-03-20T15:44:46","date_gmt":"2024-03-20T14:54:31","guid":{"rendered":"https:\/\/www.moskito.cz\/produkt\/pevny-noz-spartan-blades-professional-grade-machai-sbsl002bkbk\/"},"modified":"2025-05-07T11:07:29","modified_gmt":"2025-05-07T10:07:29","slug":"pevny-noz-spartan-blades-professional-grade-machai-sbsl002bkbk","status":"publish","type":"product","link":"https:\/\/www.moskito.cz\/sk\/produkt\/pevny-noz-spartan-blades-professional-grade-machai-sbsl002bkbk\/","title":{"rendered":"Pevn\u00fd N\u00f4\u017e Spartan Blades Professional Grade Machai SBSL002BKBK"},"content":{"rendered":"<p>Pevn\u00fd N\u00f4\u017e <strong>Spartan Blades<\/strong> Professional Grade Machai SBSL002BKBK.<\/p>\n<p>Predstavujeme <strong>Machai<\/strong> , meno zodpovedaj\u00face jeho \u00falohe impozantn\u00e9ho sekacieho n\u00e1stroja in\u0161pirovan\u00e9ho d\u00e9monmi bitky v gr\u00e9ckej mytol\u00f3gii. Machai, vytvoren\u00fd sk\u00fasen\u00fdmi remeseln\u00edkmi v KA-BAR Knives v Olean, NY, USA, vzd\u00e1va hold svojim m\u00fdtick\u00fdm kore\u0148om v\u010faka designu, ktor\u00fd vynik\u00e1 v boji a kosen\u00ed. Kon\u0161trukcia s plnou t\u00e1ng a predn\u00e9 vyv\u00e1\u017eenie tohto ploch\u00e9ho br\u00fasen\u00e9ho kot\u00fa\u010da zlep\u0161uj\u00fa jeho schopnos\u0165 kosenia, \u010do z neho rob\u00ed ide\u00e1lneho spolo\u010dn\u00edka pre t\u00fdch, ktor\u00ed h\u013eadaj\u00fa robustn\u00fd a spo\u013eahliv\u00fd n\u00e1stroj.<\/p>\n<p>K\u013e\u00fa\u010dov\u00e9 vlastnosti:<\/p>\n<p>Dizajn \u010depele: Vysok\u00e1 hmotnos\u0165 a znovu zakriven\u00fd profil v kombin\u00e1cii s reverzn\u00fdm pevn\u00fdm\/recurve\/ploch\u00fdm br\u00fasen\u00edm vytv\u00e1ra \u010depe\u013e optimalizovan\u00fa pre efekt\u00edvne kosenie a bojov\u00e9 scen\u00e1re.<br \/>\nBlade Steel: Kovan\u00e1 z 1095 Cro-Van ocele nemeck\u00e9ho p\u00f4vodu, Machai zais\u0165uje odolnos\u0165 a pevnos\u0165. \u010cierny pr\u00e1\u0161kov\u00fd lak dod\u00e1va nielen nen\u00e1padn\u00fd vzh\u013ead, ale taktie\u017e zvy\u0161uje odolnos\u0165 proti kor\u00f3zii.<br \/>\nRukov\u00e4\u0165: Ergonomick\u00e1 a text\u00farovan\u00e1 pl\u00e1ten\u00e1 rukov\u00e4\u0165 Micarta v \u010diernej alebo zelenej farbe poskytuje pohodln\u00fd a ist\u00fd \u00fachop v r\u00f4znych podmienkach, \u010di u\u017e za mokra alebo za sucha.<br \/>\nKon\u0161trukcia Full Tang: Kon\u0161trukcia Full Tang zvy\u0161uje celkov\u00fa pevnos\u0165 a odolnos\u0165 no\u017ea a prispieva k jeho robustn\u00e9mu v\u00fdkonu v n\u00e1ro\u010dn\u00fdch situ\u00e1ci\u00e1ch.<br \/>\nP\u00f4vod: Hrdo vyroben\u00e9 v Amerike spolo\u010dnos\u0165ou KA-BAR Knives, ktor\u00e1 je zn\u00e1ma svojim z\u00e1v\u00e4zkom ku kvalitn\u00e9mu remeseln\u00e9mu spracovaniu.<\/p>\n<p>\u0160pecifik\u00e1cia:<\/p>\n<p>D\u013a\u017eka \u010depele: <span id=\"cwos\" class=\"qv3Wpe\">16.55<\/span> m<br \/>\nD\u013a\u017eka rukov\u00e4te: <span id=\"cwos\" class=\"qv3Wpe\">12.32<\/span> cm<br \/>\nCelkov\u00e1 d\u013a\u017eka: 29 cm<br \/>\nMateri\u00e1l \u010depele: 1095 Cro-Van uhl\u00edkov\u00e1 oce\u013e<br \/>\nTvrdos\u0165 \u010depele: 56-58HRC<br \/>\n\u0160t\u00fdl \u010depele: Recurve<br \/>\nBr\u00fasenie \u010depele: Ploch\u00e9<br \/>\nPovrchov\u00e1 \u00faprava \u010depele: \u010dierny pr\u00e1\u0161kov\u00fd lak<br \/>\nMateri\u00e1l rukov\u00e4te: Black CE Canvas Micarta<br \/>\nMateri\u00e1l pl\u00e1\u0161\u0165a: Vstrekovan\u00fd s akt\u00edvnou palcovou p\u00e1kou<br \/>\nHmotnos\u0165: 10,8 oz.<br \/>\nHmotnos\u0165 s puzdrom: 15,7 oz.<br \/>\nDizajn\u00e9r: Curtis Iovito<br \/>\nVyroben\u00e9 v USA<\/p>\n<p><iframe title=\"Spartan Blades Company Knife Company Story with Co-Founders Mark Carey and Curtis Iovito.\" width=\"800\" height=\"450\" src=\"https:\/\/www.youtube.com\/embed\/S-EVJgZR57Y?feature=oembed\" frameborder=\"0\" allow=\"accelerometer; autoplay; clipboard-write; encrypted-media; gyroscope; picture-in-picture; web-share\" allowfullscreen><\/iframe><\/p>\n<p>&nbsp;<\/p>\n","protected":false},"excerpt":{"rendered":"<p><strong>Predstavujeme Machai, meno zodpovedaj\u00face jeho \u00falohe impozantn\u00e9ho sekacieho n\u00e1stroja in\u0161pirovan\u00e9ho d\u00e9monmi bitky v gr\u00e9ckej mytol\u00f3gii.<\/strong><\/p>\n<p><strong>Doprava zadarmo.<\/strong><\/p>\n","protected":false},"featured_media":323121,"comment_status":"open","ping_status":"closed","template":"","meta":[],"pwb-brand":[3835],"product_brand":[],"product_cat":[3186,3187],"product_tag":[3668],"class_list":{"0":"post-323173","1":"product","2":"type-product","3":"status-publish","4":"has-post-thumbnail","6":"pwb-brand-spartan-blades-sk","7":"product_cat-noze-sk","8":"product_cat-pevne-noze-sk","9":"product_tag-b2b-sk","11":"first","12":"instock","13":"taxable","14":"shipping-taxable","15":"purchasable","16":"product-type-simple"},"brands":[{"id":3835,"name":"Spartan Blades","slug":"spartan-blades-sk"}],"_links":{"self":[{"href":"https:\/\/www.moskito.cz\/sk\/wp-json\/wp\/v2\/product\/323173","targetHints":{"allow":["GET"]}}],"collection":[{"href":"https:\/\/www.moskito.cz\/sk\/wp-json\/wp\/v2\/product"}],"about":[{"href":"https:\/\/www.moskito.cz\/sk\/wp-json\/wp\/v2\/types\/product"}],"replies":[{"embeddable":true,"href":"https:\/\/www.moskito.cz\/sk\/wp-json\/wp\/v2\/comments?post=323173"}],"wp:featuredmedia":[{"embeddable":true,"href":"https:\/\/www.moskito.cz\/sk\/wp-json\/wp\/v2\/media\/323121"}],"wp:attachment":[{"href":"https:\/\/www.moskito.cz\/sk\/wp-json\/wp\/v2\/media?parent=323173"}],"wp:term":[{"taxonomy":"pwb-brand","embeddable":true,"href":"https:\/\/www.moskito.cz\/sk\/wp-json\/wp\/v2\/pwb-brand?post=323173"},{"taxonomy":"product_brand","embeddable":true,"href":"https:\/\/www.moskito.cz\/sk\/wp-json\/wp\/v2\/product_brand?post=323173"},{"taxonomy":"product_cat","embeddable":true,"href":"https:\/\/www.moskito.cz\/sk\/wp-json\/wp\/v2\/product_cat?post=323173"},{"taxonomy":"product_tag","embeddable":true,"href":"https:\/\/www.moskito.cz\/sk\/wp-json\/wp\/v2\/product_tag?post=323173"}],"curies":[{"name":"wp","href":"https:\/\/api.w.org\/{rel}","templated":true}]}}