{"id":323302,"date":"2024-03-20T20:46:05","date_gmt":"2024-03-20T19:47:20","guid":{"rendered":"https:\/\/www.moskito.cz\/produkt\/zatvaraci-noz-pro-tech-shot-show-2024-malibu\/"},"modified":"2025-05-07T11:07:31","modified_gmt":"2025-05-07T10:07:31","slug":"zatvaraci-noz-pro-tech-shot-show-2024-malibu","status":"publish","type":"product","link":"https:\/\/www.moskito.cz\/sk\/produkt\/zatvaraci-noz-pro-tech-shot-show-2024-malibu\/","title":{"rendered":"Zatv\u00e1rac\u00ed N\u00f4\u017e Pro-Tech SHOT Show 2024 Malibu"},"content":{"rendered":"<p>Zatv\u00e1rac\u00ed N\u00f4\u017e <strong>Pro-Tech<\/strong> SHOT Show 2024 Malibu.<\/p>\n<p><strong>Malibu<\/strong>, zv\u00fdraznen\u00fd svojou hodv\u00e1bne hladkou akciou a \u013eahkou povahou, je silou EDC, s ktorou treba po\u010d\u00edta\u0165. Reverzn\u00e1 tanto \u010depe\u013e je obzvl\u00e1\u0161\u0165 dobr\u00e1 pre \u00fa\u017eitkov\u00e9 \u00falohy s miernym bruchom a silnou u\u017eito\u010dnou \u0161pi\u010dkou. Ergonomick\u00e1 rukov\u00e4\u0165 je z fr\u00e9zovan\u00e9ho hlin\u00edka so skosen\u00fdm tvarom a dr\u00e1\u017ekami pre prsty, ktor\u00e9 skuto\u010dne umo\u017e\u0148uj\u00fa pevn\u00fd, nek\u013azav\u00fd \u00fachop. Hlbok\u00e1 spona na pren\u00e1\u0161anie je nastaven\u00e1 na nosenie v pravej ruke so sklopen\u00edm av jednodielnej rukov\u00e4ti v\u00e1hy\/backspaceru je zabudovan\u00fd mal\u00fd otvor pre \u0161n\u00farku. Trochu n\u00e1m to pripom\u00edna Kershaw Leek a Benchmade 940&#8230; dva z najlep\u0161\u00edch EDC no\u017eov, ktor\u00e9 s\u00fa k dispoz\u00edcii, a mysl\u00edme si, \u017ee si ved\u013ea t\u00fdchto elektr\u00e1rn\u00ed v \u017eiadnom momente n\u00e1jdu domov. Tento model je vybaven\u00fd dymovo \u0161edou DLC reverznou tanto \u010depe\u013eou a \u010diernymi hlin\u00edkov\u00fdmi \u0161upinami s bielym perle\u0165ov\u00fdm tla\u010didlom.  <strong>Vyroben\u00fdch bolo iba 100 kusov.<\/strong><\/p>\n<p>\u0160pecifik\u00e1cia:<br \/>\nD\u013a\u017eka \u010depele: 8.25 cm<br \/>\nD\u013a\u017eka v zatvorenom stave: 10.5 cm<br \/>\nCelkov\u00e1 d\u013a\u017eka: 19 cm<br \/>\nMateri\u00e1l \u010depele: CPM-20CV Nerezov\u00e1 oce\u013e<br \/>\nHr\u00fabka \u010depele: 0,125&#8243;<br \/>\n\u0160t\u00fdl \u010depele: Reverse Tanto<br \/>\nBr\u00fasenie \u010depele: Ploch\u00e9<br \/>\nPovrchov\u00e1 \u00faprava \u010depele: DLC Smokey Grey<br \/>\nMateri\u00e1l rukov\u00e4te: \u010dierny hlin\u00edk T6-6061<br \/>\nHr\u00fabka rukov\u00e4te: 0,49&#8243;<br \/>\nUzamykac\u00ed mechanizmus: Biele perle\u0165ov\u00e9 tla\u010didlo<br \/>\nZostava \u010dapu: Lo\u017eisk\u00e1<br \/>\nVreckov\u00fd klip: Vykl\u00e1pacie, nosenie v pravej ruke<br \/>\nHmotnos\u0165: 3,1 oz.<br \/>\nVyroben\u00e9 v USA<\/p>\n<p><iframe title=\"Meet Pro-Tech Knives\" width=\"800\" height=\"450\" src=\"https:\/\/www.youtube.com\/embed\/0TueVbHVDY4?feature=oembed\" frameborder=\"0\" allow=\"accelerometer; autoplay; clipboard-write; encrypted-media; gyroscope; picture-in-picture; web-share\" allowfullscreen><\/iframe><\/p>\n<p>&nbsp;<\/p>\n","protected":false},"excerpt":{"rendered":"<p><strong>Na\u0161e produk\u010dn\u00e9 modely no\u017eov pon\u00fakaj\u00fa najlep\u0161\u00ed design, funkciu a hodnotu zo v\u0161etk\u00fdch no\u017eov na s\u00fa\u010dasnom trhu. Na\u0161e vlastn\u00e9 umeleck\u00e9 no\u017ee s\u00fa jedine\u010dn\u00fdmi umeleck\u00fdmi dielami. Ka\u017ed\u00fd z na\u0161ich vlastn\u00fdch no\u017eov z limitovanej ed\u00edcie je uk\u00e1\u017ekou dedi\u010dstva kvality. Bez oh\u013eadu na to, ktor\u00fd z na\u0161ich no\u017eov si vyberiete, sme si ist\u00ed, \u017ee budete s n\u00e1kupom ve\u013emi spokojn\u00ed.<\/strong><\/p>\n<p><strong>\u010eakujeme za v\u00e1\u0161 z\u00e1ujem o na\u0161e kvalitn\u00e9 no\u017ee.<\/strong><\/p>\n<p>Doprava zadarmo.<\/p>\n","protected":false},"featured_media":323258,"comment_status":"open","ping_status":"closed","template":"","meta":[],"pwb-brand":[3820],"product_brand":[],"product_cat":[3186,3233],"product_tag":[3668],"class_list":{"0":"post-323302","1":"product","2":"type-product","3":"status-publish","4":"has-post-thumbnail","6":"pwb-brand-pre-tech","7":"product_cat-noze-sk","8":"product_cat-zatvaracie-noze","9":"product_tag-b2b-sk","11":"first","12":"instock","13":"taxable","14":"shipping-taxable","15":"purchasable","16":"product-type-simple"},"brands":[{"id":3820,"name":"Pre Tech","slug":"pre-tech"}],"_links":{"self":[{"href":"https:\/\/www.moskito.cz\/sk\/wp-json\/wp\/v2\/product\/323302","targetHints":{"allow":["GET"]}}],"collection":[{"href":"https:\/\/www.moskito.cz\/sk\/wp-json\/wp\/v2\/product"}],"about":[{"href":"https:\/\/www.moskito.cz\/sk\/wp-json\/wp\/v2\/types\/product"}],"replies":[{"embeddable":true,"href":"https:\/\/www.moskito.cz\/sk\/wp-json\/wp\/v2\/comments?post=323302"}],"wp:featuredmedia":[{"embeddable":true,"href":"https:\/\/www.moskito.cz\/sk\/wp-json\/wp\/v2\/media\/323258"}],"wp:attachment":[{"href":"https:\/\/www.moskito.cz\/sk\/wp-json\/wp\/v2\/media?parent=323302"}],"wp:term":[{"taxonomy":"pwb-brand","embeddable":true,"href":"https:\/\/www.moskito.cz\/sk\/wp-json\/wp\/v2\/pwb-brand?post=323302"},{"taxonomy":"product_brand","embeddable":true,"href":"https:\/\/www.moskito.cz\/sk\/wp-json\/wp\/v2\/product_brand?post=323302"},{"taxonomy":"product_cat","embeddable":true,"href":"https:\/\/www.moskito.cz\/sk\/wp-json\/wp\/v2\/product_cat?post=323302"},{"taxonomy":"product_tag","embeddable":true,"href":"https:\/\/www.moskito.cz\/sk\/wp-json\/wp\/v2\/product_tag?post=323302"}],"curies":[{"name":"wp","href":"https:\/\/api.w.org\/{rel}","templated":true}]}}