{"id":323363,"date":"2024-03-20T21:06:44","date_gmt":"2024-03-20T20:09:37","guid":{"rendered":"https:\/\/www.moskito.cz\/produkt\/vystrelovaci-noz-pro-tech-custom-les-george-sbr-2023-custom-006\/"},"modified":"2025-05-07T11:07:33","modified_gmt":"2025-05-07T10:07:33","slug":"vystrelovaci-noz-pro-tech-custom-les-george-sbr-2023-custom-006","status":"publish","type":"product","link":"https:\/\/www.moskito.cz\/sk\/produkt\/vystrelovaci-noz-pro-tech-custom-les-george-sbr-2023-custom-006\/","title":{"rendered":"Vystre\u013eovac\u00ed N\u00f4\u017e Pro-Tech Custom Les George SBR.2023.Custom.006"},"content":{"rendered":"<p>Vystre\u013eovac\u00ed N\u00f4\u017e <strong>Pro-Tech<\/strong> Custom Les George SBR.2023.Custom.006<\/p>\n<p>Ka\u017ed\u00fd n\u00f4\u017e <strong>Pro-Tech<\/strong> je zmesou t\u00fdch najlep\u0161\u00edch dostupn\u00fdch materi\u00e1lov a z\u00e1v\u00e4zku na remeseln\u00e9 spracovanie. No\u017ee <strong>Pro-Tech<\/strong> s\u00fa vyroben\u00e9 pomocou najmodernej\u0161\u00edch v\u00fdrobn\u00fdch procesov, ktor\u00e9 zah\u0155\u0148aj\u00fa; CNC obr\u00e1banie, dr\u00f4tov\u00e9 EDM, laserov\u00e9 rezanie at\u010f. High-tech komponenty s\u00fa zostavovan\u00e9 a ru\u010dne montovan\u00e9 oddan\u00fdmi a starostliv\u00fdmi remeseln\u00edkmi v ich z\u00e1vode Artesia v Kalifornii. Vyr\u00e1baj\u00fa mal\u00e9 s\u00e9rie svojich no\u017eov, aby si mohli urobi\u0165 \u010das na to, aby si ka\u017ed\u00fd n\u00f4\u017e individu\u00e1lne ru\u010dne napasovali a dokon\u010dili na \u00farove\u0148, ktor\u00e1 sa pri tov\u00e1rensk\u00fdch no\u017eoch len zriedka vid\u00ed. Ich produk\u010dn\u00e9 modely no\u017eov pon\u00fakaj\u00fa najlep\u0161\u00ed design, funkciu a hodnotu zo v\u0161etk\u00fdch no\u017eov na s\u00fa\u010dasnom trhu. Ich vlastn\u00e9 automatick\u00e9 no\u017ee s\u00fa jedine\u010dn\u00fdmi umeleck\u00fdmi dielami. Ka\u017ed\u00fd zo z\u00e1kazkov\u00fdch no\u017eov z limitovanej ed\u00edcie je uk\u00e1\u017ekou dedi\u010dstva kvality. Bez oh\u013eadu na to, ktor\u00fd z ich no\u017eov si vyberiete, sme si ist\u00ed, \u017ee budete s n\u00e1kupom ve\u013emi spokojn\u00ed.<\/p>\n<p>Pro-Tech Knives je hrd\u00e1 na to, \u017ee je prvou vo\u013ebou policajn\u00fdch a vojensk\u00fdch profesion\u00e1lov po celom svete. No\u017ee Pro-Tech s\u00fa vyroben\u00e9 tak, aby dobre sl\u00fa\u017eili a sl\u00fa\u017eili. Rockeye AUTO je v\u00fdsledkom spolupr\u00e1ce medzi Les George a Pro-Tech a ako v\u0161etky ich no\u017ee m\u00e1 tvrd\u00fa vinut\u00fa pru\u017einu. M\u00e1 \u010depe\u013e Vegas Forge Stainless Damask s falo\u0161n\u00fdm horn\u00fdm klinom, n\u00e1jazdom na palec a zosilnenou \u0161pi\u010dkou pre maxim\u00e1lnu \u00fa\u010dinnos\u0165 prieniku bez naru\u0161enia integrity. Rustik\u00e1lna zlat\u00e1 tit\u00e1nov\u00e1 rukov\u00e4\u0165 s dvojit\u00fdm per\u00edm je extr\u00e9mne odoln\u00e1 a rob\u00ed z nej ide\u00e1lnu zlo\u017eku na ka\u017edodenn\u00e9 nosenie. Je ergonomick\u00e1, bleskur\u00fdchla a jednoducho \u00fa\u017easn\u00e1 v\u0161estrann\u00e1 \u010depe\u013e.<\/p>\n<p>\u0160pecifik\u00e1cia:<br \/>\nD\u013a\u017eka \u010depele: 6.25 cm<br \/>\nD\u013a\u017eka v zatvorenom stave: 9.75 cm<br \/>\nCelkov\u00e1 d\u013a\u017eka: 16 cm<br \/>\nMateri\u00e1l \u010depele: CPM-S35VN Nerezov\u00e1 oce\u013e<br \/>\n\u0160t\u00fdl \u010depele: Drop Point<br \/>\nBr\u00fasenie \u010depele: Ploch\u00e9<br \/>\nPovrchov\u00e1 \u00faprava \u010depele: Stonewash<br \/>\nMateri\u00e1l rukov\u00e4te: Modr\u00fd\/bronzov\u00fd dvojfarebn\u00fd vr\u00fabkovan\u00fd tit\u00e1n<br \/>\nUzamykac\u00ed mechanizmus: Tla\u010didlo Mother of Pearl<br \/>\nVreckov\u00e1 spona: modr\u00fd tit\u00e1n (vykl\u00e1pacie, prav\u00e9 nosenie)<br \/>\nHmotnos\u0165: 4,23 oz.<br \/>\nDizajn\u00e9r: Les George<br \/>\nVyroben\u00e9 v USA<\/p>\n<p><iframe title=\"Meet Pro-Tech Knives\" width=\"800\" height=\"450\" src=\"https:\/\/www.youtube.com\/embed\/0TueVbHVDY4?feature=oembed\" frameborder=\"0\" allow=\"accelerometer; autoplay; clipboard-write; encrypted-media; gyroscope; picture-in-picture; web-share\" allowfullscreen><\/iframe><\/p>\n<p>&nbsp;<\/p>\n","protected":false},"excerpt":{"rendered":"<p><strong>Na\u0161e produk\u010dn\u00e9 modely no\u017eov pon\u00fakaj\u00fa najlep\u0161\u00ed design, funkciu a hodnotu zo v\u0161etk\u00fdch no\u017eov na s\u00fa\u010dasnom trhu. Na\u0161e vlastn\u00e9 umeleck\u00e9 no\u017ee s\u00fa jedine\u010dn\u00fdmi umeleck\u00fdmi dielami. Ka\u017ed\u00fd z na\u0161ich vlastn\u00fdch no\u017eov z limitovanej ed\u00edcie je uk\u00e1\u017ekou dedi\u010dstva kvality. Bez oh\u013eadu na to, ktor\u00fd z na\u0161ich no\u017eov si vyberiete, sme si ist\u00ed, \u017ee budete s n\u00e1kupom ve\u013emi spokojn\u00ed.<\/strong><\/p>\n<p><strong>\u010eakujeme za v\u00e1\u0161 z\u00e1ujem o na\u0161e kvalitn\u00e9 no\u017ee.<\/strong><\/p>\n<p>Doprava zadarmo.<\/p>\n","protected":false},"featured_media":323315,"comment_status":"open","ping_status":"closed","template":"","meta":[],"pwb-brand":[],"product_brand":[],"product_cat":[3197,3186],"product_tag":[3668],"class_list":{"0":"post-323363","1":"product","2":"type-product","3":"status-publish","4":"has-post-thumbnail","6":"product_cat-vystrelovacie-noze-sk","7":"product_cat-noze-sk","8":"product_tag-b2b-sk","10":"first","11":"instock","12":"taxable","13":"shipping-taxable","14":"purchasable","15":"product-type-simple"},"brands":[],"_links":{"self":[{"href":"https:\/\/www.moskito.cz\/sk\/wp-json\/wp\/v2\/product\/323363","targetHints":{"allow":["GET"]}}],"collection":[{"href":"https:\/\/www.moskito.cz\/sk\/wp-json\/wp\/v2\/product"}],"about":[{"href":"https:\/\/www.moskito.cz\/sk\/wp-json\/wp\/v2\/types\/product"}],"replies":[{"embeddable":true,"href":"https:\/\/www.moskito.cz\/sk\/wp-json\/wp\/v2\/comments?post=323363"}],"wp:featuredmedia":[{"embeddable":true,"href":"https:\/\/www.moskito.cz\/sk\/wp-json\/wp\/v2\/media\/323315"}],"wp:attachment":[{"href":"https:\/\/www.moskito.cz\/sk\/wp-json\/wp\/v2\/media?parent=323363"}],"wp:term":[{"taxonomy":"pwb-brand","embeddable":true,"href":"https:\/\/www.moskito.cz\/sk\/wp-json\/wp\/v2\/pwb-brand?post=323363"},{"taxonomy":"product_brand","embeddable":true,"href":"https:\/\/www.moskito.cz\/sk\/wp-json\/wp\/v2\/product_brand?post=323363"},{"taxonomy":"product_cat","embeddable":true,"href":"https:\/\/www.moskito.cz\/sk\/wp-json\/wp\/v2\/product_cat?post=323363"},{"taxonomy":"product_tag","embeddable":true,"href":"https:\/\/www.moskito.cz\/sk\/wp-json\/wp\/v2\/product_tag?post=323363"}],"curies":[{"name":"wp","href":"https:\/\/api.w.org\/{rel}","templated":true}]}}