{"id":323634,"date":"2023-10-31T15:24:28","date_gmt":"2024-03-22T14:42:51","guid":{"rendered":"https:\/\/www.moskito.cz\/produkt\/zatvaraci-noz-extrema-ratio-rao-c-black\/"},"modified":"2025-05-07T11:07:40","modified_gmt":"2025-05-07T10:07:40","slug":"zatvaraci-noz-extrema-ratio-rao-c-black","status":"publish","type":"product","link":"https:\/\/www.moskito.cz\/sk\/produkt\/zatvaraci-noz-extrema-ratio-rao-c-black\/","title":{"rendered":"Zatv\u00e1rac\u00ed N\u00f4\u017e Extrema Ratio RAO C BLACK"},"content":{"rendered":"<p>Zatv\u00e1rac\u00ed N\u00f4\u017e <strong>Extrema Ratio<\/strong> RAO C BLACK<\/p>\n<p>Extrema Ratio RAO C je kompaktn\u00fd zatv\u00e1rac\u00ed n\u00f4\u017e, ktor\u00fd poch\u00e1dza z ikonick\u00e9ho RAO II.<\/p>\n<p>RAO C je v\u010faka svojej \u0161trukt\u00fare n\u00e1strojom, ktor\u00fd aj napriek svojim mal\u00fdm rozmerom dok\u00e1\u017ee zaru\u010di\u0165 rovnakej kvality robustnosti a spo\u013eahlivosti ako jeho v\u00e4\u010d\u0161\u00ed brat a z\u00e1rove\u0148 pon\u00faka lep\u0161iu prenosite\u013enos\u0165 a ovl\u00e1date\u013enos\u0165.<\/p>\n<p>Rukov\u00e4\u0165 sa sklad\u00e1 z 2 jemne spracovan\u00fdch eloxovan\u00fdch hlin\u00edkov\u00fdch rukov\u00e4t\u00ed, na ktor\u00e9 Extrema Ratio aplikuje tvrd\u00fa oxida\u010dn\u00fa \u00fapravu, ktor\u00e1 umo\u017e\u0148uje rukov\u00e4te odolnej\u0161ie vo\u010di opotrebovaniu a kor\u00f3zii.<\/p>\n<p>Dva oce\u013eov\u00e9 r\u00e1my pom\u00e1haj\u00fa zv\u00fd\u0161i\u0165 pevnos\u0165 rukov\u00e4te, aby zvl\u00e1dla aj najn\u00e1ro\u010dnej\u0161ie pou\u017eitie.<\/p>\n<p>Mechanizmus z\u00e1mku otv\u00e1rania je obzvl\u00e1\u0161\u0165 odoln\u00fd, preto\u017ee je podporovan\u00fd bezpe\u010dnostn\u00fdm syst\u00e9mom, ktor\u00fd ho premen\u00ed na skuto\u010dn\u00fa pevn\u00fa \u010depe\u013e.<\/p>\n<p>Prim\u00e1rna poistka na \u010depeli sa aktivuje zdvihnut\u00edm a spusten\u00edm poistn\u00e9ho \u010dapu.<\/p>\n<p>Aby bola u\u017e\u00edvate\u013eovi zaru\u010den\u00e1 maxim\u00e1lna bezpe\u010dnos\u0165 pri pou\u017e\u00edvan\u00ed, bolo pou\u017eit\u00e9 praktick\u00e9 a r\u00fdchle sekund\u00e1rne bezpe\u010dnostn\u00e9 zariadenie, ktor\u00e9 je mo\u017en\u00e9 aktivova\u0165 jednoduch\u00fdm horizont\u00e1lnym posunut\u00edm poistn\u00e9ho kol\u00edka.<\/p>\n<p>Obojstrann\u00e1 spona je navrhnut\u00e1 tak, aby umo\u017e\u0148ovala skryt\u00e9 nosenie vo vrecku, v\u010faka \u010domu je n\u00f4\u017e zvonku nevidite\u013en\u00fd.<\/p>\n<p>\u010cepe\u013e je vyroben\u00e1 z ocele B\u00f6hler N690 kalenej na 58 HRC s klasick\u00fdm \u010diernym povrchom Extrema Ratio MIL-C-13924.<\/p>\n<p>Na od\u013eah\u010denie oce\u013eov\u00fdch r\u00e1mov bol z profilu RAO C laserom vyrezan\u00fd tvar, z ktor\u00e9ho bol n\u00e1sledne vytvoren\u00fd gadget, ktor\u00fd je dod\u00e1van\u00fd spolu s no\u017eom.<\/p>\n<p>Rao C je k dispoz\u00edcii vo verzii Black a Tactical Grey.<\/p>\n<p>&nbsp;<\/p>\n<p>D\u0139\u017dKA \u010cEPELA (MM): 100<br \/>\nD\u0139\u017dKA \u010cEPELA (IN): 3,93<br \/>\nCELKOV\u00c1 D\u0139\u017dKA (MM): 225<br \/>\nCELKOV\u00c1 D\u0139\u017dKA (V): 8,85<br \/>\nH\u013d\u00daBKA \u010cEPELA (MM): 4<br \/>\nH\u013d\u00daBKA \u010cEPELA (IN): 0,15<br \/>\nMATERI\u00c1L \u010cEPELA: B\u00f6HLER N690 STEEL (58HRC)<br \/>\nPOVRCHOV\u00c1 \u00daPRAVA NO\u017dA: LEHENIE MIL-C-13924<br \/>\nBR\u00daSENIE NO\u017dA: PLOCH\u00c1 HRANA<br \/>\nMATERI\u00c1L RUKOV\u00c4TI: ELOXOVAN\u00dd ANTIKOROD\u00c1LNY HLIN\u00cdK<\/p>\n<p>&nbsp;<\/p>\n<p>&nbsp;<\/p>\n","protected":false},"excerpt":{"rendered":"<p><strong>Extrema Ratio RAO C je kompaktn\u00fd zatv\u00e1rac\u00ed n\u00f4\u017e, ktor\u00fd poch\u00e1dza z ikonick\u00e9ho RAO II.<\/strong><\/p>\n","protected":false},"featured_media":259016,"comment_status":"open","ping_status":"closed","template":"","meta":[],"pwb-brand":[3198],"product_brand":[],"product_cat":[3233,3186],"product_tag":[3668],"class_list":{"0":"post-323634","1":"product","2":"type-product","3":"status-publish","4":"has-post-thumbnail","6":"pwb-brand-extrema-ratio-sk","7":"product_cat-zatvaracie-noze","8":"product_cat-noze-sk","9":"product_tag-b2b-sk","11":"first","12":"instock","13":"taxable","14":"shipping-taxable","15":"purchasable","16":"product-type-simple"},"brands":[{"id":3198,"name":"Extrema Ratio","slug":"extrema-ratio-sk"}],"_links":{"self":[{"href":"https:\/\/www.moskito.cz\/sk\/wp-json\/wp\/v2\/product\/323634","targetHints":{"allow":["GET"]}}],"collection":[{"href":"https:\/\/www.moskito.cz\/sk\/wp-json\/wp\/v2\/product"}],"about":[{"href":"https:\/\/www.moskito.cz\/sk\/wp-json\/wp\/v2\/types\/product"}],"replies":[{"embeddable":true,"href":"https:\/\/www.moskito.cz\/sk\/wp-json\/wp\/v2\/comments?post=323634"}],"wp:featuredmedia":[{"embeddable":true,"href":"https:\/\/www.moskito.cz\/sk\/wp-json\/wp\/v2\/media\/259016"}],"wp:attachment":[{"href":"https:\/\/www.moskito.cz\/sk\/wp-json\/wp\/v2\/media?parent=323634"}],"wp:term":[{"taxonomy":"pwb-brand","embeddable":true,"href":"https:\/\/www.moskito.cz\/sk\/wp-json\/wp\/v2\/pwb-brand?post=323634"},{"taxonomy":"product_brand","embeddable":true,"href":"https:\/\/www.moskito.cz\/sk\/wp-json\/wp\/v2\/product_brand?post=323634"},{"taxonomy":"product_cat","embeddable":true,"href":"https:\/\/www.moskito.cz\/sk\/wp-json\/wp\/v2\/product_cat?post=323634"},{"taxonomy":"product_tag","embeddable":true,"href":"https:\/\/www.moskito.cz\/sk\/wp-json\/wp\/v2\/product_tag?post=323634"}],"curies":[{"name":"wp","href":"https:\/\/api.w.org\/{rel}","templated":true}]}}