{"id":323720,"date":"2022-11-07T21:56:00","date_gmt":"2022-11-07T20:56:00","guid":{"rendered":"https:\/\/www.moskito.cz\/produkt\/zatvaraci-noz-cold-steel-finn-wolf-od-green\/"},"modified":"2025-05-07T11:07:43","modified_gmt":"2025-05-07T10:07:43","slug":"zatvaraci-noz-cold-steel-finn-wolf-od-green","status":"publish","type":"product","link":"https:\/\/www.moskito.cz\/sk\/produkt\/zatvaraci-noz-cold-steel-finn-wolf-od-green\/","title":{"rendered":"Zatv\u00e1rac\u00ed N\u00f4\u017e Cold Steel FINN WOLF OD GREEN"},"content":{"rendered":"<p>Zatv\u00e1rac\u00ed N\u00f4\u017e <strong>Cold Steel<\/strong> FINN WOLF OD GREEN.<\/p>\n<p>Cold Steel Finn Wolf, vytvoren\u00e1 v spolupr\u00e1ci medzi z\u00e1kazkov\u00fdm v\u00fdrobcom no\u017eov Andrewom Demkom a prezidentkou Cold Steel Lynn C. Thompsonovou, je zatv\u00e1rac\u00ed \u00fa\u017eitkov\u00fd a t\u00e1borov\u00fd n\u00f4\u017e, ktor\u00fd \u010derp\u00e1 in\u0161pir\u00e1ciu z klasick\u00e9ho f\u00ednskeho Pukko. Finn Wolf, vybaven\u00fd na\u0161\u00edm z\u00e1mkom Tri-Ad pre vynikaj\u00facu bezpe\u010dnos\u0165 a zabezpe\u010denie, je zlo\u017eka, na ktor\u00fa sa m\u00f4\u017eete spo\u013eahn\u00fa\u0165 aj v t\u00fdch najnekompromisnej\u0161\u00edch podmienkach. Jeho sat\u00e9novo le\u0161ten\u00e1 japonsk\u00e1 \u010depe\u013e AUS 8A je pripraven\u00e1 na dlh\u00e9 hodiny a tvrd\u00fa pr\u00e1cu a v\u010faka ostr\u00e9mu ostrie s nulov\u00fdm br\u00fasen\u00edm je \u013eahk\u00e9 ju v ter\u00e9ne znovu naostri\u0165. S tak\u00fdm mno\u017estvom v\u00fdkonu v tomto pohodlnom, pevnom, praktickom a lacnom balen\u00ed jednoducho neexistuje \u017eiadne ospravedlnenie, pre\u010do si dnes neprida\u0165 Finn Wolf do svojej zbierky!<\/p>\n<p>PARAMETRE PRODUKTU<br \/>\nFarba: Zelen\u00e1\/Strieborn\u00e1<br \/>\nDruh poistky: Tri-Ad Lock<br \/>\nHmotnos\u0165: 96,38 g<br \/>\nHr\u00fabka \u010depele: 3 mm<br \/>\nD\u013a\u017eka rukov\u00e4te: 111 mm<br \/>\nMateri\u00e1l puzdra: Ambidextrous Pocket\/Belt Clip<br \/>\nCelkov\u00e1 ve\u013ekos\u0165: 205 mm<br \/>\nD\u013a\u017eka \u010depele: 89 mm<br \/>\nMateri\u00e1l rukov\u00e4te: Long OD Green Griv-Ex\u2122<br \/>\nOce\u013e: Japanese AUS 8A Stainless<\/p>\n<p>&nbsp;<\/p>\n","protected":false},"excerpt":{"rendered":"<p>Zatv\u00e1rac\u00ed n\u00f4\u017e Finn Wolf od firmy Cold Steel je no\u017eom na ka\u017edodenn\u00e9 nosenie (EDC) ur\u010den\u00fdm pre lovcov, ryb\u00e1rov a do pr\u00edrodn\u00fdch podmienok v\u0161eobecne.<\/p>\n","protected":false},"featured_media":229671,"comment_status":"open","ping_status":"closed","template":"","meta":[],"pwb-brand":[3598],"product_brand":[],"product_cat":[3233,3186],"product_tag":[3668],"class_list":{"0":"post-323720","1":"product","2":"type-product","3":"status-publish","4":"has-post-thumbnail","6":"pwb-brand-cold-steel-sk","7":"product_cat-zatvaracie-noze","8":"product_cat-noze-sk","9":"product_tag-b2b-sk","11":"first","12":"instock","13":"taxable","14":"shipping-taxable","15":"purchasable","16":"product-type-simple"},"brands":[{"id":3598,"name":"Cold Steel","slug":"cold-steel-sk"}],"_links":{"self":[{"href":"https:\/\/www.moskito.cz\/sk\/wp-json\/wp\/v2\/product\/323720","targetHints":{"allow":["GET"]}}],"collection":[{"href":"https:\/\/www.moskito.cz\/sk\/wp-json\/wp\/v2\/product"}],"about":[{"href":"https:\/\/www.moskito.cz\/sk\/wp-json\/wp\/v2\/types\/product"}],"replies":[{"embeddable":true,"href":"https:\/\/www.moskito.cz\/sk\/wp-json\/wp\/v2\/comments?post=323720"}],"wp:featuredmedia":[{"embeddable":true,"href":"https:\/\/www.moskito.cz\/sk\/wp-json\/wp\/v2\/media\/229671"}],"wp:attachment":[{"href":"https:\/\/www.moskito.cz\/sk\/wp-json\/wp\/v2\/media?parent=323720"}],"wp:term":[{"taxonomy":"pwb-brand","embeddable":true,"href":"https:\/\/www.moskito.cz\/sk\/wp-json\/wp\/v2\/pwb-brand?post=323720"},{"taxonomy":"product_brand","embeddable":true,"href":"https:\/\/www.moskito.cz\/sk\/wp-json\/wp\/v2\/product_brand?post=323720"},{"taxonomy":"product_cat","embeddable":true,"href":"https:\/\/www.moskito.cz\/sk\/wp-json\/wp\/v2\/product_cat?post=323720"},{"taxonomy":"product_tag","embeddable":true,"href":"https:\/\/www.moskito.cz\/sk\/wp-json\/wp\/v2\/product_tag?post=323720"}],"curies":[{"name":"wp","href":"https:\/\/api.w.org\/{rel}","templated":true}]}}