{"id":323813,"date":"2024-03-25T17:00:42","date_gmt":"2024-03-25T16:04:03","guid":{"rendered":"https:\/\/www.moskito.cz\/produkt\/pevny-noz-spartan-blades-phrike-sb17bkgrkybk\/"},"modified":"2025-05-07T11:07:46","modified_gmt":"2025-05-07T10:07:46","slug":"pevny-noz-spartan-blades-phrike-sb17bkgrkybk","status":"publish","type":"product","link":"https:\/\/www.moskito.cz\/sk\/produkt\/pevny-noz-spartan-blades-phrike-sb17bkgrkybk\/","title":{"rendered":"Pevn\u00fd N\u00f4\u017e Spartan Blades Phrike SB17BKGRKYBK"},"content":{"rendered":"<p>Pevn\u00fd N\u00f4\u017e <strong>Spartan Blades<\/strong> Phrike SB17BKGRKYBK.<\/p>\n<p>Sebaobran\u00fd\/\u00fa\u017eitkov\u00fd n\u00f4\u017e <strong>Spartan Phrike<\/strong> \u010derp\u00e1 in\u0161pir\u00e1ciu zo starovekej gr\u00e9ckej mytol\u00f3gie, pri\u010dom Phrike je bohy\u0148a spojen\u00e1 s hr\u00f4zou a strachom. V gr\u00e9ckom jazyku sa &#8222;phrike&#8220; preklad\u00e1 ako &#8222;tras&#8220; alebo &#8222;tras.&#8220; Napriek svojej kompaktnej ve\u013ekosti je z\u00e1kazkov\u00fd sebaobrann\u00fd n\u00f4\u017e Spartan Phrike impozantn\u00fdm a jemne spracovan\u00fdm n\u00e1strojom ur\u010den\u00fdm ako na sebaobranu, tak na \u00fa\u017eitkov\u00e9 pou\u017eitie.<\/p>\n<p><strong>Phrike<\/strong> m\u00e1 mal\u00fa a \u013eahk\u00fa \u010depe\u013e, meraj\u00facu 4,25 palca, \u0161peci\u00e1lne navrhnut\u00fa pre \u013eahk\u00e9 pren\u00e1\u0161anie a v\u0161estrann\u00e9 aplik\u00e1cie, ako je sebaobrana a bushcraft. Minim\u00e1lne zasaden\u00e1 rukov\u00e4\u0165 no\u017ea prispieva k jeho pohodliu, tenk\u00e9mu profilu a vysokej prenosnosti.<\/p>\n<p>Ako vynikaj\u00faci \u00fa\u017eitkov\u00fd n\u00f4\u017e je Phrike vhodn\u00fd na ka\u017edodenn\u00e9 \u00falohy a osved\u010duje sa v r\u00f4znych situ\u00e1ci\u00e1ch. Jeho vonkaj\u0161ie schopnosti z neho robia spo\u013eahliv\u00e9ho spolo\u010dn\u00edka pre lov a v\u00fdlety s batohom. Okrem svojej u\u017eito\u010dnosti vynik\u00e1 <strong>Phrike<\/strong> ako ru\u010dne vyroben\u00fd n\u00f4\u017e na sebaobranu, ide\u00e1lny pre n\u00fadzov\u00e9 situ\u00e1cie a nepredv\u00eddan\u00e9 okolnosti.<\/p>\n<p>N\u00f4\u017e je dod\u00e1van\u00fd s Kydexovou po\u0161vou vybavenou p\u00fatkom IWB (Inside the Waistband), k dispoz\u00edcii v \u010diernej alebo kojot\u00ed farbe.<\/p>\n<p>\u0160pecifik\u00e1cie pre sebaobranov\u00fd\/\u00fa\u017eitkov\u00fd n\u00f4\u017e Spartan Phrike s\u00fa nasleduj\u00face:<\/p>\n<p>Meno no\u017ea: Phrike<br \/>\nDizajn\u00e9r(\u00e9): Iovito\/Carey<br \/>\nD\u013a\u017eka \u010depele: <span id=\"cwos\" class=\"qv3Wpe\">10.62<\/span> cm<br \/>\nCelkov\u00e1 d\u013a\u017eka: 21.25 cm<br \/>\nOce\u013e \u010depele: S45VN<br \/>\nTvrdos\u0165 \u010depele: 59-61 HRC<br \/>\n\u0160t\u00fdl \u010depele: Pevn\u00fd, zahnut\u00fd Drop Point<br \/>\nOblie\u010dka: SpartaCoat \u2013 PVD \u2013 Tungsten DLC (Flat Black) alebo ZrN (Flat Dark Earth)<br \/>\nMateri\u00e1l rukov\u00e4te: G10 (\u010dierna, zelen\u00e1 a Coyote Tan)<br \/>\nPo\u0161va: Kydex so slu\u010dkou IWB (\u010dierna alebo kojotsk\u00e1)<br \/>\nHmotnos\u0165: 0,244 LBS<\/p>\n<p><iframe title=\"Spartan Blades Company Knife Company Story with Co-Founders Mark Carey and Curtis Iovito.\" width=\"800\" height=\"450\" src=\"https:\/\/www.youtube.com\/embed\/S-EVJgZR57Y?feature=oembed\" frameborder=\"0\" allow=\"accelerometer; autoplay; clipboard-write; encrypted-media; gyroscope; picture-in-picture; web-share\" allowfullscreen><\/iframe><\/p>\n<p>&nbsp;<\/p>\n","protected":false},"excerpt":{"rendered":"<p><strong>Sebaobran\u00fd\/\u00fa\u017eitkov\u00fd n\u00f4\u017e Spartan Phrike \u010derp\u00e1 in\u0161pir\u00e1ciu zo starovekej gr\u00e9ckej mytol\u00f3gie, pri\u010dom Phrike je bohy\u0148a spojen\u00e1 s hr\u00f4zou a strachom. V gr\u00e9ckom jazyku sa &#8222;phrike&#8220; preklad\u00e1 ako &#8222;tras&#8220; alebo &#8222;tras.&#8220; Napriek svojej kompaktnej ve\u013ekosti je z\u00e1kazkov\u00fd sebaobrann\u00fd n\u00f4\u017e Spartan Phrike impozantn\u00fdm a jemne spracovan\u00fdm n\u00e1strojom ur\u010den\u00fdm ako na sebaobranu, tak na \u00fa\u017eitkov\u00e9 pou\u017eitie.<\/strong><\/p>\n<p><strong>Doprava zadarmo.<\/strong><\/p>\n","protected":false},"featured_media":323773,"comment_status":"open","ping_status":"closed","template":"","meta":[],"pwb-brand":[3835],"product_brand":[],"product_cat":[3186,3187],"product_tag":[3668],"class_list":{"0":"post-323813","1":"product","2":"type-product","3":"status-publish","4":"has-post-thumbnail","6":"pwb-brand-spartan-blades-sk","7":"product_cat-noze-sk","8":"product_cat-pevne-noze-sk","9":"product_tag-b2b-sk","11":"first","12":"instock","13":"taxable","14":"shipping-taxable","15":"purchasable","16":"product-type-simple"},"brands":[{"id":3835,"name":"Spartan Blades","slug":"spartan-blades-sk"}],"_links":{"self":[{"href":"https:\/\/www.moskito.cz\/sk\/wp-json\/wp\/v2\/product\/323813","targetHints":{"allow":["GET"]}}],"collection":[{"href":"https:\/\/www.moskito.cz\/sk\/wp-json\/wp\/v2\/product"}],"about":[{"href":"https:\/\/www.moskito.cz\/sk\/wp-json\/wp\/v2\/types\/product"}],"replies":[{"embeddable":true,"href":"https:\/\/www.moskito.cz\/sk\/wp-json\/wp\/v2\/comments?post=323813"}],"wp:featuredmedia":[{"embeddable":true,"href":"https:\/\/www.moskito.cz\/sk\/wp-json\/wp\/v2\/media\/323773"}],"wp:attachment":[{"href":"https:\/\/www.moskito.cz\/sk\/wp-json\/wp\/v2\/media?parent=323813"}],"wp:term":[{"taxonomy":"pwb-brand","embeddable":true,"href":"https:\/\/www.moskito.cz\/sk\/wp-json\/wp\/v2\/pwb-brand?post=323813"},{"taxonomy":"product_brand","embeddable":true,"href":"https:\/\/www.moskito.cz\/sk\/wp-json\/wp\/v2\/product_brand?post=323813"},{"taxonomy":"product_cat","embeddable":true,"href":"https:\/\/www.moskito.cz\/sk\/wp-json\/wp\/v2\/product_cat?post=323813"},{"taxonomy":"product_tag","embeddable":true,"href":"https:\/\/www.moskito.cz\/sk\/wp-json\/wp\/v2\/product_tag?post=323813"}],"curies":[{"name":"wp","href":"https:\/\/api.w.org\/{rel}","templated":true}]}}