{"id":323886,"date":"2024-03-25T18:34:11","date_gmt":"2024-03-25T17:50:23","guid":{"rendered":"https:\/\/www.moskito.cz\/produkt\/vystrelovaci-noz-pro-tech-shot-show-2024-special-emerson-cqc7\/"},"modified":"2025-05-07T11:07:47","modified_gmt":"2025-05-07T10:07:47","slug":"vystrelovaci-noz-pro-tech-shot-show-2024-special-emerson-cqc7","status":"publish","type":"product","link":"https:\/\/www.moskito.cz\/sk\/produkt\/vystrelovaci-noz-pro-tech-shot-show-2024-special-emerson-cqc7\/","title":{"rendered":"Vystre\u013eovac\u00ed N\u00f4\u017e Pro-Tech SHOT Show 2024 Special Emerson CQC7"},"content":{"rendered":"<p>Vystre\u013eovac\u00ed N\u00f4\u017e <strong>Pro-Tech<\/strong> SHOT Show 2024 Special Emerson CQC7.<\/p>\n<p><strong>Tento n\u00f4\u017e bol vyroben\u00fd iba pre v\u00fdstavu SHOT Show 2024 a in\u00fd u\u017e nebude!<\/strong><\/p>\n<p>Ka\u017ed\u00fd n\u00f4\u017e <strong>Pro-Tech<\/strong> je zmesou t\u00fdch najlep\u0161\u00edch dostupn\u00fdch materi\u00e1lov a z\u00e1v\u00e4zku na remeseln\u00e9 spracovanie. No\u017ee Pro-Tech s\u00fa vyroben\u00e9 pomocou najmodernej\u0161\u00edch v\u00fdrobn\u00fdch procesov, ktor\u00e9 zah\u0155\u0148aj\u00fa; CNC obr\u00e1banie, dr\u00f4tov\u00e9 EDM, laserov\u00e9 rezanie at\u010f. High-tech komponenty s\u00fa zostavovan\u00e9 a ru\u010dne montovan\u00e9 oddan\u00fdmi a starostliv\u00fdmi remeseln\u00edkmi v ich z\u00e1vode Artesia v Kalifornii. Vyr\u00e1baj\u00fa mal\u00e9 s\u00e9rie svojich no\u017eov, aby si mohli urobi\u0165 \u010das na to, aby si ka\u017ed\u00fd n\u00f4\u017e individu\u00e1lne ru\u010dne napasovali a dokon\u010dili na \u00farove\u0148, ktor\u00e1 sa pri tov\u00e1rensk\u00fdch no\u017eoch len zriedka vid\u00ed. Ich produk\u010dn\u00e9 modely no\u017eov pon\u00fakaj\u00fa najlep\u0161\u00ed design, funkciu a hodnotu zo v\u0161etk\u00fdch no\u017eov na s\u00fa\u010dasnom trhu. Ich vlastn\u00e9 automatick\u00e9 no\u017ee s\u00fa jedine\u010dn\u00fdmi umeleck\u00fdmi dielami. Ka\u017ed\u00fd zo z\u00e1kazkov\u00fdch no\u017eov z limitovanej ed\u00edcie je uk\u00e1\u017ekou dedi\u010dstva kvality. Bez oh\u013eadu na to, ktor\u00fd z ich no\u017eov si vyberiete, sme si ist\u00ed, \u017ee budete s n\u00e1kupom ve\u013emi spokojn\u00ed.<\/p>\n<p>Pro-Tech Knives je hrd\u00e1 na to, \u017ee je prvou vo\u013ebou policajn\u00fdch a vojensk\u00fdch profesion\u00e1lov po celom svete. No\u017ee Pro-Tech s\u00fa vyroben\u00e9 tak, aby dobre sl\u00fa\u017eili a sl\u00fa\u017eili. Toto je prv\u00e1 spolupr\u00e1ca no\u017eov medzi Pro-Tech Knives a Tactical Knife Icon Ernest Emerson, Pro-Tech\/Emerson CQC7 AUTO. Ernest Emerson vyr\u00e1ba no\u017ee od roku 1979 a z\u00edskal si reput\u00e1ciu v\u010faka v\u00fdrobe naj\u017eiadanej\u0161\u00edch n\u00e1vrhov taktick\u00fdch no\u017eov na plan\u00e9te. CQC7 je mo\u017eno najsl\u00e1vnej\u0161ia z jeho n\u00e1vrhov a verzia Pro-Tech so \u0161pir\u00e1lovou pru\u017einou bude vyroben\u00e1 pod\u013ea n\u00e1ro\u010dn\u00fdch \u0161tandardov, ktor\u00fdmi je Emerson zn\u00e1my. P\u00e1n Emerson sa osobne podie\u013eal na ka\u017edom detaile tohto no\u017ea pre spolupr\u00e1cu \u2013 v\u00fdsledkom je n\u00f4\u017e, ktor\u00fd bude ma\u0165 fan\u00fa\u0161ikov spolo\u010dnosti Emerson a vern\u00fdch z\u00e1kazn\u00edkov spolo\u010dnosti Pro-Tech naozaj ve\u013ek\u00fa rados\u0165.<\/p>\n<p>Akcia je super siln\u00e1 a pritom plynul\u00e1. M\u00e1 pekn\u00fd \u0161mrnc, ke\u010f sa \u010depe\u013e nasad\u00ed. Prv\u00fdkr\u00e1t bol Emerson\/Pro-Tech CQC7 viden\u00fd mimo obchodu na v\u00fdstave PKA (Professional Knife Maker&#8217;s Association) v Denveri v Colorade, kde z\u00edskal cenu za najlep\u0161iu spolupr\u00e1cu. T\u00e1to verzia je \u0161peci\u00e1lna ed\u00edcia modelu vytvoren\u00e1 pre 2024 SHOT Show v Las Vegas a obsahuje 3,25 &#8222;154CM kr\u00e1snu dymovo \u0161ed\u00fa DLC tanto \u010depe\u013e s tmavo zelen\u00fdmi hlin\u00edkov\u00fdmi rukov\u00e4\u0165ami.<\/p>\n<p>\u0160pecifik\u00e1cia:<br \/>\nD\u013a\u017eka \u010depele: 8.12 cm<br \/>\nCelkov\u00e1 d\u013a\u017eka: 20 cm<br \/>\nMateri\u00e1l \u010depele: 154CM nerezov\u00e1 oce\u013e<br \/>\nTvrdos\u0165 \u010depele: 59HRC<br \/>\n\u0160t\u00fdl \u010depele: Tanto<br \/>\nBr\u00fasenie \u010depele: Dl\u00e1to<br \/>\nPovrchov\u00e1 \u00faprava \u010depele: DLC Smokey Grey<br \/>\nMateri\u00e1l rukov\u00e4te: T6-6061 hlin\u00edk, tmavo zelen\u00e1<br \/>\nHr\u00fabka rukov\u00e4te: 0,45&#8220;<br \/>\nUzamykac\u00ed mechanizmus: Tla\u010didlo<br \/>\nVreckov\u00fd klip: Nerezov\u00e1 oce\u013e (vykl\u00e1pacie, prav\u00e9 nosenie)<br \/>\nHmotnos\u0165: 3,7 oz.<br \/>\nVyroben\u00e9 v USA<\/p>\n<p><iframe title=\"Meet Pro-Tech Knives\" width=\"800\" height=\"450\" src=\"https:\/\/www.youtube.com\/embed\/0TueVbHVDY4?feature=oembed\" frameborder=\"0\" allow=\"accelerometer; autoplay; clipboard-write; encrypted-media; gyroscope; picture-in-picture; web-share\" allowfullscreen><\/iframe><\/p>\n<p>&nbsp;<\/p>\n","protected":false},"excerpt":{"rendered":"<p><strong>Na\u0161e produk\u010dn\u00e9 modely no\u017eov pon\u00fakaj\u00fa najlep\u0161\u00ed design, funkciu a hodnotu zo v\u0161etk\u00fdch no\u017eov na s\u00fa\u010dasnom trhu. Na\u0161e vlastn\u00e9 umeleck\u00e9 no\u017ee s\u00fa jedine\u010dn\u00fdmi umeleck\u00fdmi dielami. Ka\u017ed\u00fd z na\u0161ich vlastn\u00fdch no\u017eov z limitovanej ed\u00edcie je uk\u00e1\u017ekou dedi\u010dstva kvality. Bez oh\u013eadu na to, ktor\u00fd z na\u0161ich no\u017eov si vyberiete, sme si ist\u00ed, \u017ee budete s n\u00e1kupom ve\u013emi spokojn\u00ed.<\/strong><\/p>\n<p><strong>\u010eakujeme za v\u00e1\u0161 z\u00e1ujem o na\u0161e kvalitn\u00e9 no\u017ee.<\/strong><\/p>\n<p>Doprava zadarmo.<\/p>\n","protected":false},"featured_media":323839,"comment_status":"open","ping_status":"closed","template":"","meta":[],"pwb-brand":[3820],"product_brand":[],"product_cat":[3197,3186],"product_tag":[3668],"class_list":{"0":"post-323886","1":"product","2":"type-product","3":"status-publish","4":"has-post-thumbnail","6":"pwb-brand-pre-tech","7":"product_cat-vystrelovacie-noze-sk","8":"product_cat-noze-sk","9":"product_tag-b2b-sk","11":"first","12":"instock","13":"taxable","14":"shipping-taxable","15":"purchasable","16":"product-type-simple"},"brands":[{"id":3820,"name":"Pre Tech","slug":"pre-tech"}],"_links":{"self":[{"href":"https:\/\/www.moskito.cz\/sk\/wp-json\/wp\/v2\/product\/323886","targetHints":{"allow":["GET"]}}],"collection":[{"href":"https:\/\/www.moskito.cz\/sk\/wp-json\/wp\/v2\/product"}],"about":[{"href":"https:\/\/www.moskito.cz\/sk\/wp-json\/wp\/v2\/types\/product"}],"replies":[{"embeddable":true,"href":"https:\/\/www.moskito.cz\/sk\/wp-json\/wp\/v2\/comments?post=323886"}],"wp:featuredmedia":[{"embeddable":true,"href":"https:\/\/www.moskito.cz\/sk\/wp-json\/wp\/v2\/media\/323839"}],"wp:attachment":[{"href":"https:\/\/www.moskito.cz\/sk\/wp-json\/wp\/v2\/media?parent=323886"}],"wp:term":[{"taxonomy":"pwb-brand","embeddable":true,"href":"https:\/\/www.moskito.cz\/sk\/wp-json\/wp\/v2\/pwb-brand?post=323886"},{"taxonomy":"product_brand","embeddable":true,"href":"https:\/\/www.moskito.cz\/sk\/wp-json\/wp\/v2\/product_brand?post=323886"},{"taxonomy":"product_cat","embeddable":true,"href":"https:\/\/www.moskito.cz\/sk\/wp-json\/wp\/v2\/product_cat?post=323886"},{"taxonomy":"product_tag","embeddable":true,"href":"https:\/\/www.moskito.cz\/sk\/wp-json\/wp\/v2\/product_tag?post=323886"}],"curies":[{"name":"wp","href":"https:\/\/api.w.org\/{rel}","templated":true}]}}