{"id":324066,"date":"2023-07-04T14:30:22","date_gmt":"2024-03-28T10:39:55","guid":{"rendered":"https:\/\/www.moskito.cz\/produkt\/zatvaraci-noz-marfione-amphibian-hot-blued-tiger-mai-baker-forge-damascus\/"},"modified":"2025-05-07T11:07:51","modified_gmt":"2025-05-07T10:07:51","slug":"zatvaraci-noz-marfione-amphibian-hot-blued-tiger-mai-baker-forge-damascus","status":"publish","type":"product","link":"https:\/\/www.moskito.cz\/sk\/produkt\/zatvaraci-noz-marfione-amphibian-hot-blued-tiger-mai-baker-forge-damascus\/","title":{"rendered":"Zatv\u00e1rac\u00ed N\u00f4\u017e Marfione Amphibian Hot Blued Tiger Mai Baker Forge Damascus"},"content":{"rendered":"<p>Marfione Custom Knives Amphibian RAM-LOK Hot Blue Tiger Mai Baker Forge Damascus &amp; Carbon Fiber Handles w\/ Stippled Copper Backspacer.<\/p>\n<p>Toto je \u010fal\u0161\u00ed neuverite\u013en\u00fd Marfione Custom Amphibian. Je vybaven\u00fd \u010depe\u013eou vyrobenou z Hot Blued Tiger Mai Baker Forge Damasku so zodpovedaj\u00facou ru\u010dne bodkovanou medenou zadnou vlo\u017ekou! M\u00e1 rukov\u00e4te z uhl\u00edkov\u00fdch vl\u00e1kien s dvojfarebn\u00fdm hardv\u00e9rom dlc. Obsahuje krabi\u010dku Marfione Custom, handri\u010dku, podp\u00edsan\u00e9 kovov\u00e9 COA, kovov\u00fa n\u00e1\u0161ivku, ply\u0161ov\u00e9 puzdro a d\u00fdku na zips!<\/p>\n<p>Ka\u017ed\u00fd n\u00f4\u017e je jedine\u010dn\u00fd, vzory dama\u0161ku sa bud\u00fa l\u00ed\u0161i\u0165 a nemusia by\u0165 tak\u00e9, ako je uveden\u00e9 na fotografi\u00e1ch.<\/p>\n<p>D\u013a\u017eka \u010depele: 10 cm<\/p>\n<p>Oce\u013e \u010depele: Hot Blued Tiger Mai Baker Forge Damask Damask<\/p>\n<p>Celkov\u00e1 d\u013a\u017eka: 23 cm<\/p>\n<p>Materi\u00e1l rukov\u00e4te: Carbon Fiber w\/ DLC Two Tone Hardware<\/p>\n<p>Hmotnos\u0165: 5,8 oz<\/p>\n<p>&nbsp;<\/p>\n<p>&nbsp;<\/p>\n","protected":false},"excerpt":{"rendered":"<p><strong>Toto je \u010fal\u0161\u00ed neuverite\u013en\u00fd Marfione Custom Amphibian, jedin\u00fd kus v Eur\u00f3pe.<\/strong><\/p>\n<p><strong>Doprava zdrama.<\/strong><\/p>\n<p>&nbsp;<\/p>\n<p>&nbsp;<\/p>\n","protected":false},"featured_media":252362,"comment_status":"open","ping_status":"closed","template":"","meta":[],"pwb-brand":[3200],"product_brand":[],"product_cat":[3186,3233],"product_tag":[],"class_list":{"0":"post-324066","1":"product","2":"type-product","3":"status-publish","4":"has-post-thumbnail","6":"pwb-brand-microtech-sk","7":"product_cat-noze-sk","8":"product_cat-zatvaracie-noze","10":"first","11":"outofstock","12":"taxable","13":"shipping-taxable","14":"purchasable","15":"product-type-simple"},"brands":[{"id":3200,"name":"Microtech","slug":"microtech-sk"}],"_links":{"self":[{"href":"https:\/\/www.moskito.cz\/sk\/wp-json\/wp\/v2\/product\/324066","targetHints":{"allow":["GET"]}}],"collection":[{"href":"https:\/\/www.moskito.cz\/sk\/wp-json\/wp\/v2\/product"}],"about":[{"href":"https:\/\/www.moskito.cz\/sk\/wp-json\/wp\/v2\/types\/product"}],"replies":[{"embeddable":true,"href":"https:\/\/www.moskito.cz\/sk\/wp-json\/wp\/v2\/comments?post=324066"}],"wp:featuredmedia":[{"embeddable":true,"href":"https:\/\/www.moskito.cz\/sk\/wp-json\/wp\/v2\/media\/252362"}],"wp:attachment":[{"href":"https:\/\/www.moskito.cz\/sk\/wp-json\/wp\/v2\/media?parent=324066"}],"wp:term":[{"taxonomy":"pwb-brand","embeddable":true,"href":"https:\/\/www.moskito.cz\/sk\/wp-json\/wp\/v2\/pwb-brand?post=324066"},{"taxonomy":"product_brand","embeddable":true,"href":"https:\/\/www.moskito.cz\/sk\/wp-json\/wp\/v2\/product_brand?post=324066"},{"taxonomy":"product_cat","embeddable":true,"href":"https:\/\/www.moskito.cz\/sk\/wp-json\/wp\/v2\/product_cat?post=324066"},{"taxonomy":"product_tag","embeddable":true,"href":"https:\/\/www.moskito.cz\/sk\/wp-json\/wp\/v2\/product_tag?post=324066"}],"curies":[{"name":"wp","href":"https:\/\/api.w.org\/{rel}","templated":true}]}}