{"id":324241,"date":"2024-03-29T14:44:35","date_gmt":"2024-03-29T13:49:19","guid":{"rendered":"https:\/\/www.moskito.cz\/produkt\/pevny-noz-spartan-blades-formido-sb39bkkybk\/"},"modified":"2025-05-07T11:07:56","modified_gmt":"2025-05-07T10:07:56","slug":"pevny-noz-spartan-blades-formido-sb39bkkybk","status":"publish","type":"product","link":"https:\/\/www.moskito.cz\/sk\/produkt\/pevny-noz-spartan-blades-formido-sb39bkkybk\/","title":{"rendered":"Pevn\u00fd N\u00f4\u017e Spartan Blades Formido SB39BKKYBK"},"content":{"rendered":"<p>Pevn\u00fd N\u00f4\u017e <strong>Spartan Blades<\/strong> Formido SB39BKKYBK.<\/p>\n<p>Predstavujeme Formido Self-Defense Everyday Carry Knife od Spartan, \u0161pi\u010dkov\u00fa pevn\u00fa \u010depe\u013e, ktor\u00e1 novo definuje pohodlie, odolnos\u0165 a spo\u013eahlivos\u0165. Tento vlastn\u00fd n\u00f4\u017e, starostlivo navrhnut\u00fd Curtisom Iovito, je va\u0161im dokonal\u00fdm spolo\u010dn\u00edkom pre ka\u017edodenn\u00e9 nosenie a scen\u00e1re sebaobrany.<\/p>\n<p>K\u013e\u00fa\u010dov\u00e9 vlastnosti:<\/p>\n<p>\u00da\u010deln\u00fd dizajn pevnej \u010depele: Formido sa m\u00f4\u017ee pochv\u00e1li\u0165 starostlivo vyrobenou, skeletonizovanou pevnou \u010depe\u013eou prisp\u00f4sobenou pre sebaobranu a bushcrafting. S vyv\u00e1\u017eenou d\u013a\u017ekou \u010depele 3 7\/8&#8243; zais\u0165uje tenk\u00e9 a pohodln\u00e9 nosenie, \u010do v pr\u00edpade potreby u\u013eah\u010duje r\u00fdchle a efekt\u00edvne nasadenie.<\/p>\n<p>Prvotriedne remeseln\u00e9 spracovanie: Vyroben\u00e9 s presnos\u0165ou a starostlivos\u0165ou, Formido steles\u0148uje z\u00e1v\u00e4zok Spartan ku kvalite. Pevn\u00e1 \u010depe\u013e s rovn\u00fdm chrbtom je vyroben\u00e1 z ocele CPM S45VN, ktor\u00e1 je zn\u00e1ma pre v\u00fdnimo\u010dn\u00e9 zachovanie ostria a odolnos\u0165 proti kor\u00f3zii, \u010do zais\u0165uje trvanlivos\u0165 a v\u0161estrannos\u0165.<\/p>\n<p>\u0160pi\u010dkov\u00e1 technol\u00f3gia PVD: Formido predstavuje \u0161pi\u010dkov\u00fa technol\u00f3giu PVD (Physical Vapor Deposition) vyu\u017e\u00edvaj\u00facu Tungsten DLC v Flat Black alebo ZrN v Flat Dark Earth. T\u00e1to pokro\u010dil\u00e1 povrchov\u00e1 \u00faprava nielen dod\u00e1va v\u00fdrazn\u00fa estetiku, ale taktie\u017e zvy\u0161uje odolnos\u0165 a zais\u0165uje, \u017ee v\u00e1\u0161 n\u00f4\u017e obstoj\u00ed v sk\u00fa\u0161ke \u010dasu.<\/p>\n<p>V\u0161estrann\u00e9 mo\u017enosti nosenia: Formido obsahuje kydexov\u00e9 puzdro navrhnut\u00e9 pre vn\u00fatorn\u00fd pas (IWB) alebo horizont\u00e1lne nosenie, ktor\u00e9 pon\u00faka v\u0161estrannos\u0165 v sp\u00f4sobe nosenia a pr\u00edstupu k pevnej \u010depeli. Vyberte si medzi variantmi Black alebo Coyote, aby zodpovedali v\u00e1\u0161mu osobn\u00e9mu \u0161t\u00fdlu.<\/p>\n<p>\u0160pecifik\u00e1cia:<\/p>\n<p>N\u00e1zov no\u017ea: Formido<br \/>\nDizajn\u00e9r(\u00e9): Curtis Iovito<br \/>\nD\u013a\u017eka \u010depele: 10 cm<br \/>\nCelkov\u00e1 d\u013a\u017eka: 22 cm<br \/>\nOce\u013e \u010depele: CPM S45VN<br \/>\nTvrdos\u0165 \u010depele: 58-60<br \/>\n\u0160t\u00fdl \u010depele: Pevn\u00fd, rovn\u00fd chrb\u00e1t<br \/>\nOblie\u010dka: PVD \u2013 Tungsten DLC (Flat Black) alebo ZrN (Flat Dark Earth)<br \/>\nPo\u0161va: Kydex so slu\u010dkou IWB (\u010dierna alebo kojot\u00ed)<br \/>\nHmotnos\u0165: 0,157 LBS<\/p>\n<p>Pozdvihnite svoje ka\u017edodenn\u00e9 nosenie s no\u017eom Formido s pevnou \u010depe\u013eou &#8211; spojen\u00edm \u00fa\u010deln\u00e9ho dizajnu a jedine\u010dn\u00e9ho remeseln\u00e9ho spracovania. D\u00f4verujte Spartanu, \u017ee v\u00e1m dod\u00e1 pevn\u00fa \u010depe\u013e, ktor\u00e1 nielen spln\u00ed, ale aj prekon\u00e1 va\u0161e o\u010dak\u00e1vania, pokia\u013e ide o v\u00fdkon, odolnos\u0165 a \u0161t\u00fdl.<\/p>\n<p><iframe title=\"Spartan Blades Company Knife Company Story with Co-Founders Mark Carey and Curtis Iovito.\" width=\"800\" height=\"450\" src=\"https:\/\/www.youtube.com\/embed\/S-EVJgZR57Y?feature=oembed\" frameborder=\"0\" allow=\"accelerometer; autoplay; clipboard-write; encrypted-media; gyroscope; picture-in-picture; web-share\" referrerpolicy=\"strict-origin-when-cross-origin\" allowfullscreen><\/iframe><\/p>\n<p>&nbsp;<\/p>\n","protected":false},"excerpt":{"rendered":"<p><strong>Predstavujeme Formido Self-Defense Everyday Carry Knife od Spartan, \u0161pi\u010dkov\u00fa pevn\u00fa \u010depe\u013e, ktor\u00e1 novo definuje pohodlie, odolnos\u0165 a spo\u013eahlivos\u0165. Tento vlastn\u00fd n\u00f4\u017e, starostlivo navrhnut\u00fd Curtisom Iovito, je va\u0161im dokonal\u00fdm spolo\u010dn\u00edkom pre ka\u017edodenn\u00e9 nosenie a scen\u00e1re sebaobrany.<\/strong><\/p>\n<p><strong>Po\u0161tovn\u00e9 zadarmo.<\/strong><\/p>\n","protected":false},"featured_media":324202,"comment_status":"open","ping_status":"closed","template":"","meta":[],"pwb-brand":[3835],"product_brand":[],"product_cat":[3186,3187],"product_tag":[3668],"class_list":{"0":"post-324241","1":"product","2":"type-product","3":"status-publish","4":"has-post-thumbnail","6":"pwb-brand-spartan-blades-sk","7":"product_cat-noze-sk","8":"product_cat-pevne-noze-sk","9":"product_tag-b2b-sk","11":"first","12":"instock","13":"taxable","14":"shipping-taxable","15":"purchasable","16":"product-type-simple"},"brands":[{"id":3835,"name":"Spartan Blades","slug":"spartan-blades-sk"}],"_links":{"self":[{"href":"https:\/\/www.moskito.cz\/sk\/wp-json\/wp\/v2\/product\/324241","targetHints":{"allow":["GET"]}}],"collection":[{"href":"https:\/\/www.moskito.cz\/sk\/wp-json\/wp\/v2\/product"}],"about":[{"href":"https:\/\/www.moskito.cz\/sk\/wp-json\/wp\/v2\/types\/product"}],"replies":[{"embeddable":true,"href":"https:\/\/www.moskito.cz\/sk\/wp-json\/wp\/v2\/comments?post=324241"}],"wp:featuredmedia":[{"embeddable":true,"href":"https:\/\/www.moskito.cz\/sk\/wp-json\/wp\/v2\/media\/324202"}],"wp:attachment":[{"href":"https:\/\/www.moskito.cz\/sk\/wp-json\/wp\/v2\/media?parent=324241"}],"wp:term":[{"taxonomy":"pwb-brand","embeddable":true,"href":"https:\/\/www.moskito.cz\/sk\/wp-json\/wp\/v2\/pwb-brand?post=324241"},{"taxonomy":"product_brand","embeddable":true,"href":"https:\/\/www.moskito.cz\/sk\/wp-json\/wp\/v2\/product_brand?post=324241"},{"taxonomy":"product_cat","embeddable":true,"href":"https:\/\/www.moskito.cz\/sk\/wp-json\/wp\/v2\/product_cat?post=324241"},{"taxonomy":"product_tag","embeddable":true,"href":"https:\/\/www.moskito.cz\/sk\/wp-json\/wp\/v2\/product_tag?post=324241"}],"curies":[{"name":"wp","href":"https:\/\/api.w.org\/{rel}","templated":true}]}}