{"id":324280,"date":"2024-03-29T15:03:01","date_gmt":"2024-03-29T14:07:18","guid":{"rendered":"https:\/\/www.moskito.cz\/produkt\/pevny-noz-spartan-blades-alala-sbsl004bkbk\/"},"modified":"2025-05-07T11:07:56","modified_gmt":"2025-05-07T10:07:56","slug":"pevny-noz-spartan-blades-alala-sbsl004bkbk","status":"publish","type":"product","link":"https:\/\/www.moskito.cz\/sk\/produkt\/pevny-noz-spartan-blades-alala-sbsl004bkbk\/","title":{"rendered":"Pevn\u00fd N\u00f4\u017e Spartan Blades Alala SBSL004BKBK"},"content":{"rendered":"<p>Pevn\u00fd N\u00f4\u017e <strong>Spartan Blades<\/strong> Alala SBSL004BKBK.<\/p>\n<p><strong>Alala<\/strong> , pomenovan\u00e1 pod\u013ea starovek\u00e9ho gr\u00e9ckeho v\u00fdznamu \u201ebojov\u00fd pokrik\u201c alebo \u201evojnov\u00fd pokrik\u201c, bola stelesnen\u00edm vojnov\u00e9ho pokriku v gr\u00e9ckej mytol\u00f3gii. Alala je n\u00f4\u017e s pevnou \u010depe\u013eou, vyroben\u00fd spolo\u010dnos\u0165ou KA-BAR Knives v Olean, NY, USA, pre robustn\u00fd v\u00fdkon a ka\u017edodenn\u00e9 nosenie. Poskytuje v\u00fdnimo\u010dn\u00fa ergon\u00f3miu a spo\u013eahlivos\u0165 a predstavuje v\u0161estrann\u00fd n\u00e1stroj pripraven\u00fd pom\u00f4c\u0165 pri r\u00f4znych vonkaj\u0161\u00edch \u00faloh\u00e1ch.<\/p>\n<p>K\u013e\u00fa\u010dov\u00e9 vlastnosti:<\/p>\n<p>Ka\u017edodenn\u00e9 pohodlie: <strong>Alala<\/strong> navrhnut\u00e1 pre praktickos\u0165 bez n\u00e1mahy sp\u00e1ja robustnos\u0165 s ergonomickou dokonalos\u0165ou. Je to perfektn\u00fd spolo\u010dn\u00edk na ka\u017edodenn\u00e9 rezanie a pon\u00faka spo\u013eahliv\u00fd n\u00e1stroj, kedyko\u013evek ho potrebujete.<\/p>\n<p>Kvalitn\u00e9 remeseln\u00e9 spracovanie: <strong>Alala<\/strong> , vytvoren\u00e1 sk\u00fasen\u00fdmi remeseln\u00edkmi v KA-BAR Knives, so s\u00eddlom v Olean, NY, USA, odr\u00e1\u017ea dokonalos\u0165 americkej v\u00fdroby no\u017eov.<\/p>\n<p>V\u0161estrann\u00e1 outdoorov\u00e1 \u010depe\u013e: 3,75&#8243; pevn\u00e1 \u010depe\u013e s ploch\u00fdm br\u00fasen\u00edm, vyroben\u00e1 z 1095 Cro-Van ocele nemeck\u00e9ho p\u00f4vodu, je ide\u00e1lnym outdoorov\u00fdm spolo\u010dn\u00edkom. V\u010faka svojej odolnosti a ostrosti je ide\u00e1lny pre r\u00f4zne vonkaj\u0161ie \u00falohy.<\/p>\n<p>Elegantn\u00e1 estetika: \u010cierny pr\u00e1\u0161kov\u00fd lak nielen zvy\u0161uje vizu\u00e1lnu pr\u00ed\u0165a\u017elivos\u0165 Alala, ale taktie\u017e dod\u00e1va \u010depeli vrstvu ochrany, ktor\u00e1 zais\u0165uje jej dlh\u00fa \u017eivotnos\u0165.<\/p>\n<p>Pohodln\u00e1 rukov\u00e4\u0165: Rukov\u00e4\u0165 CE Canvas Micarta\u00ae, dostupn\u00e1 v \u010diernej alebo zelenej farbe, pon\u00faka bezpe\u010dn\u00fd a pohodln\u00fd \u00fachop, ktor\u00fd v\u00e1m umo\u017en\u00ed s istotou rie\u0161i\u0165 vonkaj\u0161ie \u00falohy.<\/p>\n<p>Mo\u017enosti bezpe\u010dn\u00e9ho nosenia: Vstrekovan\u00e9 puzdro je vybaven\u00e9 p\u00e1\u010dkou pre akt\u00edvne dr\u017eanie palca a sekund\u00e1rnym reten\u010dn\u00fdm popruhom, ktor\u00e9 poskytuj\u00fa bezpe\u010dn\u00e9 a pohodln\u00e9 mo\u017enosti nosenia.<\/p>\n<p>\u0160pecifik\u00e1cia:<\/p>\n<p>Meno no\u017ea: Alala<br \/>\nDizajn\u00e9r(\u00e9): Iovito<br \/>\nCelkov\u00e1 d\u013a\u017eka: 20 cm<br \/>\nD\u013a\u017eka \u010depele: 9.5 cm<br \/>\nBlade Steel: 1095 Cro-Van (nemeck\u00fd p\u00f4vod)<br \/>\nTvrdos\u0165 \u010depele: 56-58 HRC<br \/>\n\u0160t\u00fdl \u010depele: Pevn\u00fd \u2013 Bod p\u00e1du \u2013 Ploch\u00fd povrch<br \/>\nN\u00e1ter: \u010dierny pr\u00e1\u0161kov\u00fd lak<br \/>\nMateri\u00e1l rukov\u00e4te: CE Canvas Micarta\u00ae (\u010dierna alebo zelen\u00e1)<br \/>\nSheath: Vstrekovan\u00fd pl\u00e1\u0161\u0165 s akt\u00edvnou reten\u010dnou palcovou p\u00e1\u010dkou a sekund\u00e1rnym reten\u010dn\u00fdm p\u00e1sikom<br \/>\nHmotnos\u0165: 0,294 LBS (n\u00f4\u017e)<\/p>\n<p>Pozdvihnite svoje outdoorov\u00e9 dobrodru\u017estv\u00e1 s Alalou, navrhnut\u00fa pre bezkonkuren\u010dn\u00fa v\u0161estrannos\u0165 pri dob\u00fdvan\u00ed v\u00fdziev divo\u010diny. Alala, navrhnut\u00e1 pre pohodlie, odolnos\u0165 a funk\u010dnos\u0165, je spo\u013eahliv\u00fdm outdoorov\u00fdm spolo\u010dn\u00edkom.<\/p>\n<p><iframe title=\"Spartan Blades Company Knife Company Story with Co-Founders Mark Carey and Curtis Iovito.\" width=\"800\" height=\"450\" src=\"https:\/\/www.youtube.com\/embed\/S-EVJgZR57Y?feature=oembed\" frameborder=\"0\" allow=\"accelerometer; autoplay; clipboard-write; encrypted-media; gyroscope; picture-in-picture; web-share\" referrerpolicy=\"strict-origin-when-cross-origin\" allowfullscreen><\/iframe><\/p>\n<p>&nbsp;<\/p>\n<p>&nbsp;<\/p>\n","protected":false},"excerpt":{"rendered":"<p><strong>Alala, pomenovan\u00e1 pod\u013ea starovek\u00e9ho gr\u00e9ckeho v\u00fdznamu \u201ebojov\u00fd pokrik\u201c alebo \u201evojnov\u00fd pokrik\u201c, bola stelesnen\u00edm vojnov\u00e9ho pokriku v gr\u00e9ckej mytol\u00f3gii. Alala je n\u00f4\u017e s pevnou \u010depe\u013eou, vyroben\u00fd spolo\u010dnos\u0165ou KA-BAR Knives v Olean, NY, USA, pre robustn\u00fd v\u00fdkon a ka\u017edodenn\u00e9 nosenie. Poskytuje v\u00fdnimo\u010dn\u00fa ergon\u00f3miu a spo\u013eahlivos\u0165 a predstavuje v\u0161estrann\u00fd n\u00e1stroj pripraven\u00fd pom\u00f4c\u0165 pri r\u00f4znych vonkaj\u0161\u00edch \u00faloh\u00e1ch.<\/strong><\/p>\n<p><strong>Doprava zadarmo.<\/strong><\/p>\n","protected":false},"featured_media":324250,"comment_status":"open","ping_status":"closed","template":"","meta":[],"pwb-brand":[3835],"product_brand":[],"product_cat":[3186,3187],"product_tag":[3668],"class_list":{"0":"post-324280","1":"product","2":"type-product","3":"status-publish","4":"has-post-thumbnail","6":"pwb-brand-spartan-blades-sk","7":"product_cat-noze-sk","8":"product_cat-pevne-noze-sk","9":"product_tag-b2b-sk","11":"first","12":"instock","13":"taxable","14":"shipping-taxable","15":"purchasable","16":"product-type-simple"},"brands":[{"id":3835,"name":"Spartan Blades","slug":"spartan-blades-sk"}],"_links":{"self":[{"href":"https:\/\/www.moskito.cz\/sk\/wp-json\/wp\/v2\/product\/324280","targetHints":{"allow":["GET"]}}],"collection":[{"href":"https:\/\/www.moskito.cz\/sk\/wp-json\/wp\/v2\/product"}],"about":[{"href":"https:\/\/www.moskito.cz\/sk\/wp-json\/wp\/v2\/types\/product"}],"replies":[{"embeddable":true,"href":"https:\/\/www.moskito.cz\/sk\/wp-json\/wp\/v2\/comments?post=324280"}],"wp:featuredmedia":[{"embeddable":true,"href":"https:\/\/www.moskito.cz\/sk\/wp-json\/wp\/v2\/media\/324250"}],"wp:attachment":[{"href":"https:\/\/www.moskito.cz\/sk\/wp-json\/wp\/v2\/media?parent=324280"}],"wp:term":[{"taxonomy":"pwb-brand","embeddable":true,"href":"https:\/\/www.moskito.cz\/sk\/wp-json\/wp\/v2\/pwb-brand?post=324280"},{"taxonomy":"product_brand","embeddable":true,"href":"https:\/\/www.moskito.cz\/sk\/wp-json\/wp\/v2\/product_brand?post=324280"},{"taxonomy":"product_cat","embeddable":true,"href":"https:\/\/www.moskito.cz\/sk\/wp-json\/wp\/v2\/product_cat?post=324280"},{"taxonomy":"product_tag","embeddable":true,"href":"https:\/\/www.moskito.cz\/sk\/wp-json\/wp\/v2\/product_tag?post=324280"}],"curies":[{"name":"wp","href":"https:\/\/api.w.org\/{rel}","templated":true}]}}