{"id":324432,"date":"2024-03-29T15:48:01","date_gmt":"2024-03-29T14:49:12","guid":{"rendered":"https:\/\/www.moskito.cz\/produkt\/pevny-noz-spartan-blades-cqb-sb9de\/"},"modified":"2025-05-07T11:07:58","modified_gmt":"2025-05-07T10:07:58","slug":"pevny-noz-spartan-blades-cqb-sb9de","status":"publish","type":"product","link":"https:\/\/www.moskito.cz\/sk\/produkt\/pevny-noz-spartan-blades-cqb-sb9de\/","title":{"rendered":"Pevn\u00fd N\u00f4\u017e Spartan Blades CQB SB9DE"},"content":{"rendered":"<p>Pevn\u00fd N\u00f4\u017e <strong>Spartan Blades<\/strong> CQB SB9DE.<\/p>\n<p>Pevn\u00fd N\u00f4\u017e <strong>Spartan Blades<\/strong> CQB SB9BK.<\/p>\n<p><strong>Spartan CQB<\/strong> Tool rob\u00ed \u010des\u0165 svojmu menu, navrhnut\u00fd \u0161peci\u00e1lne pre scen\u00e1re bitky na bl\u00edzko. T\u00e1to prste\u0148ov\u00e1 d\u00fdka je dod\u00e1van\u00e1 s kydexov\u00fdm puzdrom, ktor\u00e9 dokonale dop\u013a\u0148a prste\u0148 a umo\u017e\u0148uje r\u00fdchle a efekt\u00edvne s\u0148atie. Po\u0161va je strategicky navrhnut\u00e1 pre pripojenie k syst\u00e9mom MOLLE\/PALS a tesne zapad\u00e1 za z\u00e1sobn\u00edky alebo in\u00e9 predn\u00e9 vreck\u00e1 na veste. Alternat\u00edvne ho mo\u017eno nosi\u0165 na opasku alebo vo vn\u00fatri p\u00e1sa pre \u013eahk\u00fd pr\u00edstup.<\/p>\n<p>Koncept n\u00e1stroja CQB bol vyvinut\u00fd Gregom Thompsonom, renomovan\u00fdm in\u0161truktorom techn\u00edk boja na bl\u00edzko pre americk\u00e9 \u0161peci\u00e1lne jednotky. P\u00e1n Thompson, zakladate\u013e tr\u00e9ningovej skupiny H2H\/Team ROC a autor Special Operations Combatives Program (SOCP), navrhol tento n\u00e1stroj ako s\u00fa\u010das\u0165 vybavenia programu. CQB Tool, tie\u017e zn\u00e1my ako \u201eprechodov\u00fd n\u00e1stroj\u201c, sl\u00fa\u017ei ako tenk\u00fd, \u013eahko skladn\u00fd n\u00f4\u017e s r\u00fdchlymi akvizi\u010dn\u00fdmi schopnos\u0165ami pre bojov\u00e9 situ\u00e1cie v boji CQB. Prstencov\u00fd a tenk\u00fd profil umo\u017e\u0148uje oper\u00e1torom r\u00fdchlo nasadi\u0165 a pou\u017ei\u0165 d\u00fdku, vymani\u0165 sa z \u00fato\u010dn\u00edkovho zovretia a u\u013eah\u010di\u0165 hladk\u00fd prechod sp\u00e4\u0165 k ich prim\u00e1rnemu zbra\u0148ov\u00e9mu syst\u00e9mu.<\/p>\n<p>\u0160pecifik\u00e1cia:<\/p>\n<p>N\u00e1zov no\u017ea: CQB Tool<br \/>\nDizajn\u00e9ri: Thompson\/Iovito\/Carey<br \/>\nCelkov\u00e1 d\u013a\u017eka: 16 cm<br \/>\nD\u013a\u017eka \u010depele: 7 cm (napoly nabr\u00fasen\u00e1)<br \/>\n\u010cepe\u013e oce\u013e: 154 cm<br \/>\nTvrdos\u0165 \u010depele: 57-59 HRC<br \/>\n\u0160t\u00fdl \u010depele: Saber Ground Dagger<br \/>\nOblie\u010dka: SpartaCoat \u2013 PVD \u2013 Tungsten DLC (\u010dierny) alebo ZrN (Flat Dark Earth)<br \/>\nPo\u0161va: Kydex (\u010dierna) alebo (kojot) pod\u013ea prevedenia \u010depele.<br \/>\nHmotnos\u0165: 0,126 LBS (n\u00f4\u017e)<\/p>\n<p><iframe title=\"Spartan Blades Company Knife Company Story with Co-Founders Mark Carey and Curtis Iovito.\" width=\"800\" height=\"450\" src=\"https:\/\/www.youtube.com\/embed\/S-EVJgZR57Y?feature=oembed\" frameborder=\"0\" allow=\"accelerometer; autoplay; clipboard-write; encrypted-media; gyroscope; picture-in-picture; web-share\" referrerpolicy=\"strict-origin-when-cross-origin\" allowfullscreen><\/iframe><\/p>\n","protected":false},"excerpt":{"rendered":"<div class=\"elementor-element elementor-element-bbb542b elementor-widget elementor-widget-woocommerce-product-short-description\" data-id=\"bbb542b\" data-element_type=\"widget\" data-widget_type=\"woocommerce-product-short-description.default\">\n<div class=\"elementor-widget-container\">\n<div class=\"woocommerce-product-details__short-description\">\n<p><strong>Spartan CQB Tool rob\u00ed \u010des\u0165 svojmu menu, navrhnut\u00fd \u0161peci\u00e1lne pre scen\u00e1re bitky na bl\u00edzko. T\u00e1to prste\u0148ov\u00e1 d\u00fdka je dod\u00e1van\u00e1 s kydexov\u00fdm puzdrom, ktor\u00e9 dokonale dop\u013a\u0148a prste\u0148 a umo\u017e\u0148uje r\u00fdchle a efekt\u00edvne s\u0148atie. Po\u0161va je strategicky navrhnut\u00e1 pre pripojenie k syst\u00e9mom MOLLE\/PALS a tesne zapad\u00e1 za z\u00e1sobn\u00edky alebo in\u00e9 predn\u00e9 vreck\u00e1 na veste. Alternat\u00edvne ho mo\u017eno nosi\u0165 na opasku alebo vo vn\u00fatri p\u00e1sa pre \u013eahk\u00fd pr\u00edstup.<\/strong><\/p>\n<p><strong>Doprava zadarmo.<\/strong><\/p>\n<\/div>\n<\/div>\n<\/div>\n","protected":false},"featured_media":324405,"comment_status":"open","ping_status":"closed","template":"","meta":[],"pwb-brand":[3835],"product_brand":[],"product_cat":[3186,3187],"product_tag":[3668],"class_list":{"0":"post-324432","1":"product","2":"type-product","3":"status-publish","4":"has-post-thumbnail","6":"pwb-brand-spartan-blades-sk","7":"product_cat-noze-sk","8":"product_cat-pevne-noze-sk","9":"product_tag-b2b-sk","11":"first","12":"outofstock","13":"taxable","14":"shipping-taxable","15":"purchasable","16":"product-type-simple"},"brands":[{"id":3835,"name":"Spartan Blades","slug":"spartan-blades-sk"}],"_links":{"self":[{"href":"https:\/\/www.moskito.cz\/sk\/wp-json\/wp\/v2\/product\/324432","targetHints":{"allow":["GET"]}}],"collection":[{"href":"https:\/\/www.moskito.cz\/sk\/wp-json\/wp\/v2\/product"}],"about":[{"href":"https:\/\/www.moskito.cz\/sk\/wp-json\/wp\/v2\/types\/product"}],"replies":[{"embeddable":true,"href":"https:\/\/www.moskito.cz\/sk\/wp-json\/wp\/v2\/comments?post=324432"}],"wp:featuredmedia":[{"embeddable":true,"href":"https:\/\/www.moskito.cz\/sk\/wp-json\/wp\/v2\/media\/324405"}],"wp:attachment":[{"href":"https:\/\/www.moskito.cz\/sk\/wp-json\/wp\/v2\/media?parent=324432"}],"wp:term":[{"taxonomy":"pwb-brand","embeddable":true,"href":"https:\/\/www.moskito.cz\/sk\/wp-json\/wp\/v2\/pwb-brand?post=324432"},{"taxonomy":"product_brand","embeddable":true,"href":"https:\/\/www.moskito.cz\/sk\/wp-json\/wp\/v2\/product_brand?post=324432"},{"taxonomy":"product_cat","embeddable":true,"href":"https:\/\/www.moskito.cz\/sk\/wp-json\/wp\/v2\/product_cat?post=324432"},{"taxonomy":"product_tag","embeddable":true,"href":"https:\/\/www.moskito.cz\/sk\/wp-json\/wp\/v2\/product_tag?post=324432"}],"curies":[{"name":"wp","href":"https:\/\/api.w.org\/{rel}","templated":true}]}}