{"id":324485,"date":"2024-03-29T15:56:02","date_gmt":"2024-03-29T14:59:12","guid":{"rendered":"https:\/\/www.moskito.cz\/produkt\/pevny-noz-spartan-blades-enyo-sb2bk\/"},"modified":"2025-05-07T11:08:00","modified_gmt":"2025-05-07T10:08:00","slug":"pevny-noz-spartan-blades-enyo-sb2bk","status":"publish","type":"product","link":"https:\/\/www.moskito.cz\/sk\/produkt\/pevny-noz-spartan-blades-enyo-sb2bk\/","title":{"rendered":"Pevn\u00fd N\u00f4\u017e Spartan Blades Enyo SB2BK"},"content":{"rendered":"<p>Pevn\u00fd N\u00f4\u017e Spartan Blades Enyo SB2BK.<\/p>\n<p><strong>Enyo<\/strong> (vyslovovan\u00e9 i-nye-oh) bola gr\u00e9cka bohy\u0148a vojny. \u010casto sa o nej hovor\u00ed ako o spolo\u010dn\u00ed\u010dke Aresa, gr\u00e9ckeho vojnov\u00e9ho boha. Pre tento spolo\u010dn\u00edk na ka\u017edodenn\u00e9 nosenie (EDC) sme zvolili n\u00e1zov Enyo, preto\u017ee ho mo\u017eno nosi\u0165 vo vrecku, vo vn\u00fatri p\u00e1sa (IWB) alebo na krku.<\/p>\n<p>Ako vlastn\u00fd n\u00f4\u017e s pevnou \u010depe\u013eou na ka\u017edodenn\u00e9 nosenie je <strong>Enyo<\/strong> navrhnut\u00fd s oh\u013eadom na ergon\u00f3miu a prenosnos\u0165. Pokia\u013e ide o ka\u017edodenn\u00e9 \u00falohy rezania, Enyo je v\u017edy pripraven\u00fd na v\u00fdzvu. V\u010faka kon\u0161trukcii s pevn\u00fdm bodom p\u00e1du sa sila \u010depele pren\u00e1\u0161a dopredu do \u0161pi\u010dky. Nech u\u017e nastane ak\u00e1ko\u013evek situ\u00e1cia, Enyo bude pripraven\u00fd vyrazi\u0165.<\/p>\n<p><strong>Spartan Enyo<\/strong> m\u00e1 tvarovo tvarovan\u00e9 puzdro z Kydexu spolu s retiazkou na krk z nerezovej ocele, p\u00fatkom pre interakt\u00edvnu tabu\u013eu a 2\u2032 paracordom pre r\u00f4zne praktick\u00e9 mo\u017enosti ka\u017edodenn\u00e9ho nosenia. Tento ru\u010dne vyroben\u00fd n\u00f4\u017e na ka\u017edodenn\u00e9 nosenie obsahuje aj \u0161n\u00farku na krk s pokovovanou c\u00ednovou spartskou prilbou.<\/p>\n<p>&nbsp;<\/p>\n<p>\u0160pecifik\u00e1cia:<\/p>\n<p>N\u00e1zov no\u017ea: Enyo<br \/>\nDizajn\u00e9r(\u00e9): Iovito\/Carey<br \/>\nCelkov\u00e1 d\u013a\u017eka: 16 cm<br \/>\nD\u013a\u017eka \u010depele: 7 cm<br \/>\nOce\u013e \u010depele: CPM S45VN<br \/>\nTvrdos\u0165 \u010depele: 59-61 HRC<br \/>\n\u0160t\u00fdl \u010depele: Fixed Drop Point \u2013 tento dizajn umo\u017e\u0148uje pevnos\u0165 \u0161pi\u010dky \u010depele t\u00fdm, \u017ee ju umiestnite do priamky s rukou u\u017e\u00edvate\u013ea a z\u00e1rove\u0148 zachov\u00e1te krivku ostria smerom nahor.<br \/>\nOblie\u010dka: SpartaCoat \u2013 PVD \u2013 Tungsten DLC (\u010dierny) alebo ZrN (Flat Dark Earth)<br \/>\nPo\u0161va: Kydex (\u010dierna) alebo (kojot) pod\u013ea prevedenia \u010depele.<br \/>\nHmotnos\u0165: 0,176 LBS (n\u00f4\u017e)<\/p>\n<p><iframe title=\"Spartan Blades Company Knife Company Story with Co-Founders Mark Carey and Curtis Iovito.\" width=\"800\" height=\"450\" src=\"https:\/\/www.youtube.com\/embed\/S-EVJgZR57Y?feature=oembed\" frameborder=\"0\" allow=\"accelerometer; autoplay; clipboard-write; encrypted-media; gyroscope; picture-in-picture; web-share\" referrerpolicy=\"strict-origin-when-cross-origin\" allowfullscreen><\/iframe><\/p>\n<p>&nbsp;<\/p>\n","protected":false},"excerpt":{"rendered":"<div class=\"elementor-element elementor-element-bbb542b elementor-widget elementor-widget-woocommerce-product-short-description\" data-id=\"bbb542b\" data-element_type=\"widget\" data-widget_type=\"woocommerce-product-short-description.default\">\n<div class=\"elementor-widget-container\">\n<div class=\"woocommerce-product-details__short-description\">\n<p><strong>Enyo (vyslovovan\u00e9 i-nye-oh) bola gr\u00e9cka bohy\u0148a vojny. \u010casto sa o nej hovor\u00ed ako o spolo\u010dn\u00ed\u010dke Aresa, gr\u00e9ckeho vojnov\u00e9ho boha. Pre tento spolo\u010dn\u00edk na ka\u017edodenn\u00e9 nosenie (EDC) sme zvolili n\u00e1zov Enyo, preto\u017ee ho mo\u017eno nosi\u0165 vo vrecku, vo vn\u00fatri p\u00e1sa (IWB) alebo na krku.<\/strong><\/p>\n<p><strong>Doprava zadarmo.<\/strong><\/p>\n<\/div>\n<\/div>\n<\/div>\n","protected":false},"featured_media":324445,"comment_status":"open","ping_status":"closed","template":"","meta":[],"pwb-brand":[3835],"product_brand":[],"product_cat":[3186,3187],"product_tag":[3668],"class_list":{"0":"post-324485","1":"product","2":"type-product","3":"status-publish","4":"has-post-thumbnail","6":"pwb-brand-spartan-blades-sk","7":"product_cat-noze-sk","8":"product_cat-pevne-noze-sk","9":"product_tag-b2b-sk","11":"first","12":"instock","13":"taxable","14":"shipping-taxable","15":"purchasable","16":"product-type-simple"},"brands":[{"id":3835,"name":"Spartan Blades","slug":"spartan-blades-sk"}],"_links":{"self":[{"href":"https:\/\/www.moskito.cz\/sk\/wp-json\/wp\/v2\/product\/324485","targetHints":{"allow":["GET"]}}],"collection":[{"href":"https:\/\/www.moskito.cz\/sk\/wp-json\/wp\/v2\/product"}],"about":[{"href":"https:\/\/www.moskito.cz\/sk\/wp-json\/wp\/v2\/types\/product"}],"replies":[{"embeddable":true,"href":"https:\/\/www.moskito.cz\/sk\/wp-json\/wp\/v2\/comments?post=324485"}],"wp:featuredmedia":[{"embeddable":true,"href":"https:\/\/www.moskito.cz\/sk\/wp-json\/wp\/v2\/media\/324445"}],"wp:attachment":[{"href":"https:\/\/www.moskito.cz\/sk\/wp-json\/wp\/v2\/media?parent=324485"}],"wp:term":[{"taxonomy":"pwb-brand","embeddable":true,"href":"https:\/\/www.moskito.cz\/sk\/wp-json\/wp\/v2\/pwb-brand?post=324485"},{"taxonomy":"product_brand","embeddable":true,"href":"https:\/\/www.moskito.cz\/sk\/wp-json\/wp\/v2\/product_brand?post=324485"},{"taxonomy":"product_cat","embeddable":true,"href":"https:\/\/www.moskito.cz\/sk\/wp-json\/wp\/v2\/product_cat?post=324485"},{"taxonomy":"product_tag","embeddable":true,"href":"https:\/\/www.moskito.cz\/sk\/wp-json\/wp\/v2\/product_tag?post=324485"}],"curies":[{"name":"wp","href":"https:\/\/api.w.org\/{rel}","templated":true}]}}